{"id":9841,"date":"2020-10-27T18:52:15","date_gmt":"2020-10-27T18:52:15","guid":{"rendered":"http:\/\/cidoc.mini.icom.museum\/?page_id=9841"},"modified":"2020-10-27T19:07:28","modified_gmt":"2020-10-27T19:07:28","slug":"linked-art","status":"publish","type":"page","link":"https:\/\/icom-documentation.mini.icom.museum\/fr\/groupes-travail\/linked-art\/","title":{"rendered":"Linked art"},"content":{"rendered":"<p>Linked Art est un profil d&#8217;application de m\u00e9tadonn\u00e9es bas\u00e9 principalement sur le CIDOC CRM ou Mod\u00e8le de r\u00e9f\u00e9rence conceptuel. Il contient diverses d\u00e9cisions bas\u00e9es sur la mise en \u0153uvre et des motifs qui ne sont pas appropri\u00e9s pour le niveau plus conceptuel de l&#8217;ontologie. Ces d\u00e9cisions vont de RDF et Linked Open Data en tant que mod\u00e8le transporteur et le format JSON-LD pour les s\u00e9rialisations, \u00e0 des recommandations sur des mod\u00e8les de mod\u00e9lisation particuliers et des extensions mineures bas\u00e9es sur les cas d&#8217;utilisation des institutions participantes. La port\u00e9e de Linked Art est \u00e9galement plus \u00e9troite que celle du CIDOC CRM complet, car Linked Art se concentre sur les cas d&#8217;utilisation des mus\u00e9es d&#8217;art plut\u00f4t que sur l&#8217;ensemble de la gestion des connaissances du patrimoine culturel. Le profil d&#8217;application de m\u00e9tadonn\u00e9es stimulera l&#8217;adoption du CIDOC CRM et apportera de nouvelles exigences et de nouveaux probl\u00e8mes au CIDOC CRM SIG au fur et \u00e0 mesure qu&#8217;ils se pr\u00e9sentent, notamment grace au fait que certains members des deux groups de travail sont les m\u00eames.<\/p>\n<p>Le groupe de travail Linked Art pr\u00e9voit de se r\u00e9unir en personne deux fois par an, en alternant de continent avec au moins trois organisations participantes (actuellement d&#8217;Am\u00e9rique du Nord et d&#8217;Europe, bien qu&#8217;il y ait \u00e9galement des participants d&#8217;Australasie, d&#8217;Am\u00e9rique du Sud et d&#8217;Asie). Entre les r\u00e9unions, des t\u00e9l\u00e9conf\u00e9rences toutes les deux semaines assurent la continuit\u00e9 et le progr\u00e8s. Les organisations participantes sont encourag\u00e9es \u00e0 collaborer sur des subventions externes pour financer les d\u00e9placements et les activit\u00e9s.<\/p>\n<p>Le groupe de travail est co-pr\u00e9sid\u00e9 par:<\/p>\n<p><a href=\"http:\/\/network.icom.museum\/fileadmin\/user_upload\/minisites\/cidoc\/PDF\/Dr_Sanderson.pdf\" target=\"_blank\" rel=\"noopener\">Dr Robert Sanderson<\/a>, directeur du projet de r\u00e9conciliation des m\u00e9tadonn\u00e9es, Universit\u00e9 de Yale<\/p>\n<p><a href=\"http:\/\/network.icom.museum\/fileadmin\/user_upload\/minisites\/cidoc\/PDF\/Athanasios_Velios_bio.pdf\" target=\"_blank\" rel=\"noopener\">Dr Athanasios Velios<\/a>, lecteur en documentation, Universit\u00e9 des Arts de Londres<\/p>\n<p><a href=\"http:\/\/network.icom.museum\/fileadmin\/user_upload\/minisites\/cidoc\/PDF\/Emmanuelle_Delmas-Glass_bio_01.pdf\" target=\"_blank\" rel=\"noopener\">Emmanuelle Delmas-Glass<\/a>, Responsable des donn\u00e9es des collections, Yale Center for British Art<\/p>\n<p>Plus d&#8217;informations sont disponibles: <a href=\"https:\/\/linked.art\/\">https:\/\/linked.art\/<\/a><\/p>\n<p>Delmas-Glass, Emmanuelle et Robert Sanderson. \u00abFostering a Community of PHAROS Scholars through the Adoption of Open Standards.\u00bb (Favoriser une communaut\u00e9 de chercheurs PHAROS gr\u00e2ce \u00e0 l\u2019adoption de normes ouvertes). Art Libraries Journal 45, no. 1 (2020): 19-23. doi: <a href=\"https:\/\/doi.org\/10.1017\/alj.2019.32\" target=\"_blank\" rel=\"noopener\">10.1017\/alj.2019.32<\/a>.<\/p>\n<p>Comment participer:<\/p>\n<ul>\n<li>Participez \u00e0 une r\u00e9union en personne : <a href=\"https:\/\/linked.art\/community\/events\/\">Event<\/a><\/li>\n<li>Souscrivez au groupe de discussion : <a href=\"https:\/\/groups.google.com\/forum\/#!forum\/linked-art\">https:\/\/groups.google.com\/forum\/#!forum\/linked-art<\/a><\/li>\n<li>Souscrivez \u00e0 Slack (envoyez un e-mail \u00e0 <a href=\"mailto:robert.sanderson@yale.edu\">robert.sanderson@yale.edu<\/a> pour une invitation)<\/li>\n<li>Contribuez aux questions: <a href=\"https:\/\/github.com\/linked-art\/linked.art\/issues\">https:\/\/github.com\/linked-art\/linked.art\/issues<\/a><\/li>\n<li>\u00c9coutez certaines de nos discussions enregistr\u00e9es: <a href=\"https:\/\/www.youtube.com\/channel\/UCNASnutgByTdQHGehoOUlSA\">https:\/\/www.youtube.com\/channel\/UCNASnutgByTdQHGehoOUlSA<\/a><\/li>\n<\/ul>\n","protected":false},"excerpt":{"rendered":"<p>Linked Art est un profil d&#8217;application de m\u00e9tadonn\u00e9es bas\u00e9 principalement sur le CIDOC CRM ou Mod\u00e8le de r\u00e9f\u00e9rence conceptuel. Il contient diverses d\u00e9cisions bas\u00e9es sur la mise en \u0153uvre et des motifs qui ne sont pas appropri\u00e9s pour le niveau plus conceptuel de l&#8217;ontologie. Ces d\u00e9cisions vont de RDF et Linked Open Data en tant [&hellip;]<\/p>\n","protected":false},"author":33,"featured_media":0,"parent":687,"menu_order":0,"comment_status":"closed","ping_status":"closed","template":"","meta":{"footnotes":""},"yst_prominent_words":[1506,1504,474,1501,1147,1505,1157,1149,1211,1200,203,1503,1498,487,1499,1500,1496,1502,1497,1495],"acf":[],"_links":{"self":[{"href":"https:\/\/icom-documentation.mini.icom.museum\/fr\/wp-json\/wp\/v2\/pages\/9841"}],"collection":[{"href":"https:\/\/icom-documentation.mini.icom.museum\/fr\/wp-json\/wp\/v2\/pages"}],"about":[{"href":"https:\/\/icom-documentation.mini.icom.museum\/fr\/wp-json\/wp\/v2\/types\/page"}],"author":[{"embeddable":true,"href":"https:\/\/icom-documentation.mini.icom.museum\/fr\/wp-json\/wp\/v2\/users\/33"}],"replies":[{"embeddable":true,"href":"https:\/\/icom-documentation.mini.icom.museum\/fr\/wp-json\/wp\/v2\/comments?post=9841"}],"version-history":[{"count":4,"href":"https:\/\/icom-documentation.mini.icom.museum\/fr\/wp-json\/wp\/v2\/pages\/9841\/revisions"}],"predecessor-version":[{"id":9846,"href":"https:\/\/icom-documentation.mini.icom.museum\/fr\/wp-json\/wp\/v2\/pages\/9841\/revisions\/9846"}],"up":[{"embeddable":true,"href":"https:\/\/icom-documentation.mini.icom.museum\/fr\/wp-json\/wp\/v2\/pages\/687"}],"wp:attachment":[{"href":"https:\/\/icom-documentation.mini.icom.museum\/fr\/wp-json\/wp\/v2\/media?parent=9841"}],"wp:term":[{"taxonomy":"yst_prominent_words","embeddable":true,"href":"https:\/\/icom-documentation.mini.icom.museum\/fr\/wp-json\/wp\/v2\/yst_prominent_words?post=9841"}],"curies":[{"name":"wp","href":"https:\/\/api.w.org\/{rel}","templated":true}]}}