{"id":960,"date":"2018-12-28T10:27:06","date_gmt":"2018-12-28T10:27:06","guid":{"rendered":"http:\/\/cidoc.icom.cust.oxymium.net\/working-groups\/ipm-implementation-des-processus-museaux\/"},"modified":"2026-01-08T13:38:21","modified_gmt":"2026-01-08T13:38:21","slug":"museum-process-implementation","status":"publish","type":"page","link":"https:\/\/icom-documentation.mini.icom.museum\/fr\/groupes-travail\/museum-process-implementation\/","title":{"rendered":"IPM \u2013 Impl\u00e9mentation des Processus Mus\u00e9aux"},"content":{"rendered":"<h2>Objectif<\/h2>\n<p>Les groupes de travail vise \u00e0 mettre en \u0153uvre des workflows de r\u00e9f\u00e9rence pour les principaux processus op\u00e9rationnels que l\u2019on trouve dans les mus\u00e9es, galeries et autres organisations similaires. Les flux de travail ainsi \u00e9labor\u00e9s devraient constituer une base sur laquelle les mus\u00e9es de nature et de taille diff\u00e9rentes peuvent construire leurs propres flux de travail, adapt\u00e9s \u00e0 leurs propres besoins.  La conception des flux de travail est bas\u00e9 sur la norme BPMN (Business Process Modelling Notation) qui a \u00e9t\u00e9 normalis\u00e9 en 2010 par l\u2019OMG (Object Modelling Group). Pour \u00e9laborer les flux de travail nous utilisons un outil open source qui convertit le mod\u00e8le graphique en format XML, qui peut \u00eatre ex\u00e9cut\u00e9 directement par des moteurs de traitement BPMN natives.<\/p>\n<h2>T\u00e2ches pour 2012<\/h2>\n<ul>\n<li>Pr\u00e9paration du plateform de travail collaboratif<\/li>\n<li>Introduction \u00e0 la m\u00e9thodologie de gestion de processus m\u00e9tier (business process management methodology)<\/li>\n<li>Modelisation d\u2019un processus d\u2019\u00e9tude et pr\u00e9paration d\u2019un didacticiel<\/li>\n<li>Analyse d\u2019un quelques processus communs employ\u00e9s par les mus\u00e9es<\/li>\n<\/ul>\n","protected":false},"excerpt":{"rendered":"<p>Objectif Les groupes de travail vise \u00e0 mettre en \u0153uvre des workflows de r\u00e9f\u00e9rence pour les principaux processus op\u00e9rationnels que l\u2019on trouve dans les mus\u00e9es, galeries et autres organisations similaires. Les flux de travail ainsi \u00e9labor\u00e9s devraient constituer une base sur laquelle les mus\u00e9es de nature et de taille diff\u00e9rentes peuvent construire leurs propres flux [&hellip;]<\/p>\n","protected":false},"author":1,"featured_media":0,"parent":687,"menu_order":11,"comment_status":"closed","ping_status":"closed","template":"","meta":{"footnotes":""},"yst_prominent_words":[151,1147,67,161,46,89,203,201,1178],"acf":[],"_links":{"self":[{"href":"https:\/\/icom-documentation.mini.icom.museum\/fr\/wp-json\/wp\/v2\/pages\/960"}],"collection":[{"href":"https:\/\/icom-documentation.mini.icom.museum\/fr\/wp-json\/wp\/v2\/pages"}],"about":[{"href":"https:\/\/icom-documentation.mini.icom.museum\/fr\/wp-json\/wp\/v2\/types\/page"}],"author":[{"embeddable":true,"href":"https:\/\/icom-documentation.mini.icom.museum\/fr\/wp-json\/wp\/v2\/users\/1"}],"replies":[{"embeddable":true,"href":"https:\/\/icom-documentation.mini.icom.museum\/fr\/wp-json\/wp\/v2\/comments?post=960"}],"version-history":[{"count":4,"href":"https:\/\/icom-documentation.mini.icom.museum\/fr\/wp-json\/wp\/v2\/pages\/960\/revisions"}],"predecessor-version":[{"id":13091,"href":"https:\/\/icom-documentation.mini.icom.museum\/fr\/wp-json\/wp\/v2\/pages\/960\/revisions\/13091"}],"up":[{"embeddable":true,"href":"https:\/\/icom-documentation.mini.icom.museum\/fr\/wp-json\/wp\/v2\/pages\/687"}],"wp:attachment":[{"href":"https:\/\/icom-documentation.mini.icom.museum\/fr\/wp-json\/wp\/v2\/media?parent=960"}],"wp:term":[{"taxonomy":"yst_prominent_words","embeddable":true,"href":"https:\/\/icom-documentation.mini.icom.museum\/fr\/wp-json\/wp\/v2\/yst_prominent_words?post=960"}],"curies":[{"name":"wp","href":"https:\/\/api.w.org\/{rel}","templated":true}]}}