{"id":957,"date":"2018-12-28T10:27:02","date_gmt":"2018-12-28T10:27:02","guid":{"rendered":"http:\/\/cidoc.icom.cust.oxymium.net\/working-groups\/lido\/"},"modified":"2025-06-27T21:45:21","modified_gmt":"2025-06-27T21:45:21","slug":"lido","status":"publish","type":"page","link":"https:\/\/icom-documentation.mini.icom.museum\/fr\/groupes-travail\/lido\/","title":{"rendered":"LIDO"},"content":{"rendered":"<div id=\"RTE_CONTENT\">\n<p><!--TYPO3SEARCH_begin--> <!-- CONTENT ELEMENT, uid:14837\/text [begin] --><\/p>\n<div id=\"c14837\">\n<p><!-- Text: [begin] --><\/p>\n<p>le Groupe de travail sur LIDO &#8211; ant\u00e9rieurement appel\u00e9 R\u00e9colte et \u00e9change de donn\u00e9es &#8211; fournit des informations sur, et soutient le d\u00e9veloppement et l&#8217;utilisation, des formats et des techniques de r\u00e9colte et d&#8217;\u00e9change des informations pertinentes pour la communaut\u00e9 mus\u00e9ale.<\/p>\n<p><!-- Text: [end] --> <!-- BEGIN: Content of extension \"hpo_relatedlink\", plugin \"tx_hporelatedlink_pi1\" --><\/p>\n<div><\/div>\n<p><!-- END: Content of extension \"hpo_relatedlink\", plugin \"tx_hporelatedlink_pi1\" --><\/p>\n<\/div>\n<p><!-- CONTENT ELEMENT, uid:14837\/text [end] --> <!-- CONTENT ELEMENT, uid:14833\/text [begin] --><\/p>\n<div id=\"c14833\">\n<p><!-- Text: [begin] --><\/p>\n<p>L&#8217;objectif initial du groupe est de centraliser les informations et les activit\u00e9s qui se d\u00e9roulent actuellement avec <i>Informations <\/i><i>L\u00e9g\u00e8res pour la <\/i><i>Description des Objets<\/i>\u00a0 (LIDO), sous un comit\u00e9 qui peut soutenir sa compr\u00e9hension, son avancement, son\u00a0exposition et son application. LIDO est un format qui permet la contribution d&#8217;informations mus\u00e9ales destin\u00e9es\u00a0\u00e0\u00a0la d\u00e9couverte de ressources.<\/p>\n<p>Le groupe de travail a un r\u00f4le centralisateur, permettant\u00a0de r\u00e9unir la documentation et le mat\u00e9riel sur LIDO, notamment\u00a0des informations sur CDWA Lite et museumdat: les deux sch\u00e9mas XML sur lesquelles LIDO est\u00a0fond\u00e9. Le Groupe de travail fournira\u00a0un historique des d\u00e9veloppements et du mat\u00e9riel pour aider \u00e0 comprendre comment les sch\u00e9mas ont \u00e9volu\u00e9. Le groupe de travail servira aussi de source pour des renseignements les plus \u00e0 jour sur les progr\u00e8s de LIDO, et servir de lieu pour \u00e9valuer ses progr\u00e8s, les impl\u00e9mentations et la compr\u00e9hension au sein de la grande communaut\u00e9.<\/p>\n<p><!-- Text: [end] --> <!-- BEGIN: Content of extension \"hpo_relatedlink\", plugin \"tx_hporelatedlink_pi1\" --><\/p>\n<p><a class=\"btn-text btn-animated-reverse btn-color-custom\" href=\"..\/..\/..\/working-groups\/lido\/lido-overview\/\"><span style=\"color: white !important;\">Go to &#8220;LIDO overview&#8221;<\/span><\/a><\/p>\n<p><!-- END: Content of extension \"hpo_relatedlink\", plugin \"tx_hporelatedlink_pi1\" --><\/p>\n<\/div>\n<p><!-- CONTENT ELEMENT, uid:14833\/text [end] --> <!-- CONTENT ELEMENT, uid:14828\/text [begin] --><\/p>\n<div id=\"c14828\">\n<p><!-- Text: [begin] --><\/p>\n<hr \/>\n<p>Le Groupe de travail est co-pr\u00e9sid\u00e9 par :<\/p>\n<p>Regine Stein<br \/>\nregine.stein[at]gbv.de<br \/>\nHead Office of the GBV Common Library Network (VZG) , G\u00f6ttingen, Germany<\/p>\n<p>Erin Coburn<br \/>\nIndependant Consultant, Digital Strategy for Museums &amp; the Cultural Heritage Sector, Oakland, USA<\/p>\n<p>Emmanuelle Delmas-Glass<br \/>\nYale Center for British Art, New Haven, USA<\/p>\n<p><!-- Text: [end] --> <!-- BEGIN: Content of extension \"hpo_relatedlink\", plugin \"tx_hporelatedlink_pi1\" --><\/p>\n<div><\/div>\n<p><!-- END: Content of extension \"hpo_relatedlink\", plugin \"tx_hporelatedlink_pi1\" --><\/p>\n<\/div>\n<p><!-- CONTENT ELEMENT, uid:14828\/text [end] --> <!--TYPO3SEARCH_end--><\/p>\n<\/div>\n","protected":false},"excerpt":{"rendered":"<p>le Groupe de travail sur LIDO &#8211; ant\u00e9rieurement appel\u00e9 R\u00e9colte et \u00e9change de donn\u00e9es &#8211; fournit des informations sur, et soutient le d\u00e9veloppement et l&#8217;utilisation, des formats et des techniques de r\u00e9colte et d&#8217;\u00e9change des informations pertinentes pour la communaut\u00e9 mus\u00e9ale. L&#8217;objectif initial du groupe est de centraliser les informations et les activit\u00e9s qui se [&hellip;]<\/p>\n","protected":false},"author":1,"featured_media":0,"parent":687,"menu_order":10,"comment_status":"closed","ping_status":"closed","template":"","meta":{"footnotes":""},"yst_prominent_words":[1147,1157,1149,89,152,1794,1211,1200,203,484,261,154,1178],"acf":[],"_links":{"self":[{"href":"https:\/\/icom-documentation.mini.icom.museum\/fr\/wp-json\/wp\/v2\/pages\/957"}],"collection":[{"href":"https:\/\/icom-documentation.mini.icom.museum\/fr\/wp-json\/wp\/v2\/pages"}],"about":[{"href":"https:\/\/icom-documentation.mini.icom.museum\/fr\/wp-json\/wp\/v2\/types\/page"}],"author":[{"embeddable":true,"href":"https:\/\/icom-documentation.mini.icom.museum\/fr\/wp-json\/wp\/v2\/users\/1"}],"replies":[{"embeddable":true,"href":"https:\/\/icom-documentation.mini.icom.museum\/fr\/wp-json\/wp\/v2\/comments?post=957"}],"version-history":[{"count":9,"href":"https:\/\/icom-documentation.mini.icom.museum\/fr\/wp-json\/wp\/v2\/pages\/957\/revisions"}],"predecessor-version":[{"id":12674,"href":"https:\/\/icom-documentation.mini.icom.museum\/fr\/wp-json\/wp\/v2\/pages\/957\/revisions\/12674"}],"up":[{"embeddable":true,"href":"https:\/\/icom-documentation.mini.icom.museum\/fr\/wp-json\/wp\/v2\/pages\/687"}],"wp:attachment":[{"href":"https:\/\/icom-documentation.mini.icom.museum\/fr\/wp-json\/wp\/v2\/media?parent=957"}],"wp:term":[{"taxonomy":"yst_prominent_words","embeddable":true,"href":"https:\/\/icom-documentation.mini.icom.museum\/fr\/wp-json\/wp\/v2\/yst_prominent_words?post=957"}],"curies":[{"name":"wp","href":"https:\/\/api.w.org\/{rel}","templated":true}]}}