{"id":954,"date":"2018-12-28T10:26:58","date_gmt":"2018-12-28T10:26:58","guid":{"rendered":"http:\/\/cidoc.icom.cust.oxymium.net\/working-groups\/patrimoine-immateriel\/"},"modified":"2018-12-28T10:58:29","modified_gmt":"2018-12-28T10:58:29","slug":"patrimoine-immateriel","status":"publish","type":"page","link":"https:\/\/icom-documentation.mini.icom.museum\/fr\/groupes-travail\/patrimoine-immateriel\/","title":{"rendered":"Patrimoine immat\u00e9riel"},"content":{"rendered":"<div id=\"RTE_CONTENT\"> <!--TYPO3SEARCH_begin--> \t<!--  CONTENT ELEMENT, uid:14198\/textpic [begin] --> \t\t<\/p>\n<div id=\"c14198\"> \t\t<!--  Image block: [begin] --> \t\t\t<\/p>\n<div>\n<div> \t\t<!--  Text: [begin] --> \t\t\t<\/p>\n<p>Le groupe de travail \u00ab\u00a0Patrimoine immat\u00e9riel\u00a0\u00bb (CIDOC ICH WG) a \u00e9t\u00e9 initi\u00e9 \u00e0 Dresden, Allemagne, lors de la conf\u00e9rence annuelle du CIDOC 2014. Sa premi\u00e8re s\u00e9ance de travail a eu lieu le 8 septembre 2014 et la seconde le 9 septembre, les deux s\u00e9ances ont r\u00e9uni 15-20 personnes. <\/p>\n<p>Il a \u00e9t\u00e9 d\u00e9cid\u00e9 lors de ces deux s\u00e9ances que le groupe de travail CIDOC ICH WG sera une <i>plateforme de partage d\u2019exp\u00e9riences et de d\u00e9veloppement de m\u00e9thodes de documentation du patrimoine immat\u00e9riel.<\/i> <\/p>\n<p>Le groupe de travail \u00e9voluera \u00a0selon la d\u00e9finition, le domaine et le cadre \u00e9tabli par la convention de l\u2019UNESCO pour la sauvegarde de patrimoine immat\u00e9riel 2003. Tout en respectant la d\u00e9finition des mus\u00e9es selon l\u2019ICOM, 2007, \u00e0 laquelle le terme \u00ab\u00a0immat\u00e9riel\u00a0\u00bb a \u00e9t\u00e9 ajout\u00e9, il <i>explorera les possibilit\u00e9s de documenter et de relier le patrimoine mat\u00e9riel au patrimoine immat\u00e9riel.<\/i> <\/p>\n<p>Le groupe de travail limitera son engagement \u00e0 la probl\u00e9matique g\u00e9n\u00e9rale de la documentation du patrimoine immat\u00e9riel ainsi qu\u2019aux champs en rapport. Il s\u2019int\u00e9ressera aux questions de la documentation et de l\u2019acc\u00e8s \u00e0 l\u2019information sur le domaine du patrimoine immat\u00e9riel. <\/p>\n<p>Le groupe de travail s\u2019efforcera de produire\u00a0: <\/p>\n<p><span>\u00b7<span>\u00a0\u00a0\u00a0\u00a0\u00a0\u00a0\u00a0\u00a0 <\/span><\/span>Un r\u00e9f\u00e9renciel de vocabulaires pour la documentation du patrimoine immat\u00e9riel<\/p>\n<p><span>\u00b7<span>\u00a0\u00a0\u00a0\u00a0\u00a0\u00a0\u00a0\u00a0 <\/span><\/span>Des standards pour la documentation du patrimoine immat\u00e9riel<\/p>\n<p><span>\u00b7<span>\u00a0\u00a0\u00a0\u00a0\u00a0\u00a0\u00a0\u00a0 <\/span><\/span>Des directives pour la documentation du patrimoine immat\u00e9riel<\/p>\n<p>Il commencera par l\u2019\u00e9tude et la comparaison de recommandations et formats de documentation de patrimoine immat\u00e9riel existants ainsi que dles possibilit\u00e9s de documenter et de relier le patrimoine mat\u00e9riel au patrimoine immat\u00e9riel dans diff\u00e9rents pays, r\u00e9gions et mus\u00e9es. <\/p>\n<p>Dans son approche g\u00e9n\u00e9rale et lors de toutes les \u00e9tapes de la documentation ainsi que dans le processus de communication<i> il portera une attention particuli\u00e8re \u00e0 la reconnaissance et au respect de l\u2019engagement des experts et de leurs communaut\u00e9s<\/i>. <\/p>\n<p>Le groupe de travail <span>CIDOC ICH WG s\u2019efforce de produire une meilleure documentation, des possibilit\u00e9s de recherche simplifi\u00e9es, un meilleur acc\u00e8s et une meilleure communication autour du patrimoine immat\u00e9riel.<\/span> <\/p>\n<p><b><span>Contact:<\/span><\/b><span><br \/> <i>Manvi Seth, Chair<br \/> Email: sharma.manvi(at)gmail.com<\/i><\/span><\/p>\n<p> \t\t<!--  Text: [end] --> \t\t\t<\/div>\n<div>\n<dl>\n<dt><img decoding=\"async\" src=\"https:\/\/icom-documentation.mini.icom.museum\/wp-content\/uploads\/sites\/87\/2018\/12\/756aeb6cf2.jpg\" alt=\"\"><\/dt>\n<dd>Manvi Seth and members of the inaugural meeting of the new Intangible Cultural Heritage Working Group in Dresden, Germany, during the CIDOC 2014 Annual Conference.<\/dd>\n<\/dl>\n<\/div><\/div>\n<div><!-- --><\/div>\n<p> \t\t<!--  Image block: [end] --> \t\t\t   \t<!--  \t\tBEGIN: Content of extension \"hpo_relatedlink\", plugin \"tx_hporelatedlink_pi1\"  \t--> \t<\/p>\n<div> \t\t \t<\/div>\n<p> \t \t<!-- END: Content of extension \"hpo_relatedlink\", plugin \"tx_hporelatedlink_pi1\" -->  \t<\/div>\n<p> \t<!--  CONTENT ELEMENT, uid:14198\/textpic [end] --> \t\t<!--TYPO3SEARCH_end--> <\/div>\n","protected":false},"excerpt":{"rendered":"<p>Le groupe de travail \u00ab\u00a0Patrimoine immat\u00e9riel\u00a0\u00bb (CIDOC ICH WG) a \u00e9t\u00e9 initi\u00e9 \u00e0 Dresden, Allemagne, lors de la conf\u00e9rence annuelle du CIDOC 2014. Sa premi\u00e8re s\u00e9ance de travail a eu lieu le 8 septembre 2014 et la seconde le 9 septembre, les deux s\u00e9ances ont r\u00e9uni 15-20 personnes. Il a \u00e9t\u00e9 d\u00e9cid\u00e9 lors de ces [&hellip;]<\/p>\n","protected":false},"author":1,"featured_media":0,"parent":687,"menu_order":9,"comment_status":"closed","ping_status":"closed","template":"","meta":{"footnotes":""},"yst_prominent_words":[],"acf":[],"_links":{"self":[{"href":"https:\/\/icom-documentation.mini.icom.museum\/fr\/wp-json\/wp\/v2\/pages\/954"}],"collection":[{"href":"https:\/\/icom-documentation.mini.icom.museum\/fr\/wp-json\/wp\/v2\/pages"}],"about":[{"href":"https:\/\/icom-documentation.mini.icom.museum\/fr\/wp-json\/wp\/v2\/types\/page"}],"author":[{"embeddable":true,"href":"https:\/\/icom-documentation.mini.icom.museum\/fr\/wp-json\/wp\/v2\/users\/1"}],"replies":[{"embeddable":true,"href":"https:\/\/icom-documentation.mini.icom.museum\/fr\/wp-json\/wp\/v2\/comments?post=954"}],"version-history":[{"count":1,"href":"https:\/\/icom-documentation.mini.icom.museum\/fr\/wp-json\/wp\/v2\/pages\/954\/revisions"}],"predecessor-version":[{"id":8845,"href":"https:\/\/icom-documentation.mini.icom.museum\/fr\/wp-json\/wp\/v2\/pages\/954\/revisions\/8845"}],"up":[{"embeddable":true,"href":"https:\/\/icom-documentation.mini.icom.museum\/fr\/wp-json\/wp\/v2\/pages\/687"}],"wp:attachment":[{"href":"https:\/\/icom-documentation.mini.icom.museum\/fr\/wp-json\/wp\/v2\/media?parent=954"}],"wp:term":[{"taxonomy":"yst_prominent_words","embeddable":true,"href":"https:\/\/icom-documentation.mini.icom.museum\/fr\/wp-json\/wp\/v2\/yst_prominent_words?post=954"}],"curies":[{"name":"wp","href":"https:\/\/api.w.org\/{rel}","templated":true}]}}