{"id":942,"date":"2018-12-28T10:26:53","date_gmt":"2018-12-28T10:26:53","guid":{"rendered":"http:\/\/cidoc.icom.cust.oxymium.net\/working-groups\/centres-dinformation\/"},"modified":"2018-12-28T10:58:30","modified_gmt":"2018-12-28T10:58:30","slug":"centres-dinformation","status":"publish","type":"page","link":"https:\/\/icom-documentation.mini.icom.museum\/fr\/groupes-travail\/centres-dinformation\/","title":{"rendered":"Centres d&#8217;information"},"content":{"rendered":"<div id=\"RTE_CONTENT\"> <!--TYPO3SEARCH_begin--> \t<!--  CONTENT ELEMENT, uid:5531\/text [begin] --> \t\t<\/p>\n<div id=\"c5531\"> \t\t<!--  Text: [begin] --> \t\t\t<\/p>\n<p>Un des objectifs actuels du groupe due travail sur  des centres d&#8217;information\u00a0 est d&#8217;intensifier le r\u00e9seautage entre les institutions qui soutiennent la documentation mus\u00e9ale dans les diff\u00e9rents pays \u00e0 travers le monde. Il y a plusieurs institutions comme le RCIP au Canada, Collections Trust au Royaume-Uni, le groupe d&#8217;int\u00e9r\u00eat sur la documentation de l&#8217;Association allemande des Mus\u00e9es en Allemagne, le MDC en Croatie et autres. En apprenant quelles sont les r\u00e9f\u00e9rences, les ressources et les instruments qui sont propos\u00e9s par ces institutions et organisations nous esp\u00e9rons\u00a0 faciliter la r\u00e9partition des comp\u00e9tences. Nous discutons \u00e9galement des initiatives conjointes, telles que la traduction et la distribution des travaux r\u00e9alis\u00e9s vers d&#8217;autres pays, et la recherche de nouvelles synergies.  <\/p>\n<p>Un autre objectif est de rassembler des donn\u00e9es statistiques disponibles sur les mus\u00e9es dans le monde &#8211; sur la base des activit\u00e9s de l&#8217;EGMUS &#8211; le Groupe Europ\u00e9en des Statistiques Mus\u00e9ales (<a href=\"http:\/\/www.egmus.eu\/\" shape=\"rect\"><\/a><a href=\"http:\/\/www.egmus.eu\" target=\"_blank\">www.egmus.eu<\/a>). <\/p>\n<p> \t\t<!--  Text: [end] --> \t\t\t   \t<!--  \t\tBEGIN: Content of extension \"hpo_relatedlink\", plugin \"tx_hporelatedlink_pi1\"  \t--> \t<\/p>\n<div> \t\t \t<\/div>\n<p> \t \t<!-- END: Content of extension \"hpo_relatedlink\", plugin \"tx_hporelatedlink_pi1\" -->  \t<\/div>\n<p> \t<!--  CONTENT ELEMENT, uid:5531\/text [end] --> \t\t<!--TYPO3SEARCH_end--> <\/div>\n","protected":false},"excerpt":{"rendered":"<p>Un des objectifs actuels du groupe due travail sur des centres d&#8217;information\u00a0 est d&#8217;intensifier le r\u00e9seautage entre les institutions qui soutiennent la documentation mus\u00e9ale dans les diff\u00e9rents pays \u00e0 travers le monde. Il y a plusieurs institutions comme le RCIP au Canada, Collections Trust au Royaume-Uni, le groupe d&#8217;int\u00e9r\u00eat sur la documentation de l&#8217;Association allemande [&hellip;]<\/p>\n","protected":false},"author":1,"featured_media":0,"parent":687,"menu_order":8,"comment_status":"closed","ping_status":"closed","template":"","meta":{"footnotes":""},"yst_prominent_words":[],"acf":[],"_links":{"self":[{"href":"https:\/\/icom-documentation.mini.icom.museum\/fr\/wp-json\/wp\/v2\/pages\/942"}],"collection":[{"href":"https:\/\/icom-documentation.mini.icom.museum\/fr\/wp-json\/wp\/v2\/pages"}],"about":[{"href":"https:\/\/icom-documentation.mini.icom.museum\/fr\/wp-json\/wp\/v2\/types\/page"}],"author":[{"embeddable":true,"href":"https:\/\/icom-documentation.mini.icom.museum\/fr\/wp-json\/wp\/v2\/users\/1"}],"replies":[{"embeddable":true,"href":"https:\/\/icom-documentation.mini.icom.museum\/fr\/wp-json\/wp\/v2\/comments?post=942"}],"version-history":[{"count":1,"href":"https:\/\/icom-documentation.mini.icom.museum\/fr\/wp-json\/wp\/v2\/pages\/942\/revisions"}],"predecessor-version":[{"id":8846,"href":"https:\/\/icom-documentation.mini.icom.museum\/fr\/wp-json\/wp\/v2\/pages\/942\/revisions\/8846"}],"up":[{"embeddable":true,"href":"https:\/\/icom-documentation.mini.icom.museum\/fr\/wp-json\/wp\/v2\/pages\/687"}],"wp:attachment":[{"href":"https:\/\/icom-documentation.mini.icom.museum\/fr\/wp-json\/wp\/v2\/media?parent=942"}],"wp:term":[{"taxonomy":"yst_prominent_words","embeddable":true,"href":"https:\/\/icom-documentation.mini.icom.museum\/fr\/wp-json\/wp\/v2\/yst_prominent_words?post=942"}],"curies":[{"name":"wp","href":"https:\/\/api.w.org\/{rel}","templated":true}]}}