{"id":939,"date":"2018-12-28T10:26:50","date_gmt":"2018-12-28T10:26:50","guid":{"rendered":"http:\/\/cidoc.icom.cust.oxymium.net\/working-groups\/documentation-dexpositions-et-de-performances\/"},"modified":"2025-05-06T07:49:58","modified_gmt":"2025-05-06T07:49:58","slug":"documentation-dexpositions-et-de-performances","status":"publish","type":"page","link":"https:\/\/icom-documentation.mini.icom.museum\/fr\/groupes-travail\/documentation-dexpositions-et-de-performances\/","title":{"rendered":"Documentation d\u2019expositions et de performances"},"content":{"rendered":"<h2>Pr\u00e9sentation et port\u00e9e<\/h2>\n<p>Les expositions sont au c\u0153ur de l\u2019activit\u00e9 mus\u00e9ale, elles repr\u00e9sentent une des strat\u00e9gies principales et des plus traditionnelles pour donner acc\u00e8s aux collections et au savoir qu\u2019elles g\u00e9n\u00e8rent. La mani\u00e8re dont les mus\u00e9es pr\u00e9sentent et interpr\u00e8tent leurs collections, notamment dans le cadre d\u2019expositions permanentes, n\u2019est non seulement essentiel pour l\u2019\u00e9tude des \u0153uvres et l\u2019histoire des institutions mais \u00e9galement pour la recherche et le d\u00e9veloppement de connaissances sp\u00e9cifiques \u00e0 leurs typologies de collections. Par ailleurs, la distinction entre accrochage et performatif au sein d\u2019institutions mus\u00e9ales est de plus en plus difficile \u00e0 \u00e9tablir, force est de reconnaitre que les expositions ont un caract\u00e8re de plus en plus \u00e9v\u00e9nementiel et de moins en moins statique. Et pourtant, l\u2019archivage et l\u2019acc\u00e8s futur \u00e0 ces \u00e9v\u00e9nements gr\u00e2ce \u00e0 un enregistrement ad\u00e9quat et repr\u00e9sentatif est constamment menac\u00e9 par le manque de reconnaissance de leur importance, de l\u2019absence de recommandations de documentation sp\u00e9cifique appropri\u00e9e, de politique et de proc\u00e9dures d\u00e9finies. S\u2019ajoutent \u00e0 ces d\u00e9fis une nouvelle difficult\u00e9 pratiquement insurmontable qui est celle de la diss\u00e9mination de nouvelles technologies et m\u00e9dias et leur archivage, ainsi que l\u2019\u00e9volution des pratiques curatoriales contemporaines qui d\u00e9placent les limites conceptuelles traditionnelles entre projet d\u2019exposition et objet mus\u00e9al \u00e0 proprement parler. Les initiatives d\u2019expositions virtuelles renforcent encore ces d\u00e9fis.<\/p>\n<p>Ainsi l\u2019objectif principal du groupe de travail \u00ab\u00a0Documentation d\u2019expositions et de performances\u00a0\u00bb est de questionner le r\u00f4le de la documentation des expositions expositions et des \u0153uvres performatives pour les mus\u00e9es et autres institutions patrimoniales et d\u2019approfondir les sujets pertinents en rapport avec leur conservation \u00e0 long terme, acc\u00e8s et recherche.<\/p>\n<p>Les d\u00e9fis de la documentation d\u2019expositions et de performances contemporaines ont en commun des caract\u00e9ristiques conceptuelles et pratiques mais aussi de possibles strat\u00e9gies et solutions pour leur p\u00e9rennisation, utilisation et interpr\u00e9tation future\u00a0et justifient ainsi une approche de recherche commune.<\/p>\n<p>La cr\u00e9ation du groupe de travail a \u00e9t\u00e9 officiellement approuv\u00e9e par le bureau du DOCUMENTATION (CIDOC) pendant la conf\u00e9rence annuelle du CIDOC 2015 \u00e0 New Delhi (5 au 10 septembre 2015) lors d\u2019une s\u00e9ance \u00e0 la New Delhi National Gallery of Modern Art entre professionnels de documentation mus\u00e9ale de diff\u00e9rents pays et institutions d\u00e9di\u00e9e \u00e0 cette probl\u00e9matique (5 septembre).<\/p>\n<h2>Objectifs principaux<\/h2>\n<p>Les principaux centres d\u2019int\u00e9r\u00eat du Groupe de travail \u00ab\u00a0Documentation d\u2019expositions et de performances\u00a0\u00bb sont\u00a0:<\/p>\n<ol>\n<li>D\u00e9finir l\u2019objet expos\u00e9\u00a0: concept d\u2019exposition, typologie, caract\u00e9ristiques et \u00e9tendue de la recherche ;<\/li>\n<li>R\u00e9f\u00e9rencement et r\u00e9seautage\u00a0: identification de projets similaires, \u00e9tablissement de partenariats et collaborations en vue d\u2019un \u00e9change d\u2019informations\u00a0;<\/li>\n<li>Cartographie de la situation actuelle sur le domaine de la documentation d\u2019expositions et de performances ainsi que des pratiques de pr\u00e9servation dans les mus\u00e9es\u00a0;<\/li>\n<li>Comprendre la recherche dans le domaine des expositions et des performances\u00a0: identification des profils des utilisateurs, des besoins g\u00e9n\u00e9raux et sp\u00e9cifiques, des int\u00e9r\u00eats et des attentes.<\/li>\n<li>D\u00e9finir l\u2019\u00e9tendue de la probl\u00e9matique, tester des solutions pour la documentation d\u2019expositions et de performances, leur pr\u00e9servation, l\u2019accessibilit\u00e9 et la recherche\u00a0;<\/li>\n<li>Proposer des proc\u00e9dures et directives de documentation plus ad\u00e9quates pour les mus\u00e9es et professionnels de mus\u00e9es (politiques institutionnelles, production d\u2019enregistrements, \u00e9valuation d\u2019archivage, et besoins de descriptions, d\u00e9veloppement de collection, standards de m\u00e9tadonn\u00e9es, processus de digitalisation, fonctionnalit\u00e9s de syst\u00e8mes de gestion de collections, strat\u00e9gies pour les portails documentaires et interfaces publiques, pr\u00e9servation num\u00e9rique etc.)<\/li>\n<\/ol>\n<p><img decoding=\"async\" src=\"http:\/\/cidoc.mini.icom.museum\/wp-content\/uploads\/sites\/6\/2018\/12\/RTEmagicC_Exhibition_working_group.jpg.jpg\" alt=\"\" \/><br \/>\n(<i>Photo:\u00a0Perspective of the Almeida Jr. Gallery at Pinacoteca do Estado de S\u00e3o Paulo, 1947. Unknown photographer. Cedoc Collection &#8211; Pinacoteca do Estado de S\u00e3o Paulo<\/i>)<\/p>\n<h2>Contact<\/h2>\n<p><strong>Zo\u00eb Renaudie<\/strong>, Chair<br \/>\nzoe.renaudie[at]gmail.com<br \/>\nMontr\u00e9al, Canada<\/p>\n<p><strong>Alexandre Matos<\/strong>, Vice-Chair<br \/>\nalexandrematos[at]mac.com<br \/>\nPorto, Portugal<\/p>\n<hr \/>\n<p>Former chair<\/p>\n<p><strong>Gabriel Moore Forell Bevilacqua<\/strong><br \/>\nE-mail:\u00a0<a href=\"mailto:gabrielmoore@gmail.com\">gabrielmoore@gmail.com<\/a><br \/>\nTel: +55 (21) 2629-9758<br \/>\nAddress: Departamento de Ci\u00eancia da Informa\u00e7\u00e3o, Universidade Federal Fluminense, Rua Lara Vilela, 126 &#8211; Niter\u00f3i, Rio de Janeiro, Brazil &#8211; 24210-590<\/p>\n","protected":false},"excerpt":{"rendered":"<p>Pr\u00e9sentation et port\u00e9e Les expositions sont au c\u0153ur de l\u2019activit\u00e9 mus\u00e9ale, elles repr\u00e9sentent une des strat\u00e9gies principales et des plus traditionnelles pour donner acc\u00e8s aux collections et au savoir qu\u2019elles g\u00e9n\u00e8rent. La mani\u00e8re dont les mus\u00e9es pr\u00e9sentent et interpr\u00e8tent leurs collections, notamment dans le cadre d\u2019expositions permanentes, n\u2019est non seulement essentiel pour l\u2019\u00e9tude des \u0153uvres [&hellip;]<\/p>\n","protected":false},"author":1,"featured_media":0,"parent":687,"menu_order":7,"comment_status":"closed","ping_status":"closed","template":"","meta":{"footnotes":""},"yst_prominent_words":[84,1177],"acf":[],"_links":{"self":[{"href":"https:\/\/icom-documentation.mini.icom.museum\/fr\/wp-json\/wp\/v2\/pages\/939"}],"collection":[{"href":"https:\/\/icom-documentation.mini.icom.museum\/fr\/wp-json\/wp\/v2\/pages"}],"about":[{"href":"https:\/\/icom-documentation.mini.icom.museum\/fr\/wp-json\/wp\/v2\/types\/page"}],"author":[{"embeddable":true,"href":"https:\/\/icom-documentation.mini.icom.museum\/fr\/wp-json\/wp\/v2\/users\/1"}],"replies":[{"embeddable":true,"href":"https:\/\/icom-documentation.mini.icom.museum\/fr\/wp-json\/wp\/v2\/comments?post=939"}],"version-history":[{"count":5,"href":"https:\/\/icom-documentation.mini.icom.museum\/fr\/wp-json\/wp\/v2\/pages\/939\/revisions"}],"predecessor-version":[{"id":12644,"href":"https:\/\/icom-documentation.mini.icom.museum\/fr\/wp-json\/wp\/v2\/pages\/939\/revisions\/12644"}],"up":[{"embeddable":true,"href":"https:\/\/icom-documentation.mini.icom.museum\/fr\/wp-json\/wp\/v2\/pages\/687"}],"wp:attachment":[{"href":"https:\/\/icom-documentation.mini.icom.museum\/fr\/wp-json\/wp\/v2\/media?parent=939"}],"wp:term":[{"taxonomy":"yst_prominent_words","embeddable":true,"href":"https:\/\/icom-documentation.mini.icom.museum\/fr\/wp-json\/wp\/v2\/yst_prominent_words?post=939"}],"curies":[{"name":"wp","href":"https:\/\/api.w.org\/{rel}","templated":true}]}}