{"id":930,"date":"2018-12-28T10:26:45","date_gmt":"2018-12-28T10:26:45","guid":{"rendered":"http:\/\/cidoc.icom.cust.oxymium.net\/working-groups\/normes-de-documentation\/"},"modified":"2020-11-26T17:50:13","modified_gmt":"2020-11-26T17:50:13","slug":"normes-de-documentation","status":"publish","type":"page","link":"https:\/\/icom-documentation.mini.icom.museum\/fr\/groupes-travail\/normes-de-documentation\/","title":{"rendered":"Normes de documentation"},"content":{"rendered":"<div id=\"RTE_CONTENT\">\n<p><!--TYPO3SEARCH_begin--> <!-- CONTENT ELEMENT, uid:4916\/text [begin] --><\/p>\n<div id=\"c4916\">\n<p><!-- Text: [begin] --><\/p>\n<h1>Mise \u00e0 jour de la traduction bient\u00f4t.<\/h1>\n<p>&nbsp;<\/p>\n<p>&nbsp;<\/p>\n<p>&nbsp;<\/p>\n<p>Pr\u00e9sident : Jonathan Whitson Cloud (<a href=\"mailto:jwhitsoncloud@gmail.com\">jwhitsoncloud@gmail.com<\/a>)<\/p>\n<p>Ce groupe de travail est une fusion de deux groupes pr\u00e9c\u00e9dents: le Groupe de travail sur les donn\u00e9es et la terminologie, ainsi que le Groupe de travail sur les Mod\u00e8les de donn\u00e9es.<\/p>\n<hr \/>\n<h2>Plan de travail pour 2007-2010<\/h2>\n<p>Lors de notre r\u00e9union \u00e0 Vienne, nous avons d\u00e9battu du positionnement des normes CIDOC dans le paysage g\u00e9n\u00e9ral. Nous avons d\u00e9cid\u00e9 que notre t\u00e2che principale pour lann\u00e9e \u00e0 venir serait de commencer \u00e0 \u00e9laborer une vue densemble des normes pertinentes pour la documentation mus\u00e9ale. Ce projet est d\u00e9crit plus en d\u00e9tail dans une section s\u00e9par\u00e9e.<\/p>\n<p>Dautres t\u00e2ches que nous aimerions entreprendre sont les suivantes:<\/p>\n<ul>\n<li>Reviser et promouvoir la nouvelle D\u00e9claration des Principes de la Documentation Mus\u00e9ale<\/li>\n<li>Poursuivre et \u00e9tendre notre liaison avec des organismes telles que le TEI et le MDA, et profiler CIDOC comme un forum de discussion neutre sur les standards, pour les organismes nationaux et internationaux<\/li>\n<li>Sassurer que les normes et les recommandations du CIDOC sont, autant que possible, disponibles sur le site Internet du CIDOC<\/li>\n<\/ul>\n<p>Si vous souhaitez contribuer \u00e0 une de ces t\u00e2ches, veuillez s\u2019il vous pla\u00eet contacter Richard Light.<\/p>\n<hr \/>\n<p>Le Groupe de travail sur les normes de documentation est en train d&#8217;\u00e9laborer une <b>D\u00e9claration sur les Principes de la Documentation Mus\u00e9ale<\/b>. Le <a title=\"TEXT, Principes 6 fr, Principes_6_fr.pdf, 100 KB\" href=\"http:\/\/cidoc.mini.icom.museum\/wp-content\/uploads\/sites\/6\/2018\/12\/Principes_6_fr.pdf\" target=\"_blank\" rel=\"noopener\">projet actuel<\/a> est disponible pour commentaires. Ce document a \u00e9t\u00e9 examin\u00e9 et actualis\u00e9 lors des deux derni\u00e8res r\u00e9unions du CIDOC (\u00e0 Zagreb et \u00e0 G\u00f6teborg), puis peaufin\u00e9 par Andrew Roberts. Notre intention est de le pr\u00e9senter \u00e0 la r\u00e9union de lICOM en 2007 \u00e0 Vienne. Une fois les principes convenus, nous avons lintention de les utiliser pour offrir des conseils. Dans la mesure du possible, cette orientation utilisera des sources faisant autorit\u00e9, telles que SPECTRUM, du MDA au Royaume-Uni.<\/p>\n<p>Le groupe de travail souhaite servir de point de rapprochement entre les organes et les initiatives qui d\u00e9veloppent des normes pertinentes pour la documentation mus\u00e9ale. Quelques exemples de tels organismes sont la <a href=\"http:\/\/www.tei-c.org\/\">Text Encoding Initiative<\/a>, le <a href=\"http:\/\/www.vraweb.org\/ccoweb\/\">CCO<\/a> et <a href=\"http:\/\/www.michael-culture.org\/en\/home\">MICHAEL<\/a>. Les membres du groupe travaillent actuellement sur une <a href=\"http:\/\/www.edd.uio.no\/artiklar\/tekstkoding\/tei_crm_mapping.html\">passerelle du TEI au CIDOC CRM<\/a>.<\/p>\n<p>Dans le domaine du contr\u00f4le terminologique, le groupe a lintention de passer en revue des cadres techniques tels que la mise \u00e0 jour des normes de thesaurus, de <a href=\"http:\/\/www.niso.org\/committees\/MT-info.html\">NISO<\/a> et la British Standards Institute, <a href=\"http:\/\/www.w3.org\/2004\/02\/skos\/\">SKOS<\/a> et <a href=\"http:\/\/www.topicmaps.org\/\">Topic Maps<\/a>. En outre, nous sommes int\u00e9ress\u00e9s par certaines ressources sp\u00e9cifiques de terminologie contr\u00f4l\u00e9e, telles que ICONCLASS, qui sont pertinentes pour les mus\u00e9es.<\/p>\n<p>Un autre domaine dint\u00e9r\u00eat pour ce groupe de travail est la \u00ablitt\u00e9rature grise\u00bb, cest-\u00e0-dire des informations produites par des mus\u00e9es mais qui ne sont ni consid\u00e9r\u00e9es comme de la documentation officielle, ni int\u00e9gr\u00e9es aux archives. Cette litt\u00e9rature peut prendre la forme dun manuscrit, dun imprim\u00e9, ou de plus en plus, dun document \u00e9lectronique. Des exemples de litt\u00e9rature grise sont des documents explicatifs dune exposition, ou des textes dappui dans un fichier objets.<\/p>\n<hr \/>\n<p>Par le pass\u00e9, le Groupe a \u00e9labor\u00e9 des <a title=\"TEXT, guidelines1995, guidelines1995.pdf, 329 KB\" href=\"http:\/\/cidoc.mini.icom.museum\/wp-content\/uploads\/sites\/6\/2018\/12\/guidelines1995.pdf\"><i>Recommandations Internationales pour la documentation des objets mus\u00e9aux<\/i><\/a>, publi\u00e9 en juin 1995. Il s&#8217;agit dune description des cat\u00e9gories d&#8217;information qui peuvent \u00eatre utilis\u00e9es lors de la documentation des objets des collections dun mus\u00e9e. Ces recommandations peuvent servir de base de travail, autant par un mus\u00e9e, une organisation nationale ou un d\u00e9veloppeur informatique, pour la r\u00e9alisation d&#8217;un syst\u00e8me de documentation mus\u00e9ale pratique.<\/p>\n<p>Le travail terminologique du groupe englobe l&#8217;\u00e9valuation de ressources terminologiques.<\/p>\n<p>Le Groupe a publi\u00e9 une <i>Bibliographie de la Terminologie contr\u00f4l\u00e9e<\/i> (1990) et un <i>R\u00e9pertoire des Th\u00e9saurus pour les noms d&#8217;objets<\/i> (1994).<\/p>\n<p>Le travail sur le mod\u00e8le de donn\u00e9es comprend l\u00e9laboration dun mod\u00e8le th\u00e9orique, la pr\u00e9paration de publications et dateliers de formation sur le mod\u00e8le et des conseils \u00e0 dautres projets sur lapplication du mod\u00e8le. Les fichiers qui composent le <a href=\"http:\/\/cidoc.icom.museum\/model\/relational.model\/index.htm\">mod\u00e8le de donn\u00e9es<\/a> sont disponibles en ligne et en version imprim\u00e9e (derni\u00e8re mise \u00e0 jour, 1995). Cependant, ce mod\u00e8le a \u00e9t\u00e9 effectivement remplac\u00e9 par le <a href=\"http:\/\/cidoc.mediahost.org\/wg_cidoc_crm%28fr%29%28E1%29.xml\">Mod\u00e8le Conceptuel de R\u00e9f\u00e9rence<\/a>.<\/p>\n<p>Le Groupe a \u00e9galement publi\u00e9, en 1994, une <i>Bibliographie de la mod\u00e9lisation des donn\u00e9es<\/i>, compil\u00e9e par Jacqueline Zak et Linda Kincheloe du Getty Conservation Institute, avec laide de Pat Barnett, Janet Goman et George Hickman.<\/p>\n<p><!-- Text: [end] --> <!-- BEGIN: Content of extension \"hpo_relatedlink\", plugin \"tx_hporelatedlink_pi1\" --><\/p>\n<div><\/div>\n<p><!-- END: Content of extension \"hpo_relatedlink\", plugin \"tx_hporelatedlink_pi1\" --><\/p>\n<\/div>\n<p><!-- CONTENT ELEMENT, uid:4916\/text [end] --> <!--TYPO3SEARCH_end--><\/p>\n<\/div>\n","protected":false},"excerpt":{"rendered":"<p>Mise \u00e0 jour de la traduction bient\u00f4t. &nbsp; &nbsp; &nbsp; Pr\u00e9sident : Jonathan Whitson Cloud (jwhitsoncloud@gmail.com) Ce groupe de travail est une fusion de deux groupes pr\u00e9c\u00e9dents: le Groupe de travail sur les donn\u00e9es et la terminologie, ainsi que le Groupe de travail sur les Mod\u00e8les de donn\u00e9es. Plan de travail pour 2007-2010 Lors de [&hellip;]<\/p>\n","protected":false},"author":1,"featured_media":0,"parent":687,"menu_order":6,"comment_status":"closed","ping_status":"closed","template":"","meta":{"footnotes":""},"yst_prominent_words":[1795,1789,84,256,1147,1788,1790,1149,1796,1206,1787,258,257,1794,1211,1200,1201,1791,1792,1793],"acf":[],"_links":{"self":[{"href":"https:\/\/icom-documentation.mini.icom.museum\/fr\/wp-json\/wp\/v2\/pages\/930"}],"collection":[{"href":"https:\/\/icom-documentation.mini.icom.museum\/fr\/wp-json\/wp\/v2\/pages"}],"about":[{"href":"https:\/\/icom-documentation.mini.icom.museum\/fr\/wp-json\/wp\/v2\/types\/page"}],"author":[{"embeddable":true,"href":"https:\/\/icom-documentation.mini.icom.museum\/fr\/wp-json\/wp\/v2\/users\/1"}],"replies":[{"embeddable":true,"href":"https:\/\/icom-documentation.mini.icom.museum\/fr\/wp-json\/wp\/v2\/comments?post=930"}],"version-history":[{"count":3,"href":"https:\/\/icom-documentation.mini.icom.museum\/fr\/wp-json\/wp\/v2\/pages\/930\/revisions"}],"predecessor-version":[{"id":9964,"href":"https:\/\/icom-documentation.mini.icom.museum\/fr\/wp-json\/wp\/v2\/pages\/930\/revisions\/9964"}],"up":[{"embeddable":true,"href":"https:\/\/icom-documentation.mini.icom.museum\/fr\/wp-json\/wp\/v2\/pages\/687"}],"wp:attachment":[{"href":"https:\/\/icom-documentation.mini.icom.museum\/fr\/wp-json\/wp\/v2\/media?parent=930"}],"wp:term":[{"taxonomy":"yst_prominent_words","embeddable":true,"href":"https:\/\/icom-documentation.mini.icom.museum\/fr\/wp-json\/wp\/v2\/yst_prominent_words?post=930"}],"curies":[{"name":"wp","href":"https:\/\/api.w.org\/{rel}","templated":true}]}}