{"id":912,"date":"2018-12-28T10:26:40","date_gmt":"2018-12-28T10:26:40","guid":{"rendered":"http:\/\/cidoc.icom.cust.oxymium.net\/working-groups\/groupe-de-travail-sur-le-developpement-de-strategies-numeriques\/"},"modified":"2018-12-28T10:58:31","modified_gmt":"2018-12-28T10:58:31","slug":"groupe-de-travail-sur-le-developpement-de-strategies-numeriques","status":"publish","type":"page","link":"https:\/\/icom-documentation.mini.icom.museum\/fr\/groupes-travail\/groupe-de-travail-sur-le-developpement-de-strategies-numeriques\/","title":{"rendered":"Groupe de travail sur le d\u00e9veloppement de strat\u00e9gies num\u00e9riques"},"content":{"rendered":"<div id=\"RTE_CONTENT\"> <!--TYPO3SEARCH_begin--> \t<!--  CONTENT ELEMENT, uid:21203\/text [begin] --> \t\t<\/p>\n<div id=\"c21203\"> \t\t<!--  Header: [begin] --> \t\t\t<\/p>\n<h2>D\u00e9veloppement de strat\u00e9gies num\u00e9riques<\/h2>\n<p> \t\t<!--  Header: [end] --> \t\t\t \t\t<!--  Text: [begin] --> \t\t\t<\/p>\n<p><b>Objectifs<\/b> <\/p>\n<p>Le changement num\u00e9rique est l&#8217;un des d\u00e9fis majeurs des mus\u00e9es du 21\u00e8me si\u00e8cle. De nombreux mus\u00e9es d\u00e9ploient d\u00e9j\u00e0 beaucoup d&#8217;efforts pour relever ce d\u00e9fi dans divers domaines d&#8217;activit\u00e9, tels que la num\u00e9risation, la visibilit\u00e9 en ligne ou la gestion de collections num\u00e9riques, mais les approches globales font encore largement d\u00e9faut. L&#8217;absence de strat\u00e9gies num\u00e9riques englobant toutes les activit\u00e9s num\u00e9riques d&#8217;un mus\u00e9e se traduit par des inefficacit\u00e9s, un manque de priorit\u00e9s d\u00e9finies et des ressources mal utilis\u00e9es. <\/p>\n<p>\u00a0<\/p>\n<p>Le groupe de travail sur le d\u00e9veloppement de strat\u00e9gies num\u00e9riques a pour objectif de produire un ensemble de documents pouvant aider les mus\u00e9es dans le processus de d\u00e9veloppement de strat\u00e9gies num\u00e9riques. Ce mat\u00e9riel comprendra un exemple de strat\u00e9gie num\u00e9rique, des listes de contr\u00f4le et des feuilles d\u2019information, con\u00e7us pour aider les mus\u00e9es \u00e0 identifier les probl\u00e8mes cl\u00e9s et \u00e0 trouver des solutions appropri\u00e9es. Le mat\u00e9riel aidera \u00e9galement \u00e0 attirer l&#8217;attention des planificateurs de mus\u00e9e sur les travaux d&#8217;autres groupes de travail du CIDOC (pr\u00e9servation num\u00e9rique, mise en \u0153uvre du processus de mus\u00e9e, CRM, ou LIDO, etc.). Le groupe de travail sur le d\u00e9veloppement de la strat\u00e9gie num\u00e9rique sera responsable de la maintenance et de la mise \u00e0 jour du mat\u00e9riel produit et de la r\u00e9ponse aux besoins vari\u00e9s de tous les acteurs du mus\u00e9e: gestion du mus\u00e9e, collecte de fonds, collections et restauration, documentation, relations publiques, chercheurs et publics cibles du mus\u00e9e. <\/p>\n<p><span>\u00a0<\/span> <\/p>\n<p><b><span>Historique<\/span><\/b><span><br \/>Le groupe de travail a \u00e9t\u00e9 cr\u00e9\u00e9 lors de la conf\u00e9rence du CIDOC 2018 \u00e0 H\u00e9raklion, en Gr\u00e8ce. Il pr\u00e9sentera un premier ensemble de documents sur la Conf\u00e9rence triennale de l&#8217;ICOM 2019 \u00e0 Kyoto.<\/span> <\/p>\n<p><span>\u2026\u2026\u2026\u2026\u2026\u2026\u2026\u2026\u2026\u2026\u2026\u2026\u2026\u2026\u2026\u2026\u2026\u2026\u2026\u2026\u2026\u2026\u2026\u2026\u2026\u2026\u2026\u2026\u2026\u2026\u2026\u2026\u2026\u2026\u2026\u2026\u2026\u2026\u2026\u2026\u2026\u2026\u2026\u2026\u2026\u2026\u2026\u2026\u2026\u2026\u2026\u2026\u2026..<\/span> <\/p>\n<p><b><span>Contact<\/span><\/b> <\/p>\n<p>Jan Behrendt, pr\u00e9sident, wg-dsd (at) jan-behrendt.de, Milit\u00e4rhistorisches Museum (Berlin), Allemagne <\/p>\n<p>Kriszti\u00e1n Fonyodi, copr\u00e9sident, kfonyodi (at) gmail.com, mus\u00e9e des beaux-arts (Budapest), Hongrie <\/p>\n<p><img decoding=\"async\" src=\"https:\/\/icom-documentation.mini.icom.museum\/wp-content\/uploads\/sites\/87\/2018\/12\/RTEmagicC_The_Comprehensive_Digital_Strategy_v04OCT2018_01.pdf.jpg\" alt=\"\"> <\/p>\n<p>\u00a0<\/p>\n<p>\u00a0<\/p>\n<p> \t\t<!--  Text: [end] --> \t\t\t   \t<!--  \t\tBEGIN: Content of extension \"hpo_relatedlink\", plugin \"tx_hporelatedlink_pi1\"  \t--> \t<\/p>\n<div> \t\t \t<\/div>\n<p> \t \t<!-- END: Content of extension \"hpo_relatedlink\", plugin \"tx_hporelatedlink_pi1\" -->  \t<\/div>\n<p> \t<!--  CONTENT ELEMENT, uid:21203\/text [end] --> \t\t<!--TYPO3SEARCH_end--> <\/div>\n","protected":false},"excerpt":{"rendered":"<p>D\u00e9veloppement de strat\u00e9gies num\u00e9riques Objectifs Le changement num\u00e9rique est l&#8217;un des d\u00e9fis majeurs des mus\u00e9es du 21\u00e8me si\u00e8cle. De nombreux mus\u00e9es d\u00e9ploient d\u00e9j\u00e0 beaucoup d&#8217;efforts pour relever ce d\u00e9fi dans divers domaines d&#8217;activit\u00e9, tels que la num\u00e9risation, la visibilit\u00e9 en ligne ou la gestion de collections num\u00e9riques, mais les approches globales font encore largement d\u00e9faut. [&hellip;]<\/p>\n","protected":false},"author":1,"featured_media":0,"parent":687,"menu_order":5,"comment_status":"closed","ping_status":"closed","template":"","meta":{"footnotes":""},"yst_prominent_words":[84,1205,1212,1207,1203,1210,1199,1216,1149,1206,1202,1215,1211,1200,1201,1214,1209,1213,1208,1204],"acf":[],"_links":{"self":[{"href":"https:\/\/icom-documentation.mini.icom.museum\/fr\/wp-json\/wp\/v2\/pages\/912"}],"collection":[{"href":"https:\/\/icom-documentation.mini.icom.museum\/fr\/wp-json\/wp\/v2\/pages"}],"about":[{"href":"https:\/\/icom-documentation.mini.icom.museum\/fr\/wp-json\/wp\/v2\/types\/page"}],"author":[{"embeddable":true,"href":"https:\/\/icom-documentation.mini.icom.museum\/fr\/wp-json\/wp\/v2\/users\/1"}],"replies":[{"embeddable":true,"href":"https:\/\/icom-documentation.mini.icom.museum\/fr\/wp-json\/wp\/v2\/comments?post=912"}],"version-history":[{"count":1,"href":"https:\/\/icom-documentation.mini.icom.museum\/fr\/wp-json\/wp\/v2\/pages\/912\/revisions"}],"predecessor-version":[{"id":8849,"href":"https:\/\/icom-documentation.mini.icom.museum\/fr\/wp-json\/wp\/v2\/pages\/912\/revisions\/8849"}],"up":[{"embeddable":true,"href":"https:\/\/icom-documentation.mini.icom.museum\/fr\/wp-json\/wp\/v2\/pages\/687"}],"wp:attachment":[{"href":"https:\/\/icom-documentation.mini.icom.museum\/fr\/wp-json\/wp\/v2\/media?parent=912"}],"wp:term":[{"taxonomy":"yst_prominent_words","embeddable":true,"href":"https:\/\/icom-documentation.mini.icom.museum\/fr\/wp-json\/wp\/v2\/yst_prominent_words?post=912"}],"curies":[{"name":"wp","href":"https:\/\/api.w.org\/{rel}","templated":true}]}}