{"id":9065,"date":"2019-02-07T10:33:38","date_gmt":"2019-02-07T10:33:38","guid":{"rendered":"http:\/\/cidoc.mini.icom.museum\/?page_id=9065"},"modified":"2025-04-04T06:04:53","modified_gmt":"2025-04-04T06:04:53","slug":"cidoc-le-comite-international-pour-la-documentation-de-licom-offre-des-conseils-concernant-les-meilleures-pratiques-et-les-nouveautes-dans-le-domaine-de-la-documentation-museale","status":"publish","type":"page","link":"https:\/\/icom-documentation.mini.icom.museum\/fr\/cidoc-le-comite-international-pour-la-documentation-de-licom-offre-des-conseils-concernant-les-meilleures-pratiques-et-les-nouveautes-dans-le-domaine-de-la-documentation-museale\/","title":{"rendered":"Bienvenue au Comit\u00e9 International pour la Documentation de l\u2019ICOM (ICOM DOCUMENTATION)"},"content":{"rendered":"<p class=\"title\"><strong>Au service de la documentation mus\u00e9ale<\/strong><\/p>\n<p class=\"bodytext\">La documentation est un aspect indispensable de toutes les activit\u00e9s du mus\u00e9e. Une collection sans documentation ad\u00e9quate n\u2019est pas vraiment une \u00abcollection de mus\u00e9e\u00bb.<\/p>\n<p class=\"bodytext\">CIDOC, le\u00a0<b>C<\/b>omit\u00e9\u00a0<b>I<\/b>nternational pour la\u00a0<b>DOC<\/b>umentation de\u00a0<a href=\"http:\/\/icom.museum\/\" target=\"_blank\" rel=\"noopener\">l\u2019ICOM<\/a>, offre des conseils concernant les meilleures pratiques et les nouveaut\u00e9s dans le domaine de la documentation mus\u00e9ale.<\/p>\n<p class=\"bodytext\"><b>Le CIDOC est l\u2019un des trente comit\u00e9s internationaux de l\u2019ICOM<\/b>. Il s\u2019appelle CIDOC et non pas ICDOC car les membres fondateurs \u00e9taient majoritairement francophones et l\u2019ont ainsi baptis\u00e9 \u00ab Comit\u00e9 International pour la documentation \u00bb. Comme le monde est devenu de plus en plus anglophone et que la langue courante du comit\u00e9 est aujourd\u2019hui l\u2019anglais, on l\u2019appelle de facto \u00ab the International Committee for Documentation \u00bb.<\/p>\n<p class=\"bodytext\">Une des t\u00e2ches des documentalistes est de fournir de l\u2019assistance, ind\u00e9pendamment de telles situations de mutations linguistiques, afin que le comit\u00e9 et ses travaux puissent \u00eatre compris par tous les utilisateurs, ind\u00e9pendamment de leur lange.<\/p>\n<p class=\"bodytext\"><b>Statuts:<\/b><\/p>\n<p class=\"bodytext\">Les statuts du comit\u00e9 sont actuellement en cours de r\u00e9vision afin de les aligner sur la structure institutionnelle de l&#8217;ICOM et de produire des versions compatibles en fran\u00e7ais, espagnol et anglais.<\/p>\n<p class=\"bodytext\"><a class=\"internal-link\" title=\"Opens internal link in current window\" href=\"https:\/\/icom-documentation.mini.icom.museum\/organisation\/who-we-are\/statutes\/\">Statuts du CIDOC<\/a><\/p>\n","protected":false},"excerpt":{"rendered":"<p>Au service de la documentation mus\u00e9ale La documentation est un aspect indispensable de toutes les activit\u00e9s du mus\u00e9e. Une collection sans documentation ad\u00e9quate n\u2019est pas vraiment une \u00abcollection de mus\u00e9e\u00bb. CIDOC, le\u00a0Comit\u00e9\u00a0International pour la\u00a0DOCumentation de\u00a0l\u2019ICOM, offre des conseils concernant les meilleures pratiques et les nouveaut\u00e9s dans le domaine de la documentation mus\u00e9ale. Le CIDOC est [&hellip;]<\/p>\n","protected":false},"author":1,"featured_media":0,"parent":0,"menu_order":0,"comment_status":"closed","ping_status":"closed","template":"","meta":{"footnotes":""},"yst_prominent_words":[151,35,84,256,255,67,141,259,33,263,46,262,89,258,257,152,203,261,2174,260],"acf":[],"_links":{"self":[{"href":"https:\/\/icom-documentation.mini.icom.museum\/fr\/wp-json\/wp\/v2\/pages\/9065"}],"collection":[{"href":"https:\/\/icom-documentation.mini.icom.museum\/fr\/wp-json\/wp\/v2\/pages"}],"about":[{"href":"https:\/\/icom-documentation.mini.icom.museum\/fr\/wp-json\/wp\/v2\/types\/page"}],"author":[{"embeddable":true,"href":"https:\/\/icom-documentation.mini.icom.museum\/fr\/wp-json\/wp\/v2\/users\/1"}],"replies":[{"embeddable":true,"href":"https:\/\/icom-documentation.mini.icom.museum\/fr\/wp-json\/wp\/v2\/comments?post=9065"}],"version-history":[{"count":11,"href":"https:\/\/icom-documentation.mini.icom.museum\/fr\/wp-json\/wp\/v2\/pages\/9065\/revisions"}],"predecessor-version":[{"id":12621,"href":"https:\/\/icom-documentation.mini.icom.museum\/fr\/wp-json\/wp\/v2\/pages\/9065\/revisions\/12621"}],"wp:attachment":[{"href":"https:\/\/icom-documentation.mini.icom.museum\/fr\/wp-json\/wp\/v2\/media?parent=9065"}],"wp:term":[{"taxonomy":"yst_prominent_words","embeddable":true,"href":"https:\/\/icom-documentation.mini.icom.museum\/fr\/wp-json\/wp\/v2\/yst_prominent_words?post=9065"}],"curies":[{"name":"wp","href":"https:\/\/api.w.org\/{rel}","templated":true}]}}