{"id":900,"date":"2018-12-28T10:26:36","date_gmt":"2018-12-28T10:26:36","guid":{"rendered":"http:\/\/cidoc.icom.cust.oxymium.net\/working-groups\/la-preservation-numerique\/"},"modified":"2018-12-28T10:58:31","modified_gmt":"2018-12-28T10:58:31","slug":"la-preservation-numerique","status":"publish","type":"page","link":"https:\/\/icom-documentation.mini.icom.museum\/fr\/groupes-travail\/la-preservation-numerique\/","title":{"rendered":"La pr\u00e9servation num\u00e9rique"},"content":{"rendered":"<div id=\"RTE_CONTENT\"> <!--TYPO3SEARCH_begin--> \t<!--  CONTENT ELEMENT, uid:5530\/text [begin] --> \t\t<\/p>\n<div id=\"c5530\"> \t\t<!--  Text: [begin] --> \t\t\t<\/p>\n<p>Le groupe de travail \u00ab\u00a0Pr\u00e9servation num\u00e9rique\u00a0\u00bb se concentre sur la conservation \u00e0 long terme du patrimoine num\u00e9rique et sa documentation. <\/p>\n<p>\u00a0Le patrimoine num\u00e9rique se d\u00e9finit comme un ensemble d\u2019\u0153uvres issues d\u2019outils informatiques, directement produit sous un format digital ou digitalis\u00e9 par la suite. Il \u00e9mane de diff\u00e9rentes communaut\u00e9s, industries, secteurs ou r\u00e9gions et requiert des approches de pr\u00e9servation active pour garantir leur authenticit\u00e9, leur accessibilit\u00e9 ainsi que leur utilisation p\u00e9renne (voir UNESCO\/PERSIST Guidelines for the selection of digital heritage for long- term preservation, 2016, p.16).\u00a0 <\/p>\n<p>Sont inclus dans la notion de patrimoine num\u00e9rique des \u0153uvres \u00ab\u00a0produites en format num\u00e9rique\u00a0\u00bb , qui s\u2019inscrivent dans la politique de collection des mus\u00e9es tout comme des copies num\u00e9riques d\u2019\u0153uvres. Par ailleurs, la documentation num\u00e9rique des collections (par exemple l\u2019inventaire num\u00e9rique des collections) \u00a0entre \u00e9galement dans ce contexte. <\/p>\n<p>Pour l\u2019heure il n\u2019existe pas de r\u00e9ponses satisfaisantes aux divers probl\u00e8mes soulev\u00e9s par la collecte et l\u2019exploitation de ces \u0153uvres. De nombreux mus\u00e9es ont reconnu l\u2019importance de ce patrimoine num\u00e9rique et sont conscients de sa fragilit\u00e9 ainsi que de sa rapide obsolescence. Trop souvent ils sont confront\u00e9s \u00e0 un manque de connaissance, de comp\u00e9tence et de ressources financi\u00e8res pour le collecter et le pr\u00e9server. <\/p>\n<p>Le groupe de travail a comme objectif de fournir des directives pour les diff\u00e9rents aspect de la collecte et de la pr\u00e9servation de patrimoine num\u00e9rique ainsi que pour la a documentation des proc\u00e9dures en rapport. <\/p>\n<p>Si vous \u00eates int\u00e9ress\u00e9(e) \u00e0 participer \u00e0 ce groupe de travail veuillez contacter\u00a0: <\/p>\n<p>Susanne Nickel, Eskilstuna City museum, Eskilstuna Kommun, Kultur- och Fritidsf\u00f6rvaltningen 631 86 Eskilstuna, Sweden, \u00a0susanne.nickel[at]eskilstuna.se<\/p>\n<p>\u00a0<\/p>\n<p>\u00a0<\/p>\n<p> \t\t<!--  Text: [end] --> \t\t\t   \t<!--  \t\tBEGIN: Content of extension \"hpo_relatedlink\", plugin \"tx_hporelatedlink_pi1\"  \t--> \t<\/p>\n<div> \t\t \t<\/div>\n<p> \t \t<!-- END: Content of extension \"hpo_relatedlink\", plugin \"tx_hporelatedlink_pi1\" -->  \t<\/div>\n<p> \t<!--  CONTENT ELEMENT, uid:5530\/text [end] --> \t\t<!--TYPO3SEARCH_end--> <\/div>\n","protected":false},"excerpt":{"rendered":"<p>Le groupe de travail \u00ab\u00a0Pr\u00e9servation num\u00e9rique\u00a0\u00bb se concentre sur la conservation \u00e0 long terme du patrimoine num\u00e9rique et sa documentation. \u00a0Le patrimoine num\u00e9rique se d\u00e9finit comme un ensemble d\u2019\u0153uvres issues d\u2019outils informatiques, directement produit sous un format digital ou digitalis\u00e9 par la suite. Il \u00e9mane de diff\u00e9rentes communaut\u00e9s, industries, secteurs ou r\u00e9gions et requiert des [&hellip;]<\/p>\n","protected":false},"author":1,"featured_media":0,"parent":687,"menu_order":4,"comment_status":"closed","ping_status":"closed","template":"","meta":{"footnotes":""},"yst_prominent_words":[],"acf":[],"_links":{"self":[{"href":"https:\/\/icom-documentation.mini.icom.museum\/fr\/wp-json\/wp\/v2\/pages\/900"}],"collection":[{"href":"https:\/\/icom-documentation.mini.icom.museum\/fr\/wp-json\/wp\/v2\/pages"}],"about":[{"href":"https:\/\/icom-documentation.mini.icom.museum\/fr\/wp-json\/wp\/v2\/types\/page"}],"author":[{"embeddable":true,"href":"https:\/\/icom-documentation.mini.icom.museum\/fr\/wp-json\/wp\/v2\/users\/1"}],"replies":[{"embeddable":true,"href":"https:\/\/icom-documentation.mini.icom.museum\/fr\/wp-json\/wp\/v2\/comments?post=900"}],"version-history":[{"count":1,"href":"https:\/\/icom-documentation.mini.icom.museum\/fr\/wp-json\/wp\/v2\/pages\/900\/revisions"}],"predecessor-version":[{"id":8850,"href":"https:\/\/icom-documentation.mini.icom.museum\/fr\/wp-json\/wp\/v2\/pages\/900\/revisions\/8850"}],"up":[{"embeddable":true,"href":"https:\/\/icom-documentation.mini.icom.museum\/fr\/wp-json\/wp\/v2\/pages\/687"}],"wp:attachment":[{"href":"https:\/\/icom-documentation.mini.icom.museum\/fr\/wp-json\/wp\/v2\/media?parent=900"}],"wp:term":[{"taxonomy":"yst_prominent_words","embeddable":true,"href":"https:\/\/icom-documentation.mini.icom.museum\/fr\/wp-json\/wp\/v2\/yst_prominent_words?post=900"}],"curies":[{"name":"wp","href":"https:\/\/api.w.org\/{rel}","templated":true}]}}