{"id":894,"date":"2018-12-28T10:26:29","date_gmt":"2018-12-28T10:26:29","guid":{"rendered":"http:\/\/cidoc.icom.cust.oxymium.net\/working-groups\/co-reference\/"},"modified":"2018-12-28T10:58:31","modified_gmt":"2018-12-28T10:58:31","slug":"co-reference","status":"publish","type":"page","link":"https:\/\/icom-documentation.mini.icom.museum\/fr\/groupes-travail\/co-reference\/","title":{"rendered":"Co-r\u00e9f\u00e9rence"},"content":{"rendered":"<div id=\"RTE_CONTENT\"> <!--TYPO3SEARCH_begin--> \t<!--  CONTENT ELEMENT, uid:5526\/text [begin] --> \t\t<\/p>\n<div id=\"c5526\"> \t\t<!--  Text: [begin] --> \t\t\t<\/p>\n<div id=\"content\">\n<p>Les acad\u00e9miques, les chercheurs, les conservateurs des mus\u00e9es et les biblioth\u00e9caires \u00e9tablissent des cor\u00e9f\u00e9rences dans le travail quotidien. Ce travail tr\u00e8s chronophage peut \u00eatre grandement facilit\u00e9 par le partage des connaissances. Ce genre de partage peut compl\u00e9ter l\u2019approche centralis\u00e9e normalement adopt\u00e9e par des syst\u00e8mes de biblioth\u00e8que num\u00e9riques. <\/p>\n<p>Le Groupe de travail CIDOC sur le cor\u00e9f\u00e9rencement \u00e9t\u00e9 fond\u00e9 pendant la conf\u00e9rence g\u00e9n\u00e9rale de l\u2019ICOM \u00e0 Vienne en septembre 2007. Le groupe utilise une liste de distribution \u00e9lectronique. Pour des renseignements compl\u00e9mentaires, veuillez contacter le pr\u00e9sident. <\/p>\n<p>L\u2019objectif du groupe est d\u2019effectuer des recherches concernant des possibilit\u00e9s d\u2019impl\u00e9mentation d\u2019un r\u00e9seau de cor\u00e9f\u00e9rencement pour des informations sur le patrimoine culturel et naturel. <\/p>\n<p><a href=\"http:\/\/network.icom.museum\/fileadmin\/user_upload\/minisiteshttp:\/\/cidoc.icom.cust.oxymium.net\/blog\/rupert-shepherd\/cidoc\/PDF\/Eide_coref_short.pdf\" title=\"Eide_coref_short.pdf (307 KB)\" target=\"_blank\">Une br\u00e8ve introduction au cor\u00e9f\u00e9rencement (PDF format)<\/a>. <\/p>\n<p> <a href=\"http:\/\/network.icom.museum\/fileadmin\/user_upload\/minisiteshttp:\/\/cidoc.icom.cust.oxymium.net\/blog\/rupert-shepherd\/cidoc\/PDF\/Eide_coref_short.pdf\" title=\"Eide_coref_short.pdf (307 KB)\" target=\"_blank\">Une introduction plus d\u00e9velopp\u00e9e au cor\u00e9f\u00e9rencement (PDF format)<\/a>.<\/p>\n<h2>R\u00e9unions<\/h2>\n<div id=\"meetings\">\n<p><a href=\"http:\/\/cidoc.icom.cust.oxymium.net\/fr\/working-groups\/co-reference\/reunions-2008\/\" title=\"Opens internal link in current window\">Les premi\u00e8res r\u00e9unions <\/a>ont eu lieu \u00e0 Ath\u00e8nes pendant la conf\u00e9rence g\u00e9n\u00e9rale de CIDOC en septembre 2008. <\/p>\n<hr>\n<p>Mika Nyman, Chair <\/p>\n<p><i> E-mail: mika.nyman@synapse-computing.com <br \/> Tel: +358-41-5499004 <br \/> Address: Synapse Computing Oy, Arabiankatu 2, 00560 Helsinki, Finland<\/i>  <\/p>\n<p> <i>\u00d8yvind Eide, Co-Chair <br \/> E-mail: oyvind.eide@edd.uio.no <br \/> Tel: +47 22 85 49 88 <br \/> Address: Unit for Digital Documentation, University of Oslo, Postboks 1123 Blindern, N-0317 Oslo, Norway<\/i> <\/p>\n<\/p><\/div>\n<\/p><\/div>\n<p> \t\t<!--  Text: [end] --> \t\t\t   \t<!--  \t\tBEGIN: Content of extension \"hpo_relatedlink\", plugin \"tx_hporelatedlink_pi1\"  \t--> \t<\/p>\n<div> \t\t \t<\/div>\n<p> \t \t<!-- END: Content of extension \"hpo_relatedlink\", plugin \"tx_hporelatedlink_pi1\" -->  \t<\/div>\n<p> \t<!--  CONTENT ELEMENT, uid:5526\/text [end] --> \t\t<!--TYPO3SEARCH_end--> <\/div>\n","protected":false},"excerpt":{"rendered":"<p>Les acad\u00e9miques, les chercheurs, les conservateurs des mus\u00e9es et les biblioth\u00e9caires \u00e9tablissent des cor\u00e9f\u00e9rences dans le travail quotidien. Ce travail tr\u00e8s chronophage peut \u00eatre grandement facilit\u00e9 par le partage des connaissances. Ce genre de partage peut compl\u00e9ter l\u2019approche centralis\u00e9e normalement adopt\u00e9e par des syst\u00e8mes de biblioth\u00e8que num\u00e9riques. Le Groupe de travail CIDOC sur le cor\u00e9f\u00e9rencement [&hellip;]<\/p>\n","protected":false},"author":1,"featured_media":0,"parent":687,"menu_order":2,"comment_status":"closed","ping_status":"closed","template":"","meta":{"footnotes":""},"yst_prominent_words":[],"acf":[],"_links":{"self":[{"href":"https:\/\/icom-documentation.mini.icom.museum\/fr\/wp-json\/wp\/v2\/pages\/894"}],"collection":[{"href":"https:\/\/icom-documentation.mini.icom.museum\/fr\/wp-json\/wp\/v2\/pages"}],"about":[{"href":"https:\/\/icom-documentation.mini.icom.museum\/fr\/wp-json\/wp\/v2\/types\/page"}],"author":[{"embeddable":true,"href":"https:\/\/icom-documentation.mini.icom.museum\/fr\/wp-json\/wp\/v2\/users\/1"}],"replies":[{"embeddable":true,"href":"https:\/\/icom-documentation.mini.icom.museum\/fr\/wp-json\/wp\/v2\/comments?post=894"}],"version-history":[{"count":1,"href":"https:\/\/icom-documentation.mini.icom.museum\/fr\/wp-json\/wp\/v2\/pages\/894\/revisions"}],"predecessor-version":[{"id":8852,"href":"https:\/\/icom-documentation.mini.icom.museum\/fr\/wp-json\/wp\/v2\/pages\/894\/revisions\/8852"}],"up":[{"embeddable":true,"href":"https:\/\/icom-documentation.mini.icom.museum\/fr\/wp-json\/wp\/v2\/pages\/687"}],"wp:attachment":[{"href":"https:\/\/icom-documentation.mini.icom.museum\/fr\/wp-json\/wp\/v2\/media?parent=894"}],"wp:term":[{"taxonomy":"yst_prominent_words","embeddable":true,"href":"https:\/\/icom-documentation.mini.icom.museum\/fr\/wp-json\/wp\/v2\/yst_prominent_words?post=894"}],"curies":[{"name":"wp","href":"https:\/\/api.w.org\/{rel}","templated":true}]}}