{"id":882,"date":"2018-12-28T10:26:23","date_gmt":"2018-12-28T10:26:23","guid":{"rendered":"http:\/\/cidoc.icom.cust.oxymium.net\/working-groups\/sites-archeologiques\/"},"modified":"2018-12-28T10:58:32","modified_gmt":"2018-12-28T10:58:32","slug":"sites-archeologiques","status":"publish","type":"page","link":"https:\/\/icom-documentation.mini.icom.museum\/fr\/groupes-travail\/sites-archeologiques\/","title":{"rendered":"Sites arch\u00e9ologiques"},"content":{"rendered":"<div id=\"RTE_CONTENT\"> <!--TYPO3SEARCH_begin--> \t<!--  CONTENT ELEMENT, uid:4921\/text [begin] --> \t\t<\/p>\n<div id=\"c4921\"> \t\t<!--  Text: [begin] --> \t\t\t<\/p>\n<h3><span><span>Objectifs G\u00e9n\u00e9raux<\/span><\/span><\/h3>\n<h3>\u00a0<\/h3>\n<p>Il a \u00e9t\u00e9 convenu en 1992 que le travail de documentation du Groupe de travail des sites arch\u00e9ologiques seraient dirig\u00e9es vers les objectifs suivants:<\/p>\n<p>Faciliter les communications entre les organismes nationaux et internationaux charg\u00e9s de l&#8217;enregistrement et de la protection du patrimoine arch\u00e9ologique.<\/p>\n<p>Aider les pays en voie de d\u00e9veloppement des syst\u00e8mes d&#8217;enregistrement pour la protection du patrimoine arch\u00e9ologique.<\/p>\n<p>Faciliter la recherche qui utilise les donn\u00e9es des site arch\u00e9ologiques lorsqu&#8217;il y a une dimension internationale. <\/p>\n<p>\u00a0<\/p>\n<h3><span><span>Histoire<\/span><\/span><\/h3>\n<h3>\u00a0<\/h3>\n<p>Le Groupe de travail sur des sites arch\u00e9ologiques a \u00e9t\u00e9 form\u00e9 en 1992 avec le but de cr\u00e9er une norme internationale pour les inventaires des sites arch\u00e9ologiques, \u00e9quivalent au 1993 <a href=\"http:\/\/archives.icom.museum\/object-id\/heritage\/core.html\" title=\"Ouvre un lien externe dans une nouvelle fen\u00eatre\" target=\"_blank\">Core                      Data Index to Historic Buildings and Monuments of the Architectural                      Heritage<\/a>.<\/p>\n<p>De plus, le groupe assume deux autres t\u00e2ches :<\/p>\n<p>La pr\u00e9paration d&#8217;un r\u00e9pertoire des registres arch\u00e9ologiques nationales (les registres r\u00e9gionales seraient incorpor\u00e9s dans l&#8217;absence d&#8217;un record national), \u00e0 entreprendre d&#8217;abord pour l&#8217;Europe et pour l&#8217;Am\u00e9rique du Nord.<\/p>\n<p>L&#8217;\u00e9laboration d&#8217;un glossaire multilingue pour certains domaines cl\u00e9s du vocabulaire contr\u00f4l\u00e9 du noyau des normes de donn\u00e9es. La premi\u00e8re \u00e9tape de ce projet sera la collecte d&#8217;informations sur les glossaires et des th\u00e9saurus  existants.<\/p>\n<div id=\"gt-res-content\"><\/div>\n<p> \t\t<!--  Text: [end] --> \t\t\t   \t<!--  \t\tBEGIN: Content of extension \"hpo_relatedlink\", plugin \"tx_hporelatedlink_pi1\"  \t--> \t<\/p>\n<div> \t\t \t<\/div>\n<p> \t \t<!-- END: Content of extension \"hpo_relatedlink\", plugin \"tx_hporelatedlink_pi1\" -->  \t<\/div>\n<p> \t<!--  CONTENT ELEMENT, uid:4921\/text [end] --> \t\t<!--TYPO3SEARCH_end--> <\/div>\n","protected":false},"excerpt":{"rendered":"<p>Objectifs G\u00e9n\u00e9raux \u00a0 Il a \u00e9t\u00e9 convenu en 1992 que le travail de documentation du Groupe de travail des sites arch\u00e9ologiques seraient dirig\u00e9es vers les objectifs suivants: Faciliter les communications entre les organismes nationaux et internationaux charg\u00e9s de l&#8217;enregistrement et de la protection du patrimoine arch\u00e9ologique. Aider les pays en voie de d\u00e9veloppement des syst\u00e8mes [&hellip;]<\/p>\n","protected":false},"author":1,"featured_media":0,"parent":687,"menu_order":1,"comment_status":"closed","ping_status":"closed","template":"","meta":{"footnotes":""},"yst_prominent_words":[],"acf":[],"_links":{"self":[{"href":"https:\/\/icom-documentation.mini.icom.museum\/fr\/wp-json\/wp\/v2\/pages\/882"}],"collection":[{"href":"https:\/\/icom-documentation.mini.icom.museum\/fr\/wp-json\/wp\/v2\/pages"}],"about":[{"href":"https:\/\/icom-documentation.mini.icom.museum\/fr\/wp-json\/wp\/v2\/types\/page"}],"author":[{"embeddable":true,"href":"https:\/\/icom-documentation.mini.icom.museum\/fr\/wp-json\/wp\/v2\/users\/1"}],"replies":[{"embeddable":true,"href":"https:\/\/icom-documentation.mini.icom.museum\/fr\/wp-json\/wp\/v2\/comments?post=882"}],"version-history":[{"count":1,"href":"https:\/\/icom-documentation.mini.icom.museum\/fr\/wp-json\/wp\/v2\/pages\/882\/revisions"}],"predecessor-version":[{"id":8853,"href":"https:\/\/icom-documentation.mini.icom.museum\/fr\/wp-json\/wp\/v2\/pages\/882\/revisions\/8853"}],"up":[{"embeddable":true,"href":"https:\/\/icom-documentation.mini.icom.museum\/fr\/wp-json\/wp\/v2\/pages\/687"}],"wp:attachment":[{"href":"https:\/\/icom-documentation.mini.icom.museum\/fr\/wp-json\/wp\/v2\/media?parent=882"}],"wp:term":[{"taxonomy":"yst_prominent_words","embeddable":true,"href":"https:\/\/icom-documentation.mini.icom.museum\/fr\/wp-json\/wp\/v2\/yst_prominent_words?post=882"}],"curies":[{"name":"wp","href":"https:\/\/api.w.org\/{rel}","templated":true}]}}