{"id":879,"date":"2018-12-28T10:26:20","date_gmt":"2018-12-28T10:26:20","guid":{"rendered":"http:\/\/cidoc.icom.cust.oxymium.net\/working-groups\/apercu\/"},"modified":"2020-03-03T12:36:40","modified_gmt":"2020-03-03T12:36:40","slug":"apercu","status":"publish","type":"page","link":"https:\/\/icom-documentation.mini.icom.museum\/fr\/groupes-travail\/apercu\/","title":{"rendered":"APERCU"},"content":{"rendered":"<div id=\"RTE_CONTENT\">\n<p><!--TYPO3SEARCH_begin--> <!-- CONTENT ELEMENT, uid:4917\/text [begin] --><\/p>\n<div id=\"c4917\">\n<p><!-- Text: [begin] --><\/p>\n<p>Le CIDOC comprend plusieurs groupes de travail qui ont chacun leur mission. Ils se r\u00e9unissent g\u00e9n\u00e9ralement lors de la conf\u00e9rence annuelle du CIDOC, afin de discuter des questions qui sont de leur ressort et de rencontrer les autres groupes.<\/p>\n<p>Depuis la cr\u00e9ation du CIDOC en 1950, il y a eu une trentaine de diff\u00e9rents groupes de travail. Certains d&#8217;entre eux ont \u00e9t\u00e9 plus actifs que d&#8217;autres, et certains, en particulier ceux qui sont consacr\u00e9s \u00e0 des th\u00e8mes sp\u00e9cifiques, limit\u00e9s dans le temps, ont une vie \u00e9ph\u00e9m\u00e8re.<\/p>\n<p>Des membres du CIDOC peuvent prendre l&#8217;initiative de cr\u00e9er un nouveau groupe de travail. Ils soumettent alors la proposition \u00e0 l&#8217;Assembl\u00e9e g\u00e9n\u00e9rale annuelle du CIDOC.<\/p>\n<p>Le panneau de navigation sur la gauche donne la liste des pages consacr\u00e9es \u00e0 chaque groupe de travail actuellement actif. Vous y trouverez de br\u00e8ves pr\u00e9sentations et quelques informations sur les projets en cours de chaque groupe de travail.<\/p>\n<p>Les groupes de travail sont ouverts \u00e0 tous les membres du CIDOC, et nous vous invitons \u00e0 y participer. N&#8217;h\u00e9sitez pas contacter les pr\u00e9sidents des groupes de travail pour plus d&#8217;informations.<\/p>\n<p><!-- Text: [end] --> <!-- BEGIN: Content of extension \"hpo_relatedlink\", plugin \"tx_hporelatedlink_pi1\" --><\/p>\n<div>\n<ul>\n<li><b>Sites arch\u00e9ologiques<\/b><br \/>\nStephen Stead, UK, steads[at]paveprime.com<\/li>\n<li><b>Co-r\u00e9f\u00e9rence<\/b><br \/>\nMika Nyman, Finland, mika.nyman[at]synapse-computing.com<\/li>\n<li><b>Groupe d\u2018int\u00e9r\u00eat sp\u00e9cifique sur le mod\u00e8le conceptuel de r\u00e9f\u00e9rence <\/b><br \/>\nMartin Doerr, Greece, martin[at]ics.forth.gr<\/li>\n<li><b>Pr\u00e9servation num\u00e9rique<\/b><br \/>\nSusanne Nickel, Sweden, susanne.nickel[at]eskilstuna.se<\/li>\n<li><b>D\u00e9veloppement de strat\u00e9gie num\u00e9rique<br \/>\n<\/b>Jan Behrendt, Germany, wg-dsd[at]jan-behrendt.de<\/li>\n<li><b>Normes documentaires<\/b><br \/>\nJonathan Whitson Cloud, UK, jwhitsoncloud[at]gmail.com<\/li>\n<li><strong>Documentation d&#8217;exposition et de repr\u00e9sentation<\/strong><br \/>\nGabriel Moore Forell\u00a0Bevilacqua, Brazil, gabrielmoore[at]gmail.com<\/li>\n<li><b>Centres dinformation<\/b><br \/>\nMonika Hagedorn-Saupe, Germany, m.hagedorn[at]smb.spk-berlin.de<\/li>\n<li><strong>Patrimoine culturel immat\u00e9riel<\/strong><br \/>\nManvi Seth, India, sharma.manvi[at]gmail.com<\/li>\n<li><b>LIDO<\/b><br \/>\nRegine Stein, Germany, r.stein[at]fotomarburg.de<\/li>\n<li><strong>Linkedart<br \/>\n<\/strong>Robert Sanderson, USA<\/li>\n<li><b>Implementation des Processus Museaux<\/b><br \/>\nWalther Koch, Austria, walter.koch[at]stw.de<\/li>\n<li><b>Environnements de recherche s\u00e9mantique<\/b><br \/>\nMark Fichtner , Germany, m.fichtner[at]gnm.de<\/li>\n<\/ul>\n<div class=\"QmZWSe\"><\/div>\n<pre id=\"tw-target-text\" class=\"tw-data-text tw-text-large tw-ta\"><span lang=\"fr\">\u00a0<\/span><\/pre>\n<\/div>\n<p><!-- END: Content of extension \"hpo_relatedlink\", plugin \"tx_hporelatedlink_pi1\" --><\/p>\n<\/div>\n<p><!-- CONTENT ELEMENT, uid:4917\/text [end] --> <!--TYPO3SEARCH_end--><\/p>\n<\/div>\n","protected":false},"excerpt":{"rendered":"<p>Le CIDOC comprend plusieurs groupes de travail qui ont chacun leur mission. Ils se r\u00e9unissent g\u00e9n\u00e9ralement lors de la conf\u00e9rence annuelle du CIDOC, afin de discuter des questions qui sont de leur ressort et de rencontrer les autres groupes. Depuis la cr\u00e9ation du CIDOC en 1950, il y a eu une trentaine de diff\u00e9rents groupes [&hellip;]<\/p>\n","protected":false},"author":1,"featured_media":0,"parent":687,"menu_order":1,"comment_status":"closed","ping_status":"closed","template":"","meta":{"footnotes":""},"yst_prominent_words":[1158,1151,1161,1153,1148,145,1147,67,1150,1177,1157,1149,1179,1156,1146,89,1160,1152,1159,1178],"acf":[],"_links":{"self":[{"href":"https:\/\/icom-documentation.mini.icom.museum\/fr\/wp-json\/wp\/v2\/pages\/879"}],"collection":[{"href":"https:\/\/icom-documentation.mini.icom.museum\/fr\/wp-json\/wp\/v2\/pages"}],"about":[{"href":"https:\/\/icom-documentation.mini.icom.museum\/fr\/wp-json\/wp\/v2\/types\/page"}],"author":[{"embeddable":true,"href":"https:\/\/icom-documentation.mini.icom.museum\/fr\/wp-json\/wp\/v2\/users\/1"}],"replies":[{"embeddable":true,"href":"https:\/\/icom-documentation.mini.icom.museum\/fr\/wp-json\/wp\/v2\/comments?post=879"}],"version-history":[{"count":4,"href":"https:\/\/icom-documentation.mini.icom.museum\/fr\/wp-json\/wp\/v2\/pages\/879\/revisions"}],"predecessor-version":[{"id":9550,"href":"https:\/\/icom-documentation.mini.icom.museum\/fr\/wp-json\/wp\/v2\/pages\/879\/revisions\/9550"}],"up":[{"embeddable":true,"href":"https:\/\/icom-documentation.mini.icom.museum\/fr\/wp-json\/wp\/v2\/pages\/687"}],"wp:attachment":[{"href":"https:\/\/icom-documentation.mini.icom.museum\/fr\/wp-json\/wp\/v2\/media?parent=879"}],"wp:term":[{"taxonomy":"yst_prominent_words","embeddable":true,"href":"https:\/\/icom-documentation.mini.icom.museum\/fr\/wp-json\/wp\/v2\/yst_prominent_words?post=879"}],"curies":[{"name":"wp","href":"https:\/\/api.w.org\/{rel}","templated":true}]}}