{"id":711,"date":"2018-12-28T10:25:48","date_gmt":"2018-12-28T10:25:48","guid":{"rendered":"http:\/\/cidoc.icom.cust.oxymium.net\/organisation\/adhesions\/"},"modified":"2020-11-02T14:04:47","modified_gmt":"2020-11-02T14:04:47","slug":"adhesions","status":"publish","type":"page","link":"https:\/\/icom-documentation.mini.icom.museum\/fr\/organisation\/adhesions\/","title":{"rendered":"Adh\u00e9sions"},"content":{"rendered":"<div id=\"RTE_CONTENT\">\n<p><!--TYPO3SEARCH_begin--> <!-- CONTENT ELEMENT, uid:4404\/text [begin] --><\/p>\n<div id=\"c4404\">\n<p><!-- Text: [begin] --><\/p>\n<p>Si vous n\u2019\u00eates pas d\u00e9j\u00e0 un membre, CIDOC serait heureux de vous accueillir et de votre participation. Etre membre de CIDOC est gratuit, mais vous devez \u00eatre membre de l\u2019<a title=\"Ouvre un lien externe dans une nouvelle fen\u00eatre\" href=\"http:\/\/icom.museum\/L\/2.html\" target=\"_blank\" rel=\"noopener\">ICOM<\/a>. En g\u00e9n\u00e9ral, votre inscription passe par le comit\u00e9 national de votre pays.<\/p>\n<p>Une fois devenu membre de l\u2019ICOM il faut simplement informer ICOM que vous souhaitiez devenir membre de CIDOC.<\/p>\n<p>Vous avez la possibilit\u00e9 d\u2019\u00eatre membre votant d\u2019un seul comit\u00e9 international de l\u2019ICOM. Si vous optiez pour CIDOC il faut en informer le secr\u00e9tariat de l\u2019ICOM gr\u00e2ce au <a title=\"Opens external link in new window\" href=\"https:\/\/icom.museum\/en\/get-involved\/become-an-ic-member\/\" target=\"_blank\" rel=\"noopener\">formulaire d\u2019inscription<\/a> qui peut \u00eatre t\u00e9l\u00e9charg\u00e9 depuis le site web de l\u2019ICOM.<\/p>\n<p>Si vous \u00eates d\u00e9j\u00e0 membre de l\u2019ICOM, mais n\u2019\u00eates pas s\u00fbr(e) \u00e0 quel comit\u00e9 international vous \u00eates affili\u00e9(e), vous pouvez lire et \u00e9diter les d\u00e9tails de votre profil dans le <a href=\"https:\/\/icom-museum.force.com\/login\" target=\"_blank\" rel=\"noopener\">portail des membres de l\u2019ICOM<\/a>.<\/p>\n<p><!-- Text: [end] --> <!-- BEGIN: Content of extension \"hpo_relatedlink\", plugin \"tx_hporelatedlink_pi1\" --><\/p>\n<div><\/div>\n<p><!-- END: Content of extension \"hpo_relatedlink\", plugin \"tx_hporelatedlink_pi1\" --><\/p>\n<\/div>\n<p><!-- CONTENT ELEMENT, uid:4404\/text [end] --> <!-- CONTENT ELEMENT, uid:19032\/text [begin] --><\/p>\n<div id=\"c19032\">\n<p><!-- Header: [begin] --><\/p>\n<h2>Autres mani\u00e8res de participer<\/h2>\n<p><!-- Header: [end] --> <!-- Text: [begin] --><\/p>\n<p>&#8211; Participez \u00e0\u00a0<a title=\"Opens external link in new window\" href=\"http:\/\/cidoc.icom.cust.oxymium.net\/fr\/events\/prochaine-conference\/\" target=\"_blank\" rel=\"noopener\">la prochaine conf\u00e9rence du CIDOC\u00a0<\/a>(prix d\u2019inscription major\u00e9 pour non-membres)<\/p>\n<p>&#8211; Contribuez \u00e0 l\u2019<a title=\"Opens external link in new window\" href=\"http:\/\/cidoc-dswg.org\/wiki\/HomePage\" target=\"_blank\" rel=\"noopener\">Encyclopaedia of Museum Practice<\/a><\/p>\n<p>&#8211; Contactez-nous ou interagissez avec nous via les r\u00e9seaux sociaux\u00a0:<\/p>\n<ul>\n<li>Facebook\u00a0:\u00a0<a title=\"Opens external link in new window\" href=\"https:\/\/twitter.com\/icomCIDOC\" target=\"_blank\" rel=\"noopener\">icom.cidoc<\/a><\/li>\n<li>Twitter\u00a0:\u00a0<a title=\"Opens external link in new window\" href=\"https:\/\/twitter.com\/icomCIDOC\" target=\"_blank\" rel=\"noopener\">@icomCIDOC<\/a><\/li>\n<li>Linkedin\u00a0:\u00a0<a title=\"Opens external link in new window\" href=\"https:\/\/www.linkedin.com\/groups\/811107\" target=\"_blank\" rel=\"noopener\">CIDOC group<\/a><\/li>\n<\/ul>\n<p><!-- Text: [end] --> <!-- BEGIN: Content of extension \"hpo_relatedlink\", plugin \"tx_hporelatedlink_pi1\" --><\/p>\n<div><\/div>\n<p><!-- END: Content of extension \"hpo_relatedlink\", plugin \"tx_hporelatedlink_pi1\" --><\/p>\n<\/div>\n<p><!-- CONTENT ELEMENT, uid:19032\/text [end] --> <!--TYPO3SEARCH_end--><\/p>\n<\/div>\n","protected":false},"excerpt":{"rendered":"<p>Si vous n\u2019\u00eates pas d\u00e9j\u00e0 un membre, CIDOC serait heureux de vous accueillir et de votre participation. Etre membre de CIDOC est gratuit, mais vous devez \u00eatre membre de l\u2019ICOM. En g\u00e9n\u00e9ral, votre inscription passe par le comit\u00e9 national de votre pays. Une fois devenu membre de l\u2019ICOM il faut simplement informer ICOM que vous [&hellip;]<\/p>\n","protected":false},"author":1,"featured_media":0,"parent":684,"menu_order":1,"comment_status":"closed","ping_status":"closed","template":"","meta":{"footnotes":""},"yst_prominent_words":[145,181,1700,151,1646,35,81,1699,1703,152,1702,1695,1696,1697,1698,1705,1571,1704,91,1701],"acf":[],"_links":{"self":[{"href":"https:\/\/icom-documentation.mini.icom.museum\/fr\/wp-json\/wp\/v2\/pages\/711"}],"collection":[{"href":"https:\/\/icom-documentation.mini.icom.museum\/fr\/wp-json\/wp\/v2\/pages"}],"about":[{"href":"https:\/\/icom-documentation.mini.icom.museum\/fr\/wp-json\/wp\/v2\/types\/page"}],"author":[{"embeddable":true,"href":"https:\/\/icom-documentation.mini.icom.museum\/fr\/wp-json\/wp\/v2\/users\/1"}],"replies":[{"embeddable":true,"href":"https:\/\/icom-documentation.mini.icom.museum\/fr\/wp-json\/wp\/v2\/comments?post=711"}],"version-history":[{"count":2,"href":"https:\/\/icom-documentation.mini.icom.museum\/fr\/wp-json\/wp\/v2\/pages\/711\/revisions"}],"predecessor-version":[{"id":9905,"href":"https:\/\/icom-documentation.mini.icom.museum\/fr\/wp-json\/wp\/v2\/pages\/711\/revisions\/9905"}],"up":[{"embeddable":true,"href":"https:\/\/icom-documentation.mini.icom.museum\/fr\/wp-json\/wp\/v2\/pages\/684"}],"wp:attachment":[{"href":"https:\/\/icom-documentation.mini.icom.museum\/fr\/wp-json\/wp\/v2\/media?parent=711"}],"wp:term":[{"taxonomy":"yst_prominent_words","embeddable":true,"href":"https:\/\/icom-documentation.mini.icom.museum\/fr\/wp-json\/wp\/v2\/yst_prominent_words?post=711"}],"curies":[{"name":"wp","href":"https:\/\/api.w.org\/{rel}","templated":true}]}}