{"id":708,"date":"2018-12-28T10:25:44","date_gmt":"2018-12-28T10:25:44","guid":{"rendered":"http:\/\/cidoc.icom.cust.oxymium.net\/organisation\/qui-sommes-nous\/"},"modified":"2025-12-16T08:04:25","modified_gmt":"2025-12-16T08:04:25","slug":"who-we-are","status":"publish","type":"page","link":"https:\/\/icom-documentation.mini.icom.museum\/fr\/organisation\/who-we-are\/","title":{"rendered":"Qui sommes-nous ?"},"content":{"rendered":"<h3>Au service de la documentation mus\u00e9ale<\/h3>\n<p>La documentation est un aspect indispensable de toutes les activit\u00e9s du mus\u00e9e. Une collection sans documentation ad\u00e9quate n\u2019est pas vraiment une \u00abcollection de mus\u00e9e\u00bb.<br \/>\nLe Comit\u00e9 International pour la Documentation de l\u2019<a href=\"http:\/\/icom.museum\/\">ICOM<\/a>, offre des conseils concernant les meilleures pratiques et les nouveaut\u00e9s dans le domaine de la documentation mus\u00e9ale.<br \/>\nDocumentation est l\u2019un des trente comit\u00e9s internationaux de l\u2019ICOM. Nous sommes l&#8217;un des 35 comit\u00e9s internationaux de l&#8217;ICOM agissant en tant que laboratoires d&#8217;id\u00e9es, sp\u00e9cialis\u00e9s dans un domaine particulier et conseillant l&#8217;ICOM.<\/p>\n<h3>R\u00e8glement int\u00e9rieur<\/h3>\n<p>Lors de la 26e Assembl\u00e9e g\u00e9n\u00e9rale extraordinaire de 2023, l&#8217;ICOM a approuv\u00e9 la modification de ses statuts. Depuis, tous les Comit\u00e9s Internationaux (CI) ont la responsabilit\u00e9 d\u2019adopter, de r\u00e9viser et d\u2019harmoniser leurs r\u00e8glements int\u00e9rieurs afin de les rendre plus transparents et repr\u00e9sentatifs des pratiques actuelles de l\u2019ICOM.<br \/>\nSuite \u00e0 la mise \u00e0 jour des statuts de l&#8217;ICOM, ICOM Documentation a actualis\u00e9 son r\u00e8glement int\u00e9rieur, lequel a \u00e9t\u00e9 approuv\u00e9 par nos membres lors de l&#8217;Assembl\u00e9e g\u00e9n\u00e9rale annuelle de 2025. Cette mise \u00e0 jour a permis de r\u00e9soudre des redondances, d\u2019am\u00e9liorer la clart\u00e9 et d\u2019ajouter des r\u00e9f\u00e9rences documentaires dans les proc\u00e9dures du comit\u00e9, comme par exemple l\u2019obligation pour les groupes de travail de pr\u00e9senter un plan d\u2019action.<\/p>\n<p><a href=\"https:\/\/icom-documentation.mini.icom.museum\/wp-content\/uploads\/sites\/87\/2025\/12\/20251211_APPROVED_DOCUMENTATION_By-laws_2025_FR_docx.pdf\">R\u00e8glement int\u00e9rieur du Documentation<\/a><\/p>\n<p><a href=\"https:\/\/icom-documentation.mini.icom.museum\/wp-content\/uploads\/sites\/87\/2025\/12\/CIDOC-Strategy-2023-2025-FINAL.pdf\">Strat\u00e9gie du Documentation (2023-2025)<\/a><\/p>\n","protected":false},"excerpt":{"rendered":"<p>Au service de la documentation mus\u00e9ale La documentation est un aspect indispensable de toutes les activit\u00e9s du mus\u00e9e. Une collection sans documentation ad\u00e9quate n\u2019est pas vraiment une \u00abcollection de mus\u00e9e\u00bb. Le Comit\u00e9 International pour la Documentation de l\u2019ICOM, offre des conseils concernant les meilleures pratiques et les nouveaut\u00e9s dans le domaine de la documentation mus\u00e9ale. [&hellip;]<\/p>\n","protected":false},"author":1,"featured_media":0,"parent":684,"menu_order":0,"comment_status":"closed","ping_status":"closed","template":"","meta":{"footnotes":""},"yst_prominent_words":[35,84,256,255,259,258,257,2326,260],"acf":[],"_links":{"self":[{"href":"https:\/\/icom-documentation.mini.icom.museum\/fr\/wp-json\/wp\/v2\/pages\/708"}],"collection":[{"href":"https:\/\/icom-documentation.mini.icom.museum\/fr\/wp-json\/wp\/v2\/pages"}],"about":[{"href":"https:\/\/icom-documentation.mini.icom.museum\/fr\/wp-json\/wp\/v2\/types\/page"}],"author":[{"embeddable":true,"href":"https:\/\/icom-documentation.mini.icom.museum\/fr\/wp-json\/wp\/v2\/users\/1"}],"replies":[{"embeddable":true,"href":"https:\/\/icom-documentation.mini.icom.museum\/fr\/wp-json\/wp\/v2\/comments?post=708"}],"version-history":[{"count":11,"href":"https:\/\/icom-documentation.mini.icom.museum\/fr\/wp-json\/wp\/v2\/pages\/708\/revisions"}],"predecessor-version":[{"id":13063,"href":"https:\/\/icom-documentation.mini.icom.museum\/fr\/wp-json\/wp\/v2\/pages\/708\/revisions\/13063"}],"up":[{"embeddable":true,"href":"https:\/\/icom-documentation.mini.icom.museum\/fr\/wp-json\/wp\/v2\/pages\/684"}],"wp:attachment":[{"href":"https:\/\/icom-documentation.mini.icom.museum\/fr\/wp-json\/wp\/v2\/media?parent=708"}],"wp:term":[{"taxonomy":"yst_prominent_words","embeddable":true,"href":"https:\/\/icom-documentation.mini.icom.museum\/fr\/wp-json\/wp\/v2\/yst_prominent_words?post=708"}],"curies":[{"name":"wp","href":"https:\/\/api.w.org\/{rel}","templated":true}]}}