{"id":687,"date":"2018-12-28T10:25:38","date_gmt":"2018-12-28T10:25:38","guid":{"rendered":"http:\/\/cidoc.icom.cust.oxymium.net\/working-groups\/"},"modified":"2025-12-09T11:22:57","modified_gmt":"2025-12-09T11:22:57","slug":"groupes-travail","status":"publish","type":"page","link":"https:\/\/icom-documentation.mini.icom.museum\/fr\/groupes-travail\/","title":{"rendered":"Groupes Travail"},"content":{"rendered":"<p>Cette page recense la liste des Groupes de Travail, qu&#8217;ils soient actifs ou archiv\u00e9s.<\/p>\n<p><a href=\"https:\/\/icom-documentation.mini.icom.museum\/working-groups\/archaeological-sites-working-group-aswg\/\">Sites arch\u00e9ologiques<\/a><br \/>\n<a href=\"https:\/\/icom-documentation.mini.icom.museum\/working-groups\/crm-special-interest-group\/\">Groupe d\u2019int\u00e9r\u00eat sp\u00e9cial CRM<\/a><br \/>\n<a href=\"https:\/\/icom-documentation.mini.icom.museum\/working-groups\/documentation-standards\/\">Normes de documentation<\/a><br \/>\n<a href=\"https:\/\/icom-documentation.mini.icom.museum\/working-groups\/domino\/\">DOMINO (Groupe de travail Documentando Museu IberomericaNO)<\/a><br \/>\n<a href=\"https:\/\/icom-documentation.mini.icom.museum\/working-groups\/exhibition-and-performance-documentation\/\">Documentation d\u2019expositions et de performances<\/a><br \/>\n<a href=\"https:\/\/icom-documentation.mini.icom.museum\/working-groups\/information-centres\/\">Centres d\u2019information<\/a><br \/>\n<a href=\"https:\/\/icom-documentation.mini.icom.museum\/working-groups\/intangible-cultural-heritage\/\">Patrimoine immat\u00e9riel<\/a><br \/>\n<a href=\"https:\/\/icom-documentation.mini.icom.museum\/working-groups\/lido\/\">LIDO (Data Harvesting and Interchange Working Group)<\/a><br \/>\n<a href=\"https:\/\/icom-documentation.mini.icom.museum\/working-groups\/museum-process-implementation\/\">IPM \u2013 Impl\u00e9mentation des Processus Mus\u00e9aux<\/a><br \/>\n<a href=\"https:\/\/icom-documentation.mini.icom.museum\/working-groups\/semantic-research-environments\/\">Approches transdisciplinaires \u00e0 la documentation<\/a><\/p>\n<h3>Cl\u00f4tur\u00e9<\/h3>\n<p><a href=\"https:\/\/icom-documentation.mini.icom.museum\/working-groups\/linked-art\/\">Linked art<\/a><br \/>\n<a href=\"https:\/\/icom-documentation.mini.icom.museum\/working-groups\/digital-strategy-development\/\">Groupe de travail sur le d\u00e9veloppement de strat\u00e9gies num\u00e9riques<\/a><br \/>\n<a href=\"https:\/\/icom-documentation.mini.icom.museum\/working-groups\/co-reference\/\">Co-r\u00e9f\u00e9rence<\/a><br \/>\n<a href=\"https:\/\/icom-documentation.mini.icom.museum\/working-groups\/digital-preservation\/\">La pr\u00e9servation num\u00e9rique<\/a><\/p>\n","protected":false},"excerpt":{"rendered":"<p>Cette page recense la liste des Groupes de Travail, qu&#8217;ils soient actifs ou archiv\u00e9s. Sites arch\u00e9ologiques Groupe d\u2019int\u00e9r\u00eat sp\u00e9cial CRM Normes de documentation DOMINO (Groupe de travail Documentando Museu IberomericaNO) Documentation d\u2019expositions et de performances Centres d\u2019information Patrimoine immat\u00e9riel LIDO (Data Harvesting and Interchange Working Group) IPM \u2013 Impl\u00e9mentation des Processus Mus\u00e9aux Approches transdisciplinaires \u00e0 [&hellip;]<\/p>\n","protected":false},"author":1,"featured_media":0,"parent":0,"menu_order":2,"comment_status":"closed","ping_status":"closed","template":"","meta":{"footnotes":""},"yst_prominent_words":[151,1147,67,141,1157,1149,89,1178],"acf":[],"_links":{"self":[{"href":"https:\/\/icom-documentation.mini.icom.museum\/fr\/wp-json\/wp\/v2\/pages\/687"}],"collection":[{"href":"https:\/\/icom-documentation.mini.icom.museum\/fr\/wp-json\/wp\/v2\/pages"}],"about":[{"href":"https:\/\/icom-documentation.mini.icom.museum\/fr\/wp-json\/wp\/v2\/types\/page"}],"author":[{"embeddable":true,"href":"https:\/\/icom-documentation.mini.icom.museum\/fr\/wp-json\/wp\/v2\/users\/1"}],"replies":[{"embeddable":true,"href":"https:\/\/icom-documentation.mini.icom.museum\/fr\/wp-json\/wp\/v2\/comments?post=687"}],"version-history":[{"count":5,"href":"https:\/\/icom-documentation.mini.icom.museum\/fr\/wp-json\/wp\/v2\/pages\/687\/revisions"}],"predecessor-version":[{"id":12961,"href":"https:\/\/icom-documentation.mini.icom.museum\/fr\/wp-json\/wp\/v2\/pages\/687\/revisions\/12961"}],"wp:attachment":[{"href":"https:\/\/icom-documentation.mini.icom.museum\/fr\/wp-json\/wp\/v2\/media?parent=687"}],"wp:term":[{"taxonomy":"yst_prominent_words","embeddable":true,"href":"https:\/\/icom-documentation.mini.icom.museum\/fr\/wp-json\/wp\/v2\/yst_prominent_words?post=687"}],"curies":[{"name":"wp","href":"https:\/\/api.w.org\/{rel}","templated":true}]}}