{"id":4910,"date":"2018-12-28T10:47:40","date_gmt":"2018-12-28T10:47:40","guid":{"rendered":"http:\/\/cidoc.icom.cust.oxymium.net\/archive\/archives\/2009-santiago-de-chile\/"},"modified":"2018-12-28T10:58:12","modified_gmt":"2018-12-28T10:58:12","slug":"2009-santiago-de-chile","status":"publish","type":"page","link":"https:\/\/icom-documentation.mini.icom.museum\/fr\/archives\/conferences_passees\/2009-santiago-de-chile\/","title":{"rendered":"2009 Santiago de Chile"},"content":{"rendered":"<div id=\"RTE_CONTENT\"> <!--TYPO3SEARCH_begin--> \t<!--  CONTENT ELEMENT, uid:5537\/text [begin] --> \t\t<\/p>\n<div id=\"c5537\"> \t\t<!--  Text: [begin] --> \t\t\t<\/p>\n<h2>Documentation in the XXI Century: connecting cultural heritage information<\/h2>\n<p>The CIDOC 2009 meeting took place on September 27th &#8211; October 1st  2009 inSantiago de Chile, Chile, South America. The venue was Centro  Patrimonial Recoleta Dom\u00ednica.\u00a0The\u00a0local organiser was \u00a0Centro de  Documentaci\u00f3n de Bienes Patrimoniales, Subdirecci\u00f3n de Museos, Archivos y  Bibliotecas, Direcci\u00f3n de Bibliotecas, Archivos y Museos <\/p>\n<p>There were two worskhops on Sunday 27th September, and the main  conference ran from Monday 28th September to Wednesday 30th September  with \u00a0a post conference excursion on Thursday 1st October. <\/p>\n<p>The conference was supported by a generous grant from the Getty  Foundation to support participation from Africa, Asia, Eastern Europe,  Pacifics and Latin-America. Participants from more than 40 countries  attended the conference. <\/p>\n<p>The principal contact for enquiries is <a href=\"mailto:lnagel@cdbp.cl\" shape=\"rect\">Lina Nagel<\/a> . <\/p>\n<p> \t\t<!--  Text: [end] --> \t\t\t   \t<!--  \t\tBEGIN: Content of extension \"hpo_relatedlink\", plugin \"tx_hporelatedlink_pi1\"  \t--> \t<\/p>\n<div> \t\t \t<\/div>\n<p> \t \t<!-- END: Content of extension \"hpo_relatedlink\", plugin \"tx_hporelatedlink_pi1\" -->  \t<\/div>\n<p> \t<!--  CONTENT ELEMENT, uid:5537\/text [end] --> \t\t<!--TYPO3SEARCH_end--> <\/div>\n","protected":false},"excerpt":{"rendered":"<p>Documentation in the XXI Century: connecting cultural heritage information The CIDOC 2009 meeting took place on September 27th &#8211; October 1st 2009 inSantiago de Chile, Chile, South America. The venue was Centro Patrimonial Recoleta Dom\u00ednica.\u00a0The\u00a0local organiser was \u00a0Centro de Documentaci\u00f3n de Bienes Patrimoniales, Subdirecci\u00f3n de Museos, Archivos y Bibliotecas, Direcci\u00f3n de Bibliotecas, Archivos y Museos [&hellip;]<\/p>\n","protected":false},"author":1,"featured_media":0,"parent":1131,"menu_order":8,"comment_status":"closed","ping_status":"closed","template":"","meta":{"footnotes":""},"yst_prominent_words":[],"acf":[],"_links":{"self":[{"href":"https:\/\/icom-documentation.mini.icom.museum\/fr\/wp-json\/wp\/v2\/pages\/4910"}],"collection":[{"href":"https:\/\/icom-documentation.mini.icom.museum\/fr\/wp-json\/wp\/v2\/pages"}],"about":[{"href":"https:\/\/icom-documentation.mini.icom.museum\/fr\/wp-json\/wp\/v2\/types\/page"}],"author":[{"embeddable":true,"href":"https:\/\/icom-documentation.mini.icom.museum\/fr\/wp-json\/wp\/v2\/users\/1"}],"replies":[{"embeddable":true,"href":"https:\/\/icom-documentation.mini.icom.museum\/fr\/wp-json\/wp\/v2\/comments?post=4910"}],"version-history":[{"count":1,"href":"https:\/\/icom-documentation.mini.icom.museum\/fr\/wp-json\/wp\/v2\/pages\/4910\/revisions"}],"predecessor-version":[{"id":8786,"href":"https:\/\/icom-documentation.mini.icom.museum\/fr\/wp-json\/wp\/v2\/pages\/4910\/revisions\/8786"}],"up":[{"embeddable":true,"href":"https:\/\/icom-documentation.mini.icom.museum\/fr\/wp-json\/wp\/v2\/pages\/1131"}],"wp:attachment":[{"href":"https:\/\/icom-documentation.mini.icom.museum\/fr\/wp-json\/wp\/v2\/media?parent=4910"}],"wp:term":[{"taxonomy":"yst_prominent_words","embeddable":true,"href":"https:\/\/icom-documentation.mini.icom.museum\/fr\/wp-json\/wp\/v2\/yst_prominent_words?post=4910"}],"curies":[{"name":"wp","href":"https:\/\/api.w.org\/{rel}","templated":true}]}}