{"id":4778,"date":"2018-12-28T10:47:21","date_gmt":"2018-12-28T10:47:21","guid":{"rendered":"http:\/\/cidoc.icom.cust.oxymium.net\/archive\/archives\/2011-sibiu\/"},"modified":"2018-12-28T10:58:13","modified_gmt":"2018-12-28T10:58:13","slug":"2011-sibiu","status":"publish","type":"page","link":"https:\/\/icom-documentation.mini.icom.museum\/fr\/archives\/conferences_passees\/2011-sibiu\/","title":{"rendered":"2011 Sibiu"},"content":{"rendered":"<div id=\"RTE_CONTENT\"> <!--TYPO3SEARCH_begin--> \t<!--  CONTENT ELEMENT, uid:12595\/text [begin] --> \t\t<\/p>\n<div id=\"c12595\"> \t\t<!--  Text: [begin] --> \t\t\t<\/p>\n<h2> Knowledge management and museums<\/h2>\n<p><img decoding=\"async\" src=\"http:\/\/cidoc.mini.icom.museum\/wp-content\/uploads\/sites\/6\/2018\/12\/RTEmagicC_d860a2c8aa.jpg.jpg\" alt=\"cidoc2011logo\" align=\"middle\"> <\/p>\n<p>4-9 September 2011 Muzeul National Brukenthal, Sibiu, Romania <\/p>\n<p>The theme of the 2011 conference was \u201cKnowledge management and museums\u201d. Knowledge management lies at the very he <\/p>\n<p>art of CIDOC&#8217;s concerns since recording and transmitting knowledge about collections and their history is the ultimate objective of all museum documentation. <\/p>\n<p>Keynote speakers: Tom Moritz, Ioan-Aurel Pop<\/p>\n<p> \t\t<!--  Text: [end] --> \t\t\t   \t<!--  \t\tBEGIN: Content of extension \"hpo_relatedlink\", plugin \"tx_hporelatedlink_pi1\"  \t--> \t<\/p>\n<div> \t\t \t<\/div>\n<p> \t \t<!-- END: Content of extension \"hpo_relatedlink\", plugin \"tx_hporelatedlink_pi1\" -->  \t<\/div>\n<p> \t<!--  CONTENT ELEMENT, uid:12595\/text [end] --> \t\t \t<!--  CONTENT ELEMENT, uid:12569\/textpic [begin] --> \t\t<\/p>\n<div id=\"c12569\"> \t\t<!--  Header: [begin] --> \t\t\t<\/p>\n<h2>2011 Conference papers<\/h2>\n<p> \t\t<!--  Header: [end] --> \t\t\t \t\t<!--  Image block: [begin] --> \t\t\t<\/p>\n<div> \t\t<!--  Text: [begin] --> \t\t\t<\/p>\n<h3>Abstracts<\/h3>\n<p>All abstracts are contained in the <a href=\"http:\/\/cidoc.mini.icom.museum\/wp-content\/uploads\/sites\/6\/2018\/12\/Abstracts_CIDOC2011.pdf\" title=\"TEXT, Abstracts CIDOC2011, Abstracts_CIDOC2011.pdf, 1.1 MB\" target=\"_blank\">conference brochure<\/a>. <\/p>\n<h3>Speakers and Full papers<\/h3>\n<p>ANTONESCU, RODICA : <a href=\"http:\/\/cidoc.mini.icom.museum\/wp-content\/uploads\/sites\/6\/2018\/12\/Antonescu_Rodica_Paper.pdf\" title=\"TEXT, Antonescu Rodica Paper, Antonescu_Rodica_Paper.pdf, 59 KB\" target=\"_blank\">Old Fashion &#8211; New Fashion in Museology<\/a> <\/p>\n<p>Arias-Rojas, Teresa: <a href=\"http:\/\/cidoc.mini.icom.museum\/wp-content\/uploads\/sites\/6\/2018\/12\/Arias_Rohas_Teresa_paper_english.pdf\" title=\"TEXT, Arias Rohas Teresa paper english, Arias_Rohas_Teresa_paper_english.pdf, 447 KB\" target=\"_blank\">ENHANCING THE VALUE OF A COLLECTION THROUGH ITS<br \/>DOCUMENTS<\/a> <\/p>\n<p>Bevilacqua, Gabriel: <a href=\"http:\/\/cidoc.mini.icom.museum\/wp-content\/uploads\/sites\/6\/2018\/12\/Bevilacqua_Cidoc11_paper.pdf\" title=\"TEXT, Bevilacqua Cidoc11 paper, Bevilacqua_Cidoc11_paper.pdf, 55 KB\" target=\"_blank\">New perspectives on museum\u2019s information and knowledge management systems: the case of Pinacoteca do Estado de S\u00e3o Paulo<\/a> <\/p>\n<p>Burghele, Camelia: <a href=\"http:\/\/cidoc.mini.icom.museum\/wp-content\/uploads\/sites\/6\/2018\/12\/BURGHELE_Camelia.pdf\" title=\"TEXT, BURGHELE Camelia, BURGHELE_Camelia.pdf, 51 KB\" target=\"_blank\">Ethnography, ethnology and museology: a complex endeavor for the management of cultural inheritance<\/a> <\/p>\n<p>da Silva, Anna Paula: <a href=\"http:\/\/cidoc.mini.icom.museum\/wp-content\/uploads\/sites\/6\/2018\/12\/da_Silva_anna_paula_-_revisado.pdf\" title=\"TEXT, da Silva anna paula - revisado, da_Silva_anna_paula_-_revisado.pdf, 609 KB\" target=\"_blank\">The use of database in the museological field: a case study of the Brazilian Museum System<\/a> <\/p>\n<p>DOREL, Marc: <a href=\"http:\/\/cidoc.mini.icom.museum\/wp-content\/uploads\/sites\/6\/2018\/12\/Marc_Dorel_paper_english.pdf\" title=\"TEXT, Marc Dorel paper english, Marc_Dorel_paper_english.pdf, 90 KB\" target=\"_blank\">The management of knowledge of cultural identities in the museums of the multi-ethnic environment. Theoretical framework, perspectives, priorities in the cultural policies of the counties of Mures, Harghita and Covasna (Romania)<\/a> <\/p>\n<p>Drosopoulos, N., Tzouvaras, V. Simou, N., Christaki, A, Stabenau, A. Pardalis, K.,<br \/>Xenikoudakis, F. Tsalapati, E. and Kollias, S. <a href=\"http:\/\/cidoc.mini.icom.museum\/wp-content\/uploads\/sites\/6\/2018\/12\/NasosDrosopoulos_full_paper.pdf\" title=\"TEXT, Nasos Drosopoulos full paper, NasosDrosopoulos_full_paper.pdf, 144 KB\" target=\"_blank\">An aggregation system for cultural heritage content<\/a> <\/p>\n<p>Du\u0163u, Aurelia: <a href=\"http:\/\/cidoc.mini.icom.museum\/wp-content\/uploads\/sites\/6\/2018\/12\/AureliaDutu_Paper.pdf\" title=\"TEXT, Aurelia Dutu Paper, AureliaDutu_Paper.pdf, 50 KB\" target=\"_blank\">Aspecte ale eviden\u0163ei informatizate pentru patrimoniul cultural mobil din Rom\u00e2nia<\/a>  <\/p>\n<p>H\u00e4yrinen, Ari: <a href=\"http:\/\/cidoc.mini.icom.museum\/wp-content\/uploads\/sites\/6\/2018\/12\/Arii_Ha__yrinen_CIDOC2011.pdf\" title=\"TEXT, Arii Ha yrinen CIDOC2011, Arii_Ha__yrinen_CIDOC2011.pdf, 0.9 MB\" target=\"_blank\">Google, world&#8217;s largest museum?<\/a> <\/p>\n<p>JEESER, Kaie &amp; R\u00c4\u00c4BIS, Mirja: <a href=\"http:\/\/cidoc.mini.icom.museum\/wp-content\/uploads\/sites\/6\/2018\/12\/Jeeser_Raabis_Paper.pdf\" title=\"TEXT, Jeeser Raabis Paper, Jeeser_Raabis_Paper.pdf, 102 KB\" target=\"_blank\">How to ensure shared access to different types of museum objects: experiences from Estonian Museums Information System <\/a> <\/p>\n<p>Mazurek, C., Sielski K., Walkowska J., and Werla, M. <a href=\"http:\/\/cidoc.mini.icom.museum\/wp-content\/uploads\/sites\/6\/2018\/12\/Justyna_Walkowska_Paper_01.pdf\" title=\"TEXT, Justyna Walkowska Paper 01, Justyna_Walkowska_Paper_01.pdf, 114 KB\" target=\"_blank\">Applicability of CIDOC CRM in Digital Libraries<\/a> <\/p>\n<p>Kanellos, Ioannis: <a href=\"http:\/\/cidoc.mini.icom.museum\/wp-content\/uploads\/sites\/6\/2018\/12\/Kanellos-CIDOC11paper.pdf\" title=\"TEXT, Kanellos-CIDOC11paper, Kanellos-CIDOC11paper.pdf, 8.0 MB\" target=\"_blank\">Ontologies aspectuelles et repr\u00e9sentation des connaissances \u00e0 profondeur variable : deux exigences fondamentales pour des mus\u00e9es virtuels adaptatifs<\/a> <\/p>\n<p>NICKEL, Susanne: <a href=\"http:\/\/cidoc.mini.icom.museum\/wp-content\/uploads\/sites\/6\/2018\/12\/Susanne_Nickel_full_paper.pdf\" title=\"TEXT, Susanne Nickel full paper, Susanne_Nickel_full_paper.pdf, 42 KB\" target=\"_blank\">\u201cIt\u2019s a clever camel that goes to the well.\u201d Practical experiences from the cooperation between archives, libraries and museums in Eskilstuna, Sweden<\/a> <\/p>\n<p>OKPALANOZIE OGECHUKWU, Elizabeth: <a href=\"http:\/\/cidoc.mini.icom.museum\/wp-content\/uploads\/sites\/6\/2018\/12\/OKPALANOZIE_OGECHUKWU_Paper.pdf\" title=\"TEXT, OKPALANOZIE OGECHUKWU Paper, OKPALANOZIE_OGECHUKWU_Paper.pdf, 74 KB\" target=\"_blank\">SOCIAL NETWORKING TOOLS: EFFECTIVE KNOWLEDGE MANAGEMENT TOOLS IN AFRICAN MUSEUMS<\/a> <\/p>\n<p>PERERA, K., and CHANDRA, Dinesh: <a href=\"http:\/\/cidoc.mini.icom.museum\/wp-content\/uploads\/sites\/6\/2018\/12\/PERERA_CHANDRA_CIDOC_2011paper.pdf\" title=\"TEXT, PERERA CHANDRA CIDOC 2011paper, PERERA_CHANDRA_CIDOC_2011paper.pdf, 52 KB\" target=\"_blank\">Knowledge Management (KM) and Museums<\/a> <\/p>\n<p>RADIN, Marija: <a href=\"http:\/\/cidoc.mini.icom.museum\/wp-content\/uploads\/sites\/6\/2018\/12\/Radin_Marija_CIDOC_2011__Serbia__Management_of_Conservation_Documentation.pdf\" title=\"TEXT, Radin Marija CIDOC 2011 Serbia Management of Conservation Documentation, Radin_Marija_CIDOC_2011__Serbia__Management_of_Conservation_Documentation.pdf, 89 KB\" target=\"_blank\">MANAGEMENT OF CONSERVATION DOCUMENTATION <\/a> <\/p>\n<p>Rasheed, Abdur: <a href=\"http:\/\/cidoc.mini.icom.museum\/wp-content\/uploads\/sites\/6\/2018\/12\/Rasheed_Abdur_Paper.pdf\" title=\"TEXT, Rasheed Abdur Paper, Rasheed_Abdur_Paper.pdf, 52 KB\" target=\"_blank\">Digital Technology and Knowledge Management in Museums<\/a>  <\/p>\n<p>SCHILD, Margret: <a href=\"http:\/\/cidoc.mini.icom.museum\/wp-content\/uploads\/sites\/6\/2018\/12\/Margret_Schild_dkult.pdf\" title=\"TEXT, Margret Schild dkult, Margret_Schild_dkult.pdf, 42 KB\" target=\"_blank\">Cooperation and networking among archives, libraries and museums: some examples of good practice in Germany<\/a> <\/p>\n<p>Sp\u00e2nu, Anda-Lucia: <a href=\"http:\/\/cidoc.mini.icom.museum\/wp-content\/uploads\/sites\/6\/2018\/12\/Spanu_AL_Cidoc_2011.pdf\" title=\"TEXT, Spanu AL Cidoc 2011, Spanu_AL_Cidoc_2011.pdf, 45 KB\" target=\"_blank\">Archives, Libraries and Museums from Romania: Knowledge Management of Special Collections of Historical Images of Towns<\/a> <\/p>\n<p>Vega-Martinez, Lucy: <a href=\"http:\/\/cidoc.mini.icom.museum\/wp-content\/uploads\/sites\/6\/2018\/12\/Lucy_Vega_Martiney_paper.pdf\" title=\"TEXT, Lucy Vega Martiney paper, Lucy_Vega_Martiney_paper.pdf, 447 KB\" target=\"_blank\">The documentation in support of the museum management and knowledge management<\/a> <\/p>\n<p>Verberne-Khurshid, F. and Hoogeveen, G. <a href=\"http:\/\/cidoc.mini.icom.museum\/wp-content\/uploads\/sites\/6\/2018\/12\/Verberne-Khurshid__Hoogeveen_Paper.pdf\" title=\"TEXT, Verberne-Khurshid Hoogeveen Paper, Verberne-Khurshid__Hoogeveen_Paper.pdf, 388 KB\" target=\"_blank\">A condition survey format for multimedia works<\/a> <\/p>\n<p>Vonica, G., Mesaro\u015f, A-M, Ciobanu, R. Cuzepan, G. T\u0103u\u015fan, I., Stoica, R.: <a href=\"http:\/\/cidoc.mini.icom.museum\/wp-content\/uploads\/sites\/6\/2018\/12\/Vonica__G.pdf\" title=\"TEXT, Vonica G, Vonica__G.pdf, 168 KB\" target=\"_blank\">NATURAL HISTORY MUSEUM \u2013 DATA RECORDING AND TRANSSMISION<\/a><\/p>\n<p> \t\t<!--  Text: [end] --> \t\t\t<\/div>\n<p> \t\t<!--  Image block: [end] --> \t\t\t   \t<!--  \t\tBEGIN: Content of extension \"hpo_relatedlink\", plugin \"tx_hporelatedlink_pi1\"  \t--> \t<\/p>\n<div> \t\t \t<\/div>\n<p> \t \t<!-- END: Content of extension \"hpo_relatedlink\", plugin \"tx_hporelatedlink_pi1\" -->  \t<\/div>\n<p> \t<!--  CONTENT ELEMENT, uid:12569\/textpic [end] --> \t\t<!--TYPO3SEARCH_end--> <\/div>\n","protected":false},"excerpt":{"rendered":"<p>Knowledge management and museums 4-9 September 2011 Muzeul National Brukenthal, Sibiu, Romania The theme of the 2011 conference was \u201cKnowledge management and museums\u201d. Knowledge management lies at the very he art of CIDOC&#8217;s concerns since recording and transmitting knowledge about collections and their history is the ultimate objective of all museum documentation. Keynote speakers: Tom [&hellip;]<\/p>\n","protected":false},"author":1,"featured_media":0,"parent":1131,"menu_order":6,"comment_status":"closed","ping_status":"closed","template":"","meta":{"footnotes":""},"yst_prominent_words":[],"acf":[],"_links":{"self":[{"href":"https:\/\/icom-documentation.mini.icom.museum\/fr\/wp-json\/wp\/v2\/pages\/4778"}],"collection":[{"href":"https:\/\/icom-documentation.mini.icom.museum\/fr\/wp-json\/wp\/v2\/pages"}],"about":[{"href":"https:\/\/icom-documentation.mini.icom.museum\/fr\/wp-json\/wp\/v2\/types\/page"}],"author":[{"embeddable":true,"href":"https:\/\/icom-documentation.mini.icom.museum\/fr\/wp-json\/wp\/v2\/users\/1"}],"replies":[{"embeddable":true,"href":"https:\/\/icom-documentation.mini.icom.museum\/fr\/wp-json\/wp\/v2\/comments?post=4778"}],"version-history":[{"count":1,"href":"https:\/\/icom-documentation.mini.icom.museum\/fr\/wp-json\/wp\/v2\/pages\/4778\/revisions"}],"predecessor-version":[{"id":8788,"href":"https:\/\/icom-documentation.mini.icom.museum\/fr\/wp-json\/wp\/v2\/pages\/4778\/revisions\/8788"}],"up":[{"embeddable":true,"href":"https:\/\/icom-documentation.mini.icom.museum\/fr\/wp-json\/wp\/v2\/pages\/1131"}],"wp:attachment":[{"href":"https:\/\/icom-documentation.mini.icom.museum\/fr\/wp-json\/wp\/v2\/media?parent=4778"}],"wp:term":[{"taxonomy":"yst_prominent_words","embeddable":true,"href":"https:\/\/icom-documentation.mini.icom.museum\/fr\/wp-json\/wp\/v2\/yst_prominent_words?post=4778"}],"curies":[{"name":"wp","href":"https:\/\/api.w.org\/{rel}","templated":true}]}}