{"id":4559,"date":"2018-12-28T10:46:46","date_gmt":"2018-12-28T10:46:46","guid":{"rendered":"http:\/\/cidoc.icom.cust.oxymium.net\/archive\/archives\/2012-helsinki\/"},"modified":"2018-12-28T10:58:13","modified_gmt":"2018-12-28T10:58:13","slug":"2012-helsinki","status":"publish","type":"page","link":"https:\/\/icom-documentation.mini.icom.museum\/fr\/archives\/conferences_passees\/2012-helsinki\/","title":{"rendered":"2012 Helsinki"},"content":{"rendered":"<div id=\"RTE_CONTENT\"> <!--TYPO3SEARCH_begin--> \t<!--  CONTENT ELEMENT, uid:12596\/text [begin] --> \t\t<\/p>\n<div id=\"c12596\"> \t\t<!--  Header: [begin] --> \t\t\t<\/p>\n<h2>Enriching Cultural Heritage<\/h2>\n<p> \t\t<!--  Header: [end] --> \t\t\t \t\t<!--  Text: [begin] --> \t\t\t<\/p>\n<p><a href=\"http:\/\/www.cidoc2012.fi\/en\/index\" title=\"Opens external link in new window\" target=\"_blank\"><img decoding=\"async\" src=\"http:\/\/cidoc.mini.icom.museum\/wp-content\/uploads\/sites\/6\/2018\/12\/RTEmagicC_15bf3e260f.jpg.jpg\" alt=\"CIDOC 2012 Helsinki\"><\/a>  <\/p>\n<p>Helsinki, Finland 10-14.6.2012 <\/p>\n<p>The CIDOC annual conference 2012 was organized in Helsinki, the main venue being the National Museum of Finland. Sessions, workshops and receptions also took place in the Finnish National Gallery, in the Museum of Contemporary Art Kiasma, in Design Museum as well as in the Finnish Sports Museum, all located in the center of the city.<\/p>\n<p> \t\t<!--  Text: [end] --> \t\t\t   \t<!--  \t\tBEGIN: Content of extension \"hpo_relatedlink\", plugin \"tx_hporelatedlink_pi1\"  \t--> \t<\/p>\n<div> \t\t \t<\/div>\n<p> \t \t<!-- END: Content of extension \"hpo_relatedlink\", plugin \"tx_hporelatedlink_pi1\" -->  \t<\/div>\n<p> \t<!--  CONTENT ELEMENT, uid:12596\/text [end] --> \t\t \t<!--  CONTENT ELEMENT, uid:6187\/textpic [begin] --> \t\t<\/p>\n<div id=\"c6187\"> \t\t<!--  Header: [begin] --> \t\t\t<\/p>\n<h2>2012 Conference papers<\/h2>\n<p> \t\t<!--  Header: [end] --> \t\t\t \t\t<!--  Image block: [begin] --> \t\t\t<\/p>\n<div> \t\t<!--  Text: [begin] --> \t\t\t<\/p>\n<h3><b>Speakers &amp; Papers<\/b><\/h3>\n<p>All abstracts are included in the <a href=\"http:\/\/cidoc.mini.icom.museum\/wp-content\/uploads\/sites\/6\/2018\/12\/CIDOC2012_abstracts_programme_EN.pdf\" title=\"TEXT, CIDOC2012 abstracts programme EN, CIDOC2012_abstracts_programme_EN.pdf, 4.6 MB\" target=\"_blank\">conference brochure<\/a>.  <\/p>\n<p><b>Key note speakers<\/b> <\/p>\n<p>Lassila, Ora: <a href=\"http:\/\/cidoc.mini.icom.museum\/wp-content\/uploads\/sites\/6\/2018\/12\/ora-lassila-keynote.pdf\" title=\"TEXT, ora-lassila-keynote, ora-lassila-keynote.pdf, 2.5 MB\" target=\"_blank\">Love Thy Data (or: Apps Considered Harmful)<\/a>  <\/p>\n<p>Le Boeuf, Patrick: <a href=\"http:\/\/cidoc.mini.icom.museum\/wp-content\/uploads\/sites\/6\/2018\/12\/le-boeuf-keynote.pdf\" title=\"TEXT, le-boeuf-keynote, le-boeuf-keynote.pdf, 238 KB\" target=\"_blank\">An example of library and museum cooperation: the FRBR<sub>OO<\/sub> conceptual model<\/a> <\/p>\n<p>Poole, Nick: <a href=\"http:\/\/cidoc.mini.icom.museum\/wp-content\/uploads\/sites\/6\/2018\/12\/poole-keynote.pdf\" title=\"TEXT, poole-keynote, poole-keynote.pdf, 374 KB\" target=\"_blank\">Powering the Museum of tomorrow. Challenges and opportunities for museums information<\/a> <\/p>\n<p><b>Speakers and full papers<br \/><\/b> <\/p>\n<p>Anttila, Elina, Eero Heikkinen and Tapani Sainio: <a href=\"http:\/\/cidoc.mini.icom.museum\/wp-content\/uploads\/sites\/6\/2018\/12\/anttila.pdf\" title=\"TEXT, anttila, anttila.pdf, 153 KB\" target=\"_blank\">The National Digital Library of Finland &#8211; experiences from collaboration and service development<\/a><\/p>\n<p> Bala, Shashi: <a href=\"http:\/\/cidoc.mini.icom.museum\/wp-content\/uploads\/sites\/6\/2018\/12\/bala.pdf\" title=\"TEXT, bala, bala.pdf, 285 KB\" target=\"_blank\">Digital inventories on cultural memories and Intangible Cultural Heritage: Case Study of Yadav community of Haryana<\/a><\/p>\n<p> Hyv\u00f6nen, Eero, Thea Lindquist, Juha T\u00f6rnroos and Eetu M\u00e4kel\u00e4: <a href=\"http:\/\/cidoc.mini.icom.museum\/wp-content\/uploads\/sites\/6\/2018\/12\/hyvonen.pdf\" title=\"TEXT, hyvonen, hyvonen.pdf, 309 KB\" target=\"_blank\">History on the Semantic Web &#8211; An Event Gazetteer and Timeline for World War I<\/a><\/p>\n<p> Kettula, Suvi and Eero Hyv\u00f6nen: <a href=\"http:\/\/cidoc.mini.icom.museum\/wp-content\/uploads\/sites\/6\/2018\/12\/kettula.pdf\" title=\"TEXT, kettula, kettula.pdf, 295 KB\" target=\"_blank\">Cataloguing Processes of Intangible Cultural Heritage<\/a><br \/> \u00a0\u00a0<br \/> Koski, Marianne: <a href=\"http:\/\/cidoc.mini.icom.museum\/wp-content\/uploads\/sites\/6\/2018\/12\/koski.pdf\" title=\"TEXT, koski, koski.pdf, 47 KB\" target=\"_blank\">Powerpoint and brain activity &#8211; managing collections in local museums in Finland<\/a> <\/p>\n<p>\u00a0<br \/> Low, Jyue Tyan: <a href=\"http:\/\/cidoc.mini.icom.museum\/wp-content\/uploads\/sites\/6\/2018\/12\/low-.pdf\" title=\"TEXT, low-, low-.pdf, 1.5 MB\" target=\"_blank\">A practical documentation practice for the management and preservation of digital video\/ media and installation art<\/a> <\/p>\n<p>\u00a0\u00a0<br \/> Mazurek, Cezary, Krzysztof Sielski, Justyna Walkowska and Marcin Werla: <a href=\"http:\/\/cidoc.mini.icom.museum\/wp-content\/uploads\/sites\/6\/2018\/12\/mazurek.pdf\" title=\"TEXT, mazurek, mazurek.pdf, 438 KB\" target=\"_blank\">From MARC21 and Dublin Core, through CIDOC CRM: First Tenuous Steps towards Representing Library<\/a><\/p>\n<p> Merges, Judith, Martin Scholz and G\u00fcnther G\u00f6rz: <a href=\"http:\/\/cidoc.mini.icom.museum\/wp-content\/uploads\/sites\/6\/2018\/12\/merges.pdf\" title=\"TEXT, merges, merges.pdf, 324 KB\" target=\"_blank\">Erlangen Implementation of FRBRoo<\/a><\/p>\n<p> Parsell, David\u00a0 and Emmanuelle Delmas-Glass: <a href=\"http:\/\/cidoc.mini.icom.museum\/wp-content\/uploads\/sites\/6\/2018\/12\/parsell.pdf\" title=\"TEXT, parsell, parsell.pdf, 3.5 MB\" target=\"_blank\">Using open source tools to expose cross collection data in the LIDO schema<\/a><\/p>\n<p> Phiri, Fidelity and Terry S. Nyambe: <a href=\"http:\/\/cidoc.mini.icom.museum\/wp-content\/uploads\/sites\/6\/2018\/12\/phiri.pdf\" title=\"TEXT, phiri, phiri.pdf, 49 KB\" target=\"_blank\">Digitalization of archives, the Livingstone Museum experience<\/a> <\/p>\n<p>Rayaprolu,Venkata Ramana: <a href=\"http:\/\/cidoc.mini.icom.museum\/wp-content\/uploads\/sites\/6\/2018\/12\/rayaprolu.pdf\" title=\"TEXT, rayaprolu, rayaprolu.pdf, 575 KB\" target=\"_blank\">Challenges to documentation of museum objects in<br \/> a polylingual society<\/a><\/p>\n<p> Ribeiro, Emanuela: <a href=\"http:\/\/cidoc.mini.icom.museum\/wp-content\/uploads\/sites\/6\/2018\/12\/ribeiro.pdf\" title=\"TEXT, ribeiro, ribeiro.pdf, 61 KB\" target=\"_blank\">Documentation in Science &amp; Technology: accessibility to diverse audiences<\/a><\/p>\n<p> Rodger, Norman: <a href=\"http:\/\/cidoc.mini.icom.museum\/wp-content\/uploads\/sites\/6\/2018\/12\/rodger.pdf\" title=\"TEXT, rodger, rodger.pdf, 53 KB\" target=\"_blank\">MIMO &#8211; &#8220;Striking a Chord for Musical Instrument Museums&#8221;<\/a> <\/p>\n<p>Savia, Satu: <a href=\"http:\/\/cidoc.mini.icom.museum\/wp-content\/uploads\/sites\/6\/2018\/12\/savia.pdf\" title=\"TEXT, savia, savia.pdf, 110 KB\" target=\"_blank\">Developing Collection Management &#8211; Museum 2015<\/a><\/p>\n<p> Segan, Marija and Milos Milovanovic: <a href=\"http:\/\/cidoc.mini.icom.museum\/wp-content\/uploads\/sites\/6\/2018\/12\/segan.pdf\" title=\"TEXT, segan, segan.pdf, 367 KB\" target=\"_blank\">The monuments and sites of Toplica district of Serbia in digital catalogue of cultural monuments<\/a><\/p>\n<p> Simou, Nikolaos, Eleni Tsalapati, Nasos Drosopoulos and Regine Stein: <a href=\"http:\/\/cidoc.mini.icom.museum\/wp-content\/uploads\/sites\/6\/2018\/12\/simou.pdf\" title=\"TEXT, simou, simou.pdf, 565 KB\" target=\"_blank\">Evolving LIDO based aggregations into Linked Data<\/a><br \/> \u00a0<br \/> Tyson, Nick, Erica Calogero, Phil Blume and Amy Miller: <a href=\"http:\/\/cidoc.mini.icom.museum\/wp-content\/uploads\/sites\/6\/2018\/12\/tyson.pdf\" title=\"TEXT, tyson, tyson.pdf, 42 KB\" target=\"_blank\">My House My Street: Engaging Local Communities of Volunteers to Learn, Train and Gain from Lost Local Heritage<br \/> <\/a><br \/> Tzompanaki, Katerina\u00a0 and Martin Doerr: <a href=\"http:\/\/cidoc.mini.icom.museum\/wp-content\/uploads\/sites\/6\/2018\/12\/tsompanaki.pdf\" title=\"TEXT, tsompanaki, tsompanaki.pdf, 511 KB\" target=\"_blank\">A New Framework for Querying Semantic Networks<\/a><\/p>\n<p> Whitson Cloud, Jonathan: <a href=\"http:\/\/cidoc.mini.icom.museum\/wp-content\/uploads\/sites\/6\/2018\/12\/whitson.pdf\" title=\"TEXT, whitson, whitson.pdf, 59 KB\" target=\"_blank\">The documentation of scientific analysis and conservation at the British Museum: the path to sharing<\/a><\/p>\n<p> \t\t<!--  Text: [end] --> \t\t\t<\/div>\n<p> \t\t<!--  Image block: [end] --> \t\t\t   \t<!--  \t\tBEGIN: Content of extension \"hpo_relatedlink\", plugin \"tx_hporelatedlink_pi1\"  \t--> \t<\/p>\n<div> \t\t \t<\/div>\n<p> \t \t<!-- END: Content of extension \"hpo_relatedlink\", plugin \"tx_hporelatedlink_pi1\" -->  \t<\/div>\n<p> \t<!--  CONTENT ELEMENT, uid:6187\/textpic [end] --> \t\t<!--TYPO3SEARCH_end--> <\/div>\n","protected":false},"excerpt":{"rendered":"<p>Enriching Cultural Heritage Helsinki, Finland 10-14.6.2012 The CIDOC annual conference 2012 was organized in Helsinki, the main venue being the National Museum of Finland. Sessions, workshops and receptions also took place in the Finnish National Gallery, in the Museum of Contemporary Art Kiasma, in Design Museum as well as in the Finnish Sports Museum, all [&hellip;]<\/p>\n","protected":false},"author":1,"featured_media":0,"parent":1131,"menu_order":5,"comment_status":"closed","ping_status":"closed","template":"","meta":{"footnotes":""},"yst_prominent_words":[],"acf":[],"_links":{"self":[{"href":"https:\/\/icom-documentation.mini.icom.museum\/fr\/wp-json\/wp\/v2\/pages\/4559"}],"collection":[{"href":"https:\/\/icom-documentation.mini.icom.museum\/fr\/wp-json\/wp\/v2\/pages"}],"about":[{"href":"https:\/\/icom-documentation.mini.icom.museum\/fr\/wp-json\/wp\/v2\/types\/page"}],"author":[{"embeddable":true,"href":"https:\/\/icom-documentation.mini.icom.museum\/fr\/wp-json\/wp\/v2\/users\/1"}],"replies":[{"embeddable":true,"href":"https:\/\/icom-documentation.mini.icom.museum\/fr\/wp-json\/wp\/v2\/comments?post=4559"}],"version-history":[{"count":1,"href":"https:\/\/icom-documentation.mini.icom.museum\/fr\/wp-json\/wp\/v2\/pages\/4559\/revisions"}],"predecessor-version":[{"id":8789,"href":"https:\/\/icom-documentation.mini.icom.museum\/fr\/wp-json\/wp\/v2\/pages\/4559\/revisions\/8789"}],"up":[{"embeddable":true,"href":"https:\/\/icom-documentation.mini.icom.museum\/fr\/wp-json\/wp\/v2\/pages\/1131"}],"wp:attachment":[{"href":"https:\/\/icom-documentation.mini.icom.museum\/fr\/wp-json\/wp\/v2\/media?parent=4559"}],"wp:term":[{"taxonomy":"yst_prominent_words","embeddable":true,"href":"https:\/\/icom-documentation.mini.icom.museum\/fr\/wp-json\/wp\/v2\/yst_prominent_words?post=4559"}],"curies":[{"name":"wp","href":"https:\/\/api.w.org\/{rel}","templated":true}]}}