{"id":3206,"date":"2018-12-28T10:42:13","date_gmt":"2018-12-28T10:42:13","guid":{"rendered":"http:\/\/cidoc.icom.cust.oxymium.net\/archive\/archives\/2016-milan\/"},"modified":"2025-07-07T11:29:39","modified_gmt":"2025-07-07T11:29:39","slug":"2016-milan","status":"publish","type":"page","link":"https:\/\/icom-documentation.mini.icom.museum\/fr\/archives\/conferences_passees\/2016-milan\/","title":{"rendered":"2016 Milan"},"content":{"rendered":"<div id=\"RTE_CONTENT\">\n<p><!--TYPO3SEARCH_begin--> <!-- CONTENT ELEMENT, uid:18163\/textpic [begin] --><\/p>\n<div id=\"c18163\">\n<p><!-- Header: [begin] --><\/p>\n<h2>Museums and Cultural Landscapes<\/h2>\n<p><!-- Header: [end] --> <!-- Image block: [begin] --><\/p>\n<div>\n<p><!-- Text: [begin] --><\/p>\n<p><img decoding=\"async\" src=\"http:\/\/cidoc.mini.icom.museum\/wp-content\/uploads\/sites\/6\/2018\/12\/logo_Milano2016.jpg\" alt=\"\" \/><\/p>\n<h3>ICOM MILANO PROGRAM<\/h3>\n<p>2016 CONFERENCE PAPERS<\/p>\n<h3>LIDO working group (Chair: Regine Stein)<\/h3>\n<p>Gordon McKenna, Implementing LIDO<\/p>\n<p>Angela Kailus, <a title=\"TEXT, CIDOC-LIDO-Common-Catalogue-Kailus, CIDOC-LIDO-Common-Catalogue-Kailus.pdf, 1.7 MB\" href=\"http:\/\/cidoc.mini.icom.museum\/wp-content\/uploads\/sites\/6\/2018\/12\/CIDOC-LIDO-Common-Catalogue-Kailus.pdf\" target=\"_blank\" rel=\"noopener\">The Common Catalogue of Data Fields for Prints and Drawings: a Guide to High Quality LIDO Data<\/a><\/p>\n<p>Julia Katona, <a title=\"TEXT, prints casts lido getty julia katona end Prints casts Julia Katona, prints_casts_lido_getty_julia_katona_end.pdf, 5.3 MB\" href=\"http:\/\/cidoc.mini.icom.museum\/wp-content\/uploads\/sites\/6\/2018\/12\/prints_casts_lido_getty_julia_katona_end.pdf\" target=\"_blank\" rel=\"noopener\">Two Case Studies to the Enriched, LIDO-based Description of Objects: the Context of the 19th-Century Ornamental Prints and of the Plaster Casts\u00a0<\/a><\/p>\n<p>Regine Stein &amp; Angela Kailus, Collaborative Development of LIDO Terminology, <a title=\"TEXT, LIDO-Terminology 2016-07-03 Intro-Part1, LIDO-Terminology_2016-07-03_Intro-Part1.pdf, 128 KB\" href=\"http:\/\/cidoc.mini.icom.museum\/wp-content\/uploads\/sites\/6\/2018\/12\/LIDO-Terminology_2016-07-03_Intro-Part1.pdf\">Part 1<\/a> &amp; <a title=\"TEXT, LIDO-Terminology 2016-07-03 Intro-Part2, LIDO-Terminology_2016-07-03_Intro-Part2.pdf, 1.5 MB\" href=\"http:\/\/cidoc.mini.icom.museum\/wp-content\/uploads\/sites\/6\/2018\/12\/LIDO-Terminology_2016-07-03_Intro-Part2.pdf\">Part 2<\/a><\/p>\n<p>LIDO Terminology: Discussion and approval of first set of recommendations<\/p>\n<h3>Digital Preservation working group\u00a0(Chair: Susanne Nickel)<\/h3>\n<h3>Semantic Research Environments working group (Chairs:\u00a0Siegfried Krause and Guenther Goertz)<\/h3>\n<p><a title=\"APPLICATION, wisski Milano Send Out wisski, wisski_MilanoSendOut.pptx, 10.1 MB\" href=\"http:\/\/cidoc.mini.icom.museum\/wp-content\/uploads\/sites\/6\/2018\/12\/wisski_MilanoSendOut.pptx\" target=\"_blank\" rel=\"noopener\">Introduction to the WissKI Research Environment.\u00a0<\/a><\/p>\n<h3><a title=\"INTERACTIVE, Archaeological Sites Working Group 2016 report archeo, Archaeological_Sites_Working_Group_2016_report.ppt, 479 KB\" href=\"http:\/\/cidoc.mini.icom.museum\/wp-content\/uploads\/sites\/6\/2018\/12\/Archaeological_Sites_Working_Group_2016_report.ppt\" target=\"_blank\" rel=\"noopener\">Archeological Sites working group<\/a> (Chair: Stephen Stead)<\/h3>\n<p>Archaeological Archive Standard<\/p>\n<p>Archaeological projects generate records that help users comprehend the results. Some projects, like excavations, are destructive processes and therefore the subsequent archive is the only evidence remaining of the archaeology encountered. It is vital, therefore, that the archive facilitates future research, particularly by those with no direct involvement in the original project. The nature of archaeological archives has changed dramatically since the early 1990s. This has resulted in changing demands on digital and physical access, long-term preservation, standardization of documentation and interoperability for searching across databases and digital publications. A number of excellent national and local standards and detailed guidance on the creation, preparation and deposition of archaeological archives have been produced by large and small organizations. The aim of this standard is to outline the common international requirements.<\/p>\n<h3><a title=\"APPLICATION, bevilacqua, Bevilacqua_2010703_E_PDWGmeeting.pptx, 59 KB\" href=\"http:\/\/cidoc.mini.icom.museum\/wp-content\/uploads\/sites\/6\/2018\/12\/Bevilacqua_2010703_E_PDWGmeeting.pptx\" target=\"_blank\" rel=\"noopener\">Exhibition and Performance documentation working group<\/a> (Chair: Gabriel Moore Bevilacqua)<\/h3>\n<h3>Introducing CIDOC\u2019s working groups and their current projects for newcomers.<\/h3>\n<p>Susanne Nickel: <a title=\"APPLICATION, WG Digital Preservataion 2016-07-05 web digitalwg, WG_Digital_Preservataion_2016-07-05_web.pptx, 486 KB\" href=\"http:\/\/cidoc.mini.icom.museum\/wp-content\/uploads\/sites\/6\/2018\/12\/WG_Digital_Preservataion_2016-07-05_web.pptx\" target=\"_blank\" rel=\"noopener\">Digital Preservation<\/a><\/p>\n<p>George Bruseker: <a title=\"APPLICATION, CIDOC CRM-SIG Annual report at CIDOC digitalwg, CIDOC_CRM-SIG_Annual_report_at_CIDOC.pptx, 4.1 MB\" href=\"http:\/\/cidoc.mini.icom.museum\/wp-content\/uploads\/sites\/6\/2018\/12\/CIDOC_CRM-SIG_Annual_report_at_CIDOC.pptx\" target=\"_blank\" rel=\"noopener\">CIDOC CRM and Research Environments: &#8220;Research Environments and CRM SIG Presentation for newcomers : Presenting applications and demo, discussing collaborations\u201c<\/a><\/p>\n<h3>Introduction to Documentation Standards (Chair: Jonathan Whitson-Cloud)<\/h3>\n<p>Kipp, Angela &amp; Shepherd, Rupert \u201c<a title=\"Opens external link in new window\" href=\"http:\/\/rupertshepherd.info\/publications\/conferences\/spreading-the-word\" target=\"_blank\" rel=\"noopener\">Spreading the word: explaining what Museum Documentation is<\/a> &#8211; <a title=\"Opens external link in new window\" href=\"http:\/\/world.museumsprojekte.de\/?p=8484\" target=\"_blank\" rel=\"noopener\">and why it\u2019s important<\/a>\u201d<\/p>\n<p>Delmas-Glass, Emmanuelle \u201c<a title=\"APPLICATION, Delmas-Glass Emmanuelle CIDOC IIIF July 2016 glass, Delmas-Glass__Emmanuelle_CIDOC_IIIF_July_2016.pptx, 25 MB\" href=\"http:\/\/cidoc.mini.icom.museum\/wp-content\/uploads\/sites\/6\/2018\/12\/Delmas-Glass__Emmanuelle_CIDOC_IIIF_July_2016.pptx\" target=\"_blank\" rel=\"noopener\">International Image Interoperability Framework (IIIF) supporting research projects at the Yale Center\u00a0for British Art\u201d<\/a><\/p>\n<p>Haffner, Dorothee <a title=\"TEXT, haffner-textile-thesaurus haffner, haffner-textile-thesaurus.pdf, 0.9 MB\" href=\"http:\/\/cidoc.mini.icom.museum\/wp-content\/uploads\/sites\/6\/2018\/12\/haffner-textile-thesaurus.pdf\" target=\"_blank\" rel=\"noopener\">\u201cA Textile Thesaurus &#8211; Merging and Enlarging the Existing Vocabularies\u201d\u00a0<\/a><\/p>\n<p>Jones, Michael <a title=\"Opens external link in new window\" href=\"http:\/\/www.mikejonesonline.com\/contextjunky\/2016\/08\/26\/two-presentations-in-one\/\" target=\"_blank\" rel=\"noopener\">\u201cMind the gaps: missing connections in museum documentation\u201d<\/a><\/p>\n<h3>How to capitalize on museum documentation ? &#8211;A workshop aimed at Museum Directors and Documentation Managers Meeting objectives: Highlight innovative ways to make the most of museum documentation.\u00a0Session type: Workshop \/ clinic<\/h3>\n<p>Chair: Nicholas Crofts, Christian Greco, Director,\u00a0Egyptian Museum of Turin<\/p>\n<p>Is your documentation an expensive necessity, or a valuable resource? This workshop clinic, aimed at museum directors and documentation managers, provides practical tips, innovative solutions and awe-inspiring insights to help release the full potential of your collections information. Please bring your questions, problems and dilemmas for discussion and analysis by our panel of experts.<\/p>\n<h3>Encyclopaedia of Museum Practice wiki &#8211;\u00a0Introducing participants to collaborative work with Encyclopaedia of Museum Practice wiki<\/h3>\n<p><a title=\"Opens external link in new window\" href=\"http:\/\/cidoc-dswg.org\/wiki\/tiki-index.php\" target=\"_blank\" rel=\"noopener\">http:\/\/cidoc-dswg.org\/wiki\/tiki-index.php\u00a0<\/a><\/p>\n<p>MATOS, Alexandre; MOTTA, Renata Vieira \u201cImplementing Standards at Sao Paulo State Secretariat of Culture museums<\/p>\n<p>MCKENNA, Gordon \u201cEEXCESS &#8211; The practical tools for museum professionals\u201d<\/p>\n<h3>CIDOC CRM SIG and Research Environments WG\u00a0(Chair:\u00a0Christian-Emil Ore)<\/h3>\n<p>Heather Dunn,<a title=\"APPLICATION, v2 - CIDOC 2016 DUNN - CRM and AC LOD FINAL NR dunn, v2_-_CIDOC_2016_DUNN_-_CRM_and_AC_LOD_FINAL_NR.pptx, 15.5 MB\" href=\"http:\/\/cidoc.mini.icom.museum\/wp-content\/uploads\/sites\/6\/2018\/12\/v2_-_CIDOC_2016_DUNN_-_CRM_and_AC_LOD_FINAL_NR.pptx\" target=\"_blank\" rel=\"noopener\"> \u201cUsing CIDOC CRM in \u201c150 Years of Canadian Art\u201d Linked Open Data Demonstration Project\u201d<\/a><\/p>\n<p>Paola Ronzino, \u201cDocumenting buildings archaeology with CIDOC CRM. The CRMba extension\u201d<\/p>\n<p>Carlo Meghini, \u201cUsing the CIDOC CRM to evaluate an ontology on narratives\u201d<\/p>\n<p>Achille Felicetti, \u201cCRMarchaeo: A CIDOC CRM extension to support archaeological excavations\u201d<\/p>\n<p>Siegfried Krause: <a title=\"APPLICATION, Krause Milano Send Out AGM1, Krause_MilanoSendOut.pptx, 10.1 MB\" href=\"http:\/\/cidoc.mini.icom.museum\/wp-content\/uploads\/sites\/6\/2018\/12\/Krause_MilanoSendOut.pptx\" target=\"_blank\" rel=\"noopener\">\u201cSelected WissKI Projects at the Germanic National Museum in Nuremberg\u201d<\/a><\/p>\n<p>Piotr Kuroczynski (presented by G. Goerz): Designing an Appication Ontology for Architectural 3D Reconstruction<\/p>\n<p>Dominic Oldman:\u00a0<a title=\"TEXT, Research infrastructures AGM1, Research_infrastructures.pdf, 3.9 MB\" href=\"http:\/\/cidoc.mini.icom.museum\/wp-content\/uploads\/sites\/6\/2018\/12\/Research_infrastructures.pdf\" target=\"_blank\" rel=\"noopener\">ResearchSpace<\/a><\/p>\n<p>George Bruseker, tentative title: modelling the iconographic discourse (to be confirmed)<\/p>\n<h3>Intangible Heritage (Chair: Manvi Seth)<\/h3>\n<h3>Workshop: An Encyclopaedia of Museum Practice, how to collaborate over language barriers (Chair: Jonathan Whitson-Cloud)<\/h3>\n<h3>Training session: Introduction to Museum Processes WG MPI (Chair Walter Koch)<\/h3>\n<p>Raising awareness and generating basic knowledge about procedures and processes to be found in the museum domain. Participants should gain basic knowledge about technical requirements used for process implementation in an IT supported environment.<\/p>\n<h3>Introduction to Digital Preservation (Chair:\u00a0Susanne Nickel)<\/h3>\n<p>Panel: UNESCO \/ PERSIST Guidelines (Chair: Susanne Nickel, Digital Preservation working group<\/p>\n<p>Rolf K\u00e4llman, Sweden, <a title=\"INTERACTIVE, Rolf Kallman Milano panel PERSIST, Rolf_Kallman_Milano_panel.ppt, 7.6 MB\" href=\"http:\/\/cidoc.mini.icom.museum\/wp-content\/uploads\/sites\/6\/2018\/12\/Rolf_Kallman_Milano_panel.ppt\" target=\"_blank\" rel=\"noopener\">Digisam \u2013 a secretariat for National coordination of digitisation, digital preservation and digital access to cultural heritage)<\/a><\/p>\n<p>Clement Oury (ISSN): <a title=\"APPLICATION, PERSIST ICOM 2016 OURY PERSIST, PERSIST_ICOM_2016_OURY.pptx, 693 KB\" href=\"http:\/\/cidoc.mini.icom.museum\/wp-content\/uploads\/sites\/6\/2018\/12\/PERSIST_ICOM_2016_OURY.pptx\" target=\"_blank\" rel=\"noopener\">The UNESCO PERSIST content taks force and the Guidelines for the selection of digital heritage for longterm-preservation<\/a><\/p>\n<p>Gabriel Gabriel Moore Forell Bevilacqua, Brazil, Departamento de Ci\u00eancia da Informa\u00e7\u00e3o, Instituto de Arte e Comunica\u00e7\u00e3o Social, Universidade Federal Fluminense<\/p>\n<p>Margret Schild, Germany, <a title=\"INTERACTIVE, Margaret Schild cidoc2016 persist PERSIST PERSIST, Margaret_Schild_cidoc2016_persist.ppt, 295 KB\" href=\"http:\/\/cidoc.mini.icom.museum\/wp-content\/uploads\/sites\/6\/2018\/12\/Margaret_Schild_cidoc2016_persist.ppt\" target=\"_blank\" rel=\"noopener\">Theatre and Film museum Duesseldorf<\/a><\/p>\n<h3>Museum Process Implementation (Chair: Walter Koch)<\/h3>\n<p>Hefner, Jennifer:\u00a0Condition Reporting in the Digital Era: A Case Study of Articheck&#8217;s Applications in Fine Art Collections and Exhibitions<\/p>\n<p>Uueni, Andres:\u00a0Using modern technology to support museum activities. Case study: Estonians Deported to Siberia: Soviet Red Terror 1940-1960<\/p>\n<h3>International Core Data Standard for Archaeological and Architectural Heritage (Chair Stephen Stead)<\/h3>\n<p>Pierre Choffe, tentative title: \u201cThe DOREMUS Project\u201d<\/p>\n<p>INTERNATIONAL CORE DATA STANDARD FOR ARCHAEOLOGICAL AND ARCHITECTURAL HERITAGE (CDS) The documentation of buildings, monuments and archaeological sites, plays an essential role in promoting the understanding, conservation, preventive maintenance and preservation of the archaeological and architectural heritage. Within Europe, a wide range of recording methods are employed in the compilation of inventories, often within a national framework. The compilation of these inventories may have occurred for a variety of reasons. However, some of these reasons enjoy a more widespread currency, in particular those relating to the protection of cultural heritage, and to providing some form of public access to the information held. The aims of this document are therefore threefold: \u2022 to facilitate communication between national and international bodies responsible for the recording and protection of the built and buried heritage. \u2022 to assist countries at an early stage in developing record systems for the recording and protection of the built and buried heritage. \u2022 to facilitate research utilising archaeological and architectural core data where this has an international dimension. In the form presented here, the core data standard for archaeological and architectural heritage has retained a close relationship to that prepared for historic buildings by the Council of Europe. This should be advantageous to countries able or wishing to include in one database all information relating to the man-made environment. This standard can moreover also be linked with a working standard prepared by CIDOC for archaeological objects (CIDOC 1992) and with the CIDOC minimum data standard for museum objects (CIDOC 1995) which includes archaeological objects.<\/p>\n<h3><a title=\"APPLICATION, CIDOC AGM 2016 AGM, CIDOC_AGM_2016.pptx, 429 KB\" href=\"http:\/\/cidoc.mini.icom.museum\/wp-content\/uploads\/sites\/6\/2018\/12\/CIDOC_AGM_2016.pptx\" target=\"_blank\" rel=\"noopener\">CIDOC General Assembly<\/a><\/h3>\n<p>1.\u00a0<a title=\"TEXT, CIDOC Board elections 2016 2019 results AGM, CIDOC_Board_elections_2016_2019_results.pdf, 306 KB\" href=\"http:\/\/cidoc.mini.icom.museum\/wp-content\/uploads\/sites\/6\/2018\/12\/CIDOC_Board_elections_2016_2019_results.pdf\" target=\"_blank\" rel=\"noopener\">Election results,\u00a0<\/a><a title=\"TEXT, CIDOC Board elections 2016 2019 results AGM, CIDOC_Board_elections_2016_2019_results.pdf, 306 KB\" href=\"http:\/\/cidoc.mini.icom.museum\/wp-content\/uploads\/sites\/6\/2018\/12\/CIDOC_Board_elections_2016_2019_results.pdf\" target=\"_blank\" rel=\"noopener\">presentation of new board members<\/a><\/p>\n<p>2. Approval of minutes from 2015 AGM in New Delhi *, matters arising, apologies<\/p>\n<ul>\n<li><a title=\"APPLICATION, Manvi Seth CIDOC REPORT 2015 01 AGM, Manvi_Seth_CIDOC_REPORT_2015__01.pptx, 28 MB\" href=\"http:\/\/cidoc.mini.icom.museum\/wp-content\/uploads\/sites\/6\/2018\/12\/Manvi_Seth_CIDOC_REPORT_2015__01.pptx\" target=\"_blank\" rel=\"noopener\">Manvi Set&#8217;s report on CIDOC 2015 in New Delhi, India<\/a><\/li>\n<\/ul>\n<p>3. Chair\u00b4s report<\/p>\n<p>4. Secretary&#8217;s report<\/p>\n<p>5. <a title=\"TEXT, CIDOC financial and budgetary report AGM 2016 AGM, CIDOC_financial_and_budgetary_report_AGM_2016.pdf, 180 KB\" href=\"http:\/\/cidoc.mini.icom.museum\/wp-content\/uploads\/sites\/6\/2018\/12\/CIDOC_financial_and_budgetary_report_AGM_2016.pdf\" target=\"_blank\" rel=\"noopener\">Financial report<\/a><\/p>\n<p>6. Editor\u2019s report<\/p>\n<p>7. Working Group reports<\/p>\n<ul>\n<li><a title=\"APPLICATION, AGM WG Digital Preservataion 2016-07-03 webb AGM, AGM_WG_Digital_Preservataion_2016-07-03_webb.pptx, 99 KB\" href=\"http:\/\/cidoc.mini.icom.museum\/wp-content\/uploads\/sites\/6\/2018\/12\/AGM_WG_Digital_Preservataion_2016-07-03_webb.pptx\" target=\"_blank\" rel=\"noopener\">Digital Preservation<\/a><\/li>\n<li><a title=\"APPLICATION, CIDOC CRM-SIG Annual report at CIDOC 01 AGM, CIDOC_CRM-SIG_Annual_report_at_CIDOC_01.pptx, 4.1 MB\" href=\"http:\/\/cidoc.mini.icom.museum\/wp-content\/uploads\/sites\/6\/2018\/12\/CIDOC_CRM-SIG_Annual_report_at_CIDOC_01.pptx\" target=\"_blank\" rel=\"noopener\">CRM<\/a><\/li>\n<li><a title=\"APPLICATION, LIDO-WG CIDOC-AGM2016 AGM, LIDO-WG_CIDOC-AGM2016.pptx, 91 KB\" href=\"http:\/\/cidoc.mini.icom.museum\/wp-content\/uploads\/sites\/6\/2018\/12\/LIDO-WG_CIDOC-AGM2016.pptx\" target=\"_blank\" rel=\"noopener\">LIDO<\/a><\/li>\n<\/ul>\n<p>8. Presenting CIDOC 2017<\/p>\n<p>9. Future conferences (2018, 2019) and events<\/p>\n<p>10. Any other business<\/p>\n<p>11. Thanks<\/p>\n<p>*) Minutes and reports for 2015 can be found here: <a title=\"Opens external link in new window\" href=\"http:\/\/cidoc.icom.cust.oxymium.net\/blog\/rupert-shepherdhttp:\/\/cidoc.icom.cust.oxymium.net\/blog\/rupert-shepherd\/cidoc\/organisation\/minutes\/\" target=\"_blank\" rel=\"noopener\">http:\/\/cidoc.icom.cust.oxymium.net\/blog\/rupert-shepherdhttp:\/\/cidoc.icom.cust.oxymium.net\/blog\/rupert-shepherd\/cidoc\/organisation\/minutes\/<\/a><\/p>\n<p><!-- Text: [end] --><\/p>\n<\/div>\n<p><!-- Image block: [end] --> <!-- BEGIN: Content of extension \"hpo_relatedlink\", plugin \"tx_hporelatedlink_pi1\" --><\/p>\n<div><\/div>\n<p><!-- END: Content of extension \"hpo_relatedlink\", plugin \"tx_hporelatedlink_pi1\" --><\/p>\n<\/div>\n<p><!-- CONTENT ELEMENT, uid:18163\/textpic [end] --> <!--TYPO3SEARCH_end--><\/p>\n<\/div>\n","protected":false},"excerpt":{"rendered":"<p>Museums and Cultural Landscapes ICOM MILANO PROGRAM 2016 CONFERENCE PAPERS LIDO working group (Chair: Regine Stein) Gordon McKenna, Implementing LIDO Angela Kailus, The Common Catalogue of Data Fields for Prints and Drawings: a Guide to High Quality LIDO Data Julia Katona, Two Case Studies to the Enriched, LIDO-based Description of Objects: the Context of the [&hellip;]<\/p>\n","protected":false},"author":1,"featured_media":0,"parent":1131,"menu_order":1,"comment_status":"closed","ping_status":"closed","template":"","meta":{"footnotes":""},"yst_prominent_words":[],"acf":[],"_links":{"self":[{"href":"https:\/\/icom-documentation.mini.icom.museum\/fr\/wp-json\/wp\/v2\/pages\/3206"}],"collection":[{"href":"https:\/\/icom-documentation.mini.icom.museum\/fr\/wp-json\/wp\/v2\/pages"}],"about":[{"href":"https:\/\/icom-documentation.mini.icom.museum\/fr\/wp-json\/wp\/v2\/types\/page"}],"author":[{"embeddable":true,"href":"https:\/\/icom-documentation.mini.icom.museum\/fr\/wp-json\/wp\/v2\/users\/1"}],"replies":[{"embeddable":true,"href":"https:\/\/icom-documentation.mini.icom.museum\/fr\/wp-json\/wp\/v2\/comments?post=3206"}],"version-history":[{"count":2,"href":"https:\/\/icom-documentation.mini.icom.museum\/fr\/wp-json\/wp\/v2\/pages\/3206\/revisions"}],"predecessor-version":[{"id":12738,"href":"https:\/\/icom-documentation.mini.icom.museum\/fr\/wp-json\/wp\/v2\/pages\/3206\/revisions\/12738"}],"up":[{"embeddable":true,"href":"https:\/\/icom-documentation.mini.icom.museum\/fr\/wp-json\/wp\/v2\/pages\/1131"}],"wp:attachment":[{"href":"https:\/\/icom-documentation.mini.icom.museum\/fr\/wp-json\/wp\/v2\/media?parent=3206"}],"wp:term":[{"taxonomy":"yst_prominent_words","embeddable":true,"href":"https:\/\/icom-documentation.mini.icom.museum\/fr\/wp-json\/wp\/v2\/yst_prominent_words?post=3206"}],"curies":[{"name":"wp","href":"https:\/\/api.w.org\/{rel}","templated":true}]}}