{"id":2024,"date":"2018-12-28T10:31:06","date_gmt":"2018-12-28T10:31:06","guid":{"rendered":"http:\/\/cidoc.icom.cust.oxymium.net\/working-groups\/co-reference\/reunions-2008\/"},"modified":"2018-12-28T10:58:19","modified_gmt":"2018-12-28T10:58:19","slug":"reunions-2008","status":"publish","type":"page","link":"https:\/\/icom-documentation.mini.icom.museum\/fr\/groupes-travail\/co-reference\/reunions-2008\/","title":{"rendered":"R\u00e9unions 2008"},"content":{"rendered":"<div id=\"RTE_CONTENT\"> <!--TYPO3SEARCH_begin--> \t<!--  CONTENT ELEMENT, uid:5528\/text [begin] --> \t\t<\/p>\n<div id=\"c5528\"> \t\t<!--  Text: [begin] --> \t\t\t<\/p>\n<p> <i>Le groupe de travail du CIDOC co-r\u00e9f\u00e9rence<\/i><\/p>\n<p>Les r\u00e9unions ont eu lieu dans les apr\u00e8s-midis du 14 et du 15 septembre \u00e0 Ath\u00e8nes. 7-8 personnes \u00e9taient pr\u00e9sentes. <\/p>\n<h2>Programme de la r\u00e9union<\/h2>\n<p>Les pr\u00e9sentations sont disponibles sous forme de documents PDF via des liens hypertexte dans le programme. <\/p>\n<h3>Dimanche 14:00-17:00<\/h3>\n<p>\u00a0<\/p>\n<ul>\n<li> \u00d8yvind Eide: Pr\u00e9sentation du GT<\/li>\n<li>Mika Nyman: R\u00e9f\u00e9rence et de Sens<\/li>\n<li>Pr\u00e9sentations de projets et de discussion :\n<ul>\n<li>Valantis Melesanakis: Un premier prototype d&#8217;un outil de co-marquage de r\u00e9f\u00e9rence<\/li>\n<li>\u00d8yvind Eide: syst\u00e8me d&#8217;information JED coref stockage<\/li>\n<\/ul>\n<\/li>\n<li>CRM SIG arrive \u00e0 des consultations \u00e0 16:30<\/li>\n<\/ul>\n<p>\u00a0<\/p>\n<h3>Lundi 15h45-18h00<\/h3>\n<ul>\n<li>Pr\u00e9sentations de projets et de discussion:\n<ul>\n<li>Robert Kummer: Une courte introduction du travail \u00e0 Pers\u00e9e et Arachn\u00e9<\/li>\n<li>\u00d8yvind Eide: une courte note sur Whozat, le moteur de recherche de personnes, avec quelques tests<\/li>\n<\/ul>\n<\/li>\n<li>Plans pour 2008-2009\n<ul>\n<li>Atelier<\/li>\n<li>Poursuite des travaux du projet<\/li>\n<li>L&#8217;int\u00e9gration du projet<\/li>\n<\/ul>\n<\/li>\n<\/ul>\n<p>L&#8217;ordre des choses ont \u00e9t\u00e9 quelque peu chang\u00e9 au cours de la r\u00e9union, mais nous sommes pass\u00e9s par tout sur le programme. <\/p>\n<h2>Conclusions<\/h2>\n<p>Sur la base des discussions lors des r\u00e9unions, le plan de travail suivant pour la p\u00e9riode 2008-2009 ont \u00e9t\u00e9 approuv\u00e9s par le groupe.<\/p>\n<ul>\n<li>Au moins 2 syst\u00e8me local de co-r\u00e9f\u00e9rence handeling sera \u00e9tabli.<\/li>\n<li>Un simple format bas\u00e9 sur XML pour l&#8217;interaction sera d\u00e9velopp\u00e9.<\/li>\n<li>Nous allons tester l&#8217;interaction entre ces syst\u00e8mes, c&#8217;est \u00e0 dire l&#8217;\u00e9change d&#8217;information co-r\u00e9f\u00e9rence en utilisant par exemple le protocole Web Services.<\/li>\n<li>Nous allons tester en utilisant ce syst\u00e8me pour la recherche, nous esp\u00e9rons trouver de nouvelles connaissances sur certains faits historiques avec l&#8217;utilisation de l&#8217;interaction entre les syst\u00e8mes.<\/li>\n<li>Le groupe reconna\u00eet le probl\u00e8me dans une telle interaction bas\u00e9e sur la non-chevauchement des domaines, et va essayer de trouver des moyens de la surmonter.<\/li>\n<li>Nous allons d\u00e9crire le processus de co-r\u00e9f\u00e9rence, \u00e0 savoir le processus d&#8217;\u00e9tablissement d&#8217;une d\u00e9claration de co-r\u00e9f\u00e9rence.<\/li>\n<li>Chaque \u00e9v\u00e9nement dans la vie d&#8217;une d\u00e9claration de co-r\u00e9f\u00e9rence doit \u00eatre document\u00e9e.<\/li>\n<li>Nous allons \u00e9tablir un protocole de co-r\u00e9f\u00e9rence Suggestion pour \u00eatre utilis\u00e9 quand un co-r\u00e9f\u00e9rence a \u00e9t\u00e9 \u00e9tabli en un seul syst\u00e8me, et cette information doit \u00eatre transf\u00e9r\u00e9e \u00e0 un autre syst\u00e8me. Ce protocole contiendra au moins les \u00e9l\u00e9ments suivants :\n<ul>\n<li> Qui c&#8217;est qui revendique le co-r\u00e9f\u00e9rence.<\/li>\n<li>Les deux r\u00e9f\u00e9rences identifi\u00e9es comme co-r\u00e9f\u00e9rences.<\/li>\n<li>Pour \u00eatre utilis\u00e9 par le logiciel contr\u00f4lant \u00e0 la fois du syst\u00e8me: cha\u00eene magique comme une cl\u00e9 pour permettre une entr\u00e9e directe. Ce serait un cas particulier de &#8220;qui demande&#8221;.<\/li>\n<li>Modalit\u00e9.<\/li>\n<\/ul>\n<\/li>\n<li>Coop\u00e9rer avec les SIG CRM. Ceci est en partie bas\u00e9e sur notre utilisation de CRM, mais \u00e9galement un souhait de la SIG CRM pour prendre part aux travaux de d\u00e9crire le processus de co-r\u00e9f\u00e9rence, et d&#8217;exprimer cette description dans le CRM.<\/li>\n<li>Un atelier ou une r\u00e9union prolong\u00e9e pendant la p\u00e9riode de travail serait bien, mais nous ne savons pas comment le faire dans la pratique. Nous allons examiner les sources possibles de financement. Le GT se r\u00e9unira \u00e0 la conf\u00e9rence 2009 du CIDOC.<\/li>\n<\/ul>\n<hr>\n<p><i>\u00c9crit par \u00d8yvind Eide 20\/09\/2008.The CIDOC Co-reference working group <\/i> <\/p>\n<p>\u00a0<\/p>\n<p>\u00a0<\/p>\n<p>\u00a0<\/p>\n<p> \t\t<!--  Text: [end] --> \t\t\t   \t<!--  \t\tBEGIN: Content of extension \"hpo_relatedlink\", plugin \"tx_hporelatedlink_pi1\"  \t--> \t<\/p>\n<div> \t\t \t<\/div>\n<p> \t \t<!-- END: Content of extension \"hpo_relatedlink\", plugin \"tx_hporelatedlink_pi1\" -->  \t<\/div>\n<p> \t<!--  CONTENT ELEMENT, uid:5528\/text [end] --> \t\t<!--TYPO3SEARCH_end--> <\/div>\n","protected":false},"excerpt":{"rendered":"<p>Le groupe de travail du CIDOC co-r\u00e9f\u00e9rence Les r\u00e9unions ont eu lieu dans les apr\u00e8s-midis du 14 et du 15 septembre \u00e0 Ath\u00e8nes. 7-8 personnes \u00e9taient pr\u00e9sentes. Programme de la r\u00e9union Les pr\u00e9sentations sont disponibles sous forme de documents PDF via des liens hypertexte dans le programme. Dimanche 14:00-17:00 \u00a0 \u00d8yvind Eide: Pr\u00e9sentation du GT [&hellip;]<\/p>\n","protected":false},"author":1,"featured_media":0,"parent":894,"menu_order":0,"comment_status":"closed","ping_status":"closed","template":"","meta":{"footnotes":""},"yst_prominent_words":[],"acf":[],"_links":{"self":[{"href":"https:\/\/icom-documentation.mini.icom.museum\/fr\/wp-json\/wp\/v2\/pages\/2024"}],"collection":[{"href":"https:\/\/icom-documentation.mini.icom.museum\/fr\/wp-json\/wp\/v2\/pages"}],"about":[{"href":"https:\/\/icom-documentation.mini.icom.museum\/fr\/wp-json\/wp\/v2\/types\/page"}],"author":[{"embeddable":true,"href":"https:\/\/icom-documentation.mini.icom.museum\/fr\/wp-json\/wp\/v2\/users\/1"}],"replies":[{"embeddable":true,"href":"https:\/\/icom-documentation.mini.icom.museum\/fr\/wp-json\/wp\/v2\/comments?post=2024"}],"version-history":[{"count":1,"href":"https:\/\/icom-documentation.mini.icom.museum\/fr\/wp-json\/wp\/v2\/pages\/2024\/revisions"}],"predecessor-version":[{"id":8808,"href":"https:\/\/icom-documentation.mini.icom.museum\/fr\/wp-json\/wp\/v2\/pages\/2024\/revisions\/8808"}],"up":[{"embeddable":true,"href":"https:\/\/icom-documentation.mini.icom.museum\/fr\/wp-json\/wp\/v2\/pages\/894"}],"wp:attachment":[{"href":"https:\/\/icom-documentation.mini.icom.museum\/fr\/wp-json\/wp\/v2\/media?parent=2024"}],"wp:term":[{"taxonomy":"yst_prominent_words","embeddable":true,"href":"https:\/\/icom-documentation.mini.icom.museum\/fr\/wp-json\/wp\/v2\/yst_prominent_words?post=2024"}],"curies":[{"name":"wp","href":"https:\/\/api.w.org\/{rel}","templated":true}]}}