{"id":1988,"date":"2018-12-28T10:30:43","date_gmt":"2018-12-28T10:30:43","guid":{"rendered":"http:\/\/cidoc.icom.cust.oxymium.net\/organisation\/nouvelles\/cidoc-board-elections-2016\/"},"modified":"2018-12-28T10:58:20","modified_gmt":"2018-12-28T10:58:20","slug":"cidoc-board-elections-2016","status":"publish","type":"page","link":"https:\/\/icom-documentation.mini.icom.museum\/fr\/organisation\/nouvelles\/cidoc-board-elections-2016\/","title":{"rendered":"CIDOC Board elections 2016"},"content":{"rendered":"<div id=\"RTE_CONTENT\"> <!--TYPO3SEARCH_begin--> \t<!--  CONTENT ELEMENT, uid:16995\/textpic [begin] --> \t\t<\/p>\n<div id=\"c16995\"> \t\t<!--  Image block: [begin] --> \t\t\t<\/p>\n<div> \t\t<!--  Text: [begin] --> \t\t\t<\/p>\n<p>Chers collegues,\u00a0 <\/p>\n<p>Un nouveau Bureau CIDOC a besoin d\u2019\u00eatre \u00e9lu pour la p\u00e9riode 2016-2019 avant la Conf\u00e9rence G\u00e9n\u00e9rale de l\u2019ICOM aura lieu en juillet cette ann\u00e9e.  <\/p>\n<p>\u00a0Je suis ravie de vous faire parvenir, de la part de Richard Light qui est le coordinateur des \u00e9lections, l\u2019information des candidats et des \u00e9lections. Vous \u00eates invit\u00e9s \u00e0 voter, en indiquant le num\u00e9ro de votre adh\u00e9sion \u00e0\u00a0l\u2019ICOM, avant le 31 mai 2016 \u00e0 <a href=\"http:\/\/bit.ly\/1NZfECz\" target=\"_blank\">http:\/\/bit.ly\/1NZfECz<\/a>.\u00a0 <\/p>\n<p> Respectueusement,<\/p>\n<p> Maija Ekosaari<br \/> CIDOC Secretaire<br \/> mekosaar@gmail.com <\/p>\n<hr>\n<p><b>Bureau CIDOC 2016-2019: \u00e9lection<\/b> <\/p>\n<pre>Les candidats suivants ont \u00e9t\u00e9 d\u00fbment propos\u00e9s aux \u00e9lections du Bureau CIDOC pour la p\u00e9riode 2016-2019. Le pays de chaque candidat est indiqu\u00e9 parce qu\u2019un maximum de 2 membres du Bureau peuvent venir de chaque pays.<\/pre>\n<pre>\u00a0<\/pre>\n<table cellspacing=\"0\" cellpadding=\"0\">\n<tbody>\n<tr>\n<td valign=\"top\">\n<p><b>Name<\/b><\/p>\n<\/td>\n<td valign=\"top\">\n<p><b>Position<\/b><\/p>\n<\/td>\n<td valign=\"top\">\n<p><b>Proposer<\/b><\/p>\n<\/td>\n<td valign=\"top\">\n<p><b>Seconder<\/b><\/p>\n<\/td>\n<td valign=\"top\">\n<p><b>Country<\/b><\/p>\n<\/td>\n<\/tr>\n<tr>\n<td valign=\"top\">\n<p>Monika Hagedorn-Saupe<\/p>\n<\/td>\n<td valign=\"top\">\n<p>Chair<\/p>\n<\/td>\n<td valign=\"top\">\n<p>Gordon McKenna<\/p>\n<\/td>\n<td valign=\"top\">\n<p>Martina Krug<\/p>\n<\/td>\n<td valign=\"top\">\n<p>Allemagne<\/p>\n<\/td>\n<\/tr>\n<tr>\n<td valign=\"top\">\n<p>Dominik Remondino<\/p>\n<\/td>\n<td valign=\"top\">\n<p>Treasurer<\/p>\n<\/td>\n<td valign=\"top\">\n<p>Monika Hagedorn-Saupe<\/p>\n<\/td>\n<td valign=\"top\">\n<p>Martina Krug<\/p>\n<\/td>\n<td valign=\"top\">\n<p>Suisse<\/p>\n<\/td>\n<\/tr>\n<tr>\n<td valign=\"top\">\n<p>Gabriel Moore Forell Bevilacqua<\/p>\n<\/td>\n<td valign=\"top\">\n<p>Vice Chair<\/p>\n<\/td>\n<td valign=\"top\">\n<p>Regine Stein<\/p>\n<\/td>\n<td valign=\"top\">\n<p>Walter Koch<\/p>\n<\/td>\n<td valign=\"top\">\n<p>Br\u00e9sil <\/p>\n<\/td>\n<\/tr>\n<tr>\n<td valign=\"top\">\n<p>Susanne Nickel<\/p>\n<\/td>\n<td valign=\"top\">\n<p>Vice Chair\/<\/p>\n<p>Secretary<\/p>\n<\/td>\n<td valign=\"top\">\n<p>Maija Ekosaari<\/p>\n<\/td>\n<td valign=\"top\">\n<p>Jonathan Whitson Cloud<\/p>\n<\/td>\n<td valign=\"top\">\n<p>Suede<\/p>\n<\/td>\n<\/tr>\n<tr>\n<td valign=\"top\">\n<p>Trilce Navarrete<\/p>\n<\/td>\n<td valign=\"top\">\n<p>Secretary<\/p>\n<\/td>\n<td valign=\"top\">\n<p>Monika Hagedorn-Saupe<\/p>\n<\/td>\n<td valign=\"top\">\n<p>Dominik Remondino<\/p>\n<\/td>\n<td valign=\"top\">\n<p>USA<\/p>\n<\/td>\n<\/tr>\n<tr>\n<td valign=\"top\">\n<p>Emmanuelle Delmas-Glass<\/p>\n<\/td>\n<td valign=\"top\">\n<p>Editor<\/p>\n<\/td>\n<td valign=\"top\">\n<p>Richard Light<\/p>\n<\/td>\n<td valign=\"top\">\n<p>Maija Ekosaari<\/p>\n<\/td>\n<td valign=\"top\">\n<p>USA<\/p>\n<\/td>\n<\/tr>\n<tr>\n<td valign=\"top\">\n<p>Kaie Jeeser<\/p>\n<\/td>\n<td valign=\"top\">\n<p>Ordinary member<\/p>\n<\/td>\n<td valign=\"top\">\n<p>Monika Hagedorn-Saupe<\/p>\n<\/td>\n<td valign=\"top\">\n<p>Terry Nyambe<\/p>\n<\/td>\n<td valign=\"top\">\n<p>Estonie<\/p>\n<\/td>\n<\/tr>\n<tr>\n<td valign=\"top\">\n<p>Gordon McKenna<\/p>\n<\/td>\n<td valign=\"top\">\n<p>Ordinary member<\/p>\n<\/td>\n<td valign=\"top\">\n<p>Monika Hagedorn-Saupe<\/p>\n<\/td>\n<td valign=\"top\">\n<p>Jonathan Whitson Cloud<\/p>\n<\/td>\n<td valign=\"top\">\n<p>Angleterre<\/p>\n<\/td>\n<\/tr>\n<tr>\n<td valign=\"top\">\n<p>Jan Behrendt<\/p>\n<\/td>\n<td valign=\"top\">\n<p>Ordinary member<\/p>\n<\/td>\n<td valign=\"top\">\n<p>Nicholas Crofts<\/p>\n<\/td>\n<td valign=\"top\">\n<p>Monika Hagedorn-Saupe<\/p>\n<\/td>\n<td valign=\"top\">\n<p>Allemagne<\/p>\n<\/td>\n<\/tr>\n<tr>\n<td valign=\"top\">\n<p>Alexandre Manuel Ribeiro Matos<\/p>\n<\/td>\n<td valign=\"top\">\n<p>Ordinary member<\/p>\n<\/td>\n<td valign=\"top\">\n<p>Gabriel Bevilacqua<\/p>\n<\/td>\n<td valign=\"top\">\n<p>Fernando Cabral<\/p>\n<\/td>\n<td valign=\"top\">\n<p>Portugal<\/p>\n<\/td>\n<\/tr>\n<tr>\n<td valign=\"top\">\n<p>Syuzanna Khojamiryan<\/p>\n<\/td>\n<td valign=\"top\">\n<p>Ordinary member<\/p>\n<\/td>\n<td valign=\"top\">\n<p>Nicholas Crofts<\/p>\n<\/td>\n<td valign=\"top\">\n<p>Gloriana Amador Aguero<\/p>\n<\/td>\n<td valign=\"top\">\n<p>Armenie<\/p>\n<\/td>\n<\/tr>\n<\/tbody>\n<\/table>\n<p>Puisqu\u2019il n\u2019y a qu\u2019un seul candidat pour les postes de Pr\u00e9sident, Tr\u00e9sorier, and \u00c9diteur, je d\u00e9clare les candidats suivants \u00eatre \u00e9lus \u00e0 leur poste\u00a0: <\/p>\n<p><b>President:\u00a0\u00a0\u00a0\u00a0\u00a0\u00a0\u00a0\u00a0\u00a0\u00a0\u00a0\u00a0\u00a0\u00a0\u00a0\u00a0\u00a0\u00a0<\/b>Monika Hagendorn-Saupe<br \/> <b>Tresorier:\u00a0\u00a0\u00a0\u00a0\u00a0\u00a0\u00a0\u00a0\u00a0\u00a0 <\/b>Dominik Remondino<br \/> <b>Editeur:\u00a0\u00a0\u00a0\u00a0\u00a0\u00a0\u00a0\u00a0\u00a0\u00a0\u00a0\u00a0\u00a0\u00a0\u00a0\u00a0 <\/b>Emmanuelle Delmas-Glass <\/p>\n<p>Il y a 2 candidats pour les 2 postes de Vice-Pr\u00e9sident et Secr\u00e9taire. Susanne Nickel est candidate aux 2 postes. Au cas o\u00f9 Susanne recevrait plus de votes pour les 2 postes, elle devra choisir quel poste accepter, et le candidat restant pour l\u2019autre poste sera offert ce poste. <\/p>\n<p>Cela laisse 5 candidats pour 4 postes de Membre, <\/p>\n<p><a href=\"http:\/\/cidoc.mini.icom.museum\/wp-content\/uploads\/sites\/6\/2018\/12\/CIDOC_Board_Elections_2016_supporting_statements-FRENCH.pdf\" title=\"CIDOC_Board_Elections_2016_supporting_statements-FRENCH.pdf (347 KB)\"><b>Les declarations de candidature de tous les candidats prenant part aux elections sont disponibles ici<\/b><\/a> <\/p>\n<p>Nous avons mis en place un syst\u00e8me de vote en ligne avec Google Forms. Veuillez aller a <a href=\"http:\/\/bit.ly\/1NZfECz\" target=\"_blank\">http:\/\/bit.ly\/1NZfECz<\/a> et enregistrer votre choix pour Secr\u00e9taire\/Vice-Pr\u00e9sident, et pour les 4 postes de Membre. Vous aurez besoin de votre num\u00e9ro \u00e0\u00a0l\u2019ICOM pour prouver que vous avez le droit de voter dans ces \u00e9lections. Pour que votre vote soit accept\u00e9, vous devez \u00eatre enregistr\u00e9 en tant que membre votant avec CIDOC (membre individuel or repr\u00e9sentant d\u00e9signe d\u2019un membre institutionnel). Vous devez voter avant le 31 mai 2016 \u00e0 23\u00a0:59 TUC. <\/p>\n<p><b>Richard Light, elections coordinateur, 29 avril 2016<\/b><\/p>\n<p> \t\t<!--  Text: [end] --> \t\t\t<\/div>\n<p> \t\t<!--  Image block: [end] --> \t\t\t   \t<!--  \t\tBEGIN: Content of extension \"hpo_relatedlink\", plugin \"tx_hporelatedlink_pi1\"  \t--> \t<\/p>\n<div> \t\t \t<\/div>\n<p> \t \t<!-- END: Content of extension \"hpo_relatedlink\", plugin \"tx_hporelatedlink_pi1\" -->  \t<\/div>\n<p> \t<!--  CONTENT ELEMENT, uid:16995\/textpic [end] --> \t\t<!--TYPO3SEARCH_end--> <\/div>\n","protected":false},"excerpt":{"rendered":"<p>Chers collegues,\u00a0 Un nouveau Bureau CIDOC a besoin d\u2019\u00eatre \u00e9lu pour la p\u00e9riode 2016-2019 avant la Conf\u00e9rence G\u00e9n\u00e9rale de l\u2019ICOM aura lieu en juillet cette ann\u00e9e. \u00a0Je suis ravie de vous faire parvenir, de la part de Richard Light qui est le coordinateur des \u00e9lections, l\u2019information des candidats et des \u00e9lections. Vous \u00eates invit\u00e9s \u00e0 [&hellip;]<\/p>\n","protected":false},"author":1,"featured_media":0,"parent":750,"menu_order":0,"comment_status":"closed","ping_status":"closed","template":"","meta":{"footnotes":""},"yst_prominent_words":[],"acf":[],"_links":{"self":[{"href":"https:\/\/icom-documentation.mini.icom.museum\/fr\/wp-json\/wp\/v2\/pages\/1988"}],"collection":[{"href":"https:\/\/icom-documentation.mini.icom.museum\/fr\/wp-json\/wp\/v2\/pages"}],"about":[{"href":"https:\/\/icom-documentation.mini.icom.museum\/fr\/wp-json\/wp\/v2\/types\/page"}],"author":[{"embeddable":true,"href":"https:\/\/icom-documentation.mini.icom.museum\/fr\/wp-json\/wp\/v2\/users\/1"}],"replies":[{"embeddable":true,"href":"https:\/\/icom-documentation.mini.icom.museum\/fr\/wp-json\/wp\/v2\/comments?post=1988"}],"version-history":[{"count":1,"href":"https:\/\/icom-documentation.mini.icom.museum\/fr\/wp-json\/wp\/v2\/pages\/1988\/revisions"}],"predecessor-version":[{"id":8813,"href":"https:\/\/icom-documentation.mini.icom.museum\/fr\/wp-json\/wp\/v2\/pages\/1988\/revisions\/8813"}],"up":[{"embeddable":true,"href":"https:\/\/icom-documentation.mini.icom.museum\/fr\/wp-json\/wp\/v2\/pages\/750"}],"wp:attachment":[{"href":"https:\/\/icom-documentation.mini.icom.museum\/fr\/wp-json\/wp\/v2\/media?parent=1988"}],"wp:term":[{"taxonomy":"yst_prominent_words","embeddable":true,"href":"https:\/\/icom-documentation.mini.icom.museum\/fr\/wp-json\/wp\/v2\/yst_prominent_words?post=1988"}],"curies":[{"name":"wp","href":"https:\/\/api.w.org\/{rel}","templated":true}]}}