{"id":1491,"date":"2018-12-28T10:29:24","date_gmt":"2018-12-28T10:29:24","guid":{"rendered":"http:\/\/cidoc.icom.cust.oxymium.net\/blog\/partager-le-patrimoine-culturel-archeologique-open-data-et-projets-wikimedia-au-musee-saint-raymond-de-toulouse\/"},"modified":"2025-07-07T08:42:34","modified_gmt":"2025-07-07T08:42:34","slug":"partager-patrimoine-rcheologique-open-data-projets-wikimedia-musee-raymond-toulouse-christelle-molinie-decembre-2018","status":"publish","type":"page","link":"https:\/\/icom-documentation.mini.icom.museum\/fr\/blog\/partager-patrimoine-rcheologique-open-data-projets-wikimedia-musee-raymond-toulouse-christelle-molinie-decembre-2018\/","title":{"rendered":"Partager le patrimoine culturel arch\u00e9ologique : open data et projets Wikimedia au mus\u00e9e Saint-Raymond de Toulouse"},"content":{"rendered":"<div id=\"RTE_CONTENT\">\n<p><!--TYPO3SEARCH_begin--> <!-- CONTENT ELEMENT, uid:21292\/textpic [begin] --><\/p>\n<div id=\"c21292\">\n<p><!-- Header: [begin] --><\/p>\n<h2>Partager le patrimoine culturel arch\u00e9ologique : open data et projets Wikimedia au mus\u00e9e Saint-Raymond de Toulouse<\/h2>\n<p><!-- Header: [end] --> <!-- Image block: [begin] --><\/p>\n<div>\n<p><!-- Text: [begin] --><\/p>\n<p>Le <a href=\"https:\/\/saintraymond.toulouse.fr\/\" target=\"_blank\" rel=\"noopener\">mus\u00e9e Saint-Raymond<\/a> est le mus\u00e9e d\u2019arch\u00e9ologie de la ville de Toulouse, situ\u00e9 dans un ancien coll\u00e8ge m\u00e9di\u00e9val \u00e0 c\u00f4t\u00e9 de la Basilique Saint-Sernin. Riche de pr\u00e8s de 27000 objets \u00e0 son inventaire il est essentiellement connu pour l\u2019ensemble exceptionnel de <a href=\"https:\/\/saintraymond.toulouse.fr\/Faites-un-bond-dans-le-temps-_a853.html\" target=\"_blank\" rel=\"noopener\">sculptures romaines provenant de la villa de Chiragan<\/a>. Si toutes les collections sont inventori\u00e9es et informatis\u00e9es au sein du logiciel de gestion des collections, nous ne disposons pas d\u2019un portail propre. Une partie des collections est peu \u00e0 peu publi\u00e9e sur le portail national <a href=\"http:\/\/www2.culture.gouv.fr\/public\/mistral\/joconde_fr\" target=\"_blank\" rel=\"noopener\">Joconde<\/a>, qui recense les collections des mus\u00e9es fran\u00e7ais, et quelques artefacts figurent dans des bases th\u00e9matiques sp\u00e9cialis\u00e9es en arch\u00e9ologie NESP, Beazley, LIMC, Artefacts&#8230;etc.<\/p>\n<p>&nbsp;<\/p>\n<p>Ouvrir&#8230;<\/p>\n<p>&nbsp;<\/p>\n<p>Pour diffuser nos collections et r\u00e9pondre \u00e0 la politique d\u2019open data de Toulouse M\u00e9tropole engag\u00e9e d\u00e8s 2011, les contenus et leurs m\u00e9tadonn\u00e9es produits dans l\u2019exercice de nos activit\u00e9s ou ceux dont les droits nous ont \u00e9t\u00e9 c\u00e9d\u00e9s ont \u00e9t\u00e9 plac\u00e9s sous licences libres (paternit\u00e9, partage \u00e0 l\u2019identique et pour tous usages). Les donn\u00e9es d\u2019inventaire sont publi\u00e9es sous forme de sets de donn\u00e9es sur la <a href=\"https:\/\/www.data.toulouse-metropole.fr\/\" target=\"_blank\" rel=\"noopener\">plateforme open data de la m\u00e9tropole<\/a>. Ces fichiers de donn\u00e9es brutes, sous forme de tableurs, r\u00e9sultent d\u2019une extraction de la base de gestion des collections. Cette base cr\u00e9\u00e9e dans les ann\u00e9es 90 souffre d\u2019un manque de structuration de ses contenus et l\u2019export des donn\u00e9es a mis en \u00e9vidence son manque d\u2019harmonisation. Un travail de reprise et de consolidation des vocabulaires s\u2019est donc av\u00e9r\u00e9 n\u00e9cessaire et la mise \u00e0 jour annuelle des jeux de donn\u00e9es permettra d\u2019en am\u00e9liorer peu \u00e0 peu la qualit\u00e9. La perspective de leur r\u00e9utilisation a induit un changement dans le mode de production des donn\u00e9es et des contenus, nous sommes d\u00e9sormais dans une logique de capitalisation et de recyclage sans possibilit\u00e9 d\u2019anticiper les usages de ces contenus que des tiers pourront imaginer.<\/p>\n<p><img decoding=\"async\" src=\"http:\/\/cidoc.mini.icom.museum\/wp-content\/uploads\/sites\/6\/2018\/12\/RTEmagicC_Capture-notice_item_01_txdam22851_76a8dd.JPG.jpg\" alt=\"\" \/><\/p>\n<p>1- Notice d\u2019inventaire et item Wikidata li\u00e9s au sein de l\u2019outil de gestion des collections du Mus\u00e9e Saint-Raymond<\/p>\n<div>\n<p>&nbsp;<\/p>\n<\/div>\n<p>\u2026 pour partager<\/p>\n<p>&nbsp;<\/p>\n<p>Bien conscients que la simple \u00e9dition de fichiers CSV ne peut suffire pour constituer une politique d\u2019open data, nous avons recours aux plateformes libres et gratuites Wikimedia pour publier et partager les ressources et de ce fait pratiquer un v\u00e9ritable open content.<\/p>\n<p>Pour cela, nous initions et encourageons l\u2019\u00e9criture d\u2019<a href=\"https:\/\/fr.wikipedia.org\/wiki\/Cat%C3%A9gorie:%C5%92uvre_conserv%C3%A9e_au_Mus%C3%A9e_Saint-Raymond\" target=\"_blank\" rel=\"noopener\">articles Wikip<\/a><a href=\"https:\/\/fr.wikipedia.org\/wiki\/Cat%C3%A9gorie:%C5%92uvre_conserv%C3%A9e_au_Mus%C3%A9e_Saint-Raymond\" target=\"_blank\" rel=\"noopener\">\u00e9<\/a><a href=\"https:\/\/fr.wikipedia.org\/wiki\/Cat%C3%A9gorie:%C5%92uvre_conserv%C3%A9e_au_Mus%C3%A9e_Saint-Raymond\" target=\"_blank\" rel=\"noopener\">dia<\/a> autour des collections \u00e9crits par des membres de l\u2019\u00e9quipe ou par des contributeurs externes dans le cadre d\u2019ateliers. Ces articles sont le r\u00e9sultat de la synth\u00e8se des informations contenues dans les dossiers d\u2019oeuvre constitu\u00e9s par le service documentation.<\/p>\n<p>Les collections sont \u00e9galement bien repr\u00e9sent\u00e9es sur <a href=\"https:\/\/commons.wikimedia.org\/wiki\/Category:Collections_of_Mus%C3%A9e_Saint-Raymond\" target=\"_blank\" rel=\"noopener\">Wikimedia Commons<\/a>. Les photographies proviennent soit de la phototh\u00e8que du mus\u00e9e qui effectue des versements r\u00e9guliers, soit de photographes b\u00e9n\u00e9voles que nous encourageons \u00e0 venir r\u00e9aliser des prises de vues dans les salles du mus\u00e9e ou lors d\u2019expositions temporaires et qui nous aident ainsi pr\u00e9cieusement \u00e0 valoriser les collections.<\/p>\n<p><img decoding=\"async\" src=\"http:\/\/cidoc.mini.icom.museum\/wp-content\/uploads\/sites\/6\/2018\/12\/RTEmagicC_Capture-Collections_MSR_sur_crotos_01_txdam22850_900980.JPG.jpg\" alt=\"\" \/><\/p>\n<p>2- Les collections du Mus\u00e9e Saint-Raymond pr\u00e9sentes sur Wikidata requ\u00eat\u00e9es par le moteur de recherche\u00a0<a href=\"https:\/\/zone47.com\/crotos\/\" target=\"_blank\" rel=\"noopener\">Crotos<\/a><\/p>\n<div>\n<p>&nbsp;<\/p>\n<\/div>\n<p>Les num\u00e9risations d\u2019oeuvres en 3D command\u00e9es dans le cadre des activit\u00e9s de l\u2019\u00e9quipe et originellement publi\u00e9es sur <a href=\"https:\/\/sketchfab.com\/museesaintraymond\" target=\"_blank\" rel=\"noopener\">Sketchfab<\/a> ainsi que celles r\u00e9alis\u00e9es par le collectif Scan the World vers\u00e9es sur <a href=\"https:\/\/www.myminifactory.com\/fr\/users\/Mus%C3%A9e%20Saint-Raymond\" target=\"_blank\" rel=\"noopener\">My Mini Factory<\/a>, sont plac\u00e9es sous la m\u00eame licence CC BY-SA. Gr\u00e2ce \u00e0 cette ouverture les fichiers ont pu \u00eatre import\u00e9s sur <a href=\"https:\/\/commons.wikimedia.org\/wiki\/Category:STL_files_from_Mus%C3%A9e_Saint-Raymond_of_Toulouse\" target=\"_blank\" rel=\"noopener\">Wiki<\/a><a href=\"https:\/\/commons.wikimedia.org\/wiki\/Category:STL_files_from_Mus%C3%A9e_Saint-Raymond_of_Toulouse\" target=\"_blank\" rel=\"noopener\">media <\/a><a href=\"https:\/\/commons.wikimedia.org\/wiki\/Category:STL_files_from_Mus%C3%A9e_Saint-Raymond_of_Toulouse\" target=\"_blank\" rel=\"noopener\">Commons<\/a> afin de d\u00e9cupler leur visibilit\u00e9 et de les lier \u00e0 l\u2019\u00e9cosyst\u00e8me wikim\u00e9dien.<\/p>\n<p>Les m\u00e9tadonn\u00e9es des photographies proviennent de <a href=\"http:\/\/tinyurl.com\/y8h75q9j\" target=\"_blank\" rel=\"noopener\">Wikidata<\/a>, base de connaissances structur\u00e9es sur laquelle nous versons progressivement nos donn\u00e9es d\u2019inventaire. Wikidata offre \u00e9galement la possibilit\u00e9 d\u2019agr\u00e9ger toutes les URL des notices sur les collections disponibles dans des bases de donn\u00e9es sp\u00e9cialis\u00e9es. Chaque \u00e9l\u00e9ment Wikidata est li\u00e9 \u00e0 la notice d\u2019inventaire interne correspondante servant ainsi de catalyseur et de passerelle entre les diff\u00e9rentes ressources num\u00e9riques documentant un m\u00eame objet. Enfin Wikidata offre l\u2019opportunit\u00e9 d\u2019int\u00e9grer les collections au web de donn\u00e9es en b\u00e9n\u00e9ficiant des alignements et d\u2019un mod\u00e8le maintenus par une communaut\u00e9 sans avoir \u00e0 acqu\u00e9rir des comp\u00e9tences techniques complexes en interne.<\/p>\n<p>&nbsp;<\/p>\n<p>La mise en place de ce double flux offre l\u2019avantage d\u2019enrichir \u00e0 la fois nos outils m\u00e9tiers et les plateformes externes au sein d\u2019un \u00e9cosyst\u00e8me au service des collections et de la diffusion des connaissances.<\/p>\n<p>Outre la facilit\u00e9 de stockage, l\u2019\u00e9volutivit\u00e9 technique des plateformes et outils et l\u2019aide d\u2019une communaut\u00e9 bienveillante \u00e0 l\u2019\u00e9gard des GLAM, investir les projets Wikimedia c\u2019est b\u00e9n\u00e9ficier d\u2019une visibilit\u00e9 internationale gr\u00e2ce au multilinguisme et bien \u00e9videmment \u00e0 la popularit\u00e9 des plateformes. Peut-on trouver meilleur lieu pour oeuvrer \u00e0 la d\u00e9mocratisation culturelle\u00a0?<\/p>\n<p><img decoding=\"async\" src=\"http:\/\/cidoc.mini.icom.museum\/wp-content\/uploads\/sites\/6\/2018\/12\/RTEmagicC_Trajans_thermae-Alice_Martin_01_txdam22852_156b56.jpg.jpg\" alt=\"\" \/><\/p>\n<p>3- R\u00e9utilisation du mod\u00e8le 3D du buste de Trajan par\u00a0Alice Martin<\/p>\n<p>Bio\u00a0:<\/p>\n<p>Christelle Molini\u00e9 a une double formation en documentation et en histoire de l\u2019art, suivie \u00e0 l\u2019Ecole du Louvre. Elle exerce dans le domaine de la documentation mus\u00e9ale depuis plus de 15 ans. Fin 2016, elle a rejoint l\u2019\u00e9quipe du mus\u00e9e Saint-Raymond au sein de laquelle elle est responsable des ressources documentaires. En outre elle contribue aux projets Wikimedia qu\u2019elle int\u00e8gre \u00e0 ses pratiques professionnelles.<\/p>\n<p><!-- Text: [end] --><\/p>\n<\/div>\n<p><!-- Image block: [end] --> <!-- BEGIN: Content of extension \"hpo_relatedlink\", plugin \"tx_hporelatedlink_pi1\" --><\/p>\n<div><\/div>\n<p><!-- END: Content of extension \"hpo_relatedlink\", plugin \"tx_hporelatedlink_pi1\" --><\/p>\n<\/div>\n<p><!-- CONTENT ELEMENT, uid:21292\/textpic [end] --> <!--TYPO3SEARCH_end--><\/p>\n<\/div>\n","protected":false},"excerpt":{"rendered":"<p>Partager le patrimoine culturel arch\u00e9ologique : open data et projets Wikimedia au mus\u00e9e Saint-Raymond de Toulouse Le mus\u00e9e Saint-Raymond est le mus\u00e9e d\u2019arch\u00e9ologie de la ville de Toulouse, situ\u00e9 dans un ancien coll\u00e8ge m\u00e9di\u00e9val \u00e0 c\u00f4t\u00e9 de la Basilique Saint-Sernin. Riche de pr\u00e8s de 27000 objets \u00e0 son inventaire il est essentiellement connu pour l\u2019ensemble [&hellip;]<\/p>\n","protected":false},"author":1,"featured_media":0,"parent":705,"menu_order":0,"comment_status":"closed","ping_status":"closed","template":"","meta":{"footnotes":""},"yst_prominent_words":[86,1123,84,1570,1177,89,203,1051],"acf":[],"_links":{"self":[{"href":"https:\/\/icom-documentation.mini.icom.museum\/fr\/wp-json\/wp\/v2\/pages\/1491"}],"collection":[{"href":"https:\/\/icom-documentation.mini.icom.museum\/fr\/wp-json\/wp\/v2\/pages"}],"about":[{"href":"https:\/\/icom-documentation.mini.icom.museum\/fr\/wp-json\/wp\/v2\/types\/page"}],"author":[{"embeddable":true,"href":"https:\/\/icom-documentation.mini.icom.museum\/fr\/wp-json\/wp\/v2\/users\/1"}],"replies":[{"embeddable":true,"href":"https:\/\/icom-documentation.mini.icom.museum\/fr\/wp-json\/wp\/v2\/comments?post=1491"}],"version-history":[{"count":3,"href":"https:\/\/icom-documentation.mini.icom.museum\/fr\/wp-json\/wp\/v2\/pages\/1491\/revisions"}],"predecessor-version":[{"id":12685,"href":"https:\/\/icom-documentation.mini.icom.museum\/fr\/wp-json\/wp\/v2\/pages\/1491\/revisions\/12685"}],"up":[{"embeddable":true,"href":"https:\/\/icom-documentation.mini.icom.museum\/fr\/wp-json\/wp\/v2\/pages\/705"}],"wp:attachment":[{"href":"https:\/\/icom-documentation.mini.icom.museum\/fr\/wp-json\/wp\/v2\/media?parent=1491"}],"wp:term":[{"taxonomy":"yst_prominent_words","embeddable":true,"href":"https:\/\/icom-documentation.mini.icom.museum\/fr\/wp-json\/wp\/v2\/yst_prominent_words?post=1491"}],"curies":[{"name":"wp","href":"https:\/\/api.w.org\/{rel}","templated":true}]}}