{"id":1461,"date":"2018-12-28T10:29:19","date_gmt":"2018-12-28T10:29:19","guid":{"rendered":"http:\/\/cidoc.icom.cust.oxymium.net\/archive\/comptes-rendus\/"},"modified":"2018-12-28T10:58:24","modified_gmt":"2018-12-28T10:58:24","slug":"comptes-rendus","status":"publish","type":"page","link":"https:\/\/icom-documentation.mini.icom.museum\/fr\/archives\/comptes-rendus\/","title":{"rendered":"Comptes rendus"},"content":{"rendered":"<div id=\"RTE_CONTENT\"> <!--TYPO3SEARCH_begin--> \t<!--  CONTENT ELEMENT, uid:19020\/text [begin] --> \t\t<\/p>\n<div id=\"c19020\"> \t\t<!--  Header: [begin] --> \t\t\t<\/p>\n<h2>Assembl\u00e9es g\u00e9n\u00e9rales annuelles<\/h2>\n<p> \t\t<!--  Header: [end] --> \t\t\t   \t<!--  \t\tBEGIN: Content of extension \"hpo_relatedlink\", plugin \"tx_hporelatedlink_pi1\"  \t--> \t<\/p>\n<div> \t\t \t<\/div>\n<p> \t \t<!-- END: Content of extension \"hpo_relatedlink\", plugin \"tx_hporelatedlink_pi1\" -->  \t<\/div>\n<p> \t<!--  CONTENT ELEMENT, uid:19020\/text [end] --> \t\t \t<!--  CONTENT ELEMENT, uid:20085\/text [begin] --> \t\t<\/p>\n<div id=\"c20085\"> \t\t<!--  Header: [begin] --> \t\t\t<\/p>\n<h2>2017, Tbilisi, Georgia, September 29<\/h2>\n<p> \t\t<!--  Header: [end] --> \t\t\t \t\t<!--  Text: [begin] --> \t\t\t<\/p>\n<p><a href=\"http:\/\/cidoc.mini.icom.museum\/wp-content\/uploads\/sites\/6\/2018\/12\/2017-09-24_CIDOCBoardMinutes_Eng_01.pdf\" title=\"TEXT, 2017-09-24 CIDOCBoard Minutes Eng 01 Board 2017 Board 2017, 2017-09-24_CIDOCBoardMinutes_Eng_01.pdf, 1.0 MB\" target=\"_blank\">AGM minutes<\/a>\u00a0(anglais)<\/p>\n<p> \t\t<!--  Text: [end] --> \t\t\t   \t<!--  \t\tBEGIN: Content of extension \"hpo_relatedlink\", plugin \"tx_hporelatedlink_pi1\"  \t--> \t<\/p>\n<div> \t\t \t<\/div>\n<p> \t \t<!-- END: Content of extension \"hpo_relatedlink\", plugin \"tx_hporelatedlink_pi1\" -->  \t<\/div>\n<p> \t<!--  CONTENT ELEMENT, uid:20085\/text [end] --> \t\t \t<!--  CONTENT ELEMENT, uid:20084\/text [begin] --> \t\t<\/p>\n<div id=\"c20084\"> \t\t<!--  Header: [begin] --> \t\t\t<\/p>\n<h2>2016 Milan, Italy, July 6<\/h2>\n<p> \t\t<!--  Header: [end] --> \t\t\t \t\t<!--  Text: [begin] --> \t\t\t<\/p>\n<p><a href=\"http:\/\/cidoc.mini.icom.museum\/wp-content\/uploads\/sites\/6\/2018\/12\/CIDOC_AGM_minutes_2016.pdf\" title=\"CIDOC_AGM_minutes_2016.pdf (82 KB)\" target=\"_blank\">AGM minutes<\/a>\u00a0(anglais)<\/p>\n<p> \t\t<!--  Text: [end] --> \t\t\t   \t<!--  \t\tBEGIN: Content of extension \"hpo_relatedlink\", plugin \"tx_hporelatedlink_pi1\"  \t--> \t<\/p>\n<div> \t\t \t<\/div>\n<p> \t \t<!-- END: Content of extension \"hpo_relatedlink\", plugin \"tx_hporelatedlink_pi1\" -->  \t<\/div>\n<p> \t<!--  CONTENT ELEMENT, uid:20084\/text [end] --> \t\t \t<!--  CONTENT ELEMENT, uid:19018\/text [begin] --> \t\t<\/p>\n<div id=\"c19018\"> \t\t<!--  Header: [begin] --> \t\t\t<\/p>\n<h2>2015 New Delhi, India, 9 Septembre<\/h2>\n<p> \t\t<!--  Header: [end] --> \t\t\t \t\t<!--  Text: [begin] --> \t\t\t<\/p>\n<p><a href=\"http:\/\/cidoc.mini.icom.museum\/wp-content\/uploads\/sites\/6\/2018\/12\/CIDOC_AGM_minutes_2015.pdf\" title=\"CIDOC_AGM_minutes_2015.pdf (3.0 MB)\" target=\"_blank\">AGM minutes<\/a> (anglais)<\/p>\n<p> \t\t<!--  Text: [end] --> \t\t\t   \t<!--  \t\tBEGIN: Content of extension \"hpo_relatedlink\", plugin \"tx_hporelatedlink_pi1\"  \t--> \t<\/p>\n<div> \t\t \t<\/div>\n<p> \t \t<!-- END: Content of extension \"hpo_relatedlink\", plugin \"tx_hporelatedlink_pi1\" -->  \t<\/div>\n<p> \t<!--  CONTENT ELEMENT, uid:19018\/text [end] --> \t\t \t<!--  CONTENT ELEMENT, uid:19016\/text [begin] --> \t\t<\/p>\n<div id=\"c19016\"> \t\t<!--  Header: [begin] --> \t\t\t<\/p>\n<h2>2014, Dresden, Germany, 10 Septembre <\/h2>\n<p> \t\t<!--  Header: [end] --> \t\t\t \t\t<!--  Text: [begin] --> \t\t\t<\/p>\n<h3> <span><a href=\"http:\/\/cidoc.mini.icom.museum\/wp-content\/uploads\/sites\/6\/2018\/12\/CIDOC_AGM_minutes_2014.pdf\" title=\"TEXT, CIDOC AGM minutes 2014 AGM 2011-13 AGM 2011-13, CIDOC_AGM_minutes_2014.pdf, 1.0 MB\" target=\"_blank\">AGM minutes<\/a><\/span><span> (anglais)<\/span> <\/h3>\n<p> \t\t<!--  Text: [end] --> \t\t\t   \t<!--  \t\tBEGIN: Content of extension \"hpo_relatedlink\", plugin \"tx_hporelatedlink_pi1\"  \t--> \t<\/p>\n<div> \t\t \t<\/div>\n<p> \t \t<!-- END: Content of extension \"hpo_relatedlink\", plugin \"tx_hporelatedlink_pi1\" -->  \t<\/div>\n<p> \t<!--  CONTENT ELEMENT, uid:19016\/text [end] --> \t\t \t<!--  CONTENT ELEMENT, uid:19014\/text [begin] --> \t\t<\/p>\n<div id=\"c19014\"> \t\t<!--  Text: [begin] --> \t\t\t<\/p>\n<h3>2013 Rio, Brazil, Aout 10<\/h3>\n<p><a href=\"http:\/\/cidoc.mini.icom.museum\/wp-content\/uploads\/sites\/6\/2018\/12\/CIDOC_AGM_minutes_2013.pdf\" title=\"CIDOC_AGM_minutes_2013.pdf (5.1 MB)\" target=\"_blank\">AGM minutes<\/a> (anglais) <\/p>\n<h3> 2012 Helsinki, Finland, Juin 13<\/h3>\n<p><a href=\"http:\/\/cidoc.mini.icom.museum\/wp-content\/uploads\/sites\/6\/2018\/12\/CIDOC_AGM_minutes_2012.pdf\" title=\"CIDOC_AGM_minutes_2012.pdf (1.1 MB)\" target=\"_blank\">AGM minutes<\/a> (anglais) <\/p>\n<h3>\u00a0<\/h3>\n<h3> 2011 Sibiu, Romania, Septembre 8<\/h3>\n<p><a href=\"http:\/\/cidoc.mini.icom.museum\/wp-content\/uploads\/sites\/6\/2018\/12\/CIDOC_AGM_minutes_2014.pdf\" title=\"CIDOC_AGM_minutes_2014.pdf (1.0 MB)\" target=\"_blank\">AGM minutes<\/a> (anglais)<\/p>\n<p> \t\t<!--  Text: [end] --> \t\t\t   \t<!--  \t\tBEGIN: Content of extension \"hpo_relatedlink\", plugin \"tx_hporelatedlink_pi1\"  \t--> \t<\/p>\n<div> \t\t \t<\/div>\n<p> \t \t<!-- END: Content of extension \"hpo_relatedlink\", plugin \"tx_hporelatedlink_pi1\" -->  \t<\/div>\n<p> \t<!--  CONTENT ELEMENT, uid:19014\/text [end] --> \t\t \t<!--  CONTENT ELEMENT, uid:19013\/text [begin] --> \t\t<\/p>\n<div id=\"c19013\"> \t\t<!--  Header: [begin] --> \t\t\t<\/p>\n<h2>R\u00e9unions du bureau<\/h2>\n<p> \t\t<!--  Header: [end] --> \t\t\t \t\t<!--  Text: [begin] --> \t\t\t<\/p>\n<ul>\n<li><a href=\"http:\/\/cidoc.mini.icom.museum\/wp-content\/uploads\/sites\/6\/2018\/12\/2018_Jan_CIDOC_Board_Winter_Meeting_minutes.pdf\" title=\"TEXT, 2018 Jan CIDOC Board Winter Meeting minutes 2018 Berlin board meeting, 2018_Jan_CIDOC_Board_Winter_Meeting_minutes.pdf, 111 KB\" target=\"_blank\">Berlin (Germany), 2-4\u00a0f\u00e9vrier\u00a02018<\/a><\/li>\n<li><a href=\"http:\/\/cidoc.mini.icom.museum\/wp-content\/uploads\/sites\/6\/2018\/12\/2017-09-24_CIDOCBoardMinutes_Eng.pdf\" title=\"TEXT, 2017-09-24 CIDOCBoard Minutes Eng Board 2017 Board 2017, 2017-09-24_CIDOCBoardMinutes_Eng.pdf, 79 KB\" target=\"_blank\">Tbilisi (Georgia), 24 september 2017<\/a><\/li>\n<li><a href=\"http:\/\/cidoc.mini.icom.museum\/wp-content\/uploads\/sites\/6\/2018\/12\/2015-01-24-Berlin-CIDOCBoardMinutes-eng.pdf\" title=\"TEXT, 2015-01-24-Berlin-CIDOCBoard Minutes-eng, 2015-01-24-Berlin-CIDOCBoardMinutes-eng.pdf, 0.9 MB\" target=\"_blank\">Berlin (Allemagne), 24\/25 janvier 2015<\/a><\/li>\n<li><a href=\"http:\/\/cidoc.mini.icom.museum\/wp-content\/uploads\/sites\/6\/2018\/12\/2014-09-08-Dresden-CIDOCBoardMinutes-eng-final_.pdf\" title=\"TEXT, 2014-09-09-Dresden-CIDOCBoard Minutes-eng-final , 2014-09-09-Dresden-CIDOCBoardMinutes-eng-final_.pdf, 455 KB\" target=\"_blank\">Dresde (Allemagne), 9 septembre 2014<\/a><\/li>\n<li> <a href=\"http:\/\/cidoc.mini.icom.museum\/wp-content\/uploads\/sites\/6\/2018\/12\/2014-02-08-Dresden-CIDOC_BoardMinutes-eng.pdf\" title=\"TEXT, 2014-02-09-Dresden-CIDOC Board Minutes-eng, 2014-02-09-Dresden-CIDOC_BoardMinutes-eng.pdf, 389 KB\" target=\"_blank\">Dresde (<\/a><a href=\"http:\/\/cidoc.mini.icom.museum\/wp-content\/uploads\/sites\/6\/2018\/12\/2014-09-08-Dresden-CIDOCBoardMinutes-eng-final_.pdf\" title=\"TEXT, 2014-09-09-Dresden-CIDOCBoard Minutes-eng-final , 2014-09-09-Dresden-CIDOCBoardMinutes-eng-final_.pdf, 455 KB\" target=\"_blank\">Allemagne<\/a><a href=\"http:\/\/cidoc.mini.icom.museum\/wp-content\/uploads\/sites\/6\/2018\/12\/2014-02-08-Dresden-CIDOC_BoardMinutes-eng.pdf\" title=\"TEXT, 2014-02-09-Dresden-CIDOC Board Minutes-eng, 2014-02-09-Dresden-CIDOC_BoardMinutes-eng.pdf, 389 KB\" target=\"_blank\">), 8\/9 f\u00e9vrier 2014<\/a> <\/li>\n<li><a href=\"http:\/\/cidoc.mini.icom.museum\/wp-content\/uploads\/sites\/6\/2018\/12\/2012-06-09-Helsinki-CIDOC-BoardMeeting.pdf\" title=\"TEXT, 2012-06-09-Helsinki-CIDOC-Board Meeting, 2012-06-09-Helsinki-CIDOC-BoardMeeting.pdf, 150 KB\" target=\"_blank\">Helsinki (Finland), 9\/15 juin 2012<\/a><\/li>\n<li><a href=\"http:\/\/cidoc.mini.icom.museum\/wp-content\/uploads\/sites\/6\/2018\/12\/2012-03-17-Helsinki-CIDOC-BoardMeeting.pdf\" title=\"TEXT, 2012-03-17 Helsinki CIDOC Board Meeting, 2012-03-17-Helsinki-CIDOC-BoardMeeting.pdf, 136 KB\" target=\"_blank\">Helsinki (Finland), 17 mars 2012<\/a><\/li>\n<li><a href=\"http:\/\/cidoc.mini.icom.museum\/wp-content\/uploads\/sites\/6\/2018\/12\/2011-09-05-Sibiu-CIDOC-BoardMeeting.pdf\" title=\"TEXT, 2011-09-05-Sibiu-CIDOC-Board Meeting, 2011-09-05-Sibiu-CIDOC-BoardMeeting.pdf, 137 KB\" target=\"_blank\">Sibiu (Romania), 5\/7 sept 2011<\/a><\/li>\n<li><a href=\"http:\/\/cidoc.mini.icom.museum\/wp-content\/uploads\/sites\/6\/2018\/12\/2011-02-05-Paris-CIDOCBoardMeeting.pdf\" title=\"TEXT, 2011-02-05-Paris-CIDOCBoard Meeting, 2011-02-05-Paris-CIDOCBoardMeeting.pdf, 163 KB\" target=\"_blank\">Paris (France), 5 f\u00e9v 2011<\/a><\/li>\n<li><a href=\"http:\/\/cidoc.mini.icom.museum\/wp-content\/uploads\/sites\/6\/2018\/12\/2010-11-10-Shanghai-CIDOCBoardMeeting.pdf\" title=\"TEXT, 2010-11-10-Shanghai-CIDOCBoard Meeting, 2010-11-10-Shanghai-CIDOCBoardMeeting.pdf, 76 KB\" target=\"_blank\">Shanghai (China), 10 nov 2010<\/a><\/li>\n<\/ul>\n<p> \t\t<!--  Text: [end] --> \t\t\t   \t<!--  \t\tBEGIN: Content of extension \"hpo_relatedlink\", plugin \"tx_hporelatedlink_pi1\"  \t--> \t<\/p>\n<div> \t\t \t<\/div>\n<p> \t \t<!-- END: Content of extension \"hpo_relatedlink\", plugin \"tx_hporelatedlink_pi1\" -->  \t<\/div>\n<p> \t<!--  CONTENT ELEMENT, uid:19013\/text [end] --> \t\t<!--TYPO3SEARCH_end--> <\/div>\n","protected":false},"excerpt":{"rendered":"<p>Assembl\u00e9es g\u00e9n\u00e9rales annuelles 2017, Tbilisi, Georgia, September 29 AGM minutes\u00a0(anglais) 2016 Milan, Italy, July 6 AGM minutes\u00a0(anglais) 2015 New Delhi, India, 9 Septembre AGM minutes (anglais) 2014, Dresden, Germany, 10 Septembre AGM minutes (anglais) 2013 Rio, Brazil, Aout 10 AGM minutes (anglais) 2012 Helsinki, Finland, Juin 13 AGM minutes (anglais) \u00a0 2011 Sibiu, Romania, Septembre [&hellip;]<\/p>\n","protected":false},"author":1,"featured_media":0,"parent":702,"menu_order":3,"comment_status":"closed","ping_status":"closed","template":"","meta":{"footnotes":""},"yst_prominent_words":[],"acf":[],"_links":{"self":[{"href":"https:\/\/icom-documentation.mini.icom.museum\/fr\/wp-json\/wp\/v2\/pages\/1461"}],"collection":[{"href":"https:\/\/icom-documentation.mini.icom.museum\/fr\/wp-json\/wp\/v2\/pages"}],"about":[{"href":"https:\/\/icom-documentation.mini.icom.museum\/fr\/wp-json\/wp\/v2\/types\/page"}],"author":[{"embeddable":true,"href":"https:\/\/icom-documentation.mini.icom.museum\/fr\/wp-json\/wp\/v2\/users\/1"}],"replies":[{"embeddable":true,"href":"https:\/\/icom-documentation.mini.icom.museum\/fr\/wp-json\/wp\/v2\/comments?post=1461"}],"version-history":[{"count":1,"href":"https:\/\/icom-documentation.mini.icom.museum\/fr\/wp-json\/wp\/v2\/pages\/1461\/revisions"}],"predecessor-version":[{"id":8827,"href":"https:\/\/icom-documentation.mini.icom.museum\/fr\/wp-json\/wp\/v2\/pages\/1461\/revisions\/8827"}],"up":[{"embeddable":true,"href":"https:\/\/icom-documentation.mini.icom.museum\/fr\/wp-json\/wp\/v2\/pages\/702"}],"wp:attachment":[{"href":"https:\/\/icom-documentation.mini.icom.museum\/fr\/wp-json\/wp\/v2\/media?parent=1461"}],"wp:term":[{"taxonomy":"yst_prominent_words","embeddable":true,"href":"https:\/\/icom-documentation.mini.icom.museum\/fr\/wp-json\/wp\/v2\/yst_prominent_words?post=1461"}],"curies":[{"name":"wp","href":"https:\/\/api.w.org\/{rel}","templated":true}]}}