{"id":12968,"date":"2025-12-09T11:55:13","date_gmt":"2025-12-09T11:55:13","guid":{"rendered":"http:\/\/icom-documentation.mini.icom.museum\/?page_id=12968"},"modified":"2026-01-26T12:50:29","modified_gmt":"2026-01-26T12:50:29","slug":"bulletin-dinformation-2024","status":"publish","type":"page","link":"https:\/\/icom-documentation.mini.icom.museum\/fr\/archives\/bulletins-precedents\/bulletin-dinformation-2024\/","title":{"rendered":"Bulletin d\u2019information 2024"},"content":{"rendered":"<p>La Lettre d&#8217;Information Annuelle d&#8217;ICOM Documentation t\u00e9moigne de notre engagement envers l&#8217;ICOM et nos membres actifs. L&#8217;\u00e9dition 2024 pr\u00e9sente un rapport du Conseil, un r\u00e9sum\u00e9 des activit\u00e9s des membres et une vue d&#8217;ensemble des \u00e9v\u00e9nements marquants de l&#8217;ann\u00e9e, notamment notre Conf\u00e9rence Internationale \u00e0 Amsterdam et l&#8217;atelier organis\u00e9 au Costa Rica.<\/p>\n<p>Elle comprend \u00e9galement des nouvelles de trois de nos Groupes de Travail actifs : le Groupe de Travail LIDO, le Groupe Sp\u00e9cial d&#8217;Int\u00e9r\u00eat CIDOC CRM (CIDOC CRM SIG) et le Mod\u00e8le d&#8217;\u00c9change de Donn\u00e9es des Objets d&#8217;Exposition (EODEM).<\/p>\n<p>Liens vers les notices dans la Biblioth\u00e8que en Ligne de l&#8217;ICOM :<\/p>\n<p><img decoding=\"async\" loading=\"lazy\" src=\"https:\/\/icom-documentation.mini.icom.museum\/wp-content\/uploads\/sites\/87\/2025\/12\/image-244x300.png\" alt=\"\" width=\"244\" height=\"300\" class=\"alignright size-medium wp-image-13013\" srcset=\"https:\/\/icom-documentation.mini.icom.museum\/wp-content\/uploads\/sites\/87\/2025\/12\/image-244x300.png 244w, https:\/\/icom-documentation.mini.icom.museum\/wp-content\/uploads\/sites\/87\/2025\/12\/image.png 610w\" sizes=\"(max-width: 244px) 100vw, 244px\" \/><\/p>\n<p>Fran\u00e7ais: <a href=\"https:\/\/icom.jlbinfo.info\/bibliotheque\/jlbWeb?html=Bur&#038;base=documentation&#038;ref=51628&#038;file=7762.pdf&#038;path=IC-documentation_newsletter_2024_fr.pdf\">PDF<\/a> | <a href=\"https:\/\/icom.jlbinfo.info\/bibliotheque\/jlbWeb?html=Pag&#038;page=Lnk&#038;ref=DE543AA825BC385FA42906CDB42CA199\">ICOM Archive Record<\/a><\/p>\n<p>Anglais: <a href=\"https:\/\/icom.jlbinfo.info\/bibliotheque\/jlbWeb?html=Bur&#038;base=documentation&#038;ref=51629&#038;file=7763.pdf&#038;path=IC-documentation_newsletter_2024_en.pdf\">PDF<\/a> | <a href=\"https:\/\/icom.jlbinfo.info\/bibliotheque\/jlbWeb?html=Pag&#038;page=Lnk&#038;ref=A49BE9C33E4BA851A64B554F98AB6EA7\">ICOM Archive Record<\/a><\/p>\n<p>Espagnol: <a href=\"https:\/\/icom.jlbinfo.info\/bibliotheque\/jlbWeb?html=Bur&#038;base=documentation&#038;ref=51630&#038;file=7764.pdf&#038;path=IC-documentation_newsletter_2024_es.pdf\">PDF<\/a> | <a href=\"https:\/\/icom.jlbinfo.info\/bibliotheque\/jlbWeb?html=Pag&#038;page=Lnk&#038;ref=EDDA955709505527F698DB2F8F47155A\">ICOM Archive Record<\/a><\/p>\n<p>Arabe: <a href=\"https:\/\/icom.jlbinfo.info\/bibliotheque\/jlbWeb?html=Bur&#038;base=documentation&#038;ref=51729&#038;file=7839.pdf&#038;path=IC-documentation_newsletter_2024_ar.pdf\">PDF<\/a> | <a href=\"https:\/\/icom.jlbinfo.info\/bibliotheque\/jlbWeb?html=Pag&#038;page=Lnk&#038;ref=5AE69E297EBE2EC17268A55AA6DE144C\">ICOM Archive Record<\/a><\/p>\n","protected":false},"excerpt":{"rendered":"<p>La Lettre d&#8217;Information Annuelle d&#8217;ICOM Documentation t\u00e9moigne de notre engagement envers l&#8217;ICOM et nos membres actifs. L&#8217;\u00e9dition 2024 pr\u00e9sente un rapport du Conseil, un r\u00e9sum\u00e9 des activit\u00e9s des membres et une vue d&#8217;ensemble des \u00e9v\u00e9nements marquants de l&#8217;ann\u00e9e, notamment notre Conf\u00e9rence Internationale \u00e0 Amsterdam et l&#8217;atelier organis\u00e9 au Costa Rica. Elle comprend \u00e9galement des nouvelles [&hellip;]<\/p>\n","protected":false},"author":119,"featured_media":13013,"parent":1134,"menu_order":0,"comment_status":"closed","ping_status":"closed","template":"","meta":{"footnotes":""},"yst_prominent_words":[474,151,1147,67,46,54,1703,89,152,1794,2195,1777,540,741],"acf":[],"_links":{"self":[{"href":"https:\/\/icom-documentation.mini.icom.museum\/fr\/wp-json\/wp\/v2\/pages\/12968"}],"collection":[{"href":"https:\/\/icom-documentation.mini.icom.museum\/fr\/wp-json\/wp\/v2\/pages"}],"about":[{"href":"https:\/\/icom-documentation.mini.icom.museum\/fr\/wp-json\/wp\/v2\/types\/page"}],"author":[{"embeddable":true,"href":"https:\/\/icom-documentation.mini.icom.museum\/fr\/wp-json\/wp\/v2\/users\/119"}],"replies":[{"embeddable":true,"href":"https:\/\/icom-documentation.mini.icom.museum\/fr\/wp-json\/wp\/v2\/comments?post=12968"}],"version-history":[{"count":4,"href":"https:\/\/icom-documentation.mini.icom.museum\/fr\/wp-json\/wp\/v2\/pages\/12968\/revisions"}],"predecessor-version":[{"id":13097,"href":"https:\/\/icom-documentation.mini.icom.museum\/fr\/wp-json\/wp\/v2\/pages\/12968\/revisions\/13097"}],"up":[{"embeddable":true,"href":"https:\/\/icom-documentation.mini.icom.museum\/fr\/wp-json\/wp\/v2\/pages\/1134"}],"wp:featuredmedia":[{"embeddable":true,"href":"https:\/\/icom-documentation.mini.icom.museum\/fr\/wp-json\/wp\/v2\/media\/13013"}],"wp:attachment":[{"href":"https:\/\/icom-documentation.mini.icom.museum\/fr\/wp-json\/wp\/v2\/media?parent=12968"}],"wp:term":[{"taxonomy":"yst_prominent_words","embeddable":true,"href":"https:\/\/icom-documentation.mini.icom.museum\/fr\/wp-json\/wp\/v2\/yst_prominent_words?post=12968"}],"curies":[{"name":"wp","href":"https:\/\/api.w.org\/{rel}","templated":true}]}}