{"id":12957,"date":"2025-12-08T11:34:49","date_gmt":"2025-12-08T11:34:49","guid":{"rendered":"http:\/\/icom-documentation.mini.icom.museum\/?page_id=12957"},"modified":"2025-12-08T11:34:49","modified_gmt":"2025-12-08T11:34:49","slug":"groupe-de-travail-sur-la-definition-de-la-documentation-museale","status":"publish","type":"page","link":"https:\/\/icom-documentation.mini.icom.museum\/fr\/groupes-travail-spec\/groupe-de-travail-sur-la-definition-de-la-documentation-museale\/","title":{"rendered":"Groupe de travail sur la d\u00e9finition de la documentation mus\u00e9ale"},"content":{"rendered":"<h3>Objectifs g\u00e9n\u00e9raux<\/h3>\n<p>Le groupe de travail a pour principaux objectifs : le d\u00e9veloppement d\u2019une d\u00e9finition officielle de la documentation mus\u00e9ale d\u00e9taillant dans un court texte la port\u00e9e, les limites et les applications des activit\u00e9s de documentation dans les mus\u00e9es ; ainsi que l\u2019\u00e9laboration d\u2019un article explorant ces questions. <\/p>\n<h3>Projets et ressources actuels<\/h3>\n<p>Version I (V.I) de la d\u00e9finition de la \u00ab documentation mus\u00e9ale \u00bb<br \/>\nArticle explicatif dont la publication est pr\u00e9vue entre l\u2019automne 2025 et le printemps 2026<\/p>\n<h3>Ressources associ\u00e9s<\/h3>\n<p><a href=\"https:\/\/docs.google.com\/document\/d\/1SA0nzqYtHAmUvDqAjTfDCLMXDWuks8AIf4vw6m5PdV4\/edit?tab=t.0#heading=h.1lpybod3ibij\">Explication et \u00e9bauche de la d\u00e9finition<\/a><\/p>\n<h3>Histoire<\/h3>\n<p>Le groupe de travail a \u00e9t\u00e9 inaugur\u00e9 en mai 2023 par le conseil d\u2019administration d\u2019ICOM DOCUMENTATION. L\u2019\u00e9bauche de cette d\u00e9finition a \u00e9t\u00e9 un processus it\u00e9ratif et collaboratif au cours duquel plusieurs opportunit\u00e9s de commenter et de soumettre une r\u00e9troaction ont \u00e9t\u00e9 offertes \u00e0 divers documentalistes mus\u00e9aux \u00e0 travers le monde. Une introduction au projet a d\u2019abord \u00e9t\u00e9 pr\u00e9sent\u00e9e aux membres de ICOM DOCUMENTATION lors d\u2019un forum tenu dans le cadre de la conf\u00e9rence annuelle de 2023 \u00e0 Mexico. La premi\u00e8re \u00e9bauche (D.I) de la d\u00e9finition a \u00e9t\u00e9 formellement soumise \u00e0 une revue par le conseil d\u2019administration ainsi que par les pr\u00e9sidents des autres groupes de travail en novembre 2023. La seconde \u00e9bauche (D.II) a \u00e9t\u00e9 formellement soumise une seconde fois au conseil d\u2019administration et aux pr\u00e9sidents de groupes de travail en mai 2024. La troisi\u00e8me \u00e9bauche (D.III) a \u00e9t\u00e9 soumise \u00e0 une revue publique lors d\u2019une discussion tenue, dans le cadre d\u2019une table ronde d\u2019une demi-journ\u00e9e, \u00e0 la conf\u00e9rence annuelle de 2024 \u00e0 Amsterdam en novembre 2024. C\u2019est de ce processus que r\u00e9sulte l\u2019\u00e9bauche actuelle (D.IV). <\/p>\n<h3>Participants et coordonn\u00e9es<\/h3>\n<p><a href=\"mailto:adele.barbato@gmail.com\">Adele Barbato<\/a>, pr\u00e9sidente<br \/>\nPaula Casajus<br \/>\nKaie Jeeser<br \/>\nGordon McKenna<br \/>\nTrilce Navarrete<br \/>\nDominic Oldman<br \/>\nJonathan Ward<\/p>\n<p><em>Fran\u00e7ais traduction<\/em>:<br \/>\nKarine L\u00e9onard Brouillet, R\u00e9seau canadien d&#8217;information sur le patrimoine (RCIP)<br \/>\nPhilippe Michon, R\u00e9seau canadien d&#8217;information sur le patrimoine (RCIP)<\/p>\n","protected":false},"excerpt":{"rendered":"<p>Objectifs g\u00e9n\u00e9raux Le groupe de travail a pour principaux objectifs : le d\u00e9veloppement d\u2019une d\u00e9finition officielle de la documentation mus\u00e9ale d\u00e9taillant dans un court texte la port\u00e9e, les limites et les applications des activit\u00e9s de documentation dans les mus\u00e9es ; ainsi que l\u2019\u00e9laboration d\u2019un article explorant ces questions. Projets et ressources actuels Version I (V.I) [&hellip;]<\/p>\n","protected":false},"author":119,"featured_media":0,"parent":12926,"menu_order":0,"comment_status":"closed","ping_status":"closed","template":"","meta":{"footnotes":""},"yst_prominent_words":[84,256,255,1149,257,1211,1200],"acf":[],"_links":{"self":[{"href":"https:\/\/icom-documentation.mini.icom.museum\/fr\/wp-json\/wp\/v2\/pages\/12957"}],"collection":[{"href":"https:\/\/icom-documentation.mini.icom.museum\/fr\/wp-json\/wp\/v2\/pages"}],"about":[{"href":"https:\/\/icom-documentation.mini.icom.museum\/fr\/wp-json\/wp\/v2\/types\/page"}],"author":[{"embeddable":true,"href":"https:\/\/icom-documentation.mini.icom.museum\/fr\/wp-json\/wp\/v2\/users\/119"}],"replies":[{"embeddable":true,"href":"https:\/\/icom-documentation.mini.icom.museum\/fr\/wp-json\/wp\/v2\/comments?post=12957"}],"version-history":[{"count":1,"href":"https:\/\/icom-documentation.mini.icom.museum\/fr\/wp-json\/wp\/v2\/pages\/12957\/revisions"}],"predecessor-version":[{"id":12958,"href":"https:\/\/icom-documentation.mini.icom.museum\/fr\/wp-json\/wp\/v2\/pages\/12957\/revisions\/12958"}],"up":[{"embeddable":true,"href":"https:\/\/icom-documentation.mini.icom.museum\/fr\/wp-json\/wp\/v2\/pages\/12926"}],"wp:attachment":[{"href":"https:\/\/icom-documentation.mini.icom.museum\/fr\/wp-json\/wp\/v2\/media?parent=12957"}],"wp:term":[{"taxonomy":"yst_prominent_words","embeddable":true,"href":"https:\/\/icom-documentation.mini.icom.museum\/fr\/wp-json\/wp\/v2\/yst_prominent_words?post=12957"}],"curies":[{"name":"wp","href":"https:\/\/api.w.org\/{rel}","templated":true}]}}