{"id":12926,"date":"2025-12-08T07:21:17","date_gmt":"2025-12-08T07:21:17","guid":{"rendered":"http:\/\/icom-documentation.mini.icom.museum\/?page_id=12926"},"modified":"2025-12-09T11:30:35","modified_gmt":"2025-12-09T11:30:35","slug":"groupes-travail-spec","status":"publish","type":"page","link":"https:\/\/icom-documentation.mini.icom.museum\/fr\/groupes-travail-spec\/","title":{"rendered":"Groupes Travail Sp\u00e9ciaux"},"content":{"rendered":"<p><a href=\"https:\/\/icom.museum\">ICOM<\/a> <a href=\"http:\/\/icom-documentation.mini.icom.museum\/\">DOCUMENTATION<\/a> compte actuellement deux Groupes de Travail sp\u00e9ciaux actifs :<\/p>\n<p><a href=\"https:\/\/icom-documentation.mini.icom.museum\/task-forces\/museum-documentation-definition-task-force\/\">Groupe de travail sur la d\u00e9finition de la documentation mus\u00e9ale<\/a><\/p>\n<p><a href=\"https:\/\/icom-documentation.mini.icom.museum\/task-forces\/documentaperu\/\">Le Groupe de Travail P\u00e9rou Documentation<\/a><\/p>\n","protected":false},"excerpt":{"rendered":"<p>ICOM DOCUMENTATION compte actuellement deux Groupes de Travail sp\u00e9ciaux actifs : Groupe de travail sur la d\u00e9finition de la documentation mus\u00e9ale Le Groupe de Travail P\u00e9rou Documentation<\/p>\n","protected":false},"author":119,"featured_media":0,"parent":0,"menu_order":0,"comment_status":"closed","ping_status":"closed","template":"","meta":{"footnotes":""},"yst_prominent_words":[151,1147,141,1157,1149,89,1178],"acf":[],"_links":{"self":[{"href":"https:\/\/icom-documentation.mini.icom.museum\/fr\/wp-json\/wp\/v2\/pages\/12926"}],"collection":[{"href":"https:\/\/icom-documentation.mini.icom.museum\/fr\/wp-json\/wp\/v2\/pages"}],"about":[{"href":"https:\/\/icom-documentation.mini.icom.museum\/fr\/wp-json\/wp\/v2\/types\/page"}],"author":[{"embeddable":true,"href":"https:\/\/icom-documentation.mini.icom.museum\/fr\/wp-json\/wp\/v2\/users\/119"}],"replies":[{"embeddable":true,"href":"https:\/\/icom-documentation.mini.icom.museum\/fr\/wp-json\/wp\/v2\/comments?post=12926"}],"version-history":[{"count":5,"href":"https:\/\/icom-documentation.mini.icom.museum\/fr\/wp-json\/wp\/v2\/pages\/12926\/revisions"}],"predecessor-version":[{"id":12965,"href":"https:\/\/icom-documentation.mini.icom.museum\/fr\/wp-json\/wp\/v2\/pages\/12926\/revisions\/12965"}],"wp:attachment":[{"href":"https:\/\/icom-documentation.mini.icom.museum\/fr\/wp-json\/wp\/v2\/media?parent=12926"}],"wp:term":[{"taxonomy":"yst_prominent_words","embeddable":true,"href":"https:\/\/icom-documentation.mini.icom.museum\/fr\/wp-json\/wp\/v2\/yst_prominent_words?post=12926"}],"curies":[{"name":"wp","href":"https:\/\/api.w.org\/{rel}","templated":true}]}}