{"id":1275,"date":"2018-12-28T10:28:43","date_gmt":"2018-12-28T10:28:43","guid":{"rendered":"http:\/\/cidoc.icom.cust.oxymium.net\/archive\/rapports-annuels\/"},"modified":"2018-12-28T10:58:25","modified_gmt":"2018-12-28T10:58:25","slug":"rapports-annuels","status":"publish","type":"page","link":"https:\/\/icom-documentation.mini.icom.museum\/fr\/archives\/rapports-annuels\/","title":{"rendered":"Rapports annuels"},"content":{"rendered":"<div id=\"RTE_CONTENT\"> <!--TYPO3SEARCH_begin--> \t<!--  CONTENT ELEMENT, uid:12284\/text [begin] --> \t\t<\/p>\n<div id=\"c12284\"> \t\t<!--  Header: [begin] --> \t\t\t<\/p>\n<h2>Rapports d&#8217;activit\u00e9 ICOM<\/h2>\n<p> \t\t<!--  Header: [end] --> \t\t\t \t\t<!--  Text: [begin] --> \t\t\t<\/p>\n<p><a href=\"http:\/\/cidoc.mini.icom.museum\/wp-content\/uploads\/sites\/6\/2018\/12\/CIDOC_ACTIVITY_REPORT_2016.pdf\" title=\"TEXT, 2015 cidoc activityreport eng, 2015_cidoc_activityreport_eng.pdf, 427 KB\" target=\"_blank\">2016 CIDOC Rapport d&#8217;activit\u00e9<\/a> <\/p>\n<p><a href=\"http:\/\/cidoc.mini.icom.museum\/wp-content\/uploads\/sites\/6\/2018\/12\/2015_cidoc_activityreport_eng.pdf\" title=\"TEXT, 2015 cidoc activityreport eng, 2015_cidoc_activityreport_eng.pdf, 427 KB\" target=\"_blank\">2015 CIDOC Rapport d&#8217;activit\u00e9<\/a> <\/p>\n<p><a href=\"http:\/\/cidoc.mini.icom.museum\/wp-content\/uploads\/sites\/6\/2018\/12\/2014919_CIDOC_activityreport_eng.pdf\" title=\"Opens internal link in current window\" target=\"_blank\">2014 CIDOC Rapport d&#8217;activit\u00e9<\/a> <\/p>\n<p><a href=\"http:\/\/cidoc.mini.icom.museum\/wp-content\/uploads\/sites\/6\/2018\/12\/CIDOC2013_activity_report_eng.pdf\" title=\"TEXT, CIDOC2013 activity report eng, CIDOC2013_activity_report_eng.pdf, 581 KB\" target=\"_blank\">2013 CIDOC Rapport d&#8217;activit\u00e9<\/a> <\/p>\n<p><a href=\"http:\/\/cidoc.mini.icom.museum\/wp-content\/uploads\/sites\/6\/2018\/12\/CIDOC_activityreport_part1_2012_eng.pdf\" title=\"TEXT, CIDOC activityreport part1 2012 eng, CIDOC_activityreport_part1_2012_eng.pdf, 457 KB\" target=\"_blank\">2012 CIDOC Rapport d&#8217;activit\u00e9<\/a> <\/p>\n<p><a href=\"http:\/\/cidoc.mini.icom.museum\/wp-content\/uploads\/sites\/6\/2018\/12\/2011_CIDOC_ActivityReport_Part1.pdf\" title=\"TEXT, 2011 CIDOC Activity Report Part1, 2011_CIDOC_ActivityReport_Part1.pdf, 623 KB\" target=\"_blank\">2011 CIDOC Rapport d&#8217;activit\u00e9<\/a> <\/p>\n<p><a href=\"http:\/\/cidoc.mini.icom.museum\/wp-content\/uploads\/sites\/6\/2018\/12\/2010_Rapport_annuel_CI_ENG_revised_2011-01-24.pdf\" title=\"TEXT, Rapport annuel CI ENG revised 2011-01-24, Rapport_annuel_CI_ENG_revised_2011-01-24.pdf, 312 KB\" target=\"_blank\">2010 CIDOC Rapport d&#8217;activit\u00e9<\/a><\/p>\n<p> \t\t<!--  Text: [end] --> \t\t\t   \t<!--  \t\tBEGIN: Content of extension \"hpo_relatedlink\", plugin \"tx_hporelatedlink_pi1\"  \t--> \t<\/p>\n<div> \t\t \t<\/div>\n<p> \t \t<!-- END: Content of extension \"hpo_relatedlink\", plugin \"tx_hporelatedlink_pi1\" -->  \t<\/div>\n<p> \t<!--  CONTENT ELEMENT, uid:12284\/text [end] --> \t\t \t<!--  CONTENT ELEMENT, uid:12283\/textpic [begin] --> \t\t<\/p>\n<div id=\"c12283\"> \t\t<!--  Header: [begin] --> \t\t\t<\/p>\n<h2>Programme de formation CIDOC<\/h2>\n<p> \t\t<!--  Header: [end] --> \t\t\t \t\t<!--  Image block: [begin] --> \t\t\t<\/p>\n<div> \t\t<!--  Text: [begin] --> \t\t\t<\/p>\n<p><a href=\"http:\/\/cidoc.mini.icom.museum\/wp-content\/uploads\/sites\/6\/2018\/12\/CIDOC_Summer_School_2015_Relatorio_EN_v3.pdf\" title=\"TEXT, CIDOC Summer School 2015 Relatorio EN v3, CIDOC_Summer_School_2015_Relatorio_EN_v3.pdf, 1.1 MB\" target=\"_blank\">S\u00e2o Paolo Training 2015<\/a> <\/p>\n<p><a href=\"http:\/\/cidoc.mini.icom.museum\/wp-content\/uploads\/sites\/6\/2018\/12\/CIDOC_Summer_School_2014_Relatorio_EN.pdf\" title=\"S\u00e3o Paolo 2014 Training\" target=\"_blank\">S\u00e3o Paolo Training 2014<\/a> <\/p>\n<p><a href=\"http:\/\/cidoc.mini.icom.museum\/wp-content\/uploads\/sites\/6\/2018\/12\/CIDOC_Summer_School_2017_Final_Report.pdf\" title=\"TEXT, CIDOC Summer School 2017 Final Report, 1.1 MB\" target=\"_blank\">Lubbock Summer School 2017<\/a> <\/p>\n<p><a href=\"http:\/\/cidoc.mini.icom.museum\/wp-content\/uploads\/sites\/6\/2018\/12\/CIDOC_Summer_School_2016_Final_Report.pdf\" title=\"TEXT, CIDOC Summer School 2015 Final Report, CIDOC_Summer_School_2016_Final_Report.pdf, 1.1 MB\" target=\"_blank\">Lubbock Summer School 2016<\/a><b><\/b><i><\/i><sub><\/sub><sup><\/sup> <\/p>\n<p><a href=\"http:\/\/cidoc.mini.icom.museum\/wp-content\/uploads\/sites\/6\/2018\/12\/CIDOC_Summer_School_2015_Final_Report.pdf\" title=\"TEXT, CIDOC Summer School 2015 Final Report, CIDOC_Summer_School_2015_Final_Report.pdf, 1.0 MB\" target=\"_blank\">Lubbock Summer School 2015<\/a> <\/p>\n<p><a href=\"http:\/\/cidoc.mini.icom.museum\/wp-content\/uploads\/sites\/6\/2018\/12\/CIDOC_Summer_School_2014_Final_Report.pdf\" title=\"TEXT, CIDOC Summer School 2014 Final Report, CIDOC_Summer_School_2014_Final_Report.pdf, 1.1 MB\" target=\"_blank\">Lubbock Summer School 2014<\/a> <\/p>\n<p><a href=\"http:\/\/cidoc.mini.icom.museum\/wp-content\/uploads\/sites\/6\/2018\/12\/CIDOC_Summer_School_2013_Final_Report.pdf\" title=\"TEXT, CIDOC Summer School 2013 Final Report, CIDOC_Summer_School_2013_Final_Report.pdf, 1.1 MB\" target=\"_blank\">Lubbock Summer School 2013<\/a> <\/p>\n<p><a href=\"http:\/\/cidoc.mini.icom.museum\/wp-content\/uploads\/sites\/6\/2018\/12\/CIDOC_Summer_School_2012_Final_Report.pdf\" title=\"CIDOC Summer School 2012 Final Report PDF (537 KB)\" target=\"_blank\">Lubbock Summer School 2012<\/a> <\/p>\n<p><a href=\"http:\/\/cidoc.mini.icom.museum\/wp-content\/uploads\/sites\/6\/2018\/12\/CIDOC_Summer_School_2011_Final_Report.pdf\" title=\"CIDOC Summer School 2011 Final Report PDF (537 KB)\" target=\"_blank\">Lubbock Summer School 2011<\/a><\/p>\n<p> \t\t<!--  Text: [end] --> \t\t\t<\/div>\n<p> \t\t<!--  Image block: [end] --> \t\t\t   \t<!--  \t\tBEGIN: Content of extension \"hpo_relatedlink\", plugin \"tx_hporelatedlink_pi1\"  \t--> \t<\/p>\n<div> \t\t \t<\/div>\n<p> \t \t<!-- END: Content of extension \"hpo_relatedlink\", plugin \"tx_hporelatedlink_pi1\" -->  \t<\/div>\n<p> \t<!--  CONTENT ELEMENT, uid:12283\/textpic [end] --> \t\t<!--TYPO3SEARCH_end--> <\/div>\n","protected":false},"excerpt":{"rendered":"<p>Rapports d&#8217;activit\u00e9 ICOM 2016 CIDOC Rapport d&#8217;activit\u00e9 2015 CIDOC Rapport d&#8217;activit\u00e9 2014 CIDOC Rapport d&#8217;activit\u00e9 2013 CIDOC Rapport d&#8217;activit\u00e9 2012 CIDOC Rapport d&#8217;activit\u00e9 2011 CIDOC Rapport d&#8217;activit\u00e9 2010 CIDOC Rapport d&#8217;activit\u00e9 Programme de formation CIDOC S\u00e2o Paolo Training 2015 S\u00e3o Paolo Training 2014 Lubbock Summer School 2017 Lubbock Summer School 2016 Lubbock Summer School 2015 [&hellip;]<\/p>\n","protected":false},"author":1,"featured_media":0,"parent":702,"menu_order":2,"comment_status":"closed","ping_status":"closed","template":"","meta":{"footnotes":""},"yst_prominent_words":[],"acf":[],"_links":{"self":[{"href":"https:\/\/icom-documentation.mini.icom.museum\/fr\/wp-json\/wp\/v2\/pages\/1275"}],"collection":[{"href":"https:\/\/icom-documentation.mini.icom.museum\/fr\/wp-json\/wp\/v2\/pages"}],"about":[{"href":"https:\/\/icom-documentation.mini.icom.museum\/fr\/wp-json\/wp\/v2\/types\/page"}],"author":[{"embeddable":true,"href":"https:\/\/icom-documentation.mini.icom.museum\/fr\/wp-json\/wp\/v2\/users\/1"}],"replies":[{"embeddable":true,"href":"https:\/\/icom-documentation.mini.icom.museum\/fr\/wp-json\/wp\/v2\/comments?post=1275"}],"version-history":[{"count":1,"href":"https:\/\/icom-documentation.mini.icom.museum\/fr\/wp-json\/wp\/v2\/pages\/1275\/revisions"}],"predecessor-version":[{"id":8828,"href":"https:\/\/icom-documentation.mini.icom.museum\/fr\/wp-json\/wp\/v2\/pages\/1275\/revisions\/8828"}],"up":[{"embeddable":true,"href":"https:\/\/icom-documentation.mini.icom.museum\/fr\/wp-json\/wp\/v2\/pages\/702"}],"wp:attachment":[{"href":"https:\/\/icom-documentation.mini.icom.museum\/fr\/wp-json\/wp\/v2\/media?parent=1275"}],"wp:term":[{"taxonomy":"yst_prominent_words","embeddable":true,"href":"https:\/\/icom-documentation.mini.icom.museum\/fr\/wp-json\/wp\/v2\/yst_prominent_words?post=1275"}],"curies":[{"name":"wp","href":"https:\/\/api.w.org\/{rel}","templated":true}]}}