{"id":12457,"date":"2024-12-04T07:48:57","date_gmt":"2024-12-04T07:48:57","guid":{"rendered":"http:\/\/icom-documentation.mini.icom.museum\/?page_id=12457"},"modified":"2025-01-23T09:11:56","modified_gmt":"2025-01-23T09:11:56","slug":"documentation-museale-et-technologies-de-linformation-bilan-et-perspectives","status":"publish","type":"page","link":"https:\/\/icom-documentation.mini.icom.museum\/fr\/evenements\/documentation-museale-et-technologies-de-linformation-bilan-et-perspectives\/","title":{"rendered":"Documentation mus\u00e9ale et technologies de l\u2019information. Bilan et perspectives."},"content":{"rendered":"<p>Le CIDOC, comit\u00e9 international pour la documentation de l\u2019ICOM vous invite \u00e0 une journ\u00e9e d\u2019\u00e9tudes pour d\u00e9couvrir ou red\u00e9couvrir ses projets visant \u00e0 promouvoir et outiller le r\u00f4le de la documentation au sein des mus\u00e9es. Cette journ\u00e9e sera \u00e9galement l\u2019occasion de faire un point d\u2019\u00e9tape sur l\u2019intelligence artificielle dans le secteur mus\u00e9al au travers de quelques projets fran\u00e7ais r\u00e9cents ou en cours dans ce domaine.<\/p>\n<p><strong>Mus\u00e9e Guimet H\u00f4tel d\u2019Heidelbach<\/strong> (19 avenue d\u2019I\u00e9na, Paris 16e)<\/p>\n<p>Vendredi 24 janvier 2025. 9H30 &#8211; 17H00<\/p>\n<h3>PROGRAMME<\/h3>\n<p style=\"text-align: center;\">9:30-10:00 Accueil caf\u00e9<\/p>\n<ul>\n<li><strong>10:00-10:15<\/strong> <em>Val\u00e9rie Guillaume (ICOM France) &amp; Lise Mesz (Mus\u00e9e Guimet)<\/em>, mot de bienvenue<\/li>\n<li><strong>10:15-11:25<\/strong> <em>Trilce Navarrete, Matthieu Bonicel, Nicholas Crofts (CIDOC)<\/em>, le comit\u00e9 CIDOC et ses projets<\/li>\n<li><strong>11:25-11:45<\/strong> <em>M\u00e9lanie Roche (Biblioth\u00e8que nationale de France)<\/em>, le mod\u00e8le s\u00e9mantique de r\u00e9f\u00e9rence CIDOC-CRM<\/li>\n<li><strong>11:45-12:10<\/strong> <em>Angelina Meslem (Service des mus\u00e9es de France)<\/em>, De l\u2019usage d\u2019Opentheso au sch\u00e9ma Lido : des perspectives concr\u00e8tes d\u2019am\u00e9lioration des donn\u00e9es du Catalogue collectif des mus\u00e9es de France.<\/li>\n<li><strong>12:10-12:30<\/strong> Questions<\/li>\n<\/ul>\n<p style=\"text-align: center;\">12:30-14:00 D\u00e9jeuner (libre)<\/p>\n<p><strong>14:00 &#8211; 15:30<\/strong> <i>Focus intelligence artificielle<\/i><\/p>\n<ul>\n<li><strong>14:00-14:20<\/strong> <em>Emmanuelle Berm\u00e8s (\u00c9cole nationale des chartes) et Marion Charpier (Mus\u00e9e des Arts d\u00e9coratifs)<\/em>, L&#8217;IA entre au mus\u00e9e ? Retour d&#8217;exp\u00e9rience du projet TORNE-H avec le Mus\u00e9e des Arts D\u00e9coratifs.<\/li>\n<li><strong>14:20-14:50<\/strong> <em>Rodolphe Bailly (Philharmonie de Paris)<\/em> L&#8217;IA pour l&#8217;assistance \u00e0 la recherche documentaire : retour d&#8217;exp\u00e9rience \u00e0 la M\u00e9diath\u00e8que de la Philharmonie de Paris<\/li>\n<li><strong>14:50-15:10<\/strong> <em>Edouard de Saint-Ours (Mus\u00e9e Guimet), M\u00e9lodie Boillet (Teklia)<\/em>, HikarIA : Etude et valorisation d&#8217;une collection de photographies anciennes du Japon par IA<\/li>\n<li><strong>15:10-15:30<\/strong> <em>Tiphaine Vacqu\u00e9 (Biblioth\u00e8que nationale de France)<\/em>, De l&#8217;exp\u00e9rimentation \u00e0 l&#8217;industrialisation : focus sur 4 projets IA \u00e0 la Biblioth\u00e8que nationale de France<\/li>\n<li><strong>15:30-15:45<\/strong> Questions<\/li>\n<\/ul>\n<p style=\"text-align: center;\">15:45-16:15 Pause caf\u00e9<\/p>\n<ul>\n<li><strong>16:15-16:35<\/strong> <em>Emmanuelle Delmas-Glas (Yale Center for British Art)<\/em> -en visioconf\u00e9rence-, Linked Art \u00e0 l&#8217;universit\u00e9 de Yale: un mod\u00e8le pour connecter les collections.<\/li>\n<li><strong>16:35-17:10<\/strong> Table ronde, Les enjeux de l\u2019intelligence artificielle (<em>tous les intervenants<\/em>)<br \/>\n<i>Mod\u00e9ration<\/i> <em>Aur\u00e9lien Conraux (Minist\u00e8re de la Culture)<\/em><\/li>\n<li><strong>17:10-17:30<\/strong> <em>Romain Delassus (Minist\u00e8re de la Culture)<\/em> Conclusion, perspectives<\/li>\n<\/ul>\n<p><em>NOTE: L\u2019\u00e9v\u00e9nement se d\u00e9roule uniquement sur place. Une captation sera mise en ligne a posteriori. <\/em><\/p>\n<p>Personne \u00e0 contacter pour toute demande :<br \/>\n<strong>Matthieu BONICEL<\/strong>, Mus\u00e9e d\u2019Orsay, membre du bureau du CIDOC pour le d\u00e9veloppement de la communaut\u00e9 francophone. <a href=\"mailto:matthieu.bonicel@musee-orsay.fr\">matthieu.bonicel@musee-orsay.fr<\/a> <\/p>\n<p><a href=\"https:\/\/icom-documentation.mini.icom.museum\/wp-content\/uploads\/sites\/87\/2025\/01\/Programme-24-janvier-2025-CIDOC-ICOM.pdf\"><img decoding=\"async\" loading=\"lazy\" src=\"https:\/\/icom-documentation.mini.icom.museum\/wp-content\/uploads\/sites\/87\/2024\/12\/CIDOC-PARIS-JANUARY-2025-SAVE-THE-DATE--300x300.jpg\" alt=\"\" width=\"300\" height=\"300\" class=\"aligncenter size-medium wp-image-12461\" srcset=\"https:\/\/icom-documentation.mini.icom.museum\/wp-content\/uploads\/sites\/87\/2024\/12\/CIDOC-PARIS-JANUARY-2025-SAVE-THE-DATE--300x300.jpg 300w, https:\/\/icom-documentation.mini.icom.museum\/wp-content\/uploads\/sites\/87\/2024\/12\/CIDOC-PARIS-JANUARY-2025-SAVE-THE-DATE--1024x1024.jpg 1024w, https:\/\/icom-documentation.mini.icom.museum\/wp-content\/uploads\/sites\/87\/2024\/12\/CIDOC-PARIS-JANUARY-2025-SAVE-THE-DATE--150x150.jpg 150w, https:\/\/icom-documentation.mini.icom.museum\/wp-content\/uploads\/sites\/87\/2024\/12\/CIDOC-PARIS-JANUARY-2025-SAVE-THE-DATE--768x768.jpg 768w, https:\/\/icom-documentation.mini.icom.museum\/wp-content\/uploads\/sites\/87\/2024\/12\/CIDOC-PARIS-JANUARY-2025-SAVE-THE-DATE--1536x1536.jpg 1536w, https:\/\/icom-documentation.mini.icom.museum\/wp-content\/uploads\/sites\/87\/2024\/12\/CIDOC-PARIS-JANUARY-2025-SAVE-THE-DATE--400x400.jpg 400w, https:\/\/icom-documentation.mini.icom.museum\/wp-content\/uploads\/sites\/87\/2024\/12\/CIDOC-PARIS-JANUARY-2025-SAVE-THE-DATE--600x600.jpg 600w, https:\/\/icom-documentation.mini.icom.museum\/wp-content\/uploads\/sites\/87\/2024\/12\/CIDOC-PARIS-JANUARY-2025-SAVE-THE-DATE-.jpg 2000w\" sizes=\"(max-width: 300px) 100vw, 300px\" \/><\/a><\/p>\n","protected":false},"excerpt":{"rendered":"<p>Le CIDOC, comit\u00e9 international pour la documentation de l\u2019ICOM vous invite \u00e0 une journ\u00e9e d\u2019\u00e9tudes pour d\u00e9couvrir ou red\u00e9couvrir ses projets visant \u00e0 promouvoir et outiller le r\u00f4le de la documentation au sein des mus\u00e9es. Cette journ\u00e9e sera \u00e9galement l\u2019occasion de faire un point d\u2019\u00e9tape sur l\u2019intelligence artificielle dans le secteur mus\u00e9al au travers de [&hellip;]<\/p>\n","protected":false},"author":119,"featured_media":0,"parent":699,"menu_order":1,"comment_status":"closed","ping_status":"closed","template":"","meta":{"footnotes":""},"yst_prominent_words":[86,84,1569],"acf":[],"_links":{"self":[{"href":"https:\/\/icom-documentation.mini.icom.museum\/fr\/wp-json\/wp\/v2\/pages\/12457"}],"collection":[{"href":"https:\/\/icom-documentation.mini.icom.museum\/fr\/wp-json\/wp\/v2\/pages"}],"about":[{"href":"https:\/\/icom-documentation.mini.icom.museum\/fr\/wp-json\/wp\/v2\/types\/page"}],"author":[{"embeddable":true,"href":"https:\/\/icom-documentation.mini.icom.museum\/fr\/wp-json\/wp\/v2\/users\/119"}],"replies":[{"embeddable":true,"href":"https:\/\/icom-documentation.mini.icom.museum\/fr\/wp-json\/wp\/v2\/comments?post=12457"}],"version-history":[{"count":15,"href":"https:\/\/icom-documentation.mini.icom.museum\/fr\/wp-json\/wp\/v2\/pages\/12457\/revisions"}],"predecessor-version":[{"id":12552,"href":"https:\/\/icom-documentation.mini.icom.museum\/fr\/wp-json\/wp\/v2\/pages\/12457\/revisions\/12552"}],"up":[{"embeddable":true,"href":"https:\/\/icom-documentation.mini.icom.museum\/fr\/wp-json\/wp\/v2\/pages\/699"}],"wp:attachment":[{"href":"https:\/\/icom-documentation.mini.icom.museum\/fr\/wp-json\/wp\/v2\/media?parent=12457"}],"wp:term":[{"taxonomy":"yst_prominent_words","embeddable":true,"href":"https:\/\/icom-documentation.mini.icom.museum\/fr\/wp-json\/wp\/v2\/yst_prominent_words?post=12457"}],"curies":[{"name":"wp","href":"https:\/\/api.w.org\/{rel}","templated":true}]}}