{"id":12156,"date":"2024-06-05T14:20:16","date_gmt":"2024-06-05T14:20:16","guid":{"rendered":"http:\/\/icom-documentation.mini.icom.museum\/?page_id=12156"},"modified":"2024-06-05T19:03:05","modified_gmt":"2024-06-05T19:03:05","slug":"cycle-de-seminaires-web-les-vendredis-du-cidoc","status":"publish","type":"page","link":"https:\/\/icom-documentation.mini.icom.museum\/fr\/cycle-de-seminaires-web-les-vendredis-du-cidoc\/","title":{"rendered":"CYCLE DE S\u00c9MINAIRES WEB \u201cLES VENDREDIS DU CIDOC\u201d"},"content":{"rendered":"<p>Le CIDOC lance un cycle de s\u00e9minaires en ligne le dernier vendredi de chaque mois \u00e0 17h00 (heure de Paris). Le premier webinaire sera consacr\u00e9 \u00e0 la Documentation des images. Rejoignez nos experts pour poser vos questions sur la documentation.<br \/>\nPour les trois premiers num\u00e9ros, nous collaborons avec le comit\u00e9 national ICOM G\u00e9orgie, pour \u00e9tudier la fa\u00e7on dont la documentation des collections mus\u00e9ales comprend des caract\u00e9ristiques mat\u00e9rielles ainsi que des informations contextuelles, pour placer l\u2019objet dans l\u2019environnement scientifique propre au mus\u00e9e qui le conserve. La documentation d\u00e9termine la vision que l\u2019on a d\u2019un objet. Dans le cas des objets iconographiques, la complexit\u00e9 r\u00e9side dans le choix \u00e0 faire sur la couche s\u00e9mantique \u00e0 documenter : d\u00e9crit-on l\u2019objet, l\u2019image ou l\u2019objet porteur d\u2019une image ?<br \/>\nRejoignez-nous pour d\u00e9couvrir comment les experts du CIDOC pr\u00e9sentent les solutions pour aborder la complexit\u00e9 de ces diff\u00e9rentes couches de description, en particulier pour les collections photographiques et vid\u00e9o.<\/p>\n<h2>S\u00e9rie<\/h2>\n<p>22.03.2024. <a href=\"https:\/\/www.youtube.com\/watch?v=IX8BeUozzLs&amp;list=PLFIc-wDuHCSrz5XIv8Y4GiDA4vMlGEjGR&amp;index=1&amp;t=23s\">Introduction g\u00e9n\u00e9rale \u00e0 la documentation des images<\/a> : Dominic Oldman (Director Kartography CIC)<br \/>\n26.04.2024. <a href=\"https:\/\/www.youtube.com\/watch?v=-epAr54x9zI&amp;list=PLFIc-wDuHCSrz5XIv8Y4GiDA4vMlGEjGR&amp;index=2\">Outils et normes disponibles<\/a>. Jonathan Ward (Senior Editor, J.P. Getty Trust) et Emmanuelle Delmas-Glass (Head of Collections Information Access, Yale Centre for British Art)<br \/>\n24.05.2024. <a href=\"https:\/\/www.youtube.com\/watch?v=hvqIp7-HdL8\">D\u00e9fis num\u00e9riques: 3D, AR, VR, IA, copies num\u00e9riques\u2026<\/a><br \/>\nDiane Zorich, Director (Digitization Program Office at Smithsonian Institution) et Frank von Hagel (Research Assistant, Institute for Museum Research SPK)<\/p>\n<p>If you want to participate with CIDOC an volunteer to translate this information contact: <a href=\"mailto:cidoc.newsletter@gmail.com\">cidoc.newsletter@gmail.com<\/a>.<\/p>\n","protected":false},"excerpt":{"rendered":"<p>Le CIDOC lance un cycle de s\u00e9minaires en ligne le dernier vendredi de chaque mois \u00e0 17h00 (heure de Paris). Le premier webinaire sera consacr\u00e9 \u00e0 la Documentation des images. Rejoignez nos experts pour poser vos questions sur la documentation. Pour les trois premiers num\u00e9ros, nous collaborons avec le comit\u00e9 national ICOM G\u00e9orgie, pour \u00e9tudier [&hellip;]<\/p>\n","protected":false},"author":119,"featured_media":0,"parent":0,"menu_order":0,"comment_status":"closed","ping_status":"closed","template":"","meta":{"footnotes":""},"yst_prominent_words":[86,1750,151,67,141,1566,258,1562,152,203,201],"acf":[],"_links":{"self":[{"href":"https:\/\/icom-documentation.mini.icom.museum\/fr\/wp-json\/wp\/v2\/pages\/12156"}],"collection":[{"href":"https:\/\/icom-documentation.mini.icom.museum\/fr\/wp-json\/wp\/v2\/pages"}],"about":[{"href":"https:\/\/icom-documentation.mini.icom.museum\/fr\/wp-json\/wp\/v2\/types\/page"}],"author":[{"embeddable":true,"href":"https:\/\/icom-documentation.mini.icom.museum\/fr\/wp-json\/wp\/v2\/users\/119"}],"replies":[{"embeddable":true,"href":"https:\/\/icom-documentation.mini.icom.museum\/fr\/wp-json\/wp\/v2\/comments?post=12156"}],"version-history":[{"count":5,"href":"https:\/\/icom-documentation.mini.icom.museum\/fr\/wp-json\/wp\/v2\/pages\/12156\/revisions"}],"predecessor-version":[{"id":12164,"href":"https:\/\/icom-documentation.mini.icom.museum\/fr\/wp-json\/wp\/v2\/pages\/12156\/revisions\/12164"}],"wp:attachment":[{"href":"https:\/\/icom-documentation.mini.icom.museum\/fr\/wp-json\/wp\/v2\/media?parent=12156"}],"wp:term":[{"taxonomy":"yst_prominent_words","embeddable":true,"href":"https:\/\/icom-documentation.mini.icom.museum\/fr\/wp-json\/wp\/v2\/yst_prominent_words?post=12156"}],"curies":[{"name":"wp","href":"https:\/\/api.w.org\/{rel}","templated":true}]}}