{"id":11722,"date":"2020-08-20T11:17:36","date_gmt":"2020-08-20T11:17:36","guid":{"rendered":"http:\/\/icom-documentation.mini.icom.museum\/blog\/diverse-ways-of-knowing-museum-collections-information-systems-erin-canning-august-2020\/"},"modified":"2025-07-07T08:46:06","modified_gmt":"2025-07-07T08:46:06","slug":"diverses-facon-connaissance-systemes-collections-erin-canning-aout-2020","status":"publish","type":"page","link":"https:\/\/icom-documentation.mini.icom.museum\/fr\/blog\/diverses-facon-connaissance-systemes-collections-erin-canning-aout-2020\/","title":{"rendered":"Faire de la place pour diverses fa\u00e7ons de savoir dans les syst\u00e8mes d&#8217;information sur les collections des mus\u00e9es &#8211; Erin Canning (ao\u00fbt 2020)"},"content":{"rendered":"<p>In light of ICOM\u2019s dedication of International Museum Day 2020 to the theme of \u201cMuseums and Equality: Diversity and Inclusion\u201d, it is worth looking at how documentation practices, policies, and infrastructures \u2013 technical and otherwise \u2013 can fit into these broader institutional goals. Committing to diversity, equity, and inclusion involves ensuring that our institutions are open to new ways of thought and practice by critically examining existing systems no matter how long they have been in place. Collections information systems should be included within the scope of such a review, as the way that data is structured within them and the kinds of knowledge that they accommodate can uphold entrenched power relations.<\/p>\n<p>&nbsp;<\/p>\n<p>This argument is based on two foundational statements:<\/p>\n<ol>\n<li>That information systems \u2013 such as collections management systems \u2013 are artifacts of systems of power, and like any other system or infrastructure, they enact the power relations of those who originally designed and created the systems to the detriment of those upon whom power is enacted; and<\/li>\n<li>That there are many different kinds of knowledges and ways to come to know things, and these should all be considered as legitimate object knowledge.<\/li>\n<\/ol>\n<p><img decoding=\"async\" loading=\"lazy\" class=\"alignnone size-full wp-image-9776\" src=\"https:\/\/icom-documentation.mini.icom.museum\/wp-content\/uploads\/sites\/87\/2020\/08\/Picture-1.png\" alt=\"\" width=\"468\" height=\"173\" srcset=\"https:\/\/icom-documentation.mini.icom.museum\/wp-content\/uploads\/sites\/87\/2020\/08\/Picture-1.png 468w, https:\/\/icom-documentation.mini.icom.museum\/wp-content\/uploads\/sites\/87\/2020\/08\/Picture-1-300x111.png 300w\" sizes=\"(max-width: 468px) 100vw, 468px\" \/><\/p>\n<p>ICOM International Museum Day 2020 \u2013 Museums for Equality: Diversity and Inclusion<br \/>\n<a href=\"https:\/\/imd.icom.museum\/past-editions\/2020-museums-for-equality-diversity-and-inclusion\/#:~:text=With%20the%20theme%20Museums%20for,what%20they%20display%20and%20the\">http:\/\/imd.icom.museum\/international-museum-day-2019\/museums-as-cultural-hubs-the-future-of-tradition\/<\/a><\/p>\n<p><strong>PART 1: THE STATE OF THE ISSUE<\/strong><\/p>\n<p>The way that our collections information management systems are designed, and the kinds of information that they afford space for, deeply influences what we view as legitimate knowledge or way of knowing:\u00a0if there is no way to hold a kind of knowledge or type of information in a collections management system, then it is relegated to a space outside of the official, institutional, source of knowledge about an object. This is one of the consequences of the design of these systems that we use to document objects and collections.\u00a0How does a knowledge seeker (system user) know that they are only seeing a part of the picture if the information system they are using does not acknowledge diverse ways of knowing? If the problem is not that there is an empty data field, but no field at all to hold a different kind of information, then it is as if that data does not exist, is not of value. As such, collections information management systems impose constrained notions of what is object information, and therefore, what is an object \u2013 and what is object knowledge. This is a system of belief that has been encoded into collections management systems.<\/p>\n<p>Furthermore, object information is contextually based: it is not simply what is known about an object, but what is known at particular points in time, based on what has been conveyed by the individuals who have made, discovered, collected, or researched an object, and the individuals who then inserted that information into a museum documentation system. These are incredibly powerful acts, with political and ethical implications.<\/p>\n<p>Traditionally, collections information management systems have been focused on the management of collections as physical assets rather than the information embodied by the objects in museum collections (Peacock, Ellis, &amp; Doolan, 2004). While they started out as digitized forms of catalogue cards and ledgers, database technologies are now fully capable of supporting the inclusion of multiple forms of knowledge. This would, however, require a revisiting of the existing standards off of which collections software is based, in order to accommodate new kinds of information as well as types of knowledges and expertise.<\/p>\n<p><img decoding=\"async\" loading=\"lazy\" class=\"alignnone size-full wp-image-9780 aligncenter\" src=\"https:\/\/icom-documentation.mini.icom.museum\/wp-content\/uploads\/sites\/87\/2020\/08\/Picture2.png\" alt=\"\" width=\"468\" height=\"374\" srcset=\"https:\/\/icom-documentation.mini.icom.museum\/wp-content\/uploads\/sites\/87\/2020\/08\/Picture2.png 468w, https:\/\/icom-documentation.mini.icom.museum\/wp-content\/uploads\/sites\/87\/2020\/08\/Picture2-300x240.png 300w\" sizes=\"(max-width: 468px) 100vw, 468px\" \/><\/p>\n<p style=\"text-align: center;\">Groupings of cognitive biases into four main categories<br \/>\n(categories by Buster Benson, visualization by John Manoogian III)<\/p>\n<p style=\"text-align: center;\"><a href=\"https:\/\/upload.wikimedia.org\/wikipedia\/commons\/a\/a4\/The_Cognitive_Bias_Codex_-_180%2B_biases%2C_designed_by_John_Manoogian_III_%28jm3%29.png\">https:\/\/upload.wikimedia.org\/wikipedia\/commons\/a\/a4\/The_Cognitive_Bias_Codex_-_180%2B_biases%2C_designed_by_John_Manoogian_III_%28jm3%29.png<\/a><strong>\u00a0<\/strong><\/p>\n<p><strong>PART 2: FEMINIST AND QUEER THEORY<\/strong><\/p>\n<p>Feminist theory and queer theory can help guide such a review, as they are both focused on interrogations of systems and relations of power and therefore are lenses through which we can approach an analysis of museum collection information systems \u2013 especially when we have goals of diversity, equity, and inclusion in mind. Ultimately, this is an analysis of those systems of power and the ways that they are built into our systems and processes, and then hides there: once a system is in place, it becomes naturalized, \u201cjust the way things are\u201d. This means we do not question how our systems are constructed, what values or judgments might be encoded into them, or why they were thought up in the first place.<\/p>\n<p>Both feminist and queer digital humanities scholarship argue that technology can be used to bring to light and critique dominant norms. Hiding within classification systems \u2013 such as collections information management systems \u2013 are encoded biases, false binaries, and implied hierarchies. Feminist thinking teaches us to question why such distinctions have come about and what values they reflect \u2013 not just the categories, but the structure of the system itself.<\/p>\n<p><img decoding=\"async\" loading=\"lazy\" class=\"alignnone size-full wp-image-9783 aligncenter\" src=\"https:\/\/icom-documentation.mini.icom.museum\/wp-content\/uploads\/sites\/87\/2020\/08\/Picture3.png\" alt=\"\" width=\"468\" height=\"175\" srcset=\"https:\/\/icom-documentation.mini.icom.museum\/wp-content\/uploads\/sites\/87\/2020\/08\/Picture3.png 468w, https:\/\/icom-documentation.mini.icom.museum\/wp-content\/uploads\/sites\/87\/2020\/08\/Picture3-300x112.png 300w\" sizes=\"(max-width: 468px) 100vw, 468px\" \/><\/p>\n<p style=\"text-align: center;\">The Feminist Data Manifesto-No is a series of commitments and refusals based on the principles of feminist data practices <a href=\"https:\/\/www.manifestno.com\/\">https:\/\/www.manifestno.com\/<\/a><\/p>\n<p>In entering an analysis of museum collections information systems using feminist and queer theories, I propose a series of guiding questions, provocations, and arguments to consider:<\/p>\n<p><strong>3 questions from feminist theory:<\/strong><\/p>\n<p>1. What would collections information management systems look like if they emerged from the concerns of feminist theory?<\/p>\n<p>This would mean not augmenting or adapting existing problematic infrastructure, but to build something entirely new.<\/p>\n<p>2. What would collections information management systems look like if they were built to show data as the products of sets of relationships of power, experiences as they have been lived?<\/p>\n<p>Feminist theory encourages us to start understanding data not as givens but as constructions that are actively created by people at times and in places \u2013 contextual in nature, and event-centric in their creation.<\/p>\n<p>3. What would collections information management systems look like if they did not prioritize only information based on physical and visual analysis, rooted in western pedagogical theory, but also made space for information that comes from engaging all of the body\u2019s senses and ways of understanding the worldin the pursuit of knowledge?<\/p>\n<p>Feminist theory urges us to prioritize those things coded as \u201cfeminine\u201d and value the ways of knowing that have been \u201cothered\u201d. Feminist theory argues that emotion and other forms of subjective experiences are legitimate sources of knowledge.<\/p>\n<p><strong><img decoding=\"async\" loading=\"lazy\" class=\" wp-image-9786 alignleft\" src=\"https:\/\/icom-documentation.mini.icom.museum\/wp-content\/uploads\/sites\/87\/2020\/08\/Picture4.png\" alt=\"\" width=\"279\" height=\"414\" srcset=\"https:\/\/icom-documentation.mini.icom.museum\/wp-content\/uploads\/sites\/87\/2020\/08\/Picture4.png 227w, https:\/\/icom-documentation.mini.icom.museum\/wp-content\/uploads\/sites\/87\/2020\/08\/Picture4-202x300.png 202w\" sizes=\"(max-width: 279px) 100vw, 279px\" \/>2 provocations from queer theory: <\/strong><\/p>\n<ol>\n<li>Everything is subjective and contextual:<\/li>\n<\/ol>\n<p>Rather than taking categories as stable and fixed, queer theory sees these them as shifting and contextual; there is no such thing as universal and unchanging information. There is no way to separate categories from the context in which they were first proposed and implemented.<\/p>\n<ol start=\"2\">\n<li>Nothing is ever complete:<\/li>\n<\/ol>\n<p>Queer theory rejects the notion that knowledge is ever complete or even finalizable. As such, queer thinking must be applied to the conceptual models to show this, not just to add new metadata.<\/p>\n<p>&nbsp;<\/p>\n<p>Excerpt from \u201c7 Ways to Visualize Gender\u201d <a href=\"https:\/\/medium.com\/sexedplus\/7-ways-to-visualize-gender-cfce56c0f050\">https:\/\/medium.com\/sexedplus\/7-ways-to-visualize-gender-cfce56c0f050<\/a><\/p>\n<p><strong>\u00a0<\/strong><\/p>\n<p>&nbsp;<\/p>\n<p>&nbsp;<\/p>\n<p><strong>1 argument for event-centric collections information data models:<\/strong><\/p>\n<p>Rather than flattening data into binaries to fit object-centric data models, we should seek to show uncertainty, contextuality, variation, instability, and multidimensionality. Event-centric data models, such as that which CIDOC-CRM takes as its base, offer a way to do this as they permit for greater flexibility and model network relationships not set hierarchies.<\/p>\n<p>Although there are specific aspects and nuances to feminist theory and queer theory, a common thread runs through them both: the relational and contextual nature of object information and meaning. Through this lens, it is clear that museum information systems must address the need to provide for different kinds of complexity of museum object information, and also integrate various sources of object information and ways of knowing.<\/p>\n<p><img decoding=\"async\" loading=\"lazy\" class=\"alignnone size-full wp-image-9789 aligncenter\" src=\"https:\/\/icom-documentation.mini.icom.museum\/wp-content\/uploads\/sites\/87\/2020\/08\/Picture5.png\" alt=\"\" width=\"337\" height=\"253\" srcset=\"https:\/\/icom-documentation.mini.icom.museum\/wp-content\/uploads\/sites\/87\/2020\/08\/Picture5.png 337w, https:\/\/icom-documentation.mini.icom.museum\/wp-content\/uploads\/sites\/87\/2020\/08\/Picture5-300x225.png 300w\" sizes=\"(max-width: 337px) 100vw, 337px\" \/><\/p>\n<p style=\"text-align: center;\">Illustration of linked data structure by Elco van Staveren <a href=\"https:\/\/www.flickr.com\/photos\/103454225@N06\/9965173654\/in\/photostream\/\">https:\/\/www.flickr.com\/photos\/103454225@N06\/9965173654\/in\/photostream\/<\/a><\/p>\n<p style=\"text-align: center;\"><strong>\u00a0<\/strong><\/p>\n<p><strong>PART 3: CONCLUSION<\/strong><\/p>\n<p>Museums must look to information systems that are based on event-centric data models and capable of including shifting, variable, and contextually known information in order to begin to address these concerns concern \u2013 such as the CIDOC-CRM. As an event-centric data model, the CIDOC-CRM provides a unique structure that is different from collections management systems software environments, which are built on object-centric information models. This is an important distinction because the CIDOC-CRM says that all information is the result of an event, which allows us to show that information is not intrinsic or static, but always the result of one or more persons encountering one or more things at a certain moment in time \u2013 and it is this meeting that results in the creation of a piece of data. Data is never inherent to something; it is only ever made by people at moments in time and space.<\/p>\n<p>Designing information systems that work towards diversity, equity, and inclusion requires new tools in our collective toolbox. We need expertise in the practical application of theory work focused on interrogations of structures of power in addition to technical and subject matter expertise. In order to begin to achieve these goals, collections information management system schemas must be based on data models that are aligned with these concerns. Two key components of this reconceptualization \u2013 both in the end product and the work involved to get there \u2013 are the development and use of event-centric information systems such as the CIDOC-CRM, and the true valuing of different knowledges and different ways of knowing.<\/p>\n<p>&nbsp;<\/p>\n<p><strong><span style=\"text-decoration: underline;\">Bio<\/span><\/strong>: Erin Canning is the Ontology Systems Analyst for <a href=\"https:\/\/nam05.safelinks.protection.outlook.com\/?url=https%3A%2F%2Flincsproject.ca%2F&amp;data=02%7C01%7Cemmanuelle.delmas-glass%40yale.edu%7C4991e576afaa4a9ab37008d81c6213da%7Cdd8cbebb21394df8b4114e3e87abeb5c%7C0%7C0%7C637290554854932150&amp;sdata=EtmZt55KQSdcZPDnYGoU7S9GDYO4ey3rXtQqj0AsRP4%3D&amp;reserved=0\">LINCS<\/a>, a 3-year project funded by the Canada Foundation for Innovation that seeks to convert large humanities datasets into an organized, interconnected, machine-processable set of resources for Canadian cultural research. Erin is interested in the possibilities that semantic data modelling offers for museum collections data in more holistic and inclusive ways, as well as feminist and queer approaches to museum data practices. Erin holds Masters degrees in Information (MI) and Museum Studies (MMst) from the University of Toronto (2018).\u00a0 Erin tweets at @eecanning<\/p>\n<p>&nbsp;<\/p>\n<p><strong>REFERENCES &amp; FURTHER READING<\/strong><strong>\u00a0<\/strong><\/p>\n<p><a name=\"_Toc34071935\"><\/a><a name=\"_Toc34071939\"><\/a>Barnett, Fiona, Zach Blas, micha c\u00e1rdenas, Jacob Gaboury, Jessica Marie Johnson, and Margaret Rhee. \u201cQueerOS: A User\u2019s Manual.\u201d In\u00a0<em>Debates in the Digital Humanities 2016<\/em>,\u00a0edited by Matthew Gold and Lauren F. Klein. Minneapolis: University of Minnesota Press, 2016.\u00a0<a href=\"https:\/\/dhdebates.gc.cuny.edu\/read\/untitled\/section\/e246e073-9e27-4bb2-88b2-af1676cb4a94#ch05\">https:\/\/dhdebates.gc.cuny.edu\/read\/untitled\/section\/e246e073-9e27-4bb2-88b2-af1676cb4a94#ch05<\/a><\/p>\n<p>Bowker, Geoffrey and Susan Leigh Star. <em>Sorting Things Out: Classification and Its Consequences<\/em>. Cambridge: MIT Press, 2000.<\/p>\n<p>Canning, Erin. <em>Affective Metadata for Object Experiences in the Art Museum<\/em> (Thesis, Master of Museum Studies). Toronto: University of Toronto, 2018. <a href=\"https:\/\/tspace.library.utoronto.ca\/bitstream\/1807\/91417\/4\/Canning_Erin_201811_MMSt_thesis.pdf\">https:\/\/tspace.library.utoronto.ca\/bitstream\/1807\/91417\/4\/Canning_Erin_201811_MMSt_thesis.pdf<\/a><\/p>\n<p>Canning, Erin. &#8220;Documenting object experiences in the art museum with CIDOC CRM.&#8221; <em>ICOM International Committee for Documentation Conference 2018<\/em>, 2018. <a href=\"http:\/\/network.icom.museum\/fileadmin\/user_upload\/minisites\/cidoc\/images\/CIDOC2018_paper_141.pdf\">http:\/\/network.icom.museum\/fileadmin\/user_upload\/minisites\/cidoc\/images\/CIDOC2018_paper_141.pdf<\/a><\/p>\n<p>Cifor, Marika, Garcia, P., Cowan, T.L., Rault, J., Sutherland, T., Chan, A., Rode, J., Hoffmann, A.L., Salehi, N., Nakamura, L. <em>Feminist Data Manifest-No<\/em>, 2019. <a href=\"https:\/\/www.manifestno.com\/\">https:\/\/www.manifestno.com\/<\/a>.<\/p>\n<p>D\u2019Ignazio, Catherine and Lauren F. Klein. <em>Data Feminism<\/em>. Cambridge: MIT Press, 2020.<\/p>\n<p>Dinsman, Melissa. \u201cThe Digital in the Humanities: An Interview with Jessica Marie Johnson<em>.\u201d\u00a0Los Angeles Review of Books<\/em>,\u00a0July 23, 2016.\u00a0<a href=\"https:\/\/lareviewofbooks.org\/article\/digital-humanities-interview-jessica-marie-johnson\/\">https:\/\/lareviewofbooks.org\/article\/digital-humanities-interview-jessica-marie-johnson\/<\/a><\/p>\n<p><a name=\"_Toc34071947\"><\/a>Drabinski, Emily. \u201cQueering the Catalog: Queer Theory and the Politics of Correction.\u201d <em>The Library Quarterly: Information, Community, Policy <\/em>vol. 83, no. 2 (April 2013), pp. 94-111. <a href=\"https:\/\/www.jstor.org\/stable\/pdf\/10.1086\/669547.pdf?refreqid=excelsior%3A5829abb4ab33b14fe7eac8b1af916d74\">https:\/\/www.jstor.org\/stable\/pdf\/10.1086\/669547.pdf?refreqid=excelsior%3A5829abb4ab33b14fe7eac8b1af916d74<\/a><\/p>\n<p><a name=\"_Toc34071948\"><\/a>Hoare, Jessica. \u201cThe practice and potential of heritage emotion research.\u201d\u00a0<em>International Journal of Heritage Studies<\/em> (2020). <a href=\"https:\/\/doi.org\/10.1080\/13527258.2020.1714696\">https:\/\/doi.org\/10.1080\/13527258.2020.1714696<\/a><\/p>\n<p>Keeling, Kara. \u201cQueer OS.\u201d\u00a0<em>Cinema Journal<\/em>\u00a053, no. 2 (Winter 2014): 152\u201357. <a href=\"https:\/\/muse.jhu.edu\/article\/535715\/pdf\">https:\/\/muse.jhu.edu\/article\/535715\/pdf<\/a><\/p>\n<p>Krmpotich, Cara and Alexander Somerville. \u201cAffective Presence: The Metonymical Catalogue.\u201d <em>Museum Anthropology<\/em> no. 29, vol. 2 (Fall 2016): 178-191. <a href=\"https:\/\/doi.org\/10.1111\/muan.12123\">https:\/\/doi.org\/10.1111\/muan.12123<\/a><\/p>\n<p>Losh, Elizabeth and Jacqueline Wernimont (eds.) <em>Bodies of Information: Intersectional Feminism and Digital Humanities<\/em>. Minneapolis: University of Minnesota Press, 2017.\u00a0<a href=\"https:\/\/dhdebates.gc.cuny.edu\/read\/untitled-4e08b137-aec5-49a4-83c0-38258425f145\/section\/466311ae-d3dc-4d50-b616-8b5d1555d231\">https:\/\/dhdebates.gc.cuny.edu\/read\/untitled-4e08b137-aec5-49a4-83c0-38258425f145\/section\/466311ae-d3dc-4d50-b616-8b5d1555d231<\/a><\/p>\n<p><a name=\"_Toc34071941\"><\/a>McPherson, Tara. \u201cWhy Are the Digital Humanities So White?\u201d In\u00a0<em>Debates in Digital Humanities 2012<\/em>,\u00a0edited by Matthew K. Gold. Minneapolis: University of Minnesota Press, 2012.\u00a0<a href=\"https:\/\/dhdebates.gc.cuny.edu\/read\/untitled-88c11800-9446-469b-a3be-3fdb36bfbd1e\/section\/20df8acd-9ab9-4f35-8a5d-e91aa5f4a0ea\">https:\/\/dhdebates.gc.cuny.edu\/read\/untitled-88c11800-9446-469b-a3be-3fdb36bfbd1e\/section\/20df8acd-9ab9-4f35-8a5d-e91aa5f4a0ea<\/a><\/p>\n<p><a name=\"_Toc34071937\"><\/a>McPherson, Tara. \u201cDesigning for Difference.\u201d\u00a0<a name=\"_Toc34071938\"><\/a><em>Differences: A Journal of Feminist Cultural Studies\u00a0<\/em>25, no. 1 (2014): 178\u201388.\u00a0<a href=\"http:\/\/townsendgroups.berkeley.edu\/sites\/default\/files\/differences_mcpherson.pdf\">http:\/\/townsendgroups.berkeley.edu\/sites\/default\/files\/differences_mcpherson.pdf<\/a><\/p>\n<p>Peacock, Darren, Ellis, Derek, and Doolan, John. \u201cSearching for Meaning: Not Just Records. In Museums and the Web 2004.\u201d <em>Museums and the Web<\/em>, 2004. <a href=\"http:\/\/www.museumsandtheweb.com\/mw2004\/papers\/peacock\/peacock.html\">http:\/\/www.museumsandtheweb.com\/mw2004\/papers\/peacock\/peacock.html<\/a><\/p>\n<p>Perry, Sara. \u201cThe Enchantment of the Archaeological Record.\u201d <em>European Journal of Archeology<\/em> vol. 22, no. 3 (August 2019): 354-371. <a href=\"https:\/\/doi.org\/10.1017\/eaa.2019.24\">https:\/\/doi.org\/10.1017\/eaa.2019.24<\/a><\/p>\n<p>Posner, Miriam. \u201cWhat\u2019s Next: The Radical, Unrealized Potential of Digital Humanities.\u201d<\/p>\n<p>In\u00a0<em>Debates in the Digital Humanities 2016<\/em>,\u00a0edited by Matthew Gold and Lauren F. Klein. Minneapolis: University of Minnesota Press, 2016. <a href=\"https:\/\/dhdebates.gc.cuny.edu\/read\/untitled\/section\/a22aca14-0eb0-4cc6-a622-6fee9428a357#ch03\">https:\/\/dhdebates.gc.cuny.edu\/read\/untitled\/section\/a22aca14-0eb0-4cc6-a622-6fee9428a357#ch03<\/a><\/p>\n<p><a name=\"_Toc34071940\"><\/a>Rhody, Lisa Marie. \u201cWhy I Dig: Feminist Approaches to Text Analysis.\u201d In\u00a0<em>Debates in the Digital Humanities 2016<\/em>,\u00a0edited by Matthew Gold and Lauren F. Klein. Minneapolis: University of Minnesota Press, 2016. <a href=\"https:\/\/dhdebates.gc.cuny.edu\/read\/untitled\/section\/508c8664-15c8-4262-a72a-e49299873d11#ch46\">https:\/\/dhdebates.gc.cuny.edu\/read\/untitled\/section\/508c8664-15c8-4262-a72a-e49299873d11#ch46<\/a><\/p>\n<p><a name=\"_Toc34071943\"><\/a><\/p>\n<p><a name=\"_Toc34071944\"><\/a><a name=\"_Toc34071942\"><\/a>Sullivan, Nikki and Middleton, Craig. <em>Queering the Museum<\/em>. Routledge, Abingdon, Oxon; New York, NY, 2020.<\/p>\n<p><a name=\"_Toc34071946\"><\/a>Waterton, Emma. \u201cA More-Than-Representational Understanding of Heritage? The \u201cPast\u201d and the Politics of Affect.\u201d <em>Geography Compass<\/em> no. 8, vol. 11 (November 2014): 823-833.\u00a0<a href=\"https:\/\/doi.org\/10.1111\/gec3.12182\">https:\/\/doi.org\/10.1111\/gec3.12182<\/a><\/p>\n<p><strong>\u00a0<\/strong><\/p>\n","protected":false},"excerpt":{"rendered":"<p>In light of ICOM\u2019s dedication of International Museum Day 2020 to the theme of \u201cMuseums and Equality: Diversity and Inclusion\u201d, it is worth looking at how documentation practices, policies, and infrastructures \u2013 technical and otherwise \u2013 can fit into these broader institutional goals. Committing to diversity, equity, and inclusion involves ensuring that our institutions are [&hellip;]<\/p>\n","protected":false},"author":33,"featured_media":0,"parent":705,"menu_order":0,"comment_status":"closed","ping_status":"closed","template":"","meta":{"footnotes":""},"yst_prominent_words":[1429,1432,1423,1421,1424,1435,1437,1434,1428,270,1258,1425,1433,1436,1226,1430,1426,1422,1427,1431],"acf":[],"_links":{"self":[{"href":"https:\/\/icom-documentation.mini.icom.museum\/fr\/wp-json\/wp\/v2\/pages\/11722"}],"collection":[{"href":"https:\/\/icom-documentation.mini.icom.museum\/fr\/wp-json\/wp\/v2\/pages"}],"about":[{"href":"https:\/\/icom-documentation.mini.icom.museum\/fr\/wp-json\/wp\/v2\/types\/page"}],"author":[{"embeddable":true,"href":"https:\/\/icom-documentation.mini.icom.museum\/fr\/wp-json\/wp\/v2\/users\/33"}],"replies":[{"embeddable":true,"href":"https:\/\/icom-documentation.mini.icom.museum\/fr\/wp-json\/wp\/v2\/comments?post=11722"}],"version-history":[{"count":4,"href":"https:\/\/icom-documentation.mini.icom.museum\/fr\/wp-json\/wp\/v2\/pages\/11722\/revisions"}],"predecessor-version":[{"id":12688,"href":"https:\/\/icom-documentation.mini.icom.museum\/fr\/wp-json\/wp\/v2\/pages\/11722\/revisions\/12688"}],"up":[{"embeddable":true,"href":"https:\/\/icom-documentation.mini.icom.museum\/fr\/wp-json\/wp\/v2\/pages\/705"}],"wp:attachment":[{"href":"https:\/\/icom-documentation.mini.icom.museum\/fr\/wp-json\/wp\/v2\/media?parent=11722"}],"wp:term":[{"taxonomy":"yst_prominent_words","embeddable":true,"href":"https:\/\/icom-documentation.mini.icom.museum\/fr\/wp-json\/wp\/v2\/yst_prominent_words?post=11722"}],"curies":[{"name":"wp","href":"https:\/\/api.w.org\/{rel}","templated":true}]}}