{"id":11681,"date":"2021-11-10T09:23:41","date_gmt":"2021-11-10T09:23:41","guid":{"rendered":"http:\/\/icom-documentation.mini.icom.museum\/blog\/eodem-the-exhibition-object-data-exchange-model\/"},"modified":"2023-08-30T07:11:37","modified_gmt":"2023-08-30T07:11:37","slug":"eodem-modele-echange-donnes-objets-exposition","status":"publish","type":"page","link":"https:\/\/icom-documentation.mini.icom.museum\/fr\/blog\/eodem-modele-echange-donnes-objets-exposition\/","title":{"rendered":"EODEM: Le mod\u00e8le d&#8217;\u00e9change de donn\u00e9es sur les objets d&#8217;exposition (Novembre 2021)"},"content":{"rendered":"<p><img decoding=\"async\" loading=\"lazy\" class=\"size-medium wp-image-10097 aligncenter\" src=\"https:\/\/icom-documentation.mini.icom.museum\/wp-content\/uploads\/sites\/87\/2021\/03\/EODEM_logo_banner_large-300x87.jpg\" alt=\"\" width=\"300\" height=\"87\" srcset=\"https:\/\/icom-documentation.mini.icom.museum\/wp-content\/uploads\/sites\/87\/2021\/03\/EODEM_logo_banner_large-300x87.jpg 300w, https:\/\/icom-documentation.mini.icom.museum\/wp-content\/uploads\/sites\/87\/2021\/03\/EODEM_logo_banner_large-768x222.jpg 768w, https:\/\/icom-documentation.mini.icom.museum\/wp-content\/uploads\/sites\/87\/2021\/03\/EODEM_logo_banner_large.jpg 1024w\" sizes=\"(max-width: 300px) 100vw, 300px\" \/><\/p>\n<p>Every day, museum staff working on loans and exhibitions across the world spend a huge amount of time copying and pasting \u2013 or, worse, retyping \u2013 object information between collections management systems (<a href=\"https:\/\/cidoc-dswg.org\/wiki\/CollectionsManagementSystem\">CMSs<\/a>) and forms or emails. The CIDOC Documentation Standards Working Group (<a href=\"https:\/\/icom-documentation.mini.icom.museum\/fr\/groupes-travail\/normes-de-documentation\/\">DSWG<\/a>) is trying to save them time.<\/p>\n<p>How? By developing an Exhibition Object Data Exchange Model (<a href=\"https:\/\/icom-documentation.mini.icom.museum\/working-groups\/documentation-standards\/eodem-home\/\">EODEM<\/a>), which will make it possible to export object exhibition data from a lender\u2019s CMS at the touch of a button, and import that data into a borrower\u2019s system \u2013 produced by a different software vendor \u2013 just as easily.<\/p>\n<figure id=\"attachment_10460\" aria-describedby=\"caption-attachment-10460\" style=\"width: 600px\" class=\"wp-caption aligncenter\"><a href=\"https:\/\/icom-documentation.mini.icom.museum\/wp-content\/uploads\/sites\/87\/2021\/11\/37721344946_f3056deeae_o-scaled.jpg\"><img decoding=\"async\" loading=\"lazy\" class=\"wp-image-10460\" src=\"https:\/\/icom-documentation.mini.icom.museum\/wp-content\/uploads\/sites\/87\/2021\/11\/37721344946_f3056deeae_o-300x167.jpg\" alt=\"Museum documentalists listing possible units of information for EODEM at the CIDOC 2017 annual conference in Tbilisi\" width=\"600\" height=\"333\" srcset=\"https:\/\/icom-documentation.mini.icom.museum\/wp-content\/uploads\/sites\/87\/2021\/11\/37721344946_f3056deeae_o-300x167.jpg 300w, https:\/\/icom-documentation.mini.icom.museum\/wp-content\/uploads\/sites\/87\/2021\/11\/37721344946_f3056deeae_o-1024x569.jpg 1024w, https:\/\/icom-documentation.mini.icom.museum\/wp-content\/uploads\/sites\/87\/2021\/11\/37721344946_f3056deeae_o-768x426.jpg 768w, https:\/\/icom-documentation.mini.icom.museum\/wp-content\/uploads\/sites\/87\/2021\/11\/37721344946_f3056deeae_o-1536x853.jpg 1536w, https:\/\/icom-documentation.mini.icom.museum\/wp-content\/uploads\/sites\/87\/2021\/11\/37721344946_f3056deeae_o-2048x1137.jpg 2048w\" sizes=\"(max-width: 600px) 100vw, 600px\" \/><\/a><figcaption id=\"caption-attachment-10460\" class=\"wp-caption-text\">Museum documentalists listing possible units of information for EODEM at the CIDOC 2017 annual conference in Tbilisi &#8211; \u00a9\u00a0ICOM Georgia via <a href=\"https:\/\/www.flickr.com\/photos\/icomgeorgia\/37099583383\">Flickr<\/a><\/figcaption><\/figure>\n<p>The project began with a conversation between Rupert Shepherd, Jonathan Whitson Cloud and Zetcom\u2019s Norbert Kanter at the CIDOC awayday to Turin during the <a href=\"https:\/\/icom-documentation.mini.icom.museum\/fr\/archives\/conferences_passees\/2016-milan\/\">2016 ICOM Triennial<\/a>. A workshop at the <a href=\"http:\/\/2017\">2017 CIDOC conference<\/a> (Tbilisi) assembled lists of the information that EODEM would need to share, and a meeting of software vendors at the <a href=\"https:\/\/icom-documentation.mini.icom.museum\/archive\/past-conferences\/2018-heraklion\/\">2018 conference<\/a> (Heraklion) agreed that the project was viable, reviewed the list of units of information from Tbilisi, and resulted in the first draft of the EODEM data profile.<\/p>\n<figure id=\"attachment_10463\" aria-describedby=\"caption-attachment-10463\" style=\"width: 600px\" class=\"wp-caption aligncenter\"><a href=\"https:\/\/icom-documentation.mini.icom.museum\/wp-content\/uploads\/sites\/87\/2021\/11\/IMG_20180930_100516-scaled.jpg\"><img decoding=\"async\" loading=\"lazy\" class=\"wp-image-10463\" src=\"https:\/\/icom-documentation.mini.icom.museum\/wp-content\/uploads\/sites\/87\/2021\/11\/IMG_20180930_100516-1024x768.jpg\" alt=\"Software vendors discussing EODEM at the CIDOC 2018 annual conference in Heraklion\" width=\"600\" height=\"450\" srcset=\"https:\/\/icom-documentation.mini.icom.museum\/wp-content\/uploads\/sites\/87\/2021\/11\/IMG_20180930_100516-1024x768.jpg 1024w, https:\/\/icom-documentation.mini.icom.museum\/wp-content\/uploads\/sites\/87\/2021\/11\/IMG_20180930_100516-300x225.jpg 300w, https:\/\/icom-documentation.mini.icom.museum\/wp-content\/uploads\/sites\/87\/2021\/11\/IMG_20180930_100516-768x576.jpg 768w, https:\/\/icom-documentation.mini.icom.museum\/wp-content\/uploads\/sites\/87\/2021\/11\/IMG_20180930_100516-1536x1152.jpg 1536w, https:\/\/icom-documentation.mini.icom.museum\/wp-content\/uploads\/sites\/87\/2021\/11\/IMG_20180930_100516-2048x1536.jpg 2048w\" sizes=\"(max-width: 600px) 100vw, 600px\" \/><\/a><figcaption id=\"caption-attachment-10463\" class=\"wp-caption-text\">Software vendors discussing EODEM at the CIDOC 2018 annual conference in Heraklion &#8211; \u00a9 Maija Ekosaari<\/figcaption><\/figure>\n<p>Since then, a small working group drawn from the DSWG and several software vendors has been meeting online. We\u2019ve finalised our list of units of information, agreed to use LIDO as our data exchange format, and mapped our units of information to a LIDO XML document. We\u2019d like to thank the LIDO Working Group (LIDO WG), who helped us with our data mapping, made changes to the new version (<a href=\"https:\/\/icom-documentation.mini.icom.museum\/working-groups\/lido\/lido-overview\/lido-schema\/\">LIDO 1.1<\/a>) to accommodate some of our requirements, and added terms to <a href=\"http:\/\/xtree-public.digicult-verbund.de\/vocnet\/?uriVocItem=http:\/\/terminology.lido-schema.org\/&amp;startNode=lido00409&amp;lang=en&amp;d=n\">LIDO Terminology<\/a>; the <a href=\"https:\/\/www.getty.edu\/research\/tools\/vocabularies\/\">Getty Vocabulary Program<\/a>, who added several terms to the <a href=\"https:\/\/www.getty.edu\/research\/tools\/vocabularies\/aat\/index.html\">AAT<\/a> for us; and <a href=\"https:\/\/collectionstrust.org.uk\/\">Collections Trust<\/a>, who have added new candidate units of information to <a href=\"https:\/\/collectionstrust.org.uk\/spectrum\/\">Spectrum<\/a> and set up a <a href=\"https:\/\/en.wikipedia.org\/wiki\/Persistent_uniform_resource_locator\">PURL<\/a> system to refer to Spectrum units.<\/p>\n<p>We\u2019re now converting our initial definition documents into a formal LIDO profile, helping the LIDO WG and <a href=\"https:\/\/www.uni-marburg.de\/de\/fotomarburg\/forschung\/laufende\/konda\">KONDA<\/a> project establish a format for defining LIDO profiles as we go. We\u2019re extremely grateful to Richard Light for the work he\u2019s doing to set up and test the XML document and associated stylesheets which will contain the profile, and present it in more human-readable formats.<\/p>\n<p><img decoding=\"async\" class=\"aligncenter\" src=\"https:\/\/icom-documentation.mini.icom.museum\/wp-content\/uploads\/sites\/87\/2021\/03\/EODEM_animation_medium.gif\" \/><\/p>\n<p>Once that\u2019s done, we can release our specification as a public beta and hand it over to CMS vendors to develop EODEM importers and exporters for their programs. We hope to use their initial feedback to finalise the EODEM profile, so that we can release it as a definitive standard.<\/p>\n<p>Whilst we want the model to be incorporated into as many CMSs \u00a0as possible, this will be a slow process: we need to persuade vendors to incorporate it into their systems, which must then be rolled out to users \u2013 and we all know how long it can take museums to upgrade to the latest version of their CMS. But I\u2019m pleased to say that nine vendors are already either developing, or planning to develop, an EODEM exporter \u2013 and four are working on an importer, too.<\/p>\n<p>You can read more <a href=\"https:\/\/icom-documentation.mini.icom.museum\/working-groups\/documentation-standards\/eodem-home\/\">here<\/a>. If you&#8217;re interested in collaborating in the EODEM project &#8211; particularly if you want to implement EODEM in a collections management system &#8211; please get in touch with Rupert Shepherd using the <a href=\"https:\/\/rupertshepherd.info\/contact\">Contact page on his website<\/a>.<\/p>\n","protected":false},"excerpt":{"rendered":"<p>Every day, museum staff working on loans and exhibitions across the world spend a huge amount of time copying and pasting \u2013 or, worse, retyping \u2013 object information between collections management systems (CMSs) and forms or emails. The CIDOC Documentation Standards Working Group (DSWG) is trying to save them time. How? By developing an Exhibition [&hellip;]<\/p>\n","protected":false},"author":70,"featured_media":10461,"parent":705,"menu_order":0,"comment_status":"closed","ping_status":"closed","template":"","meta":{"footnotes":""},"yst_prominent_words":[373,145,573,485,2032,1713,270,484,1712,1999,500,267],"acf":[],"_links":{"self":[{"href":"https:\/\/icom-documentation.mini.icom.museum\/fr\/wp-json\/wp\/v2\/pages\/11681"}],"collection":[{"href":"https:\/\/icom-documentation.mini.icom.museum\/fr\/wp-json\/wp\/v2\/pages"}],"about":[{"href":"https:\/\/icom-documentation.mini.icom.museum\/fr\/wp-json\/wp\/v2\/types\/page"}],"author":[{"embeddable":true,"href":"https:\/\/icom-documentation.mini.icom.museum\/fr\/wp-json\/wp\/v2\/users\/70"}],"replies":[{"embeddable":true,"href":"https:\/\/icom-documentation.mini.icom.museum\/fr\/wp-json\/wp\/v2\/comments?post=11681"}],"version-history":[{"count":2,"href":"https:\/\/icom-documentation.mini.icom.museum\/fr\/wp-json\/wp\/v2\/pages\/11681\/revisions"}],"predecessor-version":[{"id":11684,"href":"https:\/\/icom-documentation.mini.icom.museum\/fr\/wp-json\/wp\/v2\/pages\/11681\/revisions\/11684"}],"up":[{"embeddable":true,"href":"https:\/\/icom-documentation.mini.icom.museum\/fr\/wp-json\/wp\/v2\/pages\/705"}],"wp:featuredmedia":[{"embeddable":true,"href":"https:\/\/icom-documentation.mini.icom.museum\/fr\/wp-json\/wp\/v2\/media\/10461"}],"wp:attachment":[{"href":"https:\/\/icom-documentation.mini.icom.museum\/fr\/wp-json\/wp\/v2\/media?parent=11681"}],"wp:term":[{"taxonomy":"yst_prominent_words","embeddable":true,"href":"https:\/\/icom-documentation.mini.icom.museum\/fr\/wp-json\/wp\/v2\/yst_prominent_words?post=11681"}],"curies":[{"name":"wp","href":"https:\/\/api.w.org\/{rel}","templated":true}]}}