{"id":1134,"date":"2018-12-28T10:28:14","date_gmt":"2018-12-28T10:28:14","guid":{"rendered":"http:\/\/cidoc.icom.cust.oxymium.net\/archive\/bulletins-precedents\/"},"modified":"2025-12-09T12:03:44","modified_gmt":"2025-12-09T12:03:44","slug":"bulletins-precedents","status":"publish","type":"page","link":"https:\/\/icom-documentation.mini.icom.museum\/fr\/archives\/bulletins-precedents\/","title":{"rendered":"Bulletins pr\u00e9c\u00e9dents"},"content":{"rendered":"<div id=\"RTE_CONTENT\"> <!--TYPO3SEARCH_begin--> \t<!--  CONTENT ELEMENT, uid:5535\/text [begin] --> \t\t<\/p>\n<div id=\"c5535\"> \t\t<!--  Text: [begin] --> \t\t\t<\/p>\n<p>Depuis 1989, CIDOC publiait r\u00e9guli\u00e8rement un bulletin annuel jusqu&#8217;en 2000, lorsque les co\u00fbts d&#8217;impression et de distribution sont devenus trop \u00e9lev\u00e9s. Apr\u00e8s une p\u00e9riode de r\u00e9flexion, nous avons relanc\u00e9 la production du bulletin en 2006. Les bulletins r\u00e9cents sont disponibles \u00e0 la fois sous forme imprim\u00e9e et sous forme de fichier PDF.  <\/p>\n<p>A l&#8217;avenir, nous avons l&#8217;intention de poursuivre la production d&#8217;un bulletin d&#8217;information r\u00e9guli\u00e8rement, mais afin de r\u00e9duire les co\u00fbts, les moyens \u00e9lectroniques seront favoris\u00e9s. Des copies imprim\u00e9es sont toutefois disponibles sur demande, jusqu&#8217;\u00e0 \u00e9puisement des stocks. <\/p>\n<p>Si vous avez des nouvelles ou des articles que vous souhaitez partager, contacter l&#8217;\u00e9diteur, <a href=\"mailto:cidoc.newsletter@gmail.com\">Edurne Uriarte Santill\u00e1n<\/a>. <\/p>\n<p>Vous trouverez ici tous les bulletins de CIDOC publi\u00e9s depuis 1989. La plupart des sont accessibles en ligne au format PDF. Nous travaillons afin de rendre disponible en ligne tous les anciens num\u00e9ros. <\/p>\n<hr>\n<p> \t\t<!--  Text: [end] --> \t\t\t   \t<!--  \t\tBEGIN: Content of extension \"hpo_relatedlink\", plugin \"tx_hporelatedlink_pi1\"  \t--> \t<\/p>\n<div> \t\t \t<\/div>\n<p> \t \t<!-- END: Content of extension \"hpo_relatedlink\", plugin \"tx_hporelatedlink_pi1\" -->  \t<\/div>\n<p> \t<!--  CONTENT ELEMENT, uid:5535\/text [end] --> \t\t<!--TYPO3SEARCH_end--> <\/div>\n<p><a href=\"https:\/\/icom-documentation.mini.icom.museum\/archive\/past-newsletters\/2024-newsletter\/\">2024<\/a><\/p>\n<p class=\"bodytext\"><a class=\"internal-link\" title=\"Opens internal link in current window\" href=\"https:\/\/icom-documentation.mini.icom.museum\/archive\/past-newsletters\/newsletter-2023\/\">2023<\/a><\/p>\n","protected":false},"excerpt":{"rendered":"<p>Depuis 1989, CIDOC publiait r\u00e9guli\u00e8rement un bulletin annuel jusqu&#8217;en 2000, lorsque les co\u00fbts d&#8217;impression et de distribution sont devenus trop \u00e9lev\u00e9s. Apr\u00e8s une p\u00e9riode de r\u00e9flexion, nous avons relanc\u00e9 la production du bulletin en 2006. Les bulletins r\u00e9cents sont disponibles \u00e0 la fois sous forme imprim\u00e9e et sous forme de fichier PDF. A l&#8217;avenir, nous [&hellip;]<\/p>\n","protected":false},"author":1,"featured_media":0,"parent":702,"menu_order":1,"comment_status":"closed","ping_status":"closed","template":"","meta":{"footnotes":""},"yst_prominent_words":[543,151,67,161,89,203,91],"acf":[],"_links":{"self":[{"href":"https:\/\/icom-documentation.mini.icom.museum\/fr\/wp-json\/wp\/v2\/pages\/1134"}],"collection":[{"href":"https:\/\/icom-documentation.mini.icom.museum\/fr\/wp-json\/wp\/v2\/pages"}],"about":[{"href":"https:\/\/icom-documentation.mini.icom.museum\/fr\/wp-json\/wp\/v2\/types\/page"}],"author":[{"embeddable":true,"href":"https:\/\/icom-documentation.mini.icom.museum\/fr\/wp-json\/wp\/v2\/users\/1"}],"replies":[{"embeddable":true,"href":"https:\/\/icom-documentation.mini.icom.museum\/fr\/wp-json\/wp\/v2\/comments?post=1134"}],"version-history":[{"count":4,"href":"https:\/\/icom-documentation.mini.icom.museum\/fr\/wp-json\/wp\/v2\/pages\/1134\/revisions"}],"predecessor-version":[{"id":12977,"href":"https:\/\/icom-documentation.mini.icom.museum\/fr\/wp-json\/wp\/v2\/pages\/1134\/revisions\/12977"}],"up":[{"embeddable":true,"href":"https:\/\/icom-documentation.mini.icom.museum\/fr\/wp-json\/wp\/v2\/pages\/702"}],"wp:attachment":[{"href":"https:\/\/icom-documentation.mini.icom.museum\/fr\/wp-json\/wp\/v2\/media?parent=1134"}],"wp:term":[{"taxonomy":"yst_prominent_words","embeddable":true,"href":"https:\/\/icom-documentation.mini.icom.museum\/fr\/wp-json\/wp\/v2\/yst_prominent_words?post=1134"}],"curies":[{"name":"wp","href":"https:\/\/api.w.org\/{rel}","templated":true}]}}