{"id":1125,"date":"2018-12-28T10:28:02","date_gmt":"2018-12-28T10:28:02","guid":{"rendered":"http:\/\/cidoc.icom.cust.oxymium.net\/events\/sessions-de-formation\/"},"modified":"2018-12-28T10:58:26","modified_gmt":"2018-12-28T10:58:26","slug":"sessions-de-formation","status":"publish","type":"page","link":"https:\/\/icom-documentation.mini.icom.museum\/fr\/evenements\/sessions-de-formation\/","title":{"rendered":"Sessions de formation"},"content":{"rendered":"<div id=\"RTE_CONTENT\"> <!--TYPO3SEARCH_begin--> \t<!--  CONTENT ELEMENT, uid:12924\/textpic [begin] --> \t\t<\/p>\n<div id=\"c12924\"> \t\t<!--  Header: [begin] --> \t\t\t<\/p>\n<h2>Programmes de formation du CIDOC<\/h2>\n<p> \t\t<!--  Header: [end] --> \t\t\t \t\t<!--  Image block: [begin] --> \t\t\t<\/p>\n<div> \t\t<!--  Text: [begin] --> \t\t\t<\/p>\n<p>Travaillant en partenariat avec le Mus\u00e9e de la Texas Tech University (Mottu), CIDOC a \u00e9labor\u00e9 un programme de formation novateur: <i>l&#8217;\u00c9cole d&#8217;\u00e9t\u00e9 du CIDOC<\/i>. <\/p>\n<p>Destin\u00e9 aussi bien aux personnes exp\u00e9riment\u00e9es et aux d\u00e9butants dans le domaine de la documentation mus\u00e9ale, le programme r\u00e9unit des experts reconnus &#8211; membres du CIDOC et acad\u00e9miques &#8211; avec des professionnels de la documentation en qu\u00eate de conseils et de formation. Les activit\u00e9s de formation ont lieu chaque ann\u00e9e, \u00e0 diff\u00e9rents endroits, en anglais et d&#8217;autres langues. <\/p>\n<p>Surveillez cet espace pour des annonces des \u00e9v\u00e9nements planifi\u00e9s! <\/p>\n<hr>\n<p> \t\t<!--  Text: [end] --> \t\t\t<\/div>\n<p> \t\t<!--  Image block: [end] --> \t\t\t   \t<!--  \t\tBEGIN: Content of extension \"hpo_relatedlink\", plugin \"tx_hporelatedlink_pi1\"  \t--> \t<\/p>\n<div> \t\t \t<\/div>\n<p> \t \t<!-- END: Content of extension \"hpo_relatedlink\", plugin \"tx_hporelatedlink_pi1\" -->  \t<\/div>\n<p> \t<!--  CONTENT ELEMENT, uid:12924\/textpic [end] --> \t\t \t<!--  CONTENT ELEMENT, uid:16713\/text [begin] --> \t\t<\/p>\n<div id=\"c16713\"> \t\t<!--  Header: [begin] --> \t\t\t<\/p>\n<h2>CIDOC Universit\u00e9 d&#8217;\u00e9t\u00e9 aux Etats Unis<\/h2>\n<p> \t\t<!--  Header: [end] --> \t\t\t \t\t<!--  Text: [begin] --> \t\t\t<\/p>\n<p><img decoding=\"async\" alt=\"CIDOC Training Programme in Museum Documentation\" src=\"https:\/\/icom-documentation.mini.icom.museum\/wp-content\/uploads\/sites\/87\/2018\/12\/RTEmagicC_8afc79bcbc.png.png\"> <\/p>\n<p><b><span>CIDOC formation 2018 &#8211; l&#8217;inscription ouverte<\/span><\/b>  <\/p>\n<p>31 juillet au 3 ao\u00fbt 2018, cours en anglais <\/p>\n<p><a href=\"https:\/\/cidoc.open-world.ch\/Training\/TX2018\" title=\"CIDOC 2018 Summer School, Texas USA\" target=\"_blank\">Principes et pratique de la documentation mus\u00e9ale<\/a> <\/p>\n<p>Museum of Texas Tech University, Lubbock USA <\/p>\n<p>L&#8217;inscription est maintenant ouverte pour l&#8217;\u00c9cole d&#8217;\u00e9t\u00e9 2018 du CIDOC au Mus\u00e9e de l&#8217;Universit\u00e9 Texas Tech &#8211; <i id=\"yiv3658037086yui_3_16_0_ym18_1_1458475204082_33197\">Principes et pratique de la documentation mus\u00e9ale<\/i> juillet 31 &#8211; 3 ao\u00fbt.<\/p>\n<p> Il s\u2019agit d\u2019un \u00e9v\u00e9nement annuel, organis\u00e9 depuis 2011. Au fil des ann\u00e9es, nous avons form\u00e9 plusieurs centaines de participants.<\/p>\n<p> Les sujets vari\u00e9s sont abord\u00e9s, allant des connaissances de base jusqu\u2019au niveau avanc\u00e9. Comme pour les ann\u00e9es pr\u00e9c\u00e9dentes, un h\u00e9bergement en dortoir est disponible sur le campus pour seulement 30 USD par nuit. Petit-d\u00e9jeuner, d\u00e9jeuner et pauses caf\u00e9 sont tous inclus dans les frais d&#8217;inscription :\u00a0 300 USD (250 USD pour les membres de l&#8217;ICOM).<\/p>\n<p> Le programme complet peut \u00eatre consult\u00e9 sur le site de l&#8217;\u00c9cole d&#8217;\u00e9t\u00e9 2018 :<br \/> <a href=\"https:\/\/cidoc.open-world.ch\/Training\/TX2018\" title=\"Opens external link in new window\" target=\"_blank\">https:\/\/cidoc.open-world.ch\/Training\/TX2018<\/a><\/p>\n<p><span>Contactez -nous si vous avez des questions!<\/span><\/p>\n<hr>\n<p> \t\t<!--  Text: [end] --> \t\t\t   \t<!--  \t\tBEGIN: Content of extension \"hpo_relatedlink\", plugin \"tx_hporelatedlink_pi1\"  \t--> \t<\/p>\n<div> \t\t \t<\/div>\n<p> \t \t<!-- END: Content of extension \"hpo_relatedlink\", plugin \"tx_hporelatedlink_pi1\" -->  \t<\/div>\n<p> \t<!--  CONTENT ELEMENT, uid:16713\/text [end] --> \t\t \t<!--  CONTENT ELEMENT, uid:20973\/textpic [begin] --> \t\t<\/p>\n<div id=\"c20973\"> \t\t<!--  Header: [begin] --> \t\t\t<\/p>\n<h2>Documentation du patrimoine immat\u00e9riel, Lausanne, Suisse <\/h2>\n<p> \t\t<!--  Header: [end] --> \t\t\t \t\t<!--  Image block: [begin] --> \t\t\t<\/p>\n<div> \t\t<!--  Text: [begin] --> \t\t\t<\/p>\n<p> <b> Formation CIDOC 2018 &#8211; inscription maintenant ouverte! <\/b>  <\/p>\n<h3> <a href=\"https:\/\/cidoc.open-world.ch\/Training\/EPFL2018\" target=\"_\"> Archivage du patrimoine culturel immat\u00e9riel <\/a> <\/h3>\n<p> Du 6 au 10 ao\u00fbt 2018, cours en fran\u00e7ais\/anglais <\/p>\n<p> ArtLab et eM+ de l&#8217;EPFL, Lausanne, Suisse  <\/p>\n<p> <img decoding=\"async\" src=\"https:\/\/icom-documentation.mini.icom.museum\/wp-content\/uploads\/sites\/87\/2018\/12\/RTEmagicC_dba32c79d3.jpg.jpg\" alt=\"\">  <\/p>\n<p> L&#8217;\u00e9cole d&#8217;\u00e9t\u00e9 CIDOC Training Association se tiendra pour la premi\u00e8re fois en Suisse, sur le campus de l&#8217;EPFL \u00e0 Lausanne, surplombant le lac L\u00e9man.  <\/p>\n<p> L&#8217;\u00e9v\u00e9nement est organis\u00e9 conjointement avec le Symposium: <i> Archiver le patrimoine culturel immat\u00e9riel &#8211; un symposium sur les traditions vivantes <\/i> et l&#8217;exposition EPFL ArtLab <i> Kung Fu Motion<\/i>. <\/p>\n<p> Les ateliers de l&#8217;\u00e9cole d&#8217;\u00e9t\u00e9, qui seront traduits en fran\u00e7ais et en anglais, couvriront l&#8217;essentiel de la th\u00e9orie et de la pratique de la documentation mus\u00e9ale, en mettant l&#8217;accent sur la documentation des traditions vivantes et du patrimoine immat\u00e9riel.  <\/p>\n<p> L&#8217;\u00e9v\u00e9nement comprend des conf\u00e9rences, des ateliers de formation, des visites d&#8217;expositions et des visites dans les coulisses. <\/p>\n<hr>\n<p> \t\t<!--  Text: [end] --> \t\t\t<\/div>\n<p> \t\t<!--  Image block: [end] --> \t\t\t   \t<!--  \t\tBEGIN: Content of extension \"hpo_relatedlink\", plugin \"tx_hporelatedlink_pi1\"  \t--> \t<\/p>\n<div> \t\t \t<\/div>\n<p> \t \t<!-- END: Content of extension \"hpo_relatedlink\", plugin \"tx_hporelatedlink_pi1\" -->  \t<\/div>\n<p> \t<!--  CONTENT ELEMENT, uid:20973\/textpic [end] --> \t\t \t<!--  CONTENT ELEMENT, uid:20849\/textpic [begin] --> \t\t<\/p>\n<div id=\"c20849\"> \t\t<!--  Header: [begin] --> \t\t\t<\/p>\n<h2>CIDOC Programme de formation \u00e0 Tartu, Estonie<\/h2>\n<p> \t\t<!--  Header: [end] --> \t\t\t \t\t<!--  Image block: [begin] --> \t\t\t<\/p>\n<div> \t\t<!--  Text: [begin] --> \t\t\t<\/p>\n<p><b>Formation\u00a0CIDOC 2018 &#8211; inscription ouverte<\/b>! <\/p>\n<h3><a href=\"https:\/\/cidoc.open-world.ch\/Training\/EE2018\" title=\"Opens external link in new window\" target=\"_blank\">Patrimoine culturel num\u00e9rique<\/a><\/h3>\n<p>12 &#8211; 17 ao\u00fbt 2018, cours en estonian (et un peu en anglais)  <\/p>\n<p>Universtit\u00e9 de Tartu, Estonie <\/p>\n<p><img decoding=\"async\" src=\"https:\/\/icom-documentation.mini.icom.museum\/wp-content\/uploads\/sites\/87\/2018\/12\/RTEmagicC_Summer_School_logo_2col_freehand_02.png.png\" alt=\"\"><\/p>\n<hr>\n<p> \t\t<!--  Text: [end] --> \t\t\t<\/div>\n<p> \t\t<!--  Image block: [end] --> \t\t\t   \t<!--  \t\tBEGIN: Content of extension \"hpo_relatedlink\", plugin \"tx_hporelatedlink_pi1\"  \t--> \t<\/p>\n<div> \t\t \t<\/div>\n<p> \t \t<!-- END: Content of extension \"hpo_relatedlink\", plugin \"tx_hporelatedlink_pi1\" -->  \t<\/div>\n<p> \t<!--  CONTENT ELEMENT, uid:20849\/textpic [end] --> \t\t<!--TYPO3SEARCH_end--> <\/div>\n","protected":false},"excerpt":{"rendered":"<p>Programmes de formation du CIDOC Travaillant en partenariat avec le Mus\u00e9e de la Texas Tech University (Mottu), CIDOC a \u00e9labor\u00e9 un programme de formation novateur: l&#8217;\u00c9cole d&#8217;\u00e9t\u00e9 du CIDOC. Destin\u00e9 aussi bien aux personnes exp\u00e9riment\u00e9es et aux d\u00e9butants dans le domaine de la documentation mus\u00e9ale, le programme r\u00e9unit des experts reconnus &#8211; membres du CIDOC [&hellip;]<\/p>\n","protected":false},"author":1,"featured_media":0,"parent":699,"menu_order":2,"comment_status":"closed","ping_status":"closed","template":"","meta":{"footnotes":""},"yst_prominent_words":[],"acf":[],"_links":{"self":[{"href":"https:\/\/icom-documentation.mini.icom.museum\/fr\/wp-json\/wp\/v2\/pages\/1125"}],"collection":[{"href":"https:\/\/icom-documentation.mini.icom.museum\/fr\/wp-json\/wp\/v2\/pages"}],"about":[{"href":"https:\/\/icom-documentation.mini.icom.museum\/fr\/wp-json\/wp\/v2\/types\/page"}],"author":[{"embeddable":true,"href":"https:\/\/icom-documentation.mini.icom.museum\/fr\/wp-json\/wp\/v2\/users\/1"}],"replies":[{"embeddable":true,"href":"https:\/\/icom-documentation.mini.icom.museum\/fr\/wp-json\/wp\/v2\/comments?post=1125"}],"version-history":[{"count":1,"href":"https:\/\/icom-documentation.mini.icom.museum\/fr\/wp-json\/wp\/v2\/pages\/1125\/revisions"}],"predecessor-version":[{"id":8832,"href":"https:\/\/icom-documentation.mini.icom.museum\/fr\/wp-json\/wp\/v2\/pages\/1125\/revisions\/8832"}],"up":[{"embeddable":true,"href":"https:\/\/icom-documentation.mini.icom.museum\/fr\/wp-json\/wp\/v2\/pages\/699"}],"wp:attachment":[{"href":"https:\/\/icom-documentation.mini.icom.museum\/fr\/wp-json\/wp\/v2\/media?parent=1125"}],"wp:term":[{"taxonomy":"yst_prominent_words","embeddable":true,"href":"https:\/\/icom-documentation.mini.icom.museum\/fr\/wp-json\/wp\/v2\/yst_prominent_words?post=1125"}],"curies":[{"name":"wp","href":"https:\/\/api.w.org\/{rel}","templated":true}]}}