{"id":1029,"date":"2018-12-28T10:27:29","date_gmt":"2018-12-28T10:27:29","guid":{"rendered":"http:\/\/cidoc.icom.cust.oxymium.net\/resources\/documents-de-conference-du-cidoc\/"},"modified":"2018-12-28T10:58:27","modified_gmt":"2018-12-28T10:58:27","slug":"documents-de-conference-du-cidoc","status":"publish","type":"page","link":"https:\/\/icom-documentation.mini.icom.museum\/fr\/ressources\/documents-de-conference-du-cidoc\/","title":{"rendered":"Documents de conf\u00e9rence du CIDOC"},"content":{"rendered":"<div id=\"RTE_CONTENT\"> <!--TYPO3SEARCH_begin--> \t<!--  CONTENT ELEMENT, uid:19029\/text [begin] --> \t\t<\/p>\n<div id=\"c19029\"> \t\t<!--  Text: [begin] --> \t\t\t<\/p>\n<p>Une archive des articles et des pr\u00e9sentations donn\u00e9es lors des conf\u00e9rences du CIDOC est disponible ici: <a href=\"http:\/\/cidoc.icom.cust.oxymium.net\/fr\/archive\/archives\/conferences-passees\/\" title=\"Opens internal link in current window\">Conf\u00e9rences pass\u00e9es.<\/a> <\/p>\n<p>\u00a0<\/p>\n<p>\u00a0<\/p>\n<p> \t\t<!--  Text: [end] --> \t\t\t   \t<!--  \t\tBEGIN: Content of extension \"hpo_relatedlink\", plugin \"tx_hporelatedlink_pi1\"  \t--> \t<\/p>\n<div> \t\t \t<\/div>\n<p> \t \t<!-- END: Content of extension \"hpo_relatedlink\", plugin \"tx_hporelatedlink_pi1\" -->  \t<\/div>\n<p> \t<!--  CONTENT ELEMENT, uid:19029\/text [end] --> \t\t<!--TYPO3SEARCH_end--> <\/div>\n","protected":false},"excerpt":{"rendered":"<p>Une archive des articles et des pr\u00e9sentations donn\u00e9es lors des conf\u00e9rences du CIDOC est disponible ici: Conf\u00e9rences pass\u00e9es. \u00a0 \u00a0<\/p>\n","protected":false},"author":1,"featured_media":0,"parent":693,"menu_order":1,"comment_status":"closed","ping_status":"closed","template":"","meta":{"footnotes":""},"yst_prominent_words":[],"acf":[],"_links":{"self":[{"href":"https:\/\/icom-documentation.mini.icom.museum\/fr\/wp-json\/wp\/v2\/pages\/1029"}],"collection":[{"href":"https:\/\/icom-documentation.mini.icom.museum\/fr\/wp-json\/wp\/v2\/pages"}],"about":[{"href":"https:\/\/icom-documentation.mini.icom.museum\/fr\/wp-json\/wp\/v2\/types\/page"}],"author":[{"embeddable":true,"href":"https:\/\/icom-documentation.mini.icom.museum\/fr\/wp-json\/wp\/v2\/users\/1"}],"replies":[{"embeddable":true,"href":"https:\/\/icom-documentation.mini.icom.museum\/fr\/wp-json\/wp\/v2\/comments?post=1029"}],"version-history":[{"count":1,"href":"https:\/\/icom-documentation.mini.icom.museum\/fr\/wp-json\/wp\/v2\/pages\/1029\/revisions"}],"predecessor-version":[{"id":8838,"href":"https:\/\/icom-documentation.mini.icom.museum\/fr\/wp-json\/wp\/v2\/pages\/1029\/revisions\/8838"}],"up":[{"embeddable":true,"href":"https:\/\/icom-documentation.mini.icom.museum\/fr\/wp-json\/wp\/v2\/pages\/693"}],"wp:attachment":[{"href":"https:\/\/icom-documentation.mini.icom.museum\/fr\/wp-json\/wp\/v2\/media?parent=1029"}],"wp:term":[{"taxonomy":"yst_prominent_words","embeddable":true,"href":"https:\/\/icom-documentation.mini.icom.museum\/fr\/wp-json\/wp\/v2\/yst_prominent_words?post=1029"}],"curies":[{"name":"wp","href":"https:\/\/api.w.org\/{rel}","templated":true}]}}