{"id":10052,"date":"2021-02-11T16:11:32","date_gmt":"2021-02-11T16:11:32","guid":{"rendered":"http:\/\/cidoc.mini.icom.museum\/?page_id=10052"},"modified":"2021-02-11T16:11:32","modified_gmt":"2021-02-11T16:11:32","slug":"cidoc-2020","status":"publish","type":"page","link":"https:\/\/icom-documentation.mini.icom.museum\/fr\/archives\/conferences_passees\/cidoc-2020\/","title":{"rendered":"CIDOC 2020"},"content":{"rendered":"<p><strong>CIDOC 2020 sera enti\u00e8rement en <a href=\"https:\/\/cidoc.mahgeneve.news\/en\/home\/\" target=\"_blank\" rel=\"noopener\">ligne du 7 au 10 d\u00e9cembre 2020<\/a> organis\u00e9 avec nos confr\u00e8res du Mus\u00e9e d&#8217;Art et d&#8217;Histoire de Gen\u00e8ve.\u00a0Les enregistrements des sessions sont disponibles sur le site du <a href=\"https:\/\/cidoc.mahgeneve.news\/en\/conference\/#daily-program\" target=\"_blank\" rel=\"noopener\">CIDOC 2020<\/a>.<\/strong><\/p>\n<p><img decoding=\"async\" loading=\"lazy\" class=\"alignnone size-large wp-image-9935\" src=\"https:\/\/icom-documentation.mini.icom.museum\/wp-content\/uploads\/sites\/87\/2020\/11\/19-0231_MAH_Cidoc2020-fond-ecran_02-1024x576.jpg\" alt=\"\" width=\"1024\" height=\"576\" srcset=\"https:\/\/icom-documentation.mini.icom.museum\/wp-content\/uploads\/sites\/87\/2020\/11\/19-0231_MAH_Cidoc2020-fond-ecran_02-1024x576.jpg 1024w, https:\/\/icom-documentation.mini.icom.museum\/wp-content\/uploads\/sites\/87\/2020\/11\/19-0231_MAH_Cidoc2020-fond-ecran_02-300x169.jpg 300w, https:\/\/icom-documentation.mini.icom.museum\/wp-content\/uploads\/sites\/87\/2020\/11\/19-0231_MAH_Cidoc2020-fond-ecran_02-768x432.jpg 768w\" sizes=\"(max-width: 1024px) 100vw, 1024px\" \/><\/p>\n<p>Le th\u00e8me de la conf\u00e9rence est la transformation num\u00e9rique dans les institutions du patrimoine culturel.<\/p>\n<p><iframe loading=\"lazy\" width=\"500\" height=\"281\" src=\"https:\/\/www.youtube.com\/embed\/ckBfr0Vb8Es?feature=oembed\" frameborder=\"0\" allow=\"accelerometer; autoplay; clipboard-write; encrypted-media; gyroscope; picture-in-picture\" allowfullscreen><\/iframe><\/p>\n<p>La transformation d&#8217;un point de vue num\u00e9rique a g\u00e9n\u00e9ralement \u00e9t\u00e9 observ\u00e9e pour la premi\u00e8re fois dans les institutions mus\u00e9ales dans le contexte de la documentation. Longtemps utilis\u00e9s pour soutenir et faciliter les pratiques traditionnelles, ces outils de plus en plus efficaces ont progressivement transform\u00e9, parfois r\u00e9volutionn\u00e9, notre conception m\u00eame de la documentation, et de l\u00e0, de la gestion, de la conservation, de l&#8217;\u00e9tude et de la diffusion des collections. Cette transformation s&#8217;op\u00e8re de mani\u00e8re plus ou moins radicale selon le contexte culturel, avec des nuances propres aux institutions et aux environnements g\u00e9opolitiques actuels. Qu&#8217;il rencontre une opposition farouche, ou progresse sur un terrain favorable, l&#8217;amenant parfois \u00e0 s&#8217;\u00e9carter des conceptions traditionnelles des missions des institutions mus\u00e9ales, nul ne peut aujourd&#8217;hui \u00e9chapper \u00e0 la tendance num\u00e9rique.<\/p>\n<p>La conf\u00e9rence CIDOC 2020 vise \u00e0 faire le point sur la situation actuelle dans ce domaine dans le monde de la documentation, de la gestion des collections et des autres activit\u00e9s mus\u00e9ales, ainsi qu&#8217;\u00e0 esquisser des projections pour un avenir plus ou moins imm\u00e9diat. Ce vaste programme en est le reflet. Le <a href=\"https:\/\/cidoc.mahgeneve.news\/en\/conference\/#general-prog\" target=\"_blank\" rel=\"noopener\">programme<\/a> et toutes les informations sur la conf\u00e9rence sur le site du <a href=\"https:\/\/cidoc.mahgeneve.news\/en\/home\/\" target=\"_blank\" rel=\"noopener\">CIDOC 2020<\/a>.<\/p>\n<p>Rejoignez-nous sur les r\u00e9seaux sociaux en utilisant #CIDOC2020.\u00a0Veuillez vous <a href=\"https:\/\/forms.gle\/xYEQtPjnwhbWJV2c8\" target=\"_blank\" rel=\"noopener\">inscrire<\/a> pour assister \u00e0 la conf\u00e9rence.<\/p>\n<p>Pour toute question, veuillez nous envoyer un e-mail \u00e0 cidoc.info [at] gmail.com.<\/p>\n","protected":false},"excerpt":{"rendered":"<p>CIDOC 2020 sera enti\u00e8rement en ligne du 7 au 10 d\u00e9cembre 2020 organis\u00e9 avec nos confr\u00e8res du Mus\u00e9e d&#8217;Art et d&#8217;Histoire de Gen\u00e8ve.\u00a0Les enregistrements des sessions sont disponibles sur le site du CIDOC 2020. Le th\u00e8me de la conf\u00e9rence est la transformation num\u00e9rique dans les institutions du patrimoine culturel. La transformation d&#8217;un point de vue [&hellip;]<\/p>\n","protected":false},"author":70,"featured_media":0,"parent":1131,"menu_order":0,"comment_status":"closed","ping_status":"closed","template":"","meta":{"footnotes":""},"yst_prominent_words":[380,1746,84,256,1747,1960,150,258,80,1958,1956,1954,1748,1961,1959,1957,87,77,1955,1953],"acf":[],"_links":{"self":[{"href":"https:\/\/icom-documentation.mini.icom.museum\/fr\/wp-json\/wp\/v2\/pages\/10052"}],"collection":[{"href":"https:\/\/icom-documentation.mini.icom.museum\/fr\/wp-json\/wp\/v2\/pages"}],"about":[{"href":"https:\/\/icom-documentation.mini.icom.museum\/fr\/wp-json\/wp\/v2\/types\/page"}],"author":[{"embeddable":true,"href":"https:\/\/icom-documentation.mini.icom.museum\/fr\/wp-json\/wp\/v2\/users\/70"}],"replies":[{"embeddable":true,"href":"https:\/\/icom-documentation.mini.icom.museum\/fr\/wp-json\/wp\/v2\/comments?post=10052"}],"version-history":[{"count":1,"href":"https:\/\/icom-documentation.mini.icom.museum\/fr\/wp-json\/wp\/v2\/pages\/10052\/revisions"}],"predecessor-version":[{"id":10053,"href":"https:\/\/icom-documentation.mini.icom.museum\/fr\/wp-json\/wp\/v2\/pages\/10052\/revisions\/10053"}],"up":[{"embeddable":true,"href":"https:\/\/icom-documentation.mini.icom.museum\/fr\/wp-json\/wp\/v2\/pages\/1131"}],"wp:attachment":[{"href":"https:\/\/icom-documentation.mini.icom.museum\/fr\/wp-json\/wp\/v2\/media?parent=10052"}],"wp:term":[{"taxonomy":"yst_prominent_words","embeddable":true,"href":"https:\/\/icom-documentation.mini.icom.museum\/fr\/wp-json\/wp\/v2\/yst_prominent_words?post=10052"}],"curies":[{"name":"wp","href":"https:\/\/api.w.org\/{rel}","templated":true}]}}