{"id":9847,"date":"2020-10-27T19:09:59","date_gmt":"2020-10-27T19:09:59","guid":{"rendered":"http:\/\/cidoc.mini.icom.museum\/?page_id=9847"},"modified":"2020-10-27T19:11:10","modified_gmt":"2020-10-27T19:11:10","slug":"linked-art","status":"publish","type":"page","link":"https:\/\/icom-documentation.mini.icom.museum\/es\/grupos\/linked-art\/","title":{"rendered":"Linked art"},"content":{"rendered":"<p>Se trata de un perfil de aplicaci\u00f3n de metadatos basado en su mayor\u00eda en el CRM (Conceptual Reference Model) del CIDOC. Aporta varios matices para facilitar la implementaci\u00f3n de cuestiones que no son relevantes para dicha ontolog\u00eda a nivel conceptual. Ello abarca desde el uso de RDF y Linked Open Data (Datos Abiertos Enlazados) y el formato JSON-LD para serializaciones, hasta recomendaciones sobre patrones espec\u00edficos as\u00ed como extensiones menores, ambos basados en los casos de uso de instituciones participantes. El alcance de Linked Art es m\u00e1s reducido que el del CRM completo, ya que se centra en casos de uso de museos de arte frente a la gesti\u00f3n del conocimiento del patrimonio cultural del CRM. Este perfil de aplicaci\u00f3n de metadatos facilitar\u00e1 la adopci\u00f3n del CRM y demandar\u00e1 nuevos requisitos y necesidades al Grupo de Inter\u00e9s Especial del CIDOC-CRM (CIDOC-CRM SIG) seg\u00fan vayan surgiendo, a trav\u00e9s de ambos grupos y de la participaci\u00f3n de otros expertos.<\/p>\n<p>El grupo de trabajo tiene previsto reunirse dos veces al a\u00f1o, cada vez en un continente diferente con al menos tres organizaciones participando (actualmente Norteam\u00e9rica y Europa, aunque hay participantes de Australasia, Sudam\u00e9rica y Asia). Adem\u00e1s de estas reuniones, de forma quincenal se celebran reuniones no presenciales que aseguran la continuidad y los avances. Se propone que las organizaciones participantes colaboren con financiaci\u00f3n para desplazamientos y actividades.<\/p>\n<p>El grupo de trabajo est\u00e1 presidido por:<\/p>\n<ul>\n<li><a href=\"http:\/\/network.icom.museum\/fileadmin\/user_upload\/minisites\/cidoc\/PDF\/Dr_Sanderson.pdf\"> Robert Sanderson<\/a>, Director del Proyecto Metadata Reconciliation , Universidad de Yale (EEUU)<\/li>\n<li><a href=\"http:\/\/network.icom.museum\/fileadmin\/user_upload\/minisites\/cidoc\/PDF\/Athanasios_Velios_bio.pdf\"> Athanasios Velios<\/a>, Profesor de Documentaci\u00f3n, University of the Arts Londres (Reino Unido)<\/li>\n<li><a href=\"http:\/\/network.icom.museum\/fileadmin\/user_upload\/minisites\/cidoc\/PDF\/Emmanuelle_Delmas-Glass_bio_01.pdf\">Emmanuelle Delmas-Glass<\/a>, Gesti\u00f3n de colecciones, Yale Center for British Art (EEUU)<\/li>\n<\/ul>\n<h3><strong>M\u00e1s informaci\u00f3n: <\/strong><a href=\"https:\/\/linked.art\/\"><strong>https:\/\/linked.art\/<\/strong><\/a><\/h3>\n<p>Delmas-Glass, Emmanuelle, y Robert Sanderson. \u201cFostering a Community of PHAROS Scholars through the Adoption of Open Standards.\u201d Art Libraries Journal 45, no. 1 (2020): 19\u201323. doi:<a href=\"https:\/\/doi.org\/10.1017\/alj.2019.32\">10.1017\/alj.2019.32<\/a>.<\/p>\n<p>C\u00f3mo participar:<\/p>\n<p>&nbsp;<\/p>\n<ul>\n<li>Asiste a un evento de Linked Art disponibles <a href=\"https:\/\/linked.art\/community\/events\/\">aqu\u00ed<\/a><\/li>\n<li>\u00danete al Foro del grupo: <a href=\"https:\/\/groups.google.com\/forum\/#!forum\/linked-art\">https:\/\/groups.google.com\/forum\/#!forum\/linked-art<\/a><\/li>\n<li>\u00danete a su Slack (escribe al correo electr\u00f3nico robert.sanderson@yale.edu para solicitar acceso)<\/li>\n<li>Aporta cuestiones y preguntas: <a href=\"https:\/\/github.com\/linked-art\/linked.art\/issues\">https:\/\/github.com\/linked-art\/linked.art\/issues<\/a><\/li>\n<li>Escucha algunas de nuestras sesiones grabadas:<a href=\"https:\/\/www.youtube.com\/channel\/UCNASnutgByTdQHGehoOUlSA\">https:\/\/www.youtube.com\/channel\/UCNASnutgByTdQHGehoOUlSA<\/a><\/li>\n<\/ul>\n","protected":false},"excerpt":{"rendered":"<p>Se trata de un perfil de aplicaci\u00f3n de metadatos basado en su mayor\u00eda en el CRM (Conceptual Reference Model) del CIDOC. Aporta varios matices para facilitar la implementaci\u00f3n de cuestiones que no son relevantes para dicha ontolog\u00eda a nivel conceptual. Ello abarca desde el uso de RDF y Linked Open Data (Datos Abiertos Enlazados) y [&hellip;]<\/p>\n","protected":false},"author":33,"featured_media":0,"parent":688,"menu_order":0,"comment_status":"closed","ping_status":"closed","template":"","meta":{"footnotes":""},"yst_prominent_words":[1526,1515,1516,1511,1525,1514,1510,1518,1517,163,1522,1519,1512,1523,1520,1524,1513,1509,1508,1521],"acf":[],"_links":{"self":[{"href":"https:\/\/icom-documentation.mini.icom.museum\/es\/wp-json\/wp\/v2\/pages\/9847"}],"collection":[{"href":"https:\/\/icom-documentation.mini.icom.museum\/es\/wp-json\/wp\/v2\/pages"}],"about":[{"href":"https:\/\/icom-documentation.mini.icom.museum\/es\/wp-json\/wp\/v2\/types\/page"}],"author":[{"embeddable":true,"href":"https:\/\/icom-documentation.mini.icom.museum\/es\/wp-json\/wp\/v2\/users\/33"}],"replies":[{"embeddable":true,"href":"https:\/\/icom-documentation.mini.icom.museum\/es\/wp-json\/wp\/v2\/comments?post=9847"}],"version-history":[{"count":1,"href":"https:\/\/icom-documentation.mini.icom.museum\/es\/wp-json\/wp\/v2\/pages\/9847\/revisions"}],"predecessor-version":[{"id":9848,"href":"https:\/\/icom-documentation.mini.icom.museum\/es\/wp-json\/wp\/v2\/pages\/9847\/revisions\/9848"}],"up":[{"embeddable":true,"href":"https:\/\/icom-documentation.mini.icom.museum\/es\/wp-json\/wp\/v2\/pages\/688"}],"wp:attachment":[{"href":"https:\/\/icom-documentation.mini.icom.museum\/es\/wp-json\/wp\/v2\/media?parent=9847"}],"wp:term":[{"taxonomy":"yst_prominent_words","embeddable":true,"href":"https:\/\/icom-documentation.mini.icom.museum\/es\/wp-json\/wp\/v2\/yst_prominent_words?post=9847"}],"curies":[{"name":"wp","href":"https:\/\/api.w.org\/{rel}","templated":true}]}}