{"id":967,"date":"2018-12-28T10:27:14","date_gmt":"2018-12-28T10:27:14","guid":{"rendered":"http:\/\/cidoc.icom.cust.oxymium.net\/standards\/cidoc-normas-y-directrizes\/"},"modified":"2025-12-10T12:36:22","modified_gmt":"2025-12-10T12:36:22","slug":"cidoc-normas-y-directrizes","status":"publish","type":"page","link":"https:\/\/icom-documentation.mini.icom.museum\/es\/standards\/cidoc-normas-y-directrizes\/","title":{"rendered":"Normas y Directrices del CIDOC"},"content":{"rendered":"<div id=\"RTE_CONTENT\">\n<p><!--TYPO3SEARCH_begin--> <!-- CONTENT ELEMENT, uid:20639\/text [begin] --><\/p>\n<div id=\"c20639\">\n<p><!-- Text: [begin] --><\/p>\n<p>\u00bfQu\u00e9 es una norma?<\/p>\n<p>La British Standards Institution (BSI), la organizaci\u00f3n de establecimiento de est\u00e1ndares m\u00e1s antigua del mundo (1901), dice:<\/p>\n<p>En pocas palabras, una norma es una forma acordada y repetible de hacer algo. Es un documento publicado que contiene una especificaci\u00f3n t\u00e9cnica u otros criterios precisos dise\u00f1ados para usarse de manera consistente como una regla, una gu\u00eda o una definici\u00f3n. Los est\u00e1ndares ayudan a simplificar la vida y a aumentar la confiabilidad y la efectividad de muchos bienes y servicios que utilizamos. Las normas se crean al unir la experiencia y la experiencia de todas las partes interesadas, como los productores, vendedores, compradores, usuarios y reguladores de un material, producto, proceso o servicio en particular &#8220;. (Nuestro Bolding).<\/p>\n<p>A las ventajas dadas anteriormente se pueden agregar: entregar interoperabilidad.<\/p>\n<p><a title=\"LIDO - Lightweight Information Desribing Objects\" href=\"http:\/\/www.lido-schema.org\/\" target=\"_blank\" rel=\"noopener\">LIDO &#8211; Lightweight Information Describing Objects, 2010<\/a><\/p>\n<p><a title=\"Opens external link in new window\" href=\"https:\/\/cidoc-crm.org\/version\/version-7.1.1\" target=\"_blank\" rel=\"noopener\">The CIDOC Conceptual Reference Model (latest official release)<\/a><\/p>\n<p><a title=\"Opens external link in new window\" href=\"https:\/\/icom.museum\/wp-content\/uploads\/2020\/12\/ObjectID_spanish.pdf\" target=\"_blank\" rel=\"noopener\">Object ID<\/a><br \/>\nAn international standard for describing cultural objects in case of loss or theft.<\/p>\n<p><a title=\"Opens external link in new window\" href=\"http:\/\/www.getty.edu\/publications\/intrometadata\/\" target=\"_blank\" rel=\"noopener\">Introduction to Metadata, third edition, edited by Murtha Baca<\/a><\/p>\n<p><a title=\"Opens external link in new window\" href=\"https:\/\/collectionstrust.org.uk\/resource\/cataloguing-the-spectrum-standard\/?tr=es\" target=\"_blank\" rel=\"noopener\">SPECTRUM 5.0<\/a><br \/>\nA collection management standard in 21 procedures, used by institutions around the world.<\/p>\n<p><a title=\"Opens external link in new window\" href=\"https:\/\/unesdoc.unesco.org\/ark:\/48223\/pf0000244280_spa\" target=\"_blank\" rel=\"noopener\">UNESCO \/ PERSIST (2016) &#8211; versi\u00f3n en espa\u00f1ol<\/a><br \/>\nGuidelines in several languages for the selection of digital heritage for long term preservation.<\/p>\n<p><!-- Text: [end] --> <!-- BEGIN: Content of extension \"hpo_relatedlink\", plugin \"tx_hporelatedlink_pi1\" --><\/p>\n<div><\/div>\n<p><!-- END: Content of extension \"hpo_relatedlink\", plugin \"tx_hporelatedlink_pi1\" --><\/p>\n<\/div>\n<p><!-- CONTENT ELEMENT, uid:20639\/text [end] --> <!--TYPO3SEARCH_end--><\/p>\n<\/div>\n","protected":false},"excerpt":{"rendered":"<p>\u00bfQu\u00e9 es una norma? La British Standards Institution (BSI), la organizaci\u00f3n de establecimiento de est\u00e1ndares m\u00e1s antigua del mundo (1901), dice: En pocas palabras, una norma es una forma acordada y repetible de hacer algo. Es un documento publicado que contiene una especificaci\u00f3n t\u00e9cnica u otros criterios precisos dise\u00f1ados para usarse de manera consistente como [&hellip;]<\/p>\n","protected":false},"author":1,"featured_media":0,"parent":691,"menu_order":0,"comment_status":"closed","ping_status":"closed","template":"","meta":{"footnotes":""},"yst_prominent_words":[2091,566,161,1628,2084,2089,2092,2087,1781,1607,2088,723,1629,1715,578,2090,2085,2086],"acf":[],"_links":{"self":[{"href":"https:\/\/icom-documentation.mini.icom.museum\/es\/wp-json\/wp\/v2\/pages\/967"}],"collection":[{"href":"https:\/\/icom-documentation.mini.icom.museum\/es\/wp-json\/wp\/v2\/pages"}],"about":[{"href":"https:\/\/icom-documentation.mini.icom.museum\/es\/wp-json\/wp\/v2\/types\/page"}],"author":[{"embeddable":true,"href":"https:\/\/icom-documentation.mini.icom.museum\/es\/wp-json\/wp\/v2\/users\/1"}],"replies":[{"embeddable":true,"href":"https:\/\/icom-documentation.mini.icom.museum\/es\/wp-json\/wp\/v2\/comments?post=967"}],"version-history":[{"count":7,"href":"https:\/\/icom-documentation.mini.icom.museum\/es\/wp-json\/wp\/v2\/pages\/967\/revisions"}],"predecessor-version":[{"id":13037,"href":"https:\/\/icom-documentation.mini.icom.museum\/es\/wp-json\/wp\/v2\/pages\/967\/revisions\/13037"}],"up":[{"embeddable":true,"href":"https:\/\/icom-documentation.mini.icom.museum\/es\/wp-json\/wp\/v2\/pages\/691"}],"wp:attachment":[{"href":"https:\/\/icom-documentation.mini.icom.museum\/es\/wp-json\/wp\/v2\/media?parent=967"}],"wp:term":[{"taxonomy":"yst_prominent_words","embeddable":true,"href":"https:\/\/icom-documentation.mini.icom.museum\/es\/wp-json\/wp\/v2\/yst_prominent_words?post=967"}],"curies":[{"name":"wp","href":"https:\/\/api.w.org\/{rel}","templated":true}]}}