{"id":964,"date":"2018-12-28T10:27:10","date_gmt":"2018-12-28T10:27:10","guid":{"rendered":"http:\/\/cidoc.icom.cust.oxymium.net\/working-groups\/ambientes-de-investigacion-semantica\/"},"modified":"2021-03-22T13:21:56","modified_gmt":"2021-03-22T13:21:56","slug":"ambientes-de-investigacion-semantica","status":"publish","type":"page","link":"https:\/\/icom-documentation.mini.icom.museum\/es\/grupos\/ambientes-de-investigacion-semantica\/","title":{"rendered":"Entornos de investigaci\u00f3n sem\u00e1ntica"},"content":{"rendered":"<div id=\"RTE_CONTENT\">\n<p><!--TYPO3SEARCH_begin--> <!-- CONTENT ELEMENT, uid:5532\/text [begin] --><\/p>\n<div id=\"c5532\">\n<p><!-- Header: [begin] --><\/p>\n<h2>Alcance<\/h2>\n<p><!-- Header: [end] --> <!-- Text: [begin] --><\/p>\n<p>El Grupo de Trabajo (GT) aborda el futuro de los Ambientes Virtuales de Investigaci\u00f3n (AVI) en combinaci\u00f3n con m\u00e9todos y t\u00e9cnicas sem\u00e1nticas y su impacto en la documentaci\u00f3n. Un entorno de investigaci\u00f3n virtual es una infraestructura digital (heterog\u00e9nea) que soporta varios pasos del proceso de investigaci\u00f3n. El GT define un Ambiente de Investigaci\u00f3n Sem\u00e1ntica (AIS) como un entorno virtual que se basa por lo tanto en los m\u00e9todos sem\u00e1nticos.<\/p>\n<p>El grupo de trabajo discute los siguientes temas:<\/p>\n<p>\u00bfCu\u00e1les son los componentes b\u00e1sicos de las EIS, como ontolog\u00edas, datos autoritativos, medios de comunicaci\u00f3n y herramientas para el procesamiento y evaluaci\u00f3n de datos digitales? \u00bfC\u00f3mo pueden estos bloques de construcci\u00f3n ser arreglados de una manera modular y flexible?<\/p>\n<p>\u00bfC\u00f3mo pueden aplicarse efectivamente los m\u00e9todos sem\u00e1nticos en la documentaci\u00f3n del museo? En particular, esto incluye la recolecci\u00f3n y diseminaci\u00f3n de recursos sem\u00e1nticos existentes, tales como ontolog\u00edas y archivos de autoridad para la documentaci\u00f3n del museo. Se elaborar\u00e1n directrices para el uso de la ontolog\u00eda y planos para las tareas de modelado y mapeo recurrentes.<\/p>\n<p>\u00bfCu\u00e1les son las ventajas de utilizar AIS en la documentaci\u00f3n del museo? \u00bfPor qu\u00e9 se deben usar por gente no experta y qu\u00e9 pueden esperar?<\/p>\n<p><b>Historia<\/b><\/p>\n<p>El GT sobre Ambientes de Investigaci\u00f3n Sem\u00e1ntica (AIS, o EIS en ingl\u00e9s) se desarroll\u00f3 a partir del antiguo Grupo de Trabajo de Enfoques Transdisciplinarios en Documentaci\u00f3n, cuyo objetivo era aplicar el concepto filos\u00f3fico de la transdisciplinariedad a la documentaci\u00f3n del museo. El trabajo revel\u00f3 una necesidad de prerrequisitos pr\u00e1cticos. AVIs en combinaci\u00f3n con t\u00e9cnicas sem\u00e1nticas se han identificado como facilitadores clave para el trabajo transdisciplinario. Esto llev\u00f3 a la reorientaci\u00f3n del grupo de trabajo en 2012, para formar la actual constituci\u00f3n.<\/p>\n<p><b>Contacto<\/b><\/p>\n<p><b>Siegfried Krause<\/b> (<b>President)<\/b>, <a title=\"Opens window for sending email\" href=\"mailto:s.krause@gnm.de\">s.krause@gnm.de<\/a>, Germanisches Nationalmuseum, Departamento de Inform\u00e1tica Cultural, Nuremberg, Alemania.<\/p>\n<p><b>G\u00fcnther G\u00f6rz (Co-Presidente)<\/b>, <a title=\"Opens window for sending email\" href=\"mailto:guenther.goerz@fau.de\">guenther.goerz@fau.de<\/a>, Friedrich-Alexander-Universit\u00e4t de Erlangen-N\u00fcrnberg, Departamento de Inform\u00e1tica, AG Humanidades Digitales, Alemania<\/p>\n<p><b>Georg Hohmann, (Co-Presidente)<\/b>, <a title=\"Opens window for sending email\" href=\"mailto:g.hohmann@deutsches-museum.de\">g.hohmann@deutsches-museum.de<\/a>, Deutsches Museum, Munich, Alemania.<\/p>\n<p><!-- Text: [end] --> <!-- BEGIN: Content of extension \"hpo_relatedlink\", plugin \"tx_hporelatedlink_pi1\" --><\/p>\n<div><\/div>\n<p><!-- END: Content of extension \"hpo_relatedlink\", plugin \"tx_hporelatedlink_pi1\" --><\/p>\n<\/div>\n<p><!-- CONTENT ELEMENT, uid:5532\/text [end] --> <!--TYPO3SEARCH_end--><\/p>\n<\/div>\n","protected":false},"excerpt":{"rendered":"<p>Alcance El Grupo de Trabajo (GT) aborda el futuro de los Ambientes Virtuales de Investigaci\u00f3n (AVI) en combinaci\u00f3n con m\u00e9todos y t\u00e9cnicas sem\u00e1nticas y su impacto en la documentaci\u00f3n. Un entorno de investigaci\u00f3n virtual es una infraestructura digital (heterog\u00e9nea) que soporta varios pasos del proceso de investigaci\u00f3n. El GT define un Ambiente de Investigaci\u00f3n Sem\u00e1ntica [&hellip;]<\/p>\n","protected":false},"author":1,"featured_media":0,"parent":688,"menu_order":12,"comment_status":"closed","ping_status":"closed","template":"","meta":{"footnotes":""},"yst_prominent_words":[2117,2119,2114,1541,2122,252,248,1519,1512,2118,2116,2115,2113,1523,1520,2120,297,247,245,2121],"acf":[],"_links":{"self":[{"href":"https:\/\/icom-documentation.mini.icom.museum\/es\/wp-json\/wp\/v2\/pages\/964"}],"collection":[{"href":"https:\/\/icom-documentation.mini.icom.museum\/es\/wp-json\/wp\/v2\/pages"}],"about":[{"href":"https:\/\/icom-documentation.mini.icom.museum\/es\/wp-json\/wp\/v2\/types\/page"}],"author":[{"embeddable":true,"href":"https:\/\/icom-documentation.mini.icom.museum\/es\/wp-json\/wp\/v2\/users\/1"}],"replies":[{"embeddable":true,"href":"https:\/\/icom-documentation.mini.icom.museum\/es\/wp-json\/wp\/v2\/comments?post=964"}],"version-history":[{"count":2,"href":"https:\/\/icom-documentation.mini.icom.museum\/es\/wp-json\/wp\/v2\/pages\/964\/revisions"}],"predecessor-version":[{"id":10160,"href":"https:\/\/icom-documentation.mini.icom.museum\/es\/wp-json\/wp\/v2\/pages\/964\/revisions\/10160"}],"up":[{"embeddable":true,"href":"https:\/\/icom-documentation.mini.icom.museum\/es\/wp-json\/wp\/v2\/pages\/688"}],"wp:attachment":[{"href":"https:\/\/icom-documentation.mini.icom.museum\/es\/wp-json\/wp\/v2\/media?parent=964"}],"wp:term":[{"taxonomy":"yst_prominent_words","embeddable":true,"href":"https:\/\/icom-documentation.mini.icom.museum\/es\/wp-json\/wp\/v2\/yst_prominent_words?post=964"}],"curies":[{"name":"wp","href":"https:\/\/api.w.org\/{rel}","templated":true}]}}