{"id":958,"date":"2018-12-28T10:27:02","date_gmt":"2018-12-28T10:27:02","guid":{"rendered":"http:\/\/cidoc.icom.cust.oxymium.net\/working-groups\/lido\/"},"modified":"2025-06-27T21:52:12","modified_gmt":"2025-06-27T21:52:12","slug":"lido","status":"publish","type":"page","link":"https:\/\/icom-documentation.mini.icom.museum\/es\/grupos\/lido\/","title":{"rendered":"LIDO"},"content":{"rendered":"<div id=\"RTE_CONTENT\">\n<p><!--TYPO3SEARCH_begin--> <!-- CONTENT ELEMENT, uid:14837\/text [begin] --><\/p>\n<div id=\"c14837\">\n<p><!-- Text: [begin] --><\/p>\n<p>El Grupo de Trabajo de Descripci\u00f3n Ligera de Objetos (LIDO) &#8211; anteriormente Grupo de Trabajo de Recolecci\u00f3n e Intercambio de Datos &#8211; centraliza la informaci\u00f3n y las actividades que actualmente se est\u00e1n llevando a cabo con \u201cLightweight Information Describing Objects\u201d (LIDO), un formato para aportar informaci\u00f3n de recolecci\u00f3n para el descubrimiento de recursos. El Grupo de Trabajo respalda el avance, la exposici\u00f3n y la aplicabilidad de LIDO.<\/p>\n<p><!-- Text: [end] --> <!-- BEGIN: Content of extension \"hpo_relatedlink\", plugin \"tx_hporelatedlink_pi1\" --><\/p>\n<div><\/div>\n<p><!-- END: Content of extension \"hpo_relatedlink\", plugin \"tx_hporelatedlink_pi1\" --><\/p>\n<\/div>\n<p><!-- CONTENT ELEMENT, uid:14837\/text [end] --> <!-- CONTENT ELEMENT, uid:14833\/text [begin] --><\/p>\n<div id=\"c14833\">\n<p><!-- Text: [begin] --><\/p>\n<p>El Grupo de Trabajo re\u00fane documentaci\u00f3n y material para LIDO, junto con informaci\u00f3n sobre CDWA Lite y museumdat, los dos esquemas XML sobre los que se basa LIDO. El Grupo de Trabajo proporciona una historia de desarrollos y material para ayudar a entender c\u00f3mo evolucionaron los esquemas. Adem\u00e1s, el GT sirve como fuente de informaci\u00f3n actualizada sobre avances en LIDO as\u00ed como para evaluar su progreso, implementaciones y comprensi\u00f3n dentro de la comunidad muse\u00edstica internacional.<\/p>\n<p><!-- Text: [end] --> <!-- BEGIN: Content of extension \"hpo_relatedlink\", plugin \"tx_hporelatedlink_pi1\" --><\/p>\n<p><a class=\"btn-text btn-animated-reverse btn-color-custom\" href=\"..\/..\/..\/working-groups\/lido\/lido-overview\/\"><span style=\"color: white !important;\">Go to &#8220;LIDO overview&#8221;<\/span><\/a><\/p>\n<p><!-- END: Content of extension \"hpo_relatedlink\", plugin \"tx_hporelatedlink_pi1\" --><\/p>\n<\/div>\n<p><!-- CONTENT ELEMENT, uid:14833\/text [end] --> <!-- CONTENT ELEMENT, uid:14828\/text [begin] --><\/p>\n<div id=\"c14828\">\n<p><!-- Text: [begin] --><\/p>\n<hr \/>\n<p>El Grupo de Trabajo est\u00e1 copresidido por:<\/p>\n<p>Regine Stein (Presidente)<br \/>\nregine.stein[at]gbv.de<br \/>\nHead Office of the GBV Common Library Network (VZG) , G\u00f6ttingen, Germany<\/p>\n<p>Erin Coburn (Vicepresidente)<br \/>\nIndependant Consultant, Digital Strategy for Museums &amp; the Cultural Heritage Sector, Oakland, USA<\/p>\n<p>Emmanuelle Delmas-Glass (Vicepresidente)<br \/>\nemmanuelle.delmas-glass[at]yale.edu<br \/>\nYale Center for British Art, Yale University, New Haven, USA<\/p>\n<p><!-- Text: [end] --> <!-- BEGIN: Content of extension \"hpo_relatedlink\", plugin \"tx_hporelatedlink_pi1\" --><\/p>\n<div><\/div>\n<p><!-- END: Content of extension \"hpo_relatedlink\", plugin \"tx_hporelatedlink_pi1\" --><\/p>\n<\/div>\n<p><!-- CONTENT ELEMENT, uid:14828\/text [end] --> <!--TYPO3SEARCH_end--><\/p>\n<\/div>\n","protected":false},"excerpt":{"rendered":"<p>El Grupo de Trabajo de Descripci\u00f3n Ligera de Objetos (LIDO) &#8211; anteriormente Grupo de Trabajo de Recolecci\u00f3n e Intercambio de Datos &#8211; centraliza la informaci\u00f3n y las actividades que actualmente se est\u00e1n llevando a cabo con \u201cLightweight Information Describing Objects\u201d (LIDO), un formato para aportar informaci\u00f3n de recolecci\u00f3n para el descubrimiento de recursos. El Grupo [&hellip;]<\/p>\n","protected":false},"author":1,"featured_media":0,"parent":688,"menu_order":10,"comment_status":"closed","ping_status":"closed","template":"","meta":{"footnotes":""},"yst_prominent_words":[151,1541,159,1807,1519,1512,1523,1520,89,484,164,1784],"acf":[],"_links":{"self":[{"href":"https:\/\/icom-documentation.mini.icom.museum\/es\/wp-json\/wp\/v2\/pages\/958"}],"collection":[{"href":"https:\/\/icom-documentation.mini.icom.museum\/es\/wp-json\/wp\/v2\/pages"}],"about":[{"href":"https:\/\/icom-documentation.mini.icom.museum\/es\/wp-json\/wp\/v2\/types\/page"}],"author":[{"embeddable":true,"href":"https:\/\/icom-documentation.mini.icom.museum\/es\/wp-json\/wp\/v2\/users\/1"}],"replies":[{"embeddable":true,"href":"https:\/\/icom-documentation.mini.icom.museum\/es\/wp-json\/wp\/v2\/comments?post=958"}],"version-history":[{"count":3,"href":"https:\/\/icom-documentation.mini.icom.museum\/es\/wp-json\/wp\/v2\/pages\/958\/revisions"}],"predecessor-version":[{"id":12676,"href":"https:\/\/icom-documentation.mini.icom.museum\/es\/wp-json\/wp\/v2\/pages\/958\/revisions\/12676"}],"up":[{"embeddable":true,"href":"https:\/\/icom-documentation.mini.icom.museum\/es\/wp-json\/wp\/v2\/pages\/688"}],"wp:attachment":[{"href":"https:\/\/icom-documentation.mini.icom.museum\/es\/wp-json\/wp\/v2\/media?parent=958"}],"wp:term":[{"taxonomy":"yst_prominent_words","embeddable":true,"href":"https:\/\/icom-documentation.mini.icom.museum\/es\/wp-json\/wp\/v2\/yst_prominent_words?post=958"}],"curies":[{"name":"wp","href":"https:\/\/api.w.org\/{rel}","templated":true}]}}