{"id":955,"date":"2018-12-28T10:26:58","date_gmt":"2018-12-28T10:26:58","guid":{"rendered":"http:\/\/cidoc.icom.cust.oxymium.net\/working-groups\/patrimonio-cultural-intangible\/"},"modified":"2018-12-28T10:59:03","modified_gmt":"2018-12-28T10:59:03","slug":"patrimonio-cultural-intangible","status":"publish","type":"page","link":"https:\/\/icom-documentation.mini.icom.museum\/es\/grupos\/patrimonio-cultural-intangible\/","title":{"rendered":"Patrimonio cultural intangible"},"content":{"rendered":"<div id=\"RTE_CONTENT\"> <!--TYPO3SEARCH_begin--> \t<!--  CONTENT ELEMENT, uid:14198\/textpic [begin] --> \t\t<\/p>\n<div id=\"c14198\"> \t\t<!--  Image block: [begin] --> \t\t\t<\/p>\n<div>\n<div> \t\t<!--  Text: [begin] --> \t\t\t<\/p>\n<p>El Grupo de Trabajo del CIDOC sobre el Patrimonio Cultural Intangible (PCI) (CIDOC ICH WG en ingl\u00e9s) fue creado en Dresden, Alemania durante la conferencia anual del CIDOC 2014. El GT tuvo sus primeras reuniones el 8 y 9 de septiembre de 2014. En los dos d\u00edas asistieron 15-20 personas.<\/p>\n<p>En las dos reuniones se decidi\u00f3 que el GT del CIDOC PCI ser\u00eda una plataforma para compartir experiencias y desarrollar m\u00e9todos relacionados con la Documentaci\u00f3n del Patrimonio Cultural intangible.<\/p>\n<p>El grupo de trabajo se basar\u00e1 en la convenci\u00f3n, la definici\u00f3n, los \u00e1mbitos y el marco proporcionados por la Convenci\u00f3n de la UNESCO para la salvaguardia del patrimonio cultural inmaterial 2003. Teniendo en cuenta la definici\u00f3n del ICOM de museos, donde se a\u00f1adir\u00e1 el t\u00e9rmino intangible, de documentar y vincular los objetos del museo con el PCI.<\/p>\n<p>El GT enfocar\u00e1 su trabajo al amplio \u00e1mbito de documentaci\u00f3n del PCI y sus esferas conexas. Se ocupa de las cuestiones de documentaci\u00f3n y acceso a la informaci\u00f3n en el \u00e1mbito del PCI.<\/p>\n<p>El GT tiene como objetivos:<\/p>\n<p>&#8211; Generar un vocabulario para la documentaci\u00f3n de PCI<\/p>\n<p>&#8211; Generar normas para la documentaci\u00f3n de PCI<\/p>\n<p>&#8211; Generar directrices para la documentaci\u00f3n de PCI<\/p>\n<p>Comenzar\u00e1 estudiando y comparando las gu\u00edas y formatos existentes para la documentaci\u00f3n de PCI y para vincular el PCI y los objetos de museo de varios pa\u00edses, regiones y museos. En su enfoque y en cada paso del proceso de documentaci\u00f3n y comunicaci\u00f3n, reconocer\u00e1 y respetar\u00e1 firmemente la participaci\u00f3n de los portadores de conocimiento y sus comunidades.<\/p>\n<p>El CIDOC PCI WG trabaja hacia una mejor documentaci\u00f3n, f\u00e1cil recuperaci\u00f3n, acceso y comunicaci\u00f3n de PCI.<\/p>\n<hr>\n<p><span><b>Contacto:<\/b><\/span> <\/p>\n<p>Manvi Seth, Presidente<\/p>\n<p>Correo electr\u00f3nico: sharma.manvi[at]gmail.com<\/p>\n<p><i><\/p>\n<p><\/i><\/p>\n<p> \t\t<!--  Text: [end] --> \t\t\t<\/div>\n<div>\n<dl>\n<dt><img decoding=\"async\" src=\"https:\/\/icom-documentation.mini.icom.museum\/wp-content\/uploads\/sites\/87\/2018\/12\/9570fbd587.jpg\" alt=\"\"><\/dt>\n<dd>Manvi Seth and members of the inaugural meeting of the new Intangible Cultural Heritage Working Group in Dresden, Germany, during the CIDOC 2014 Annual Conference.<\/dd>\n<\/dl>\n<\/div><\/div>\n<div><!-- --><\/div>\n<p> \t\t<!--  Image block: [end] --> \t\t\t   \t<!--  \t\tBEGIN: Content of extension \"hpo_relatedlink\", plugin \"tx_hporelatedlink_pi1\"  \t--> \t<\/p>\n<div> \t\t \t<\/div>\n<p> \t \t<!-- END: Content of extension \"hpo_relatedlink\", plugin \"tx_hporelatedlink_pi1\" -->  \t<\/div>\n<p> \t<!--  CONTENT ELEMENT, uid:14198\/textpic [end] --> \t\t<!--TYPO3SEARCH_end--> <\/div>\n","protected":false},"excerpt":{"rendered":"<p>El Grupo de Trabajo del CIDOC sobre el Patrimonio Cultural Intangible (PCI) (CIDOC ICH WG en ingl\u00e9s) fue creado en Dresden, Alemania durante la conferencia anual del CIDOC 2014. El GT tuvo sus primeras reuniones el 8 y 9 de septiembre de 2014. En los dos d\u00edas asistieron 15-20 personas. En las dos reuniones se [&hellip;]<\/p>\n","protected":false},"author":1,"featured_media":0,"parent":688,"menu_order":9,"comment_status":"closed","ping_status":"closed","template":"","meta":{"footnotes":""},"yst_prominent_words":[],"acf":[],"_links":{"self":[{"href":"https:\/\/icom-documentation.mini.icom.museum\/es\/wp-json\/wp\/v2\/pages\/955"}],"collection":[{"href":"https:\/\/icom-documentation.mini.icom.museum\/es\/wp-json\/wp\/v2\/pages"}],"about":[{"href":"https:\/\/icom-documentation.mini.icom.museum\/es\/wp-json\/wp\/v2\/types\/page"}],"author":[{"embeddable":true,"href":"https:\/\/icom-documentation.mini.icom.museum\/es\/wp-json\/wp\/v2\/users\/1"}],"replies":[{"embeddable":true,"href":"https:\/\/icom-documentation.mini.icom.museum\/es\/wp-json\/wp\/v2\/comments?post=955"}],"version-history":[{"count":1,"href":"https:\/\/icom-documentation.mini.icom.museum\/es\/wp-json\/wp\/v2\/pages\/955\/revisions"}],"predecessor-version":[{"id":8956,"href":"https:\/\/icom-documentation.mini.icom.museum\/es\/wp-json\/wp\/v2\/pages\/955\/revisions\/8956"}],"up":[{"embeddable":true,"href":"https:\/\/icom-documentation.mini.icom.museum\/es\/wp-json\/wp\/v2\/pages\/688"}],"wp:attachment":[{"href":"https:\/\/icom-documentation.mini.icom.museum\/es\/wp-json\/wp\/v2\/media?parent=955"}],"wp:term":[{"taxonomy":"yst_prominent_words","embeddable":true,"href":"https:\/\/icom-documentation.mini.icom.museum\/es\/wp-json\/wp\/v2\/yst_prominent_words?post=955"}],"curies":[{"name":"wp","href":"https:\/\/api.w.org\/{rel}","templated":true}]}}