{"id":943,"date":"2018-12-28T10:26:53","date_gmt":"2018-12-28T10:26:53","guid":{"rendered":"http:\/\/cidoc.icom.cust.oxymium.net\/working-groups\/centros-de-informacion\/"},"modified":"2018-12-28T10:59:03","modified_gmt":"2018-12-28T10:59:03","slug":"centros-de-informacion","status":"publish","type":"page","link":"https:\/\/icom-documentation.mini.icom.museum\/es\/grupos\/centros-de-informacion\/","title":{"rendered":"Centros de Informaci\u00f3n"},"content":{"rendered":"<div id=\"RTE_CONTENT\"> <!--TYPO3SEARCH_begin--> \t<!--  CONTENT ELEMENT, uid:5531\/text [begin] --> \t\t<\/p>\n<div id=\"c5531\"> \t\t<!--  Text: [begin] --> \t\t\t<\/p>\n<p>Uno de los objetivos actuales del Grupo de Trabajo de Centros de Documentaci\u00f3n es intensificar el trabajo en red entre instituciones que apoyan la documentaci\u00f3n de museos en diferentes pa\u00edses alrededor del mundo. Hay varias instituciones como CHIN (Canad\u00e1), Collections Trust (Reino Unido), SIG Documentaci\u00f3n de la Asociaci\u00f3n Alemana de Museos (Alemania), MDC (Croacia), y otros.<\/p>\n<p>Al aprender qu\u00e9 referencias, recursos e instrumentos son ofrecidos por esas instituciones y organizaciones procuramos difundir su experiencia. Tambi\u00e9n se discuten iniciativas conjuntas, tales como traducir lo que se ha logrado en un pa\u00eds para ser distribuido en otros pa\u00edses y buscar nuevas sinergias.<\/p>\n<p>\u00a0<\/p>\n<p>Otro objetivo es reunir los datos estad\u00edsticos disponibles sobre los museos del mundo basados en las actividades realizadas por EGMUS &#8211; el Grupo Europeo de Estad\u00edsticas de Museos (<a href=\"http:\/\/www.egmus.eu%29\/\" target=\"_blank\">www.egmus.eu)<\/a>.<\/p>\n<p> \t\t<!--  Text: [end] --> \t\t\t   \t<!--  \t\tBEGIN: Content of extension \"hpo_relatedlink\", plugin \"tx_hporelatedlink_pi1\"  \t--> \t<\/p>\n<div> \t\t \t<\/div>\n<p> \t \t<!-- END: Content of extension \"hpo_relatedlink\", plugin \"tx_hporelatedlink_pi1\" -->  \t<\/div>\n<p> \t<!--  CONTENT ELEMENT, uid:5531\/text [end] --> \t\t<!--TYPO3SEARCH_end--> <\/div>\n","protected":false},"excerpt":{"rendered":"<p>Uno de los objetivos actuales del Grupo de Trabajo de Centros de Documentaci\u00f3n es intensificar el trabajo en red entre instituciones que apoyan la documentaci\u00f3n de museos en diferentes pa\u00edses alrededor del mundo. Hay varias instituciones como CHIN (Canad\u00e1), Collections Trust (Reino Unido), SIG Documentaci\u00f3n de la Asociaci\u00f3n Alemana de Museos (Alemania), MDC (Croacia), y [&hellip;]<\/p>\n","protected":false},"author":1,"featured_media":0,"parent":688,"menu_order":8,"comment_status":"closed","ping_status":"closed","template":"","meta":{"footnotes":""},"yst_prominent_words":[],"acf":[],"_links":{"self":[{"href":"https:\/\/icom-documentation.mini.icom.museum\/es\/wp-json\/wp\/v2\/pages\/943"}],"collection":[{"href":"https:\/\/icom-documentation.mini.icom.museum\/es\/wp-json\/wp\/v2\/pages"}],"about":[{"href":"https:\/\/icom-documentation.mini.icom.museum\/es\/wp-json\/wp\/v2\/types\/page"}],"author":[{"embeddable":true,"href":"https:\/\/icom-documentation.mini.icom.museum\/es\/wp-json\/wp\/v2\/users\/1"}],"replies":[{"embeddable":true,"href":"https:\/\/icom-documentation.mini.icom.museum\/es\/wp-json\/wp\/v2\/comments?post=943"}],"version-history":[{"count":1,"href":"https:\/\/icom-documentation.mini.icom.museum\/es\/wp-json\/wp\/v2\/pages\/943\/revisions"}],"predecessor-version":[{"id":8957,"href":"https:\/\/icom-documentation.mini.icom.museum\/es\/wp-json\/wp\/v2\/pages\/943\/revisions\/8957"}],"up":[{"embeddable":true,"href":"https:\/\/icom-documentation.mini.icom.museum\/es\/wp-json\/wp\/v2\/pages\/688"}],"wp:attachment":[{"href":"https:\/\/icom-documentation.mini.icom.museum\/es\/wp-json\/wp\/v2\/media?parent=943"}],"wp:term":[{"taxonomy":"yst_prominent_words","embeddable":true,"href":"https:\/\/icom-documentation.mini.icom.museum\/es\/wp-json\/wp\/v2\/yst_prominent_words?post=943"}],"curies":[{"name":"wp","href":"https:\/\/api.w.org\/{rel}","templated":true}]}}