{"id":940,"date":"2018-12-28T10:26:50","date_gmt":"2018-12-28T10:26:50","guid":{"rendered":"http:\/\/cidoc.icom.cust.oxymium.net\/working-groups\/documentacion-de-exposiciones-y-performances\/"},"modified":"2025-05-05T06:21:01","modified_gmt":"2025-05-05T06:21:01","slug":"documentacion-de-exposiciones-y-performances","status":"publish","type":"page","link":"https:\/\/icom-documentation.mini.icom.museum\/es\/grupos\/documentacion-de-exposiciones-y-performances\/","title":{"rendered":"Documentaci\u00f3n de exposiciones y performance"},"content":{"rendered":"<h2>Presentaci\u00f3n y Alcance<\/h2>\n<p>Las exposiciones son un producto central de la actividad muse\u00edstica y una de las estrategias principales y m\u00e1s tradicionales para dar acceso a las colecciones y al conocimiento que pueden generar. La forma en que los museos presentan e interpretan las colecciones, as\u00ed como las exposiciones basadas en pr\u00e9stamos, es esencial no s\u00f3lo para el estudio de artefactos e historias institucionales, sino tambi\u00e9n para la investigaci\u00f3n y desarrollo de campos de conocimiento espec\u00edficos relacionados con sus tipolog\u00edas de colecci\u00f3n. Por otra parte, la distinci\u00f3n entre exhibiciones y el performativo dentro de las instituciones es cada vez m\u00e1s dif\u00edcil de definir, lo que obliga a un reconocimiento de las exposiciones como eventos din\u00e1micos en vez de est\u00e1ticos. Sin embargo, la permanencia de archivos y el acceso futuro de estos eventos a trav\u00e9s de registros adecuados y representativos est\u00e1n continuamente amenazados por la falta de reconocimiento de su importancia y la ausencia de pautas, pol\u00edticas y procedimientos apropiados de documentaci\u00f3n espec\u00edfica. Adem\u00e1s de estos desaf\u00edos, las instituciones se enfrentan ahora al desaf\u00edo, a\u00fan m\u00e1s desalentador, de la difusi\u00f3n y archivo de nuevas tecnolog\u00edas y medios, as\u00ed como la evoluci\u00f3n de pr\u00e1cticas curatoriales contempor\u00e1neas que desdibujan los l\u00edmites conceptuales y f\u00edsicos habituales entre el proyecto de exposici\u00f3n y el propio objeto muse\u00edstico. Otras preguntas y desaf\u00edos cruciales son planteados por las exhibiciones virtuales.<\/p>\n<p>As\u00ed, el objetivo principal del Grupo de Trabajo (GT) sobre Exposici\u00f3n y Documentaci\u00f3n de <i>Performance<\/i> es investigar el papel central de la documentaci\u00f3n de exposici\u00f3n y <i>performance artistico<\/i> en los museos y organizaciones afines y afrontar temas relevantes relacionados con su preservaci\u00f3n, acceso e investigaci\u00f3n a largo plazo. Los desaf\u00edos de la exposici\u00f3n contempor\u00e1nea y la documentaci\u00f3n de actuaci\u00f3n comparten no s\u00f3lo aspectos conceptuales y pr\u00e1cticos, sino tambi\u00e9n posibles estrategias y soluciones para su permanencia, uso, e interpretaci\u00f3n futuros, justificando as\u00ed un enfoque de investigaci\u00f3n unificado.<\/p>\n<p>El GT fue aprobado oficialmente por la junta directiva de DOCUMENTATION (antes CIDOC) durante la Conferencia Anual de 2015 celebrada en Nueva Delhi (5-10 de septiembre de 2015) cuando una reuni\u00f3n especial dedicada a la discusi\u00f3n del tema reuni\u00f3 a profesionales de pa\u00edses e instituciones en la Galer\u00eda Nacional de Arte Moderno de Nueva Delhi (5 de septiembre).<\/p>\n<h2>Objetivos generales<\/h2>\n<p>Las principales l\u00edneas de inter\u00e9s y acci\u00f3n del Grupo de Trabajo sobre Documentaci\u00f3n de Exposiciones y <i>Performance<\/i> son:<\/p>\n<p>1. Definici\u00f3n del objeto expuesto: concepto de exposici\u00f3n, tipolog\u00eda, caracterizaci\u00f3n y alcance de la investigaci\u00f3n;<\/p>\n<p>2. Objetivos de referencia y establecimiento de redes: identificar las iniciativas conexas existentes, establecer asociaciones y colaboraci\u00f3n para el intercambio de informaci\u00f3n;<\/p>\n<p>3. Elaboraci\u00f3n de un mapa de la situaci\u00f3n actual de la documentaci\u00f3n de exhibici\u00f3n\/<i>performance<\/i> y de las pr\u00e1cticas de conservaci\u00f3n en los museos (encuestas profesionales e institucionales);<\/p>\n<p>4. Comprender la investigaci\u00f3n de exposiciones y <i>performance<\/i>: identificaci\u00f3n de perfiles de usuarios y necesidades generales, espec\u00edficas, inquietudes y expectativas;<\/p>\n<p>5. Definir el alcance de los problemas y las soluciones de prueba para la documentaci\u00f3n de exposici\u00f3n y <i>performance<\/i>, la preservaci\u00f3n, el acceso y la investigaci\u00f3n;<\/p>\n<p>6. Proponer procedimientos y directrices de documentaci\u00f3n m\u00e1s adecuados para los museos y los profesionales de los museos (pol\u00edticas institucionales, producci\u00f3n de documentos, necesidades de evaluaci\u00f3n y descripci\u00f3n de archivos, desarrollo de colecciones, normas de metadatos, procesos de digitalizaci\u00f3n, funcionalidades del sistema de gesti\u00f3n de recolecci\u00f3n, conservaci\u00f3n, etc.).<\/p>\n<p><img decoding=\"async\" src=\"http:\/\/cidoc.mini.icom.museum\/wp-content\/uploads\/sites\/6\/2018\/12\/RTEmagicC_Exhibition_working_group.jpg.jpg\" alt=\"\" \/><\/p>\n<p>(<i>Photo:\u00a0Perspective of the Almeida Jr. Gallery at Pinacoteca do Estado de S\u00e3o Paulo, 1947. Unknown photographer. Cedoc Collection &#8211; Pinacoteca do Estado de S\u00e3o Paulo<\/i>)<\/p>\n<h2>Contacto<\/h2>\n<p><strong>Zo\u00eb Renaudie<\/strong>, Chair<br \/>\nzoe.renaudie[at]gmail.com<br \/>\nMontr\u00e9al, Canada<\/p>\n<p><strong>Alexandre Matos<\/strong>, Vice-Chair<br \/>\nalexandrematos[at]mac.com<br \/>\nPorto, Portugal<\/p>\n<hr \/>\n<p>Former chair<\/p>\n<p><strong>Gabriel Moore Forell Bevilacqua<\/strong><br \/>\nE-mail:\u00a0<a href=\"mailto:gabrielmoore@gmail.com\">gabrielmoore@gmail.com<\/a><br \/>\nTel: +55 (21) 2629-9758<br \/>\nAddress: Departamento de Ci\u00eancia da Informa\u00e7\u00e3o, Universidade Federal Fluminense, Rua Lara Vilela, 126 &#8211; Niter\u00f3i, Rio de Janeiro, Brazil &#8211; 24210-590<\/p>\n","protected":false},"excerpt":{"rendered":"<p>Presentaci\u00f3n y Alcance Las exposiciones son un producto central de la actividad muse\u00edstica y una de las estrategias principales y m\u00e1s tradicionales para dar acceso a las colecciones y al conocimiento que pueden generar. La forma en que los museos presentan e interpretan las colecciones, as\u00ed como las exposiciones basadas en pr\u00e9stamos, es esencial no [&hellip;]<\/p>\n","protected":false},"author":1,"featured_media":0,"parent":688,"menu_order":7,"comment_status":"closed","ping_status":"closed","template":"","meta":{"footnotes":""},"yst_prominent_words":[2109,2107,2103,2104,84,1727,2100,2099,1537,2102,2097,2105,1520,1535,2101,2096,1547],"acf":[],"_links":{"self":[{"href":"https:\/\/icom-documentation.mini.icom.museum\/es\/wp-json\/wp\/v2\/pages\/940"}],"collection":[{"href":"https:\/\/icom-documentation.mini.icom.museum\/es\/wp-json\/wp\/v2\/pages"}],"about":[{"href":"https:\/\/icom-documentation.mini.icom.museum\/es\/wp-json\/wp\/v2\/types\/page"}],"author":[{"embeddable":true,"href":"https:\/\/icom-documentation.mini.icom.museum\/es\/wp-json\/wp\/v2\/users\/1"}],"replies":[{"embeddable":true,"href":"https:\/\/icom-documentation.mini.icom.museum\/es\/wp-json\/wp\/v2\/comments?post=940"}],"version-history":[{"count":4,"href":"https:\/\/icom-documentation.mini.icom.museum\/es\/wp-json\/wp\/v2\/pages\/940\/revisions"}],"predecessor-version":[{"id":12641,"href":"https:\/\/icom-documentation.mini.icom.museum\/es\/wp-json\/wp\/v2\/pages\/940\/revisions\/12641"}],"up":[{"embeddable":true,"href":"https:\/\/icom-documentation.mini.icom.museum\/es\/wp-json\/wp\/v2\/pages\/688"}],"wp:attachment":[{"href":"https:\/\/icom-documentation.mini.icom.museum\/es\/wp-json\/wp\/v2\/media?parent=940"}],"wp:term":[{"taxonomy":"yst_prominent_words","embeddable":true,"href":"https:\/\/icom-documentation.mini.icom.museum\/es\/wp-json\/wp\/v2\/yst_prominent_words?post=940"}],"curies":[{"name":"wp","href":"https:\/\/api.w.org\/{rel}","templated":true}]}}