{"id":931,"date":"2018-12-28T10:26:45","date_gmt":"2018-12-28T10:26:45","guid":{"rendered":"http:\/\/cidoc.icom.cust.oxymium.net\/working-groups\/normas-de-documentacion\/"},"modified":"2020-11-26T17:51:54","modified_gmt":"2020-11-26T17:51:54","slug":"normas-de-documentacion","status":"publish","type":"page","link":"https:\/\/icom-documentation.mini.icom.museum\/es\/grupos\/normas-de-documentacion\/","title":{"rendered":"Normas de documentaci\u00f3n"},"content":{"rendered":"<div id=\"RTE_CONTENT\">\n<p>&nbsp;<\/p>\n<div id=\"c4916\">\n<h1>En\u00a0actualizaci\u00f3n.<\/h1>\n<p>&nbsp;<\/p>\n<\/div>\n<\/div>\n<p>&nbsp;<\/p>\n<p>&nbsp;<\/p>\n<p>&nbsp;<\/p>\n<div id=\"RTE_CONTENT\">\n<div id=\"c4916\">\n<p>&nbsp;<\/p>\n<p>Copresidentes: Jonathan Whitson Cloud (<a href=\"mailto:jwhitsoncloud@gmail.com\">jwhitsoncloud@gmail.com<\/a>), Maija Ekosaari (<a title=\"Opens window for sending email\" href=\"mailto:mekosaar@gmail.com\">mekosaar@gmail.com<\/a>)<\/p>\n<p>Este grupo de trabajo es una fusi\u00f3n de dos grupos anteriores: el Grupo de Trabajo de Datos y Terminolog\u00eda y el Grupo de Trabajo Modelo de Datos.<\/p>\n<hr \/>\n<p>El Grupo de Trabajo sobre Normas de Documentaci\u00f3n tiene cuatro flujos de trabajo actuales:<\/p>\n<p>1)\u00a0Una <a title=\"Opens external link in new window\" href=\"http:\/\/www.cidoc-dswg.org\/wiki\/tiki-index.php?page=HomePage\" target=\"_blank\" rel=\"noopener\">Enciclopedia de Trabajo Muse\u00edstico<\/a>. Contacto: Jonathan Whitson Cloud<\/p>\n<p>2)\u00a0Una revisi\u00f3n de las <a title=\"Opens external link in new window\" href=\"http:\/\/network.icom.museum\/fileadmin\/user_upload\/minisiteshttp:\/\/cidoc.icom.cust.oxymium.net\/blog\/rupert-shepherd\/cidoc\/DocStandards\/guidelines1995.pdf\" target=\"_blank\" rel=\"noopener\">Directrices Internacionales de Informaci\u00f3n sobre Objetos de Museos<\/a> de 1995. Contacto: Jonathan Whitson Cloud<\/p>\n<p>3)\u00a0Un llamado a dar sugerencias de \u00e1reas de la actividad de documentaci\u00f3n que han sido pasadas por alto en las normas actuales y que podr\u00edan beneficiarse de una hoja de orientaci\u00f3n de CIDOC &#8220;C\u00f3mo &#8230;&#8221;. Ver la p\u00e1gina de <a title=\"Opens external link in new window\" href=\"http:\/\/cidoc.icom.cust.oxymium.net\/blog\/rupert-shepherdhttp:\/\/cidoc.icom.cust.oxymium.net\/blog\/rupert-shepherd\/cidoc\/resources\/cidoc-standards-guidelines\/L\/12\/\" target=\"_blank\" rel=\"noopener\">Est\u00e1ndares y Directrices<\/a> con ejemplos existentes. Contacto: Jonathan Whitson Cloud<\/p>\n<p>4)\u00a0Un proyecto para describir la relaci\u00f3n entre la Documentaci\u00f3n y la Gesti\u00f3n del Conocimiento. Contacto: Maija Ekosaari<\/p>\n<hr \/>\n<p>El Grupo de Trabajo sobre Normas de Documentaci\u00f3n ha elaborado una <b>Declaraci\u00f3n de principios sobre la documentaci\u00f3n de los museos<\/b>. Este <a title=\"Opens external link in new window\" href=\"http:\/\/network.icom.museum\/fileadmin\/user_upload\/minisiteshttp:\/\/cidoc.icom.cust.oxymium.net\/blog\/rupert-shepherd\/cidoc\/DocStandards\/principles6_2.pdf\" target=\"_blank\" rel=\"noopener\">documento <\/a>ha sido ultimado y fue adoptado en la Asamblea General del CIDOC de 2012 en Helsinki.<\/p>\n<p>El grupo de trabajo pretende actuar como un punto de enlace con los organismos e iniciativas pertinentes que desarrollan normas de relevancia para la documentaci\u00f3n de los museos. Ejemplos de tales organismos son la <a href=\"http:\/\/www.tei-c.org\/\" target=\"_blank\" rel=\"noopener\">Text Encoding Initiative<\/a>,\u00a0<a href=\"http:\/\/www.vraweb.org\/ccoweb\/\" target=\"_blank\" rel=\"noopener\">CCO<\/a>\u00a0y <a href=\"http:\/\/www.michael-culture.org\/en\/home\" target=\"_blank\" rel=\"noopener\">MICHAEL<\/a>. Los miembros del grupo est\u00e1n trabajando en un <a href=\"http:\/\/www.edd.uio.no\/artiklar\/tekstkoding\/tei_crm_mapping.html\" target=\"_blank\" rel=\"noopener\">mapeo de TEI al CIDOC CRM<\/a>.<\/p>\n<p>En el \u00e1rea de control terminol\u00f3gico, el grupo planea revisar marcos t\u00e9cnicos tales como los est\u00e1ndares actualizados del tesauro de <a href=\"http:\/\/www.niso.org\/committees\/MT-info.html\" target=\"_blank\" rel=\"noopener\">NISO<\/a> y la Instituci\u00f3n Brit\u00e1nica de Normas, <a href=\"http:\/\/www.w3.org\/2004\/02\/skos\/\" target=\"_blank\" rel=\"noopener\">SKOS<\/a> y <a href=\"http:\/\/www.topicmaps.org\/\" target=\"_blank\" rel=\"noopener\">Topic Maps<\/a>. Adem\u00e1s, est\u00e1 interesado en recursos espec\u00edficos de terminolog\u00eda controlada de relevancia para museos, como ICONCLASS.<\/p>\n<p>Otra \u00e1rea de inter\u00e9s para este grupo de trabajo es la &#8220;literatura gris&#8221;, es decir, informaci\u00f3n que se lleva a cabo dentro de los museos, pero que no forma parte de su sistema formal de documentaci\u00f3n o archivo. Puede ser en forma manuscrita, impresa y, cada vez m\u00e1s, en formatos electr\u00f3nicos. Ejemplos de literatura gris ser\u00edan textos de pared de exposiciones o material de apoyo en archivos de objetos.<\/p>\n<hr \/>\n<p>Anteriormente, el Grupo ha elaborado las <a href=\"http:\/\/network.icom.museum\/fileadmin\/user_upload\/minisiteshttp:\/\/cidoc.icom.cust.oxymium.net\/blog\/rupert-shepherd\/cidoc\/DocStandards\/guidelines1995.pdf\" target=\"_blank\" rel=\"noopener\">Directrices Internacionales para la Informaci\u00f3n sobre Objetos de Museos<\/a>, publicadas en junio de 1995. Este documento es una descripci\u00f3n de las Categor\u00edas de Informaci\u00f3n que pueden usarse al desarrollar registros sobre los objetos en las colecciones del museo. Las Directrices pueden ser adoptadas por un museo, una organizaci\u00f3n nacional de documentaci\u00f3n o un desarrollador de sistemas, como base para un sistema de documentaci\u00f3n de museos funcional.<\/p>\n<p>El trabajo del Grupo incluye revisiones de recursos terminol\u00f3gicos.<\/p>\n<p>El Grupo ha publicado una bibliograf\u00eda de control de terminolog\u00eda (1990) y un Directorio de tesauros para nombres de objetos (1994).<\/p>\n<p>El trabajo del modelo de datos incluy\u00f3 el desarrollo de un modelo de datos te\u00f3rico, la preparaci\u00f3n de publicaciones y talleres de capacitaci\u00f3n sobre el modelo y el asesoramiento de otros proyectos sobre la aplicaci\u00f3n del modelo. Los archivos que componen el propio modelo de datos est\u00e1n disponibles en l\u00ednea e impresos (actualizados en 1995), pero el modelo en s\u00ed ha sido reemplazado en gran medida por el <a href=\"http:\/\/www.cidoc-crm.org\/comprehensive_intro.html\" target=\"_blank\" rel=\"noopener\">Modelo Conceptual de Referencia<\/a>.<\/p>\n<p>El Grupo tambi\u00e9n ha publicado una bibliograf\u00eda de modelado de datos, publicada en 1994 y compilada por Jacqueline Zak y Linda Kincheloe (Getty Conservation Institute), con la ayuda de Pat Barnett, Janet Goman y George Hickman.<\/p>\n<p>&nbsp;<\/p>\n<div><\/div>\n<\/div>\n<p>&nbsp;<\/p>\n<\/div>\n","protected":false},"excerpt":{"rendered":"<p>&nbsp; En\u00a0actualizaci\u00f3n. &nbsp; &nbsp; &nbsp; &nbsp; &nbsp; Copresidentes: Jonathan Whitson Cloud (jwhitsoncloud@gmail.com), Maija Ekosaari (mekosaar@gmail.com) Este grupo de trabajo es una fusi\u00f3n de dos grupos anteriores: el Grupo de Trabajo de Datos y Terminolog\u00eda y el Grupo de Trabajo Modelo de Datos. El Grupo de Trabajo sobre Normas de Documentaci\u00f3n tiene cuatro flujos de trabajo [&hellip;]<\/p>\n","protected":false},"author":1,"featured_media":0,"parent":688,"menu_order":6,"comment_status":"closed","ping_status":"closed","template":"","meta":{"footnotes":""},"yst_prominent_words":[1798,1541,1802,1807,1519,1512,1800,1809,1799,1523,1520,1810,1811,1801,1806,1804,514,1805,1808,1803],"acf":[],"_links":{"self":[{"href":"https:\/\/icom-documentation.mini.icom.museum\/es\/wp-json\/wp\/v2\/pages\/931"}],"collection":[{"href":"https:\/\/icom-documentation.mini.icom.museum\/es\/wp-json\/wp\/v2\/pages"}],"about":[{"href":"https:\/\/icom-documentation.mini.icom.museum\/es\/wp-json\/wp\/v2\/types\/page"}],"author":[{"embeddable":true,"href":"https:\/\/icom-documentation.mini.icom.museum\/es\/wp-json\/wp\/v2\/users\/1"}],"replies":[{"embeddable":true,"href":"https:\/\/icom-documentation.mini.icom.museum\/es\/wp-json\/wp\/v2\/comments?post=931"}],"version-history":[{"count":3,"href":"https:\/\/icom-documentation.mini.icom.museum\/es\/wp-json\/wp\/v2\/pages\/931\/revisions"}],"predecessor-version":[{"id":9966,"href":"https:\/\/icom-documentation.mini.icom.museum\/es\/wp-json\/wp\/v2\/pages\/931\/revisions\/9966"}],"up":[{"embeddable":true,"href":"https:\/\/icom-documentation.mini.icom.museum\/es\/wp-json\/wp\/v2\/pages\/688"}],"wp:attachment":[{"href":"https:\/\/icom-documentation.mini.icom.museum\/es\/wp-json\/wp\/v2\/media?parent=931"}],"wp:term":[{"taxonomy":"yst_prominent_words","embeddable":true,"href":"https:\/\/icom-documentation.mini.icom.museum\/es\/wp-json\/wp\/v2\/yst_prominent_words?post=931"}],"curies":[{"name":"wp","href":"https:\/\/api.w.org\/{rel}","templated":true}]}}