{"id":9061,"date":"2019-02-07T10:31:52","date_gmt":"2019-02-07T10:31:52","guid":{"rendered":"http:\/\/cidoc.mini.icom.museum\/?page_id=9061"},"modified":"2025-04-09T06:21:58","modified_gmt":"2025-04-09T06:21:58","slug":"el-cidoc-el-comite-internacional-de-documentacion-del-icom-proporciona-a-la-comunidad-museistica-asesoramiento-sobre-buenas-practicas-y-desarrollos-en-la-documentacion-del-museo","status":"publish","type":"page","link":"https:\/\/icom-documentation.mini.icom.museum\/es\/el-cidoc-el-comite-internacional-de-documentacion-del-icom-proporciona-a-la-comunidad-museistica-asesoramiento-sobre-buenas-practicas-y-desarrollos-en-la-documentacion-del-museo\/","title":{"rendered":"Bienvenido al Comit\u00e9 Internacional para la Documentaci\u00f3n de ICOM (ICOM DOCUMENTATION)"},"content":{"rendered":"<p class=\"title\"><strong>Apoyo a la documentaci\u00f3n del museo<\/strong><\/p>\n<p class=\"bodytext\">Documentaci\u00f3n es esencial para todas las actividades de un museo. Colecciones sin documentaci\u00f3n adecuada no son verdaderas colecciones de &#8220;museos&#8221;.<\/p>\n<p class=\"bodytext\">El CIDOC, el Comit\u00e9 Internacional de Documentaci\u00f3n del\u00a0<a class=\"external-link-new-window\" title=\"Opens external link in new window\" href=\"http:\/\/icom.museum\/\" target=\"_blank\" rel=\"noopener\">ICOM<\/a>, proporciona a la comunidad muse\u00edstica asesoramiento sobre buenas pr\u00e1cticas y desarrollos en la documentaci\u00f3n del museo.<\/p>\n<p class=\"bodytext\"><b>CIDOC es uno de los 30 comit\u00e9s internacionales del ICOM<\/b>. Es CIDOC en lugar de ICDOC porque el comit\u00e9 fue, en su inicio, creado por una mayor\u00eda de profesionales franc\u00f3fonos que lo nombr\u00f3 \u201cComit\u00e9 International pour la Documentation\u201d. A medida que el mundo se ha vuelto m\u00e1s angl\u00f3fono, la\u00a0<i>lingua franca<\/i>\u00a0del comit\u00e9 se ha convertido en ingl\u00e9s y su nombre se ha convertido en \u201cInternational Committee for Documentation\u201d.<\/p>\n<p class=\"bodytext\">Una de las tareas de los Documentalistas es ayudar en el registro de tales mutaciones ling\u00fc\u00edsticas, de modo que el comit\u00e9 y su trabajo puedan ser encontrados y comprendidos por todos, sin importar el idioma que usen.<\/p>\n<p class=\"bodytext\"><b>Estatutos:<\/b><\/p>\n<p class=\"bodytext\">Los estatutos del comit\u00e9 se encuentran actualmente en revisi\u00f3n tanto para adecuarlos a la nueva estructura institucional del ICOM como para producir versiones compatibles en franc\u00e9s, espa\u00f1ol e ingl\u00e9s.<\/p>\n<p class=\"bodytext\"><a href=\"https:\/\/icom-documentation.mini.icom.museum\/organisation\/who-we-are\/statutes\/\" rel=\"noopener\">Estatutos du CIDOC<\/a><\/p>\n<div id=\"RTE_CONTENT\">\n<div id=\"c4261\" class=\"csc-default\"><\/div>\n<\/div>\n","protected":false},"excerpt":{"rendered":"<p>Apoyo a la documentaci\u00f3n del museo Documentaci\u00f3n es esencial para todas las actividades de un museo. Colecciones sin documentaci\u00f3n adecuada no son verdaderas colecciones de &#8220;museos&#8221;. El CIDOC, el Comit\u00e9 Internacional de Documentaci\u00f3n del\u00a0ICOM, proporciona a la comunidad muse\u00edstica asesoramiento sobre buenas pr\u00e1cticas y desarrollos en la documentaci\u00f3n del museo. CIDOC es uno de los [&hellip;]<\/p>\n","protected":false},"author":1,"featured_media":0,"parent":0,"menu_order":0,"comment_status":"closed","ping_status":"closed","template":"","meta":{"footnotes":""},"yst_prominent_words":[302,304,151,299,301,249,123,298,252,248,253,303,251,297,247,245,300,254,250,246],"acf":[],"_links":{"self":[{"href":"https:\/\/icom-documentation.mini.icom.museum\/es\/wp-json\/wp\/v2\/pages\/9061"}],"collection":[{"href":"https:\/\/icom-documentation.mini.icom.museum\/es\/wp-json\/wp\/v2\/pages"}],"about":[{"href":"https:\/\/icom-documentation.mini.icom.museum\/es\/wp-json\/wp\/v2\/types\/page"}],"author":[{"embeddable":true,"href":"https:\/\/icom-documentation.mini.icom.museum\/es\/wp-json\/wp\/v2\/users\/1"}],"replies":[{"embeddable":true,"href":"https:\/\/icom-documentation.mini.icom.museum\/es\/wp-json\/wp\/v2\/comments?post=9061"}],"version-history":[{"count":17,"href":"https:\/\/icom-documentation.mini.icom.museum\/es\/wp-json\/wp\/v2\/pages\/9061\/revisions"}],"predecessor-version":[{"id":12627,"href":"https:\/\/icom-documentation.mini.icom.museum\/es\/wp-json\/wp\/v2\/pages\/9061\/revisions\/12627"}],"wp:attachment":[{"href":"https:\/\/icom-documentation.mini.icom.museum\/es\/wp-json\/wp\/v2\/media?parent=9061"}],"wp:term":[{"taxonomy":"yst_prominent_words","embeddable":true,"href":"https:\/\/icom-documentation.mini.icom.museum\/es\/wp-json\/wp\/v2\/yst_prominent_words?post=9061"}],"curies":[{"name":"wp","href":"https:\/\/api.w.org\/{rel}","templated":true}]}}