{"id":901,"date":"2018-12-28T10:26:36","date_gmt":"2018-12-28T10:26:36","guid":{"rendered":"http:\/\/cidoc.icom.cust.oxymium.net\/working-groups\/preservacion-digital\/"},"modified":"2018-12-28T10:59:04","modified_gmt":"2018-12-28T10:59:04","slug":"preservacion-digital","status":"publish","type":"page","link":"https:\/\/icom-documentation.mini.icom.museum\/es\/grupos\/preservacion-digital\/","title":{"rendered":"Preservaci\u00f3n digital"},"content":{"rendered":"<div id=\"RTE_CONTENT\"> <!--TYPO3SEARCH_begin--> \t<!--  CONTENT ELEMENT, uid:5530\/text [begin] --> \t\t<\/p>\n<div id=\"c5530\"> \t\t<!--  Text: [begin] --> \t\t\t<\/p>\n<p>El Grupo de Trabajo de Preservaci\u00f3n Digital se centra en el problema de la preservaci\u00f3n a largo plazo del patrimonio digital y en c\u00f3mo documentar este proceso. El GT fue establecido en 2003 durante la conferencia anual de CIDOC celebrada en Rusia.<\/p>\n<p>Patrimonio digital significa &#8220;patrimonio que se compone de materiales basados en una computadora, nacidos digitalmente o digitalizados de otro formato, emanado de diferentes comunidades, industrias, sectores y regiones y que requiere enfoques activos de preservaci\u00f3n para asegurar su autenticidad, accesibilidad y usabilidad a trav\u00e9s de tiempo &#8220;(The UNESCO\/PERSIST Guidelines for the selection of digital heritage for long- term preservation, 2016, p.16).<\/p>\n<p>Esto incluye datos e im\u00e1genes digitales nacidos en los museos como parte de su estrategia de colecci\u00f3n, as\u00ed como sustitutos digitales de los objetos. Adem\u00e1s, los datos digitales producidos en el museo (por ejemplo datos sobre los objetos de la colecci\u00f3n o sobre las exposiciones) tambi\u00e9n forman parte del patrimonio digital que debe ser preservado y documentado.<\/p>\n<p>Hasta el momento, no existe una respuesta satisfactoria a la cuesti\u00f3n de c\u00f3mo recoger y c\u00f3mo mantener viva esta herencia digital. Muchos museos ya han considerado la importancia del patrimonio digital y son conscientes de su fragilidad y corta vida. Pero a menudo carecen de conocimientos, capacidad y recursos financieros para recogerlos y preservarlos.<\/p>\n<p>El grupo de trabajo procura dar orientaci\u00f3n en cuestiones relacionadas con la recolecci\u00f3n y conservaci\u00f3n del patrimonio digital y la documentaci\u00f3n de estos procesos.<\/p>\n<p>Si te gusta participar en nuestro trabajo, no dudes en ponerte en contacto con:<\/p>\n<p>\u00a0<\/p>\n<p>Susanne Nickel, Eskilstuna Museo de la ciudad, Eskilstuna Kommun, Kultur- och Fritidsf\u00f6rvaltningen 631 86 Eskilstuna, Suecia, susanne.nickel [at] eskilstuna.se<\/p>\n<div><\/div>\n<p> \t\t<!--  Text: [end] --> \t\t\t   \t<!--  \t\tBEGIN: Content of extension \"hpo_relatedlink\", plugin \"tx_hporelatedlink_pi1\"  \t--> \t<\/p>\n<div> \t\t \t<\/div>\n<p> \t \t<!-- END: Content of extension \"hpo_relatedlink\", plugin \"tx_hporelatedlink_pi1\" -->  \t<\/div>\n<p> \t<!--  CONTENT ELEMENT, uid:5530\/text [end] --> \t\t<!--TYPO3SEARCH_end--> <\/div>\n","protected":false},"excerpt":{"rendered":"<p>El Grupo de Trabajo de Preservaci\u00f3n Digital se centra en el problema de la preservaci\u00f3n a largo plazo del patrimonio digital y en c\u00f3mo documentar este proceso. El GT fue establecido en 2003 durante la conferencia anual de CIDOC celebrada en Rusia. Patrimonio digital significa &#8220;patrimonio que se compone de materiales basados en una computadora, [&hellip;]<\/p>\n","protected":false},"author":1,"featured_media":0,"parent":688,"menu_order":4,"comment_status":"closed","ping_status":"closed","template":"","meta":{"footnotes":""},"yst_prominent_words":[],"acf":[],"_links":{"self":[{"href":"https:\/\/icom-documentation.mini.icom.museum\/es\/wp-json\/wp\/v2\/pages\/901"}],"collection":[{"href":"https:\/\/icom-documentation.mini.icom.museum\/es\/wp-json\/wp\/v2\/pages"}],"about":[{"href":"https:\/\/icom-documentation.mini.icom.museum\/es\/wp-json\/wp\/v2\/types\/page"}],"author":[{"embeddable":true,"href":"https:\/\/icom-documentation.mini.icom.museum\/es\/wp-json\/wp\/v2\/users\/1"}],"replies":[{"embeddable":true,"href":"https:\/\/icom-documentation.mini.icom.museum\/es\/wp-json\/wp\/v2\/comments?post=901"}],"version-history":[{"count":1,"href":"https:\/\/icom-documentation.mini.icom.museum\/es\/wp-json\/wp\/v2\/pages\/901\/revisions"}],"predecessor-version":[{"id":8961,"href":"https:\/\/icom-documentation.mini.icom.museum\/es\/wp-json\/wp\/v2\/pages\/901\/revisions\/8961"}],"up":[{"embeddable":true,"href":"https:\/\/icom-documentation.mini.icom.museum\/es\/wp-json\/wp\/v2\/pages\/688"}],"wp:attachment":[{"href":"https:\/\/icom-documentation.mini.icom.museum\/es\/wp-json\/wp\/v2\/media?parent=901"}],"wp:term":[{"taxonomy":"yst_prominent_words","embeddable":true,"href":"https:\/\/icom-documentation.mini.icom.museum\/es\/wp-json\/wp\/v2\/yst_prominent_words?post=901"}],"curies":[{"name":"wp","href":"https:\/\/api.w.org\/{rel}","templated":true}]}}