{"id":895,"date":"2018-12-28T10:26:29","date_gmt":"2018-12-28T10:26:29","guid":{"rendered":"http:\/\/cidoc.icom.cust.oxymium.net\/working-groups\/co-referencia\/"},"modified":"2018-12-28T10:59:05","modified_gmt":"2018-12-28T10:59:05","slug":"co-referencia","status":"publish","type":"page","link":"https:\/\/icom-documentation.mini.icom.museum\/es\/grupos\/co-referencia\/","title":{"rendered":"Co-referencia"},"content":{"rendered":"<div id=\"RTE_CONTENT\"> <!--TYPO3SEARCH_begin--> \t<!--  CONTENT ELEMENT, uid:5526\/text [begin] --> \t\t<\/p>\n<div id=\"c5526\"> \t\t<!--  Text: [begin] --> \t\t\t<\/p>\n<p>Investigadores, conservadores de museos o catalogadores de bibliotecas continuamente trazan co-referencias en su trabajo diario. Este trabajo extremadamente lento puede hacerse m\u00e1s eficiente compartiendo el conocimiento. Este intercambio complementar\u00eda los enfoques centralizados que se encuentran en los actuales Sistemas de Informaci\u00f3n Digitales.<\/p>\n<p>El Grupo de Trabajo de Co-Referencia fue establecido por el CIDOC durante la conferencia general del ICOM en Viena en septiembre de 2007. El GT mantiene una lista de correo activa. Para m\u00e1s informaci\u00f3n, p\u00f3ngase en contacto con su presidente.<\/p>\n<p>El objetivo a largo plazo del Grupo de Trabajo es investigar las posibles implementaciones de una red de Co-referencia para la informaci\u00f3n sobre el patrimonio cultural y natural.<\/p>\n<p><a href=\"http:\/\/network.icom.museum\/fileadmin\/user_upload\/minisiteshttp:\/\/cidoc.icom.cust.oxymium.net\/blog\/rupert-shepherd\/cidoc\/PDF\/Eide_coref_short.pdf\" title=\"Opens external link in new window\" target=\"_blank\">Una breve introducci\u00f3n a la co-referencia<\/a> (formato PDF)<\/p>\n<p><a href=\"http:\/\/network.icom.museum\/fileadmin\/user_upload\/minisiteshttp:\/\/cidoc.icom.cust.oxymium.net\/blog\/rupert-shepherd\/cidoc\/PDF\/Eide_coref_short.pdf\" title=\"Opens external link in new window\" target=\"_blank\">Una introducci\u00f3n m\u00e1s larga a la co-referencia<\/a> (formato PDF)<\/p>\n<p>\u00a0<\/p>\n<p><b>Reuniones<\/b><\/p>\n<p>Las primeras reuniones se celebraron en Atenas durante la conferencia general del CIDOC en septiembre de 2008.<\/p>\n<div id=\"content\">\n<div id=\"meetings\">\n<hr>\n<p> <i>Mika Nyman, Chair <br \/> E-mail: mika.nyman@synapse-computing.com <br \/> Tel: +358-41-5499004 <br \/> Address: Synapse Computing Oy, Arabiankatu 2, 00560 Helsinki, Finland<\/i>  <\/p>\n<p> <i>\u00d8yvind Eide, Co-Chair <br \/> E-mail: oyvind.eide@edd.uio.no <br \/> Tel: +47 22 85 49 88 <br \/> Address: Unit for Digital Documentation, University of Oslo, Postboks 1123 Blindern, N-0317 Oslo, Norway<\/i> <\/p>\n<\/p><\/div>\n<\/div>\n<hr>\n<p> \t\t<!--  Text: [end] --> \t\t\t   \t<!--  \t\tBEGIN: Content of extension \"hpo_relatedlink\", plugin \"tx_hporelatedlink_pi1\"  \t--> \t<\/p>\n<div> \t\t \t<\/div>\n<p> \t \t<!-- END: Content of extension \"hpo_relatedlink\", plugin \"tx_hporelatedlink_pi1\" -->  \t<\/div>\n<p> \t<!--  CONTENT ELEMENT, uid:5526\/text [end] --> \t\t<!--TYPO3SEARCH_end--> <\/div>\n","protected":false},"excerpt":{"rendered":"<p>Investigadores, conservadores de museos o catalogadores de bibliotecas continuamente trazan co-referencias en su trabajo diario. Este trabajo extremadamente lento puede hacerse m\u00e1s eficiente compartiendo el conocimiento. Este intercambio complementar\u00eda los enfoques centralizados que se encuentran en los actuales Sistemas de Informaci\u00f3n Digitales. El Grupo de Trabajo de Co-Referencia fue establecido por el CIDOC durante la [&hellip;]<\/p>\n","protected":false},"author":1,"featured_media":0,"parent":688,"menu_order":2,"comment_status":"closed","ping_status":"closed","template":"","meta":{"footnotes":""},"yst_prominent_words":[],"acf":[],"_links":{"self":[{"href":"https:\/\/icom-documentation.mini.icom.museum\/es\/wp-json\/wp\/v2\/pages\/895"}],"collection":[{"href":"https:\/\/icom-documentation.mini.icom.museum\/es\/wp-json\/wp\/v2\/pages"}],"about":[{"href":"https:\/\/icom-documentation.mini.icom.museum\/es\/wp-json\/wp\/v2\/types\/page"}],"author":[{"embeddable":true,"href":"https:\/\/icom-documentation.mini.icom.museum\/es\/wp-json\/wp\/v2\/users\/1"}],"replies":[{"embeddable":true,"href":"https:\/\/icom-documentation.mini.icom.museum\/es\/wp-json\/wp\/v2\/comments?post=895"}],"version-history":[{"count":1,"href":"https:\/\/icom-documentation.mini.icom.museum\/es\/wp-json\/wp\/v2\/pages\/895\/revisions"}],"predecessor-version":[{"id":8963,"href":"https:\/\/icom-documentation.mini.icom.museum\/es\/wp-json\/wp\/v2\/pages\/895\/revisions\/8963"}],"up":[{"embeddable":true,"href":"https:\/\/icom-documentation.mini.icom.museum\/es\/wp-json\/wp\/v2\/pages\/688"}],"wp:attachment":[{"href":"https:\/\/icom-documentation.mini.icom.museum\/es\/wp-json\/wp\/v2\/media?parent=895"}],"wp:term":[{"taxonomy":"yst_prominent_words","embeddable":true,"href":"https:\/\/icom-documentation.mini.icom.museum\/es\/wp-json\/wp\/v2\/yst_prominent_words?post=895"}],"curies":[{"name":"wp","href":"https:\/\/api.w.org\/{rel}","templated":true}]}}