{"id":883,"date":"2018-12-28T10:26:24","date_gmt":"2018-12-28T10:26:24","guid":{"rendered":"http:\/\/cidoc.icom.cust.oxymium.net\/working-groups\/sitios-arqueologicos\/"},"modified":"2018-12-28T10:59:05","modified_gmt":"2018-12-28T10:59:05","slug":"sitios-arqueologicos","status":"publish","type":"page","link":"https:\/\/icom-documentation.mini.icom.museum\/es\/grupos\/sitios-arqueologicos\/","title":{"rendered":"Sitios Arqueol\u00f3gicos"},"content":{"rendered":"<div id=\"RTE_CONTENT\"> <!--TYPO3SEARCH_begin--> \t<!--  CONTENT ELEMENT, uid:4921\/text [begin] --> \t\t<\/p>\n<div id=\"c4921\"> \t\t<!--  Text: [begin] --> \t\t\t<\/p>\n<p><b>Objetivos generales<\/b> <\/p>\n<p>\u00a0<\/p>\n<p>En 1992 se acord\u00f3 que la labor de documentaci\u00f3n del Grupo de Trabajo sobre Sitios Arqueol\u00f3gicos se dirigir\u00eda a los siguientes objetivos:<\/p>\n<p>Facilitar las comunicaciones entre los organismos nacionales e internacionales encargados del registro y la protecci\u00f3n del patrimonio arqueol\u00f3gico.<\/p>\n<p>Asistir a los pa\u00edses en una fase temprana en el desarrollo de sistemas de registro para la grabaci\u00f3n y protecci\u00f3n del patrimonio arqueol\u00f3gico.<\/p>\n<p>Facilitar la investigaci\u00f3n utilizando datos de sitios arqueol\u00f3gicos donde existe una dimensi\u00f3n internacional.<\/p>\n<p>\u00a0<\/p>\n<p><b>Historia<\/b><\/p>\n<p>\u00a0<\/p>\n<p>El Grupo de Trabajo sobre Sitios Arqueol\u00f3gicos se inici\u00f3 en 1992 con el objetivo de crear un est\u00e1ndar internacional para inventarios de sitios arqueol\u00f3gicos equivalentes al \u00edndice de datos b\u00e1sicos de 1993 de los edificios hist\u00f3ricos y monumentos del patrimonio arquitect\u00f3nico. Adem\u00e1s, se acordaron otras dos tareas:<\/p>\n<p>La preparaci\u00f3n de un repertorio de registros arqueol\u00f3gicos nacionales (que se incluir\u00e1n en la regi\u00f3n si no existe un registro nacional), que se realizar\u00e1 primero para Europa y Am\u00e9rica del Norte.<\/p>\n<p>\u00a0<\/p>\n<p>El comienzo de un glosario multiling\u00fce para \u00e1reas clave seleccionadas de vocabulario controlado dentro de los est\u00e1ndares de datos b\u00e1sicos o b\u00e1sicos. La primera etapa de este proyecto ser\u00e1 la recopilaci\u00f3n de informaci\u00f3n sobre los glosarios y tesauros existentes.<\/p>\n<p> \t\t<!--  Text: [end] --> \t\t\t   \t<!--  \t\tBEGIN: Content of extension \"hpo_relatedlink\", plugin \"tx_hporelatedlink_pi1\"  \t--> \t<\/p>\n<div> \t\t \t<\/div>\n<p> \t \t<!-- END: Content of extension \"hpo_relatedlink\", plugin \"tx_hporelatedlink_pi1\" -->  \t<\/div>\n<p> \t<!--  CONTENT ELEMENT, uid:4921\/text [end] --> \t\t<!--TYPO3SEARCH_end--> <\/div>\n","protected":false},"excerpt":{"rendered":"<p>Objetivos generales \u00a0 En 1992 se acord\u00f3 que la labor de documentaci\u00f3n del Grupo de Trabajo sobre Sitios Arqueol\u00f3gicos se dirigir\u00eda a los siguientes objetivos: Facilitar las comunicaciones entre los organismos nacionales e internacionales encargados del registro y la protecci\u00f3n del patrimonio arqueol\u00f3gico. Asistir a los pa\u00edses en una fase temprana en el desarrollo de [&hellip;]<\/p>\n","protected":false},"author":1,"featured_media":0,"parent":688,"menu_order":1,"comment_status":"closed","ping_status":"closed","template":"","meta":{"footnotes":""},"yst_prominent_words":[],"acf":[],"_links":{"self":[{"href":"https:\/\/icom-documentation.mini.icom.museum\/es\/wp-json\/wp\/v2\/pages\/883"}],"collection":[{"href":"https:\/\/icom-documentation.mini.icom.museum\/es\/wp-json\/wp\/v2\/pages"}],"about":[{"href":"https:\/\/icom-documentation.mini.icom.museum\/es\/wp-json\/wp\/v2\/types\/page"}],"author":[{"embeddable":true,"href":"https:\/\/icom-documentation.mini.icom.museum\/es\/wp-json\/wp\/v2\/users\/1"}],"replies":[{"embeddable":true,"href":"https:\/\/icom-documentation.mini.icom.museum\/es\/wp-json\/wp\/v2\/comments?post=883"}],"version-history":[{"count":1,"href":"https:\/\/icom-documentation.mini.icom.museum\/es\/wp-json\/wp\/v2\/pages\/883\/revisions"}],"predecessor-version":[{"id":8964,"href":"https:\/\/icom-documentation.mini.icom.museum\/es\/wp-json\/wp\/v2\/pages\/883\/revisions\/8964"}],"up":[{"embeddable":true,"href":"https:\/\/icom-documentation.mini.icom.museum\/es\/wp-json\/wp\/v2\/pages\/688"}],"wp:attachment":[{"href":"https:\/\/icom-documentation.mini.icom.museum\/es\/wp-json\/wp\/v2\/media?parent=883"}],"wp:term":[{"taxonomy":"yst_prominent_words","embeddable":true,"href":"https:\/\/icom-documentation.mini.icom.museum\/es\/wp-json\/wp\/v2\/yst_prominent_words?post=883"}],"curies":[{"name":"wp","href":"https:\/\/api.w.org\/{rel}","templated":true}]}}