{"id":880,"date":"2018-12-28T10:26:20","date_gmt":"2018-12-28T10:26:20","guid":{"rendered":"http:\/\/cidoc.icom.cust.oxymium.net\/working-groups\/informacion-general\/"},"modified":"2018-12-28T10:59:05","modified_gmt":"2018-12-28T10:59:05","slug":"informacion-general","status":"publish","type":"page","link":"https:\/\/icom-documentation.mini.icom.museum\/es\/grupos\/informacion-general\/","title":{"rendered":"INFORMACION GENERAL"},"content":{"rendered":"<div id=\"RTE_CONTENT\"> <!--TYPO3SEARCH_begin--> \t<!--  CONTENT ELEMENT, uid:4917\/text [begin] --> \t\t<\/p>\n<div id=\"c4917\"> \t\t<!--  Text: [begin] --> \t\t\t<\/p>\n<p>CIDOC cuenta con una serie de Grupos de Trabajo, cada uno de los cuales lleva a cabo un conjunto espec\u00edfico de tareas. En general, la conferencia anual del CIDOC es el momento para que los Grupos de Trabajo se re\u00fanan, tengan discusiones sobre sus temas y se relacionen con los otros grupos.<\/p>\n<p>Desde el inicio del CIDOC en 1950 se han creado alrededor de 30 grupos de trabajo diferentes. Algunos de los grupos de trabajo han sido m\u00e1s activos que otros. Algunos, especialmente aquellos que se centran en temas espec\u00edficos, s\u00f3lo han existido por un tiempo limitado.<\/p>\n<p>La iniciativa de iniciar un nuevo grupo de trabajo debe provenir de miembros del CIDOC interesados y debe ser propuesta en la Asamblea General Anual del CIDOC.<\/p>\n<p>El panel de navegaci\u00f3n de la izquierda enumera las p\u00e1ginas de cada uno de los grupos de trabajo actualmente activos. All\u00ed encontrar\u00e1 breves presentaciones e informaci\u00f3n sobre cada proyecto de los Grupos de Trabajo.<\/p>\n<p>Los Grupos de Trabajo est\u00e1n abiertos a todos los miembros del CIDOC, y le animamos a participar. Por favor, no dude en ponerse en contacto con los Presidentes de los Grupos de Trabajo para obtener m\u00e1s informaci\u00f3n.<\/p>\n<ul>\n<li> <b><b><\/b><\/b>\n<p><span>Sitios arqueol\u00f3gicos<\/span><\/p>\n<p>Stephen Stead,\u00a0<span>Reino Unido<\/span>, <a href=\"mailto:steads@paveprime.com\" shape=\"rect\">steads@paveprime.com<\/a> <\/li>\n<li> <b>Co-referencia<\/b><br \/>Mika Nyman, Finlandia, <a href=\"mailto:mika.nyman@synapse-computing.com\" shape=\"rect\">mika.nyman@synapse-computing.com<\/a> <\/li>\n<li> <b><b><\/b><\/b>\n<p><span>Modelo de referencia conceptual (CIDOC CRM)<\/span><\/p>\n<p>Martin Doerr, Greciia, <a href=\"mailto:martin@ics.forth.gr\" shape=\"rect\">martin@ics.forth.gr<\/a> <\/li>\n<li> <b><b><\/b><\/b>\n<p><span>Preservaci\u00f3n digital<\/span><\/p>\n<p>Susanne Nickel,\u00a0<span>Suecia<\/span>,\u00a0<span><a href=\"mailto:susanne.nickel@eskilstuna.se\">susanne.nickel@eskilstuna.se<\/a><\/span> <\/li>\n<li> <b><b><\/b><\/b>\n<p><span>Normas de documentaci\u00f3n<\/span><\/p>\n<p>Jonathan Whitson Cloud,\u00a0<span>Reino Unido<\/span>, <a href=\"mailto:jwhitsoncloud@gmail.com\">jwhitsoncloud@gmail.com<\/a> <\/li>\n<li> <b><b><\/b><\/b>\n<p><span>Documentaci\u00f3n de exposiciones y \u201cperformances\u201d<\/span><\/p>\n<p>Gabriel Moore Forell\u00a0Bevilacqua, Brasil, <a href=\"mailto:gabrielmoore@gmail.com\">gabrielmoore@gmail.com<\/a>\u00a0<\/li>\n<li> <b><b><\/b><\/b>\n<p><span>Centros de documentaci\u00f3n<\/span><\/p>\n<p>Monika Hagedorn-Saupe,\u00a0<span>Alemania<\/span>, <a href=\"mailto:m.hagedorn@smb.spk-berlin.de\" shape=\"rect\">m.hagedorn@smb.spk-berlin.de<\/a> <\/li>\n<li> <b><b><\/b><\/b>\n<p><span>Patrimonio cultural intangible<\/span><\/p>\n<p>Manvi Seth, India, <a href=\"mailto:sharma.manvi@gmail.com\">sharma.manvi@gmail.com<\/a>\u00a0<\/li>\n<li> <b><b><\/b><\/b>\n<p><span>Descripci\u00f3n Ligera de Objetos (LIDO)<\/span><\/p>\n<p>Regine Stein,\u00a0<span>Alemania<\/span>, <a href=\"mailto:r.stein@fotomarburg.de\" shape=\"rect\">r.stein@fotomarburg.de<\/a> <\/li>\n<li> <b><b><\/b><\/b>\n<p><span>Implementaci\u00f3n de procesos en museo<\/span><\/p>\n<p>Walther Koch, Austria, <a href=\"mailto:walter.koch@stw.de\" title=\"Opens window for sending email\">walter.koch@stw.de<\/a> <\/li>\n<li> <b><b><\/b><\/b>\n<p><span>Ambientes de investigaci\u00f3n sem\u00e1ntica<\/span><\/p>\n<p>Siegfried Krause,\u00a0<span>Alemania<\/span>, <a href=\"mailto:s.krause@gnm.de\" shape=\"rect\">s.krause@gnm.de<\/a> <\/li>\n<\/ul>\n<p> \t\t<!--  Text: [end] --> \t\t\t   \t<!--  \t\tBEGIN: Content of extension \"hpo_relatedlink\", plugin \"tx_hporelatedlink_pi1\"  \t--> \t<\/p>\n<div> \t\t \t<\/div>\n<p> \t \t<!-- END: Content of extension \"hpo_relatedlink\", plugin \"tx_hporelatedlink_pi1\" -->  \t<\/div>\n<p> \t<!--  CONTENT ELEMENT, uid:4917\/text [end] --> \t\t<!--TYPO3SEARCH_end--> <\/div>\n","protected":false},"excerpt":{"rendered":"<p>CIDOC cuenta con una serie de Grupos de Trabajo, cada uno de los cuales lleva a cabo un conjunto espec\u00edfico de tareas. En general, la conferencia anual del CIDOC es el momento para que los Grupos de Trabajo se re\u00fanan, tengan discusiones sobre sus temas y se relacionen con los otros grupos. Desde el inicio [&hellip;]<\/p>\n","protected":false},"author":1,"featured_media":0,"parent":688,"menu_order":1,"comment_status":"closed","ping_status":"closed","template":"","meta":{"footnotes":""},"yst_prominent_words":[],"acf":[],"_links":{"self":[{"href":"https:\/\/icom-documentation.mini.icom.museum\/es\/wp-json\/wp\/v2\/pages\/880"}],"collection":[{"href":"https:\/\/icom-documentation.mini.icom.museum\/es\/wp-json\/wp\/v2\/pages"}],"about":[{"href":"https:\/\/icom-documentation.mini.icom.museum\/es\/wp-json\/wp\/v2\/types\/page"}],"author":[{"embeddable":true,"href":"https:\/\/icom-documentation.mini.icom.museum\/es\/wp-json\/wp\/v2\/users\/1"}],"replies":[{"embeddable":true,"href":"https:\/\/icom-documentation.mini.icom.museum\/es\/wp-json\/wp\/v2\/comments?post=880"}],"version-history":[{"count":1,"href":"https:\/\/icom-documentation.mini.icom.museum\/es\/wp-json\/wp\/v2\/pages\/880\/revisions"}],"predecessor-version":[{"id":8965,"href":"https:\/\/icom-documentation.mini.icom.museum\/es\/wp-json\/wp\/v2\/pages\/880\/revisions\/8965"}],"up":[{"embeddable":true,"href":"https:\/\/icom-documentation.mini.icom.museum\/es\/wp-json\/wp\/v2\/pages\/688"}],"wp:attachment":[{"href":"https:\/\/icom-documentation.mini.icom.museum\/es\/wp-json\/wp\/v2\/media?parent=880"}],"wp:term":[{"taxonomy":"yst_prominent_words","embeddable":true,"href":"https:\/\/icom-documentation.mini.icom.museum\/es\/wp-json\/wp\/v2\/yst_prominent_words?post=880"}],"curies":[{"name":"wp","href":"https:\/\/api.w.org\/{rel}","templated":true}]}}