{"id":712,"date":"2018-12-28T10:25:48","date_gmt":"2018-12-28T10:25:48","guid":{"rendered":"http:\/\/cidoc.icom.cust.oxymium.net\/organisation\/membresia\/"},"modified":"2021-03-22T13:54:16","modified_gmt":"2021-03-22T13:54:16","slug":"membresia","status":"publish","type":"page","link":"https:\/\/icom-documentation.mini.icom.museum\/es\/organizacion\/membresia\/","title":{"rendered":"Membres\u00eda"},"content":{"rendered":"<div id=\"RTE_CONTENT\">\n<p><!--TYPO3SEARCH_begin--> <!-- CONTENT ELEMENT, uid:4404\/text [begin] --><\/p>\n<div id=\"c4404\">\n<p><!-- Header: [begin] --><\/p>\n<h2>Uni\u00e9ndose al CIDOC<\/h2>\n<p><!-- Header: [end] --> <!-- Text: [begin] --><\/p>\n<p><span style=\"font-weight: 400\">Si a\u00fan no es miembro, CIDOC agradecer\u00eda su participaci\u00f3n. La afiliaci\u00f3n en CIDOC es gratuita, pero para ser elegible como miembro usted debe unirse a ICOM, lo que normalmente se hace a trav\u00e9s del Comit\u00e9 Nacional en su pa\u00eds.<\/span><\/p>\n<p><span style=\"font-weight: 400\">Una vez que sea miembro de ICOM, debe informar a la oficina de ICOM de su pa\u00eds que desea unirse al CIDOC. De entre los 3 comit\u00e9s internacionales del ICOM a los que puede unirse,\u00a0 puede elegir ser miembro votante de uno de ellos. Si elige CIDOC, deber\u00e1 notificar a la Secretar\u00eda de ICOM en el <a href=\"https:\/\/icom.museum\/en\/get-involved\/become-an-ic-member\/\" target=\"_blank\" rel=\"noopener\">formulario de Afiliaci\u00f3n<\/a> que puede descargar desde el sitio web del ICOM.<\/span><\/p>\n<p>Si ya es miembro de ICOM, pero no est\u00e1 seguro si ha elegido ser miembro de CIDOC, puede editar los datos de su afiliaci\u00f3n de ICOM en el <a href=\"https:\/\/icom-museum.force.com\" target=\"_blank\" rel=\"noopener\">portal de miembros<\/a> del ICOM.<\/p>\n<p><!-- END: Content of extension \"hpo_relatedlink\", plugin \"tx_hporelatedlink_pi1\" --><\/p>\n<\/div>\n<p><!-- CONTENT ELEMENT, uid:4404\/text [end] --> <!-- CONTENT ELEMENT, uid:19032\/text [begin] --><\/p>\n<div id=\"c19032\">\n<p><!-- Header: [begin] --><\/p>\n<h2>Otras formas de participar<\/h2>\n<p><!-- Header: [end] --> <!-- Text: [begin] --><\/p>\n<p>Si usted no es miembro de CIDOC puede:<\/p>\n<p>&#8211; Asistir a<a title=\"Opens external link in new window\" href=\"http:\/\/cidoc.icom.cust.oxymium.net\/es\/events\/proxima-conferencia\/\" target=\"_blank\" rel=\"noopener\"> la pr\u00f3xima conferencia CIDOC<\/a> (aunque es m\u00e1s barato para los miembros del comit\u00e9)<\/p>\n<p>&#8211; Contribuir a la <a title=\"Opens external link in new window\" href=\"http:\/\/cidoc-dswg.org\/wiki\/HomePage\" target=\"_blank\" rel=\"noopener\">Enciclopedia de Trabajo Muse\u00edstico<\/a> (Encyclopaedia of Museum Practice)<\/p>\n<p>&#8211;\u00a0<span lang=\"ES\">S\u00edganos y participe a trav\u00e9s<\/span><span lang=\"ES\"> de las siguientes redes sociales:<\/span><\/p>\n<ul>\n<li style=\"list-style-type: none\">\n<ul>\n<li>Facebook:\u00a0 <a title=\"FB\" href=\"https:\/\/www.facebook.com\/icom.cidoc\/\" target=\"_blank\" rel=\"noopener\">icom.cidoc<\/a><\/li>\n<\/ul>\n<\/li>\n<li style=\"list-style-type: none\">\n<ul>\n<li>Twitter:\u00a0\u00a0\u00a0\u00a0 <a title=\"Twitter\" href=\"https:\/\/twitter.com\/icomCIDOC\" target=\"_blank\" rel=\"noopener\">@icomCIDOC<\/a><\/li>\n<\/ul>\n<\/li>\n<li style=\"list-style-type: none\">\n<ul>\n<li>LinkedIn:\u00a0\u00a0 <a title=\"LinkedIn\" href=\"https:\/\/www.linkedin.com\/groups\/811107\" target=\"_blank\" rel=\"noopener\">CIDOC group<\/a><\/li>\n<\/ul>\n<\/li>\n<\/ul>\n<div><\/div>\n<p><!-- END: Content of extension \"hpo_relatedlink\", plugin \"tx_hporelatedlink_pi1\" --><\/p>\n<\/div>\n<p><!-- CONTENT ELEMENT, uid:19032\/text [end] --> <!--TYPO3SEARCH_end--><\/p>\n<\/div>\n","protected":false},"excerpt":{"rendered":"<p>Uni\u00e9ndose al CIDOC Si a\u00fan no es miembro, CIDOC agradecer\u00eda su participaci\u00f3n. La afiliaci\u00f3n en CIDOC es gratuita, pero para ser elegible como miembro usted debe unirse a ICOM, lo que normalmente se hace a trav\u00e9s del Comit\u00e9 Nacional en su pa\u00eds. Una vez que sea miembro de ICOM, debe informar a la oficina de [&hellip;]<\/p>\n","protected":false},"author":1,"featured_media":0,"parent":685,"menu_order":1,"comment_status":"closed","ping_status":"closed","template":"","meta":{"footnotes":""},"yst_prominent_words":[1641,145,151,1638,1634,1636,1693,1643,301,123,1639,1633,54,1694,1640,1637,1632,1635,1672,1642],"acf":[],"_links":{"self":[{"href":"https:\/\/icom-documentation.mini.icom.museum\/es\/wp-json\/wp\/v2\/pages\/712"}],"collection":[{"href":"https:\/\/icom-documentation.mini.icom.museum\/es\/wp-json\/wp\/v2\/pages"}],"about":[{"href":"https:\/\/icom-documentation.mini.icom.museum\/es\/wp-json\/wp\/v2\/types\/page"}],"author":[{"embeddable":true,"href":"https:\/\/icom-documentation.mini.icom.museum\/es\/wp-json\/wp\/v2\/users\/1"}],"replies":[{"embeddable":true,"href":"https:\/\/icom-documentation.mini.icom.museum\/es\/wp-json\/wp\/v2\/comments?post=712"}],"version-history":[{"count":6,"href":"https:\/\/icom-documentation.mini.icom.museum\/es\/wp-json\/wp\/v2\/pages\/712\/revisions"}],"predecessor-version":[{"id":10175,"href":"https:\/\/icom-documentation.mini.icom.museum\/es\/wp-json\/wp\/v2\/pages\/712\/revisions\/10175"}],"up":[{"embeddable":true,"href":"https:\/\/icom-documentation.mini.icom.museum\/es\/wp-json\/wp\/v2\/pages\/685"}],"wp:attachment":[{"href":"https:\/\/icom-documentation.mini.icom.museum\/es\/wp-json\/wp\/v2\/media?parent=712"}],"wp:term":[{"taxonomy":"yst_prominent_words","embeddable":true,"href":"https:\/\/icom-documentation.mini.icom.museum\/es\/wp-json\/wp\/v2\/yst_prominent_words?post=712"}],"curies":[{"name":"wp","href":"https:\/\/api.w.org\/{rel}","templated":true}]}}